{"id":36781,"date":"2026-03-02T07:34:57","date_gmt":"2026-03-02T07:34:57","guid":{"rendered":"https:\/\/walkingmum.com\/?post_type=product&#038;p=36781"},"modified":"2026-03-02T07:34:57","modified_gmt":"2026-03-02T07:34:57","slug":"giubbotto-galleggiante-per-lapprendimento-fiori-t-xs-11-15-kg","status":"publish","type":"product","link":"https:\/\/walkingmum.com\/it\/prodotto\/giubbotto-galleggiante-per-lapprendimento-fiori-t-xs-11-15-kg\/","title":{"rendered":"GIUBBOTTO GALLEGGIANTE PER L\u2019APPRENDIMENTO FIORI T\/XS (11\u201315 KG)"},"content":{"rendered":"<p>Il giubbotto galleggiante Summer Fiori di Walking Mum \u00e8 progettato per accompagnare i pi\u00f9 piccoli nei loro primi passi in acqua, offrendo sicurezza, comfort e libert\u00e0 di movimento. Il suo design in una vivace tonalit\u00e0 arancione consente una rapida identificazione del bambino in acqua, soddisfacendo i requisiti di visibilit\u00e0 e contrasto stabiliti dalla norma EN 13138, relativa agli ausili di galleggiamento per l&#8217;apprendimento del nuoto, che richiede che il dispositivo sia chiaramente visibile in acqua, evitando colori che possano confondersi con l&#8217;ambiente acquatico o colori a bassa visibilit\u00e0. Realizzato con esterno in lycra e neoprene, offre una vestibilit\u00e0 morbida ed ergonomica al corpo del bambino. L&#8217;interno \u00e8 in cotone perlato resistente all&#8217;acqua dello spessore di 20 mm, che garantisce galleggiabilit\u00e0 progressiva e stabilit\u00e0 durante l&#8217;apprendimento. Ideale per aiutare il bambino ad acquisire sicurezza in acqua mentre si gode l&#8217;estate in tutta sicurezza e con stile. Informazioni importanti per l&#8217;uso: questi prodotti sono classificati come dispositivi di galleggiamento ausiliari per l&#8217;apprendimento del nuoto. Non sono giubbotti di salvataggio e devono essere sempre utilizzati sotto la costante supervisione di un adulto. Conforme alla norma EN 13138 relativa ai dispositivi di galleggiamento ausiliari per l&#8217;apprendimento del nuoto. Taglia XS (11-15 kg).<\/p>\n","protected":false},"excerpt":{"rendered":"<p>Il giubbotto galleggiante Summer Fiori di Walking Mum \u00e8 progettato per accompagnare i pi\u00f9 piccoli nei loro primi passi in acqua, offrendo sicurezza, comfort e libert\u00e0 di movimento. Il suo design in una vivace tonalit\u00e0 arancione consente una rapida identificazione del bambino in acqua, soddisfacendo i requisiti di visibilit\u00e0 e contrasto stabiliti dalla norma EN [&hellip;]<\/p>\n","protected":false},"featured_media":36655,"comment_status":"closed","ping_status":"closed","template":"","meta":{"_acf_changed":false,"inline_featured_image":false},"colecciones":[410],"product_brand":[],"product_cat":[396],"product_tag":[],"class_list":{"0":"post-36781","1":"product","2":"type-product","3":"status-publish","4":"has-post-thumbnail","6":"colecciones-collezione-summer","7":"product_cat-summer-it","9":"first","10":"instock","11":"purchasable","12":"product-type-simple"},"acf":[],"yoast_head":"<!-- This site is optimized with the Yoast SEO plugin v27.4 - https:\/\/yoast.com\/product\/yoast-seo-wordpress\/ -->\n<title>GIUBBOTTO GALLEGGIANTE PER L\u2019APPRENDIMENTO FIORI T\/XS (11\u201315 KG) - Walking Mum<\/title>\n<meta name=\"robots\" content=\"index, follow, max-snippet:-1, max-image-preview:large, max-video-preview:-1\" \/>\n<link rel=\"canonical\" href=\"https:\/\/walkingmum.com\/it\/prodotto\/giubbotto-galleggiante-per-lapprendimento-fiori-t-xs-11-15-kg\/\" \/>\n<meta property=\"og:locale\" content=\"it_IT\" \/>\n<meta property=\"og:type\" content=\"article\" \/>\n<meta property=\"og:title\" content=\"GIUBBOTTO GALLEGGIANTE PER L\u2019APPRENDIMENTO FIORI T\/XS (11\u201315 KG) - Walking Mum\" \/>\n<meta property=\"og:description\" content=\"Il giubbotto galleggiante Summer Fiori di Walking Mum \u00e8 progettato per accompagnare i pi\u00f9 piccoli nei loro primi passi in acqua, offrendo sicurezza, comfort e libert\u00e0 di movimento. Il suo design in una vivace tonalit\u00e0 arancione consente una rapida identificazione del bambino in acqua, soddisfacendo i requisiti di visibilit\u00e0 e contrasto stabiliti dalla norma EN [&hellip;]\" \/>\n<meta property=\"og:url\" content=\"https:\/\/walkingmum.com\/it\/prodotto\/giubbotto-galleggiante-per-lapprendimento-fiori-t-xs-11-15-kg\/\" \/>\n<meta property=\"og:site_name\" content=\"Walking Mum\" \/>\n<meta property=\"og:image\" content=\"https:\/\/walkingmum.com\/wp-content\/uploads\/2026\/02\/1120800749_abis.jpg\" \/>\n\t<meta property=\"og:image:width\" content=\"800\" \/>\n\t<meta property=\"og:image:height\" content=\"800\" \/>\n\t<meta property=\"og:image:type\" content=\"image\/jpeg\" \/>\n<meta name=\"twitter:card\" content=\"summary_large_image\" \/>\n<meta name=\"twitter:label1\" content=\"Tempo di lettura stimato\" \/>\n\t<meta name=\"twitter:data1\" content=\"1 minuto\" \/>\n<script type=\"application\/ld+json\" class=\"yoast-schema-graph\">{\"@context\":\"https:\\\/\\\/schema.org\",\"@graph\":[{\"@type\":\"WebPage\",\"@id\":\"https:\\\/\\\/walkingmum.com\\\/it\\\/prodotto\\\/giubbotto-galleggiante-per-lapprendimento-fiori-t-xs-11-15-kg\\\/\",\"url\":\"https:\\\/\\\/walkingmum.com\\\/it\\\/prodotto\\\/giubbotto-galleggiante-per-lapprendimento-fiori-t-xs-11-15-kg\\\/\",\"name\":\"GIUBBOTTO GALLEGGIANTE PER L\u2019APPRENDIMENTO FIORI T\\\/XS (11\u201315 KG) - Walking Mum\",\"isPartOf\":{\"@id\":\"https:\\\/\\\/walkingmum.com\\\/#website\"},\"primaryImageOfPage\":{\"@id\":\"https:\\\/\\\/walkingmum.com\\\/it\\\/prodotto\\\/giubbotto-galleggiante-per-lapprendimento-fiori-t-xs-11-15-kg\\\/#primaryimage\"},\"image\":{\"@id\":\"https:\\\/\\\/walkingmum.com\\\/it\\\/prodotto\\\/giubbotto-galleggiante-per-lapprendimento-fiori-t-xs-11-15-kg\\\/#primaryimage\"},\"thumbnailUrl\":\"https:\\\/\\\/walkingmum.com\\\/wp-content\\\/uploads\\\/2026\\\/02\\\/1120800749_abis.jpg\",\"datePublished\":\"2026-03-02T07:34:57+00:00\",\"breadcrumb\":{\"@id\":\"https:\\\/\\\/walkingmum.com\\\/it\\\/prodotto\\\/giubbotto-galleggiante-per-lapprendimento-fiori-t-xs-11-15-kg\\\/#breadcrumb\"},\"inLanguage\":\"it-IT\",\"potentialAction\":[{\"@type\":\"ReadAction\",\"target\":[\"https:\\\/\\\/walkingmum.com\\\/it\\\/prodotto\\\/giubbotto-galleggiante-per-lapprendimento-fiori-t-xs-11-15-kg\\\/\"]}]},{\"@type\":\"ImageObject\",\"inLanguage\":\"it-IT\",\"@id\":\"https:\\\/\\\/walkingmum.com\\\/it\\\/prodotto\\\/giubbotto-galleggiante-per-lapprendimento-fiori-t-xs-11-15-kg\\\/#primaryimage\",\"url\":\"https:\\\/\\\/walkingmum.com\\\/wp-content\\\/uploads\\\/2026\\\/02\\\/1120800749_abis.jpg\",\"contentUrl\":\"https:\\\/\\\/walkingmum.com\\\/wp-content\\\/uploads\\\/2026\\\/02\\\/1120800749_abis.jpg\",\"width\":800,\"height\":800},{\"@type\":\"BreadcrumbList\",\"@id\":\"https:\\\/\\\/walkingmum.com\\\/it\\\/prodotto\\\/giubbotto-galleggiante-per-lapprendimento-fiori-t-xs-11-15-kg\\\/#breadcrumb\",\"itemListElement\":[{\"@type\":\"ListItem\",\"position\":1,\"name\":\"Portada\",\"item\":\"https:\\\/\\\/walkingmum.com\\\/it\\\/\"},{\"@type\":\"ListItem\",\"position\":2,\"name\":\"Tienda\",\"item\":\"https:\\\/\\\/walkingmum.com\\\/tienda\\\/\"},{\"@type\":\"ListItem\",\"position\":3,\"name\":\"GIUBBOTTO GALLEGGIANTE PER L\u2019APPRENDIMENTO FIORI T\\\/XS (11\u201315 KG)\"}]},{\"@type\":\"WebSite\",\"@id\":\"https:\\\/\\\/walkingmum.com\\\/#website\",\"url\":\"https:\\\/\\\/walkingmum.com\\\/\",\"name\":\"Walking Mum\",\"description\":\"La marca para beb\u00e9s modernos\",\"potentialAction\":[{\"@type\":\"SearchAction\",\"target\":{\"@type\":\"EntryPoint\",\"urlTemplate\":\"https:\\\/\\\/walkingmum.com\\\/?s={search_term_string}\"},\"query-input\":{\"@type\":\"PropertyValueSpecification\",\"valueRequired\":true,\"valueName\":\"search_term_string\"}}],\"inLanguage\":\"it-IT\"}]}<\/script>\n<!-- \/ Yoast SEO plugin. -->","yoast_head_json":{"title":"GIUBBOTTO GALLEGGIANTE PER L\u2019APPRENDIMENTO FIORI T\/XS (11\u201315 KG) - Walking Mum","robots":{"index":"index","follow":"follow","max-snippet":"max-snippet:-1","max-image-preview":"max-image-preview:large","max-video-preview":"max-video-preview:-1"},"canonical":"https:\/\/walkingmum.com\/it\/prodotto\/giubbotto-galleggiante-per-lapprendimento-fiori-t-xs-11-15-kg\/","og_locale":"it_IT","og_type":"article","og_title":"GIUBBOTTO GALLEGGIANTE PER L\u2019APPRENDIMENTO FIORI T\/XS (11\u201315 KG) - Walking Mum","og_description":"Il giubbotto galleggiante Summer Fiori di Walking Mum \u00e8 progettato per accompagnare i pi\u00f9 piccoli nei loro primi passi in acqua, offrendo sicurezza, comfort e libert\u00e0 di movimento. Il suo design in una vivace tonalit\u00e0 arancione consente una rapida identificazione del bambino in acqua, soddisfacendo i requisiti di visibilit\u00e0 e contrasto stabiliti dalla norma EN [&hellip;]","og_url":"https:\/\/walkingmum.com\/it\/prodotto\/giubbotto-galleggiante-per-lapprendimento-fiori-t-xs-11-15-kg\/","og_site_name":"Walking Mum","og_image":[{"width":800,"height":800,"url":"https:\/\/walkingmum.com\/wp-content\/uploads\/2026\/02\/1120800749_abis.jpg","type":"image\/jpeg"}],"twitter_card":"summary_large_image","twitter_misc":{"Tempo di lettura stimato":"1 minuto"},"schema":{"@context":"https:\/\/schema.org","@graph":[{"@type":"WebPage","@id":"https:\/\/walkingmum.com\/it\/prodotto\/giubbotto-galleggiante-per-lapprendimento-fiori-t-xs-11-15-kg\/","url":"https:\/\/walkingmum.com\/it\/prodotto\/giubbotto-galleggiante-per-lapprendimento-fiori-t-xs-11-15-kg\/","name":"GIUBBOTTO GALLEGGIANTE PER L\u2019APPRENDIMENTO FIORI T\/XS (11\u201315 KG) - Walking Mum","isPartOf":{"@id":"https:\/\/walkingmum.com\/#website"},"primaryImageOfPage":{"@id":"https:\/\/walkingmum.com\/it\/prodotto\/giubbotto-galleggiante-per-lapprendimento-fiori-t-xs-11-15-kg\/#primaryimage"},"image":{"@id":"https:\/\/walkingmum.com\/it\/prodotto\/giubbotto-galleggiante-per-lapprendimento-fiori-t-xs-11-15-kg\/#primaryimage"},"thumbnailUrl":"https:\/\/walkingmum.com\/wp-content\/uploads\/2026\/02\/1120800749_abis.jpg","datePublished":"2026-03-02T07:34:57+00:00","breadcrumb":{"@id":"https:\/\/walkingmum.com\/it\/prodotto\/giubbotto-galleggiante-per-lapprendimento-fiori-t-xs-11-15-kg\/#breadcrumb"},"inLanguage":"it-IT","potentialAction":[{"@type":"ReadAction","target":["https:\/\/walkingmum.com\/it\/prodotto\/giubbotto-galleggiante-per-lapprendimento-fiori-t-xs-11-15-kg\/"]}]},{"@type":"ImageObject","inLanguage":"it-IT","@id":"https:\/\/walkingmum.com\/it\/prodotto\/giubbotto-galleggiante-per-lapprendimento-fiori-t-xs-11-15-kg\/#primaryimage","url":"https:\/\/walkingmum.com\/wp-content\/uploads\/2026\/02\/1120800749_abis.jpg","contentUrl":"https:\/\/walkingmum.com\/wp-content\/uploads\/2026\/02\/1120800749_abis.jpg","width":800,"height":800},{"@type":"BreadcrumbList","@id":"https:\/\/walkingmum.com\/it\/prodotto\/giubbotto-galleggiante-per-lapprendimento-fiori-t-xs-11-15-kg\/#breadcrumb","itemListElement":[{"@type":"ListItem","position":1,"name":"Portada","item":"https:\/\/walkingmum.com\/it\/"},{"@type":"ListItem","position":2,"name":"Tienda","item":"https:\/\/walkingmum.com\/tienda\/"},{"@type":"ListItem","position":3,"name":"GIUBBOTTO GALLEGGIANTE PER L\u2019APPRENDIMENTO FIORI T\/XS (11\u201315 KG)"}]},{"@type":"WebSite","@id":"https:\/\/walkingmum.com\/#website","url":"https:\/\/walkingmum.com\/","name":"Walking Mum","description":"La marca para beb\u00e9s modernos","potentialAction":[{"@type":"SearchAction","target":{"@type":"EntryPoint","urlTemplate":"https:\/\/walkingmum.com\/?s={search_term_string}"},"query-input":{"@type":"PropertyValueSpecification","valueRequired":true,"valueName":"search_term_string"}}],"inLanguage":"it-IT"}]}},"_links":{"self":[{"href":"https:\/\/walkingmum.com\/it\/wp-json\/wp\/v2\/product\/36781","targetHints":{"allow":["GET"]}}],"collection":[{"href":"https:\/\/walkingmum.com\/it\/wp-json\/wp\/v2\/product"}],"about":[{"href":"https:\/\/walkingmum.com\/it\/wp-json\/wp\/v2\/types\/product"}],"replies":[{"embeddable":true,"href":"https:\/\/walkingmum.com\/it\/wp-json\/wp\/v2\/comments?post=36781"}],"wp:featuredmedia":[{"embeddable":true,"href":"https:\/\/walkingmum.com\/it\/wp-json\/wp\/v2\/media\/36655"}],"wp:attachment":[{"href":"https:\/\/walkingmum.com\/it\/wp-json\/wp\/v2\/media?parent=36781"}],"wp:term":[{"taxonomy":"colecciones","embeddable":true,"href":"https:\/\/walkingmum.com\/it\/wp-json\/wp\/v2\/colecciones?post=36781"},{"taxonomy":"product_brand","embeddable":true,"href":"https:\/\/walkingmum.com\/it\/wp-json\/wp\/v2\/product_brand?post=36781"},{"taxonomy":"product_cat","embeddable":true,"href":"https:\/\/walkingmum.com\/it\/wp-json\/wp\/v2\/product_cat?post=36781"},{"taxonomy":"product_tag","embeddable":true,"href":"https:\/\/walkingmum.com\/it\/wp-json\/wp\/v2\/product_tag?post=36781"}],"curies":[{"name":"wp","href":"https:\/\/api.w.org\/{rel}","templated":true}]}}