{"id":35807,"date":"2026-02-20T07:17:52","date_gmt":"2026-02-20T07:17:52","guid":{"rendered":"https:\/\/walkingmum.com\/?post_type=product&#038;p=35807"},"modified":"2026-02-20T07:17:52","modified_gmt":"2026-02-20T07:17:52","slug":"borsa-a-tracolla-gondola-praline-vichy-matcha","status":"publish","type":"product","link":"https:\/\/walkingmum.com\/it\/prodotto\/borsa-a-tracolla-gondola-praline-vichy-matcha\/","title":{"rendered":"BORSA A TRACOLLA GONDOLA PRALIN\u00c9 VICHY MATCHA"},"content":{"rendered":"<p>Funzionale, leggera e ricca di stile: la borsa ideale per le uscite con il tuo bambino. La borsa tipo gondola con tracolla Crossbody Gondola Pralin\u00e9 Vichy Matcha \u00e8 perfetta per chi cerca una borsa maternit\u00e0 compatta ma capiente e ben organizzata. Il design curvo \u00e8 ideale da portare a spalla o a tracolla, oppure agganciata al passeggino. Realizzata con trattamento idrorepellente, \u00e8 resistente, pratica e facile da pulire. Include ganci universali per passeggino. All\u2019interno dispone di 3 tasche: una laterale termica per biberon o bottiglie e due aggiuntive per organizzare pannolini, salviette, chiavi o telefono. Chiusura superiore con zip per maggiore sicurezza. Tracolla lunga regolabile per utilizzo a spalla o crossbody. Un\u2019opzione versatile e di grande stile per l\u2019uso quotidiano. Walking Mum protegge il tuo bambino utilizzando tessuti di alta qualit\u00e0, privi di coloranti azoici e sostanze nocive. La collezione Walking Mum si distingue per uno stile urbano e moderno che non passa inosservato. Le borse maternit\u00e0 di questa linea sono sportive e pratiche, pensate per mamme e pap\u00e0 moderni che apprezzano design attuali e di tendenza senza rinunciare a qualit\u00e0 e funzionalit\u00e0. Specifiche: Materiali: 65% cotone\/35% poliestere con tratamiento idrorepellente. Dimensioni: 32 x 22 x 12cm.<\/p>\n","protected":false},"excerpt":{"rendered":"<p>Funzionale, leggera e ricca di stile: la borsa ideale per le uscite con il tuo bambino. La borsa tipo gondola con tracolla Crossbody Gondola Pralin\u00e9 Vichy Matcha \u00e8 perfetta per chi cerca una borsa maternit\u00e0 compatta ma capiente e ben organizzata. Il design curvo \u00e8 ideale da portare a spalla o a tracolla, oppure agganciata [&hellip;]<\/p>\n","protected":false},"featured_media":33721,"comment_status":"closed","ping_status":"closed","template":"","meta":{"_acf_changed":false,"inline_featured_image":false},"colecciones":[404],"product_brand":[],"product_cat":[128],"product_tag":[],"class_list":{"0":"post-35807","1":"product","2":"type-product","3":"status-publish","4":"has-post-thumbnail","6":"colecciones-collezione-praline","7":"product_cat-borse-fasciatoio","9":"first","10":"instock","11":"purchasable","12":"product-type-simple"},"acf":[],"yoast_head":"<!-- This site is optimized with the Yoast SEO plugin v27.4 - https:\/\/yoast.com\/product\/yoast-seo-wordpress\/ -->\n<title>BORSA A TRACOLLA GONDOLA PRALIN\u00c9 VICHY MATCHA - Walking Mum<\/title>\n<meta name=\"robots\" content=\"index, follow, max-snippet:-1, max-image-preview:large, max-video-preview:-1\" \/>\n<link rel=\"canonical\" href=\"https:\/\/walkingmum.com\/it\/prodotto\/borsa-a-tracolla-gondola-praline-vichy-matcha\/\" \/>\n<meta property=\"og:locale\" content=\"it_IT\" \/>\n<meta property=\"og:type\" content=\"article\" \/>\n<meta property=\"og:title\" content=\"BORSA A TRACOLLA GONDOLA PRALIN\u00c9 VICHY MATCHA - Walking Mum\" \/>\n<meta property=\"og:description\" content=\"Funzionale, leggera e ricca di stile: la borsa ideale per le uscite con il tuo bambino. La borsa tipo gondola con tracolla Crossbody Gondola Pralin\u00e9 Vichy Matcha \u00e8 perfetta per chi cerca una borsa maternit\u00e0 compatta ma capiente e ben organizzata. Il design curvo \u00e8 ideale da portare a spalla o a tracolla, oppure agganciata [&hellip;]\" \/>\n<meta property=\"og:url\" content=\"https:\/\/walkingmum.com\/it\/prodotto\/borsa-a-tracolla-gondola-praline-vichy-matcha\/\" \/>\n<meta property=\"og:site_name\" content=\"Walking Mum\" \/>\n<meta property=\"og:image\" content=\"https:\/\/walkingmum.com\/wp-content\/uploads\/2026\/02\/1120800673_a.jpg\" \/>\n\t<meta property=\"og:image:width\" content=\"800\" \/>\n\t<meta property=\"og:image:height\" content=\"800\" \/>\n\t<meta property=\"og:image:type\" content=\"image\/jpeg\" \/>\n<meta name=\"twitter:card\" content=\"summary_large_image\" \/>\n<meta name=\"twitter:label1\" content=\"Tempo di lettura stimato\" \/>\n\t<meta name=\"twitter:data1\" content=\"1 minuto\" \/>\n<script type=\"application\/ld+json\" class=\"yoast-schema-graph\">{\"@context\":\"https:\\\/\\\/schema.org\",\"@graph\":[{\"@type\":\"WebPage\",\"@id\":\"https:\\\/\\\/walkingmum.com\\\/it\\\/prodotto\\\/borsa-a-tracolla-gondola-praline-vichy-matcha\\\/\",\"url\":\"https:\\\/\\\/walkingmum.com\\\/it\\\/prodotto\\\/borsa-a-tracolla-gondola-praline-vichy-matcha\\\/\",\"name\":\"BORSA A TRACOLLA GONDOLA PRALIN\u00c9 VICHY MATCHA - Walking Mum\",\"isPartOf\":{\"@id\":\"https:\\\/\\\/walkingmum.com\\\/#website\"},\"primaryImageOfPage\":{\"@id\":\"https:\\\/\\\/walkingmum.com\\\/it\\\/prodotto\\\/borsa-a-tracolla-gondola-praline-vichy-matcha\\\/#primaryimage\"},\"image\":{\"@id\":\"https:\\\/\\\/walkingmum.com\\\/it\\\/prodotto\\\/borsa-a-tracolla-gondola-praline-vichy-matcha\\\/#primaryimage\"},\"thumbnailUrl\":\"https:\\\/\\\/walkingmum.com\\\/wp-content\\\/uploads\\\/2026\\\/02\\\/1120800673_a.jpg\",\"datePublished\":\"2026-02-20T07:17:52+00:00\",\"breadcrumb\":{\"@id\":\"https:\\\/\\\/walkingmum.com\\\/it\\\/prodotto\\\/borsa-a-tracolla-gondola-praline-vichy-matcha\\\/#breadcrumb\"},\"inLanguage\":\"it-IT\",\"potentialAction\":[{\"@type\":\"ReadAction\",\"target\":[\"https:\\\/\\\/walkingmum.com\\\/it\\\/prodotto\\\/borsa-a-tracolla-gondola-praline-vichy-matcha\\\/\"]}]},{\"@type\":\"ImageObject\",\"inLanguage\":\"it-IT\",\"@id\":\"https:\\\/\\\/walkingmum.com\\\/it\\\/prodotto\\\/borsa-a-tracolla-gondola-praline-vichy-matcha\\\/#primaryimage\",\"url\":\"https:\\\/\\\/walkingmum.com\\\/wp-content\\\/uploads\\\/2026\\\/02\\\/1120800673_a.jpg\",\"contentUrl\":\"https:\\\/\\\/walkingmum.com\\\/wp-content\\\/uploads\\\/2026\\\/02\\\/1120800673_a.jpg\",\"width\":800,\"height\":800},{\"@type\":\"BreadcrumbList\",\"@id\":\"https:\\\/\\\/walkingmum.com\\\/it\\\/prodotto\\\/borsa-a-tracolla-gondola-praline-vichy-matcha\\\/#breadcrumb\",\"itemListElement\":[{\"@type\":\"ListItem\",\"position\":1,\"name\":\"Portada\",\"item\":\"https:\\\/\\\/walkingmum.com\\\/it\\\/\"},{\"@type\":\"ListItem\",\"position\":2,\"name\":\"Tienda\",\"item\":\"https:\\\/\\\/walkingmum.com\\\/tienda\\\/\"},{\"@type\":\"ListItem\",\"position\":3,\"name\":\"BORSA A TRACOLLA GONDOLA PRALIN\u00c9 VICHY MATCHA\"}]},{\"@type\":\"WebSite\",\"@id\":\"https:\\\/\\\/walkingmum.com\\\/#website\",\"url\":\"https:\\\/\\\/walkingmum.com\\\/\",\"name\":\"Walking Mum\",\"description\":\"La marca para beb\u00e9s modernos\",\"potentialAction\":[{\"@type\":\"SearchAction\",\"target\":{\"@type\":\"EntryPoint\",\"urlTemplate\":\"https:\\\/\\\/walkingmum.com\\\/?s={search_term_string}\"},\"query-input\":{\"@type\":\"PropertyValueSpecification\",\"valueRequired\":true,\"valueName\":\"search_term_string\"}}],\"inLanguage\":\"it-IT\"}]}<\/script>\n<!-- \/ Yoast SEO plugin. -->","yoast_head_json":{"title":"BORSA A TRACOLLA GONDOLA PRALIN\u00c9 VICHY MATCHA - Walking Mum","robots":{"index":"index","follow":"follow","max-snippet":"max-snippet:-1","max-image-preview":"max-image-preview:large","max-video-preview":"max-video-preview:-1"},"canonical":"https:\/\/walkingmum.com\/it\/prodotto\/borsa-a-tracolla-gondola-praline-vichy-matcha\/","og_locale":"it_IT","og_type":"article","og_title":"BORSA A TRACOLLA GONDOLA PRALIN\u00c9 VICHY MATCHA - Walking Mum","og_description":"Funzionale, leggera e ricca di stile: la borsa ideale per le uscite con il tuo bambino. La borsa tipo gondola con tracolla Crossbody Gondola Pralin\u00e9 Vichy Matcha \u00e8 perfetta per chi cerca una borsa maternit\u00e0 compatta ma capiente e ben organizzata. Il design curvo \u00e8 ideale da portare a spalla o a tracolla, oppure agganciata [&hellip;]","og_url":"https:\/\/walkingmum.com\/it\/prodotto\/borsa-a-tracolla-gondola-praline-vichy-matcha\/","og_site_name":"Walking Mum","og_image":[{"width":800,"height":800,"url":"https:\/\/walkingmum.com\/wp-content\/uploads\/2026\/02\/1120800673_a.jpg","type":"image\/jpeg"}],"twitter_card":"summary_large_image","twitter_misc":{"Tempo di lettura stimato":"1 minuto"},"schema":{"@context":"https:\/\/schema.org","@graph":[{"@type":"WebPage","@id":"https:\/\/walkingmum.com\/it\/prodotto\/borsa-a-tracolla-gondola-praline-vichy-matcha\/","url":"https:\/\/walkingmum.com\/it\/prodotto\/borsa-a-tracolla-gondola-praline-vichy-matcha\/","name":"BORSA A TRACOLLA GONDOLA PRALIN\u00c9 VICHY MATCHA - Walking Mum","isPartOf":{"@id":"https:\/\/walkingmum.com\/#website"},"primaryImageOfPage":{"@id":"https:\/\/walkingmum.com\/it\/prodotto\/borsa-a-tracolla-gondola-praline-vichy-matcha\/#primaryimage"},"image":{"@id":"https:\/\/walkingmum.com\/it\/prodotto\/borsa-a-tracolla-gondola-praline-vichy-matcha\/#primaryimage"},"thumbnailUrl":"https:\/\/walkingmum.com\/wp-content\/uploads\/2026\/02\/1120800673_a.jpg","datePublished":"2026-02-20T07:17:52+00:00","breadcrumb":{"@id":"https:\/\/walkingmum.com\/it\/prodotto\/borsa-a-tracolla-gondola-praline-vichy-matcha\/#breadcrumb"},"inLanguage":"it-IT","potentialAction":[{"@type":"ReadAction","target":["https:\/\/walkingmum.com\/it\/prodotto\/borsa-a-tracolla-gondola-praline-vichy-matcha\/"]}]},{"@type":"ImageObject","inLanguage":"it-IT","@id":"https:\/\/walkingmum.com\/it\/prodotto\/borsa-a-tracolla-gondola-praline-vichy-matcha\/#primaryimage","url":"https:\/\/walkingmum.com\/wp-content\/uploads\/2026\/02\/1120800673_a.jpg","contentUrl":"https:\/\/walkingmum.com\/wp-content\/uploads\/2026\/02\/1120800673_a.jpg","width":800,"height":800},{"@type":"BreadcrumbList","@id":"https:\/\/walkingmum.com\/it\/prodotto\/borsa-a-tracolla-gondola-praline-vichy-matcha\/#breadcrumb","itemListElement":[{"@type":"ListItem","position":1,"name":"Portada","item":"https:\/\/walkingmum.com\/it\/"},{"@type":"ListItem","position":2,"name":"Tienda","item":"https:\/\/walkingmum.com\/tienda\/"},{"@type":"ListItem","position":3,"name":"BORSA A TRACOLLA GONDOLA PRALIN\u00c9 VICHY MATCHA"}]},{"@type":"WebSite","@id":"https:\/\/walkingmum.com\/#website","url":"https:\/\/walkingmum.com\/","name":"Walking Mum","description":"La marca para beb\u00e9s modernos","potentialAction":[{"@type":"SearchAction","target":{"@type":"EntryPoint","urlTemplate":"https:\/\/walkingmum.com\/?s={search_term_string}"},"query-input":{"@type":"PropertyValueSpecification","valueRequired":true,"valueName":"search_term_string"}}],"inLanguage":"it-IT"}]}},"_links":{"self":[{"href":"https:\/\/walkingmum.com\/it\/wp-json\/wp\/v2\/product\/35807","targetHints":{"allow":["GET"]}}],"collection":[{"href":"https:\/\/walkingmum.com\/it\/wp-json\/wp\/v2\/product"}],"about":[{"href":"https:\/\/walkingmum.com\/it\/wp-json\/wp\/v2\/types\/product"}],"replies":[{"embeddable":true,"href":"https:\/\/walkingmum.com\/it\/wp-json\/wp\/v2\/comments?post=35807"}],"wp:featuredmedia":[{"embeddable":true,"href":"https:\/\/walkingmum.com\/it\/wp-json\/wp\/v2\/media\/33721"}],"wp:attachment":[{"href":"https:\/\/walkingmum.com\/it\/wp-json\/wp\/v2\/media?parent=35807"}],"wp:term":[{"taxonomy":"colecciones","embeddable":true,"href":"https:\/\/walkingmum.com\/it\/wp-json\/wp\/v2\/colecciones?post=35807"},{"taxonomy":"product_brand","embeddable":true,"href":"https:\/\/walkingmum.com\/it\/wp-json\/wp\/v2\/product_brand?post=35807"},{"taxonomy":"product_cat","embeddable":true,"href":"https:\/\/walkingmum.com\/it\/wp-json\/wp\/v2\/product_cat?post=35807"},{"taxonomy":"product_tag","embeddable":true,"href":"https:\/\/walkingmum.com\/it\/wp-json\/wp\/v2\/product_tag?post=35807"}],"curies":[{"name":"wp","href":"https:\/\/api.w.org\/{rel}","templated":true}]}}