{"id":35798,"date":"2026-02-20T07:17:49","date_gmt":"2026-02-20T07:17:49","guid":{"rendered":"https:\/\/walkingmum.com\/?post_type=product&#038;p=35798"},"modified":"2026-02-20T07:17:50","modified_gmt":"2026-02-20T07:17:50","slug":"zaino-praline-vichy-moka","status":"publish","type":"product","link":"https:\/\/walkingmum.com\/it\/prodotto\/zaino-praline-vichy-moka\/","title":{"rendered":"ZAINO PRALIN\u00c9 VICHY MOKA"},"content":{"rendered":"<p>Una borsa maternit\u00e0 e zaino allo stesso tempo, ideale per portare con stile le tue cose e quelle del tuo bambino in ogni uscita. Lo zaino Pralin\u00e9 Vichy Moka \u00e8 realizzato con trattamento idrorepellente. Modello multifunzione, molto leggero, resistente e capiente per contenere tutto il necessario. Il design offre 3 tasche esterne e 4 interne per mantenere tutto organizzato e a portata di mano. All\u2019esterno presenta una tasca frontale con zip e due tasche laterali per biberon o bottiglie. All\u2019interno include una tasca plastificata per indumenti umidi, una tasca termica per biberon e due tasche aggiuntive per l\u2019essenziale. Include un fasciatoio coordinato. Dispone di 2 manici corti regolabili per il fissaggio al passeggino, manici a mano e spallacci imbottiti per un comodo trasporto sulla schiena. Alta qualit\u00e0 e tanto stile. Facile da pulire a mano o in lavatrice a 30 \u00b0C. Walking Mum protegge il tuo bambino utilizzando tessuti di alta qualit\u00e0, privi di coloranti azoici e sostanze nocive. La collezione Walking Mum mantiene tutta la qualit\u00e0 del marchio Pasito a Pasito con un tocco urbano e moderno che non passa inosservato. Le borse maternit\u00e0 di questa linea sono sportive e pratiche, pensate per mamme e pap\u00e0 moderni che apprezzano design attuali e di tendenza senza rinunciare a qualit\u00e0 e funzionalit\u00e0. Specifiche: Materiali: 65% cotone\/35% poliestere con tratamiento idrorepellente. Dimensioni: 37 x 28 x 13cm.<\/p>\n","protected":false},"excerpt":{"rendered":"<p>Una borsa maternit\u00e0 e zaino allo stesso tempo, ideale per portare con stile le tue cose e quelle del tuo bambino in ogni uscita. Lo zaino Pralin\u00e9 Vichy Moka \u00e8 realizzato con trattamento idrorepellente. Modello multifunzione, molto leggero, resistente e capiente per contenere tutto il necessario. Il design offre 3 tasche esterne e 4 interne [&hellip;]<\/p>\n","protected":false},"featured_media":33416,"comment_status":"closed","ping_status":"closed","template":"","meta":{"_acf_changed":false,"inline_featured_image":false},"colecciones":[404],"product_brand":[],"product_cat":[131],"product_tag":[],"class_list":{"0":"post-35798","1":"product","2":"type-product","3":"status-publish","4":"has-post-thumbnail","6":"colecciones-collezione-praline","7":"product_cat-zaini-fasciatoio","9":"first","10":"instock","11":"purchasable","12":"product-type-simple"},"acf":[],"yoast_head":"<!-- This site is optimized with the Yoast SEO plugin v27.3 - https:\/\/yoast.com\/product\/yoast-seo-wordpress\/ -->\n<title>ZAINO PRALIN\u00c9 VICHY MOKA - Walking Mum<\/title>\n<meta name=\"robots\" content=\"index, follow, max-snippet:-1, max-image-preview:large, max-video-preview:-1\" \/>\n<link rel=\"canonical\" href=\"https:\/\/walkingmum.com\/it\/prodotto\/zaino-praline-vichy-moka\/\" \/>\n<meta property=\"og:locale\" content=\"it_IT\" \/>\n<meta property=\"og:type\" content=\"article\" \/>\n<meta property=\"og:title\" content=\"ZAINO PRALIN\u00c9 VICHY MOKA - Walking Mum\" \/>\n<meta property=\"og:description\" content=\"Una borsa maternit\u00e0 e zaino allo stesso tempo, ideale per portare con stile le tue cose e quelle del tuo bambino in ogni uscita. Lo zaino Pralin\u00e9 Vichy Moka \u00e8 realizzato con trattamento idrorepellente. Modello multifunzione, molto leggero, resistente e capiente per contenere tutto il necessario. Il design offre 3 tasche esterne e 4 interne [&hellip;]\" \/>\n<meta property=\"og:url\" content=\"https:\/\/walkingmum.com\/it\/prodotto\/zaino-praline-vichy-moka\/\" \/>\n<meta property=\"og:site_name\" content=\"Walking Mum\" \/>\n<meta property=\"article:modified_time\" content=\"2026-02-20T07:17:50+00:00\" \/>\n<meta property=\"og:image\" content=\"https:\/\/walkingmum.com\/wp-content\/uploads\/2026\/02\/1120800668_a.jpg\" \/>\n\t<meta property=\"og:image:width\" content=\"800\" \/>\n\t<meta property=\"og:image:height\" content=\"800\" \/>\n\t<meta property=\"og:image:type\" content=\"image\/jpeg\" \/>\n<meta name=\"twitter:card\" content=\"summary_large_image\" \/>\n<meta name=\"twitter:label1\" content=\"Tempo di lettura stimato\" \/>\n\t<meta name=\"twitter:data1\" content=\"1 minuto\" \/>\n<script type=\"application\/ld+json\" class=\"yoast-schema-graph\">{\"@context\":\"https:\\\/\\\/schema.org\",\"@graph\":[{\"@type\":\"WebPage\",\"@id\":\"https:\\\/\\\/walkingmum.com\\\/it\\\/prodotto\\\/zaino-praline-vichy-moka\\\/\",\"url\":\"https:\\\/\\\/walkingmum.com\\\/it\\\/prodotto\\\/zaino-praline-vichy-moka\\\/\",\"name\":\"ZAINO PRALIN\u00c9 VICHY MOKA - Walking Mum\",\"isPartOf\":{\"@id\":\"https:\\\/\\\/walkingmum.com\\\/#website\"},\"primaryImageOfPage\":{\"@id\":\"https:\\\/\\\/walkingmum.com\\\/it\\\/prodotto\\\/zaino-praline-vichy-moka\\\/#primaryimage\"},\"image\":{\"@id\":\"https:\\\/\\\/walkingmum.com\\\/it\\\/prodotto\\\/zaino-praline-vichy-moka\\\/#primaryimage\"},\"thumbnailUrl\":\"https:\\\/\\\/walkingmum.com\\\/wp-content\\\/uploads\\\/2026\\\/02\\\/1120800668_a.jpg\",\"datePublished\":\"2026-02-20T07:17:49+00:00\",\"dateModified\":\"2026-02-20T07:17:50+00:00\",\"breadcrumb\":{\"@id\":\"https:\\\/\\\/walkingmum.com\\\/it\\\/prodotto\\\/zaino-praline-vichy-moka\\\/#breadcrumb\"},\"inLanguage\":\"it-IT\",\"potentialAction\":[{\"@type\":\"ReadAction\",\"target\":[\"https:\\\/\\\/walkingmum.com\\\/it\\\/prodotto\\\/zaino-praline-vichy-moka\\\/\"]}]},{\"@type\":\"ImageObject\",\"inLanguage\":\"it-IT\",\"@id\":\"https:\\\/\\\/walkingmum.com\\\/it\\\/prodotto\\\/zaino-praline-vichy-moka\\\/#primaryimage\",\"url\":\"https:\\\/\\\/walkingmum.com\\\/wp-content\\\/uploads\\\/2026\\\/02\\\/1120800668_a.jpg\",\"contentUrl\":\"https:\\\/\\\/walkingmum.com\\\/wp-content\\\/uploads\\\/2026\\\/02\\\/1120800668_a.jpg\",\"width\":800,\"height\":800},{\"@type\":\"BreadcrumbList\",\"@id\":\"https:\\\/\\\/walkingmum.com\\\/it\\\/prodotto\\\/zaino-praline-vichy-moka\\\/#breadcrumb\",\"itemListElement\":[{\"@type\":\"ListItem\",\"position\":1,\"name\":\"Portada\",\"item\":\"https:\\\/\\\/walkingmum.com\\\/it\\\/\"},{\"@type\":\"ListItem\",\"position\":2,\"name\":\"Tienda\",\"item\":\"https:\\\/\\\/walkingmum.com\\\/tienda\\\/\"},{\"@type\":\"ListItem\",\"position\":3,\"name\":\"ZAINO PRALIN\u00c9 VICHY MOKA\"}]},{\"@type\":\"WebSite\",\"@id\":\"https:\\\/\\\/walkingmum.com\\\/#website\",\"url\":\"https:\\\/\\\/walkingmum.com\\\/\",\"name\":\"Walking Mum\",\"description\":\"La marca para beb\u00e9s modernos\",\"potentialAction\":[{\"@type\":\"SearchAction\",\"target\":{\"@type\":\"EntryPoint\",\"urlTemplate\":\"https:\\\/\\\/walkingmum.com\\\/?s={search_term_string}\"},\"query-input\":{\"@type\":\"PropertyValueSpecification\",\"valueRequired\":true,\"valueName\":\"search_term_string\"}}],\"inLanguage\":\"it-IT\"}]}<\/script>\n<!-- \/ Yoast SEO plugin. -->","yoast_head_json":{"title":"ZAINO PRALIN\u00c9 VICHY MOKA - Walking Mum","robots":{"index":"index","follow":"follow","max-snippet":"max-snippet:-1","max-image-preview":"max-image-preview:large","max-video-preview":"max-video-preview:-1"},"canonical":"https:\/\/walkingmum.com\/it\/prodotto\/zaino-praline-vichy-moka\/","og_locale":"it_IT","og_type":"article","og_title":"ZAINO PRALIN\u00c9 VICHY MOKA - Walking Mum","og_description":"Una borsa maternit\u00e0 e zaino allo stesso tempo, ideale per portare con stile le tue cose e quelle del tuo bambino in ogni uscita. Lo zaino Pralin\u00e9 Vichy Moka \u00e8 realizzato con trattamento idrorepellente. Modello multifunzione, molto leggero, resistente e capiente per contenere tutto il necessario. Il design offre 3 tasche esterne e 4 interne [&hellip;]","og_url":"https:\/\/walkingmum.com\/it\/prodotto\/zaino-praline-vichy-moka\/","og_site_name":"Walking Mum","article_modified_time":"2026-02-20T07:17:50+00:00","og_image":[{"width":800,"height":800,"url":"https:\/\/walkingmum.com\/wp-content\/uploads\/2026\/02\/1120800668_a.jpg","type":"image\/jpeg"}],"twitter_card":"summary_large_image","twitter_misc":{"Tempo di lettura stimato":"1 minuto"},"schema":{"@context":"https:\/\/schema.org","@graph":[{"@type":"WebPage","@id":"https:\/\/walkingmum.com\/it\/prodotto\/zaino-praline-vichy-moka\/","url":"https:\/\/walkingmum.com\/it\/prodotto\/zaino-praline-vichy-moka\/","name":"ZAINO PRALIN\u00c9 VICHY MOKA - Walking Mum","isPartOf":{"@id":"https:\/\/walkingmum.com\/#website"},"primaryImageOfPage":{"@id":"https:\/\/walkingmum.com\/it\/prodotto\/zaino-praline-vichy-moka\/#primaryimage"},"image":{"@id":"https:\/\/walkingmum.com\/it\/prodotto\/zaino-praline-vichy-moka\/#primaryimage"},"thumbnailUrl":"https:\/\/walkingmum.com\/wp-content\/uploads\/2026\/02\/1120800668_a.jpg","datePublished":"2026-02-20T07:17:49+00:00","dateModified":"2026-02-20T07:17:50+00:00","breadcrumb":{"@id":"https:\/\/walkingmum.com\/it\/prodotto\/zaino-praline-vichy-moka\/#breadcrumb"},"inLanguage":"it-IT","potentialAction":[{"@type":"ReadAction","target":["https:\/\/walkingmum.com\/it\/prodotto\/zaino-praline-vichy-moka\/"]}]},{"@type":"ImageObject","inLanguage":"it-IT","@id":"https:\/\/walkingmum.com\/it\/prodotto\/zaino-praline-vichy-moka\/#primaryimage","url":"https:\/\/walkingmum.com\/wp-content\/uploads\/2026\/02\/1120800668_a.jpg","contentUrl":"https:\/\/walkingmum.com\/wp-content\/uploads\/2026\/02\/1120800668_a.jpg","width":800,"height":800},{"@type":"BreadcrumbList","@id":"https:\/\/walkingmum.com\/it\/prodotto\/zaino-praline-vichy-moka\/#breadcrumb","itemListElement":[{"@type":"ListItem","position":1,"name":"Portada","item":"https:\/\/walkingmum.com\/it\/"},{"@type":"ListItem","position":2,"name":"Tienda","item":"https:\/\/walkingmum.com\/tienda\/"},{"@type":"ListItem","position":3,"name":"ZAINO PRALIN\u00c9 VICHY MOKA"}]},{"@type":"WebSite","@id":"https:\/\/walkingmum.com\/#website","url":"https:\/\/walkingmum.com\/","name":"Walking Mum","description":"La marca para beb\u00e9s modernos","potentialAction":[{"@type":"SearchAction","target":{"@type":"EntryPoint","urlTemplate":"https:\/\/walkingmum.com\/?s={search_term_string}"},"query-input":{"@type":"PropertyValueSpecification","valueRequired":true,"valueName":"search_term_string"}}],"inLanguage":"it-IT"}]}},"_links":{"self":[{"href":"https:\/\/walkingmum.com\/it\/wp-json\/wp\/v2\/product\/35798","targetHints":{"allow":["GET"]}}],"collection":[{"href":"https:\/\/walkingmum.com\/it\/wp-json\/wp\/v2\/product"}],"about":[{"href":"https:\/\/walkingmum.com\/it\/wp-json\/wp\/v2\/types\/product"}],"replies":[{"embeddable":true,"href":"https:\/\/walkingmum.com\/it\/wp-json\/wp\/v2\/comments?post=35798"}],"wp:featuredmedia":[{"embeddable":true,"href":"https:\/\/walkingmum.com\/it\/wp-json\/wp\/v2\/media\/33416"}],"wp:attachment":[{"href":"https:\/\/walkingmum.com\/it\/wp-json\/wp\/v2\/media?parent=35798"}],"wp:term":[{"taxonomy":"colecciones","embeddable":true,"href":"https:\/\/walkingmum.com\/it\/wp-json\/wp\/v2\/colecciones?post=35798"},{"taxonomy":"product_brand","embeddable":true,"href":"https:\/\/walkingmum.com\/it\/wp-json\/wp\/v2\/product_brand?post=35798"},{"taxonomy":"product_cat","embeddable":true,"href":"https:\/\/walkingmum.com\/it\/wp-json\/wp\/v2\/product_cat?post=35798"},{"taxonomy":"product_tag","embeddable":true,"href":"https:\/\/walkingmum.com\/it\/wp-json\/wp\/v2\/product_tag?post=35798"}],"curies":[{"name":"wp","href":"https:\/\/api.w.org\/{rel}","templated":true}]}}