{"id":35795,"date":"2026-02-20T07:17:50","date_gmt":"2026-02-20T07:17:50","guid":{"rendered":"https:\/\/walkingmum.com\/?post_type=product&#038;p=35795"},"modified":"2026-02-20T07:17:50","modified_gmt":"2026-02-20T07:17:50","slug":"borsa-fasciatoio-praline-vichy-matcha","status":"publish","type":"product","link":"https:\/\/walkingmum.com\/it\/prodotto\/borsa-fasciatoio-praline-vichy-matcha\/","title":{"rendered":"BORSA FASCIATOIO PRALIN\u00c9 VICHY MATCHA"},"content":{"rendered":"<p>Borsa fasciatoio Pralin\u00e9 Vichy Matcha per passeggino, con fasciatoio coordinato incluso. Molto leggera, resistente e capiente, permette di portare con s\u00e9 tutto il necessario per le uscite con il bambino. Dispone di molteplici tasche per mantenere tutto perfettamente organizzato. All\u2019interno include una tasca plastificata per gli indumenti umidi, una tasca termica per biberon e due tasche aggiuntive per avere l\u2019essenziale sempre a portata di mano. La borsa \u00e8 dotata di un sistema di fissaggio universale con 2 manici corti regolabili, adatti a qualsiasi modello di passeggino. Include inoltre una tracolla lunga per portarla a spalla e manici corti per il trasporto a mano. Alta qualit\u00e0 e tanto stile. Realizzata con trattamento idrorepellente, facile da pulire a mano o in lavatrice a 30 \u00b0C. Walking Mum protegge il tuo bambino utilizzando tessuti di alta qualit\u00e0, privi di coloranti azoici e sostanze nocive. La collezione Walking Mum si distingue per uno stile urbano e moderno che non passa inosservato, per dare un tocco diverso alle passeggiate con il tuo bambino. Le borse maternit\u00e0 di questa linea sono sportive e pratiche, pensate per mamme e pap\u00e0 moderni che apprezzano design attuali e di tendenza senza rinunciare a qualit\u00e0 e funzionalit\u00e0. Specifiche: Materiali: 65% cotone\/35% poliestere con trattamento idrorepellente. Dimensioni: 44 x 29 x 12cm.<\/p>\n","protected":false},"excerpt":{"rendered":"<p>Borsa fasciatoio Pralin\u00e9 Vichy Matcha per passeggino, con fasciatoio coordinato incluso. Molto leggera, resistente e capiente, permette di portare con s\u00e9 tutto il necessario per le uscite con il bambino. Dispone di molteplici tasche per mantenere tutto perfettamente organizzato. All\u2019interno include una tasca plastificata per gli indumenti umidi, una tasca termica per biberon e due [&hellip;]<\/p>\n","protected":false},"featured_media":33301,"comment_status":"closed","ping_status":"closed","template":"","meta":{"_acf_changed":false,"inline_featured_image":false},"colecciones":[404],"product_brand":[],"product_cat":[128],"product_tag":[],"class_list":{"0":"post-35795","1":"product","2":"type-product","3":"status-publish","4":"has-post-thumbnail","6":"colecciones-collezione-praline","7":"product_cat-borse-fasciatoio","9":"first","10":"instock","11":"purchasable","12":"product-type-simple"},"acf":[],"yoast_head":"<!-- This site is optimized with the Yoast SEO plugin v27.3 - https:\/\/yoast.com\/product\/yoast-seo-wordpress\/ -->\n<title>BORSA FASCIATOIO PRALIN\u00c9 VICHY MATCHA - Walking Mum<\/title>\n<meta name=\"robots\" content=\"index, follow, max-snippet:-1, max-image-preview:large, max-video-preview:-1\" \/>\n<link rel=\"canonical\" href=\"https:\/\/walkingmum.com\/it\/prodotto\/borsa-fasciatoio-praline-vichy-matcha\/\" \/>\n<meta property=\"og:locale\" content=\"it_IT\" \/>\n<meta property=\"og:type\" content=\"article\" \/>\n<meta property=\"og:title\" content=\"BORSA FASCIATOIO PRALIN\u00c9 VICHY MATCHA - Walking Mum\" \/>\n<meta property=\"og:description\" content=\"Borsa fasciatoio Pralin\u00e9 Vichy Matcha per passeggino, con fasciatoio coordinato incluso. Molto leggera, resistente e capiente, permette di portare con s\u00e9 tutto il necessario per le uscite con il bambino. Dispone di molteplici tasche per mantenere tutto perfettamente organizzato. All\u2019interno include una tasca plastificata per gli indumenti umidi, una tasca termica per biberon e due [&hellip;]\" \/>\n<meta property=\"og:url\" content=\"https:\/\/walkingmum.com\/it\/prodotto\/borsa-fasciatoio-praline-vichy-matcha\/\" \/>\n<meta property=\"og:site_name\" content=\"Walking Mum\" \/>\n<meta property=\"og:image\" content=\"https:\/\/walkingmum.com\/wp-content\/uploads\/2026\/02\/1120800665_a.jpg\" \/>\n\t<meta property=\"og:image:width\" content=\"800\" \/>\n\t<meta property=\"og:image:height\" content=\"800\" \/>\n\t<meta property=\"og:image:type\" content=\"image\/jpeg\" \/>\n<meta name=\"twitter:card\" content=\"summary_large_image\" \/>\n<meta name=\"twitter:label1\" content=\"Tempo di lettura stimato\" \/>\n\t<meta name=\"twitter:data1\" content=\"1 minuto\" \/>\n<script type=\"application\/ld+json\" class=\"yoast-schema-graph\">{\"@context\":\"https:\\\/\\\/schema.org\",\"@graph\":[{\"@type\":\"WebPage\",\"@id\":\"https:\\\/\\\/walkingmum.com\\\/it\\\/prodotto\\\/borsa-fasciatoio-praline-vichy-matcha\\\/\",\"url\":\"https:\\\/\\\/walkingmum.com\\\/it\\\/prodotto\\\/borsa-fasciatoio-praline-vichy-matcha\\\/\",\"name\":\"BORSA FASCIATOIO PRALIN\u00c9 VICHY MATCHA - Walking Mum\",\"isPartOf\":{\"@id\":\"https:\\\/\\\/walkingmum.com\\\/#website\"},\"primaryImageOfPage\":{\"@id\":\"https:\\\/\\\/walkingmum.com\\\/it\\\/prodotto\\\/borsa-fasciatoio-praline-vichy-matcha\\\/#primaryimage\"},\"image\":{\"@id\":\"https:\\\/\\\/walkingmum.com\\\/it\\\/prodotto\\\/borsa-fasciatoio-praline-vichy-matcha\\\/#primaryimage\"},\"thumbnailUrl\":\"https:\\\/\\\/walkingmum.com\\\/wp-content\\\/uploads\\\/2026\\\/02\\\/1120800665_a.jpg\",\"datePublished\":\"2026-02-20T07:17:50+00:00\",\"breadcrumb\":{\"@id\":\"https:\\\/\\\/walkingmum.com\\\/it\\\/prodotto\\\/borsa-fasciatoio-praline-vichy-matcha\\\/#breadcrumb\"},\"inLanguage\":\"it-IT\",\"potentialAction\":[{\"@type\":\"ReadAction\",\"target\":[\"https:\\\/\\\/walkingmum.com\\\/it\\\/prodotto\\\/borsa-fasciatoio-praline-vichy-matcha\\\/\"]}]},{\"@type\":\"ImageObject\",\"inLanguage\":\"it-IT\",\"@id\":\"https:\\\/\\\/walkingmum.com\\\/it\\\/prodotto\\\/borsa-fasciatoio-praline-vichy-matcha\\\/#primaryimage\",\"url\":\"https:\\\/\\\/walkingmum.com\\\/wp-content\\\/uploads\\\/2026\\\/02\\\/1120800665_a.jpg\",\"contentUrl\":\"https:\\\/\\\/walkingmum.com\\\/wp-content\\\/uploads\\\/2026\\\/02\\\/1120800665_a.jpg\",\"width\":800,\"height\":800},{\"@type\":\"BreadcrumbList\",\"@id\":\"https:\\\/\\\/walkingmum.com\\\/it\\\/prodotto\\\/borsa-fasciatoio-praline-vichy-matcha\\\/#breadcrumb\",\"itemListElement\":[{\"@type\":\"ListItem\",\"position\":1,\"name\":\"Portada\",\"item\":\"https:\\\/\\\/walkingmum.com\\\/it\\\/\"},{\"@type\":\"ListItem\",\"position\":2,\"name\":\"Tienda\",\"item\":\"https:\\\/\\\/walkingmum.com\\\/tienda\\\/\"},{\"@type\":\"ListItem\",\"position\":3,\"name\":\"BORSA FASCIATOIO PRALIN\u00c9 VICHY MATCHA\"}]},{\"@type\":\"WebSite\",\"@id\":\"https:\\\/\\\/walkingmum.com\\\/#website\",\"url\":\"https:\\\/\\\/walkingmum.com\\\/\",\"name\":\"Walking Mum\",\"description\":\"La marca para beb\u00e9s modernos\",\"potentialAction\":[{\"@type\":\"SearchAction\",\"target\":{\"@type\":\"EntryPoint\",\"urlTemplate\":\"https:\\\/\\\/walkingmum.com\\\/?s={search_term_string}\"},\"query-input\":{\"@type\":\"PropertyValueSpecification\",\"valueRequired\":true,\"valueName\":\"search_term_string\"}}],\"inLanguage\":\"it-IT\"}]}<\/script>\n<!-- \/ Yoast SEO plugin. -->","yoast_head_json":{"title":"BORSA FASCIATOIO PRALIN\u00c9 VICHY MATCHA - Walking Mum","robots":{"index":"index","follow":"follow","max-snippet":"max-snippet:-1","max-image-preview":"max-image-preview:large","max-video-preview":"max-video-preview:-1"},"canonical":"https:\/\/walkingmum.com\/it\/prodotto\/borsa-fasciatoio-praline-vichy-matcha\/","og_locale":"it_IT","og_type":"article","og_title":"BORSA FASCIATOIO PRALIN\u00c9 VICHY MATCHA - Walking Mum","og_description":"Borsa fasciatoio Pralin\u00e9 Vichy Matcha per passeggino, con fasciatoio coordinato incluso. Molto leggera, resistente e capiente, permette di portare con s\u00e9 tutto il necessario per le uscite con il bambino. Dispone di molteplici tasche per mantenere tutto perfettamente organizzato. All\u2019interno include una tasca plastificata per gli indumenti umidi, una tasca termica per biberon e due [&hellip;]","og_url":"https:\/\/walkingmum.com\/it\/prodotto\/borsa-fasciatoio-praline-vichy-matcha\/","og_site_name":"Walking Mum","og_image":[{"width":800,"height":800,"url":"https:\/\/walkingmum.com\/wp-content\/uploads\/2026\/02\/1120800665_a.jpg","type":"image\/jpeg"}],"twitter_card":"summary_large_image","twitter_misc":{"Tempo di lettura stimato":"1 minuto"},"schema":{"@context":"https:\/\/schema.org","@graph":[{"@type":"WebPage","@id":"https:\/\/walkingmum.com\/it\/prodotto\/borsa-fasciatoio-praline-vichy-matcha\/","url":"https:\/\/walkingmum.com\/it\/prodotto\/borsa-fasciatoio-praline-vichy-matcha\/","name":"BORSA FASCIATOIO PRALIN\u00c9 VICHY MATCHA - Walking Mum","isPartOf":{"@id":"https:\/\/walkingmum.com\/#website"},"primaryImageOfPage":{"@id":"https:\/\/walkingmum.com\/it\/prodotto\/borsa-fasciatoio-praline-vichy-matcha\/#primaryimage"},"image":{"@id":"https:\/\/walkingmum.com\/it\/prodotto\/borsa-fasciatoio-praline-vichy-matcha\/#primaryimage"},"thumbnailUrl":"https:\/\/walkingmum.com\/wp-content\/uploads\/2026\/02\/1120800665_a.jpg","datePublished":"2026-02-20T07:17:50+00:00","breadcrumb":{"@id":"https:\/\/walkingmum.com\/it\/prodotto\/borsa-fasciatoio-praline-vichy-matcha\/#breadcrumb"},"inLanguage":"it-IT","potentialAction":[{"@type":"ReadAction","target":["https:\/\/walkingmum.com\/it\/prodotto\/borsa-fasciatoio-praline-vichy-matcha\/"]}]},{"@type":"ImageObject","inLanguage":"it-IT","@id":"https:\/\/walkingmum.com\/it\/prodotto\/borsa-fasciatoio-praline-vichy-matcha\/#primaryimage","url":"https:\/\/walkingmum.com\/wp-content\/uploads\/2026\/02\/1120800665_a.jpg","contentUrl":"https:\/\/walkingmum.com\/wp-content\/uploads\/2026\/02\/1120800665_a.jpg","width":800,"height":800},{"@type":"BreadcrumbList","@id":"https:\/\/walkingmum.com\/it\/prodotto\/borsa-fasciatoio-praline-vichy-matcha\/#breadcrumb","itemListElement":[{"@type":"ListItem","position":1,"name":"Portada","item":"https:\/\/walkingmum.com\/it\/"},{"@type":"ListItem","position":2,"name":"Tienda","item":"https:\/\/walkingmum.com\/tienda\/"},{"@type":"ListItem","position":3,"name":"BORSA FASCIATOIO PRALIN\u00c9 VICHY MATCHA"}]},{"@type":"WebSite","@id":"https:\/\/walkingmum.com\/#website","url":"https:\/\/walkingmum.com\/","name":"Walking Mum","description":"La marca para beb\u00e9s modernos","potentialAction":[{"@type":"SearchAction","target":{"@type":"EntryPoint","urlTemplate":"https:\/\/walkingmum.com\/?s={search_term_string}"},"query-input":{"@type":"PropertyValueSpecification","valueRequired":true,"valueName":"search_term_string"}}],"inLanguage":"it-IT"}]}},"_links":{"self":[{"href":"https:\/\/walkingmum.com\/it\/wp-json\/wp\/v2\/product\/35795","targetHints":{"allow":["GET"]}}],"collection":[{"href":"https:\/\/walkingmum.com\/it\/wp-json\/wp\/v2\/product"}],"about":[{"href":"https:\/\/walkingmum.com\/it\/wp-json\/wp\/v2\/types\/product"}],"replies":[{"embeddable":true,"href":"https:\/\/walkingmum.com\/it\/wp-json\/wp\/v2\/comments?post=35795"}],"wp:featuredmedia":[{"embeddable":true,"href":"https:\/\/walkingmum.com\/it\/wp-json\/wp\/v2\/media\/33301"}],"wp:attachment":[{"href":"https:\/\/walkingmum.com\/it\/wp-json\/wp\/v2\/media?parent=35795"}],"wp:term":[{"taxonomy":"colecciones","embeddable":true,"href":"https:\/\/walkingmum.com\/it\/wp-json\/wp\/v2\/colecciones?post=35795"},{"taxonomy":"product_brand","embeddable":true,"href":"https:\/\/walkingmum.com\/it\/wp-json\/wp\/v2\/product_brand?post=35795"},{"taxonomy":"product_cat","embeddable":true,"href":"https:\/\/walkingmum.com\/it\/wp-json\/wp\/v2\/product_cat?post=35795"},{"taxonomy":"product_tag","embeddable":true,"href":"https:\/\/walkingmum.com\/it\/wp-json\/wp\/v2\/product_tag?post=35795"}],"curies":[{"name":"wp","href":"https:\/\/api.w.org\/{rel}","templated":true}]}}