{"id":33118,"date":"2025-09-25T10:35:00","date_gmt":"2025-09-25T10:35:00","guid":{"rendered":"https:\/\/walkingmum.com\/?post_type=product&#038;p=33118"},"modified":"2025-09-25T10:35:00","modified_gmt":"2025-09-25T10:35:00","slug":"borsa-weekend-botton-strisce","status":"publish","type":"product","link":"https:\/\/walkingmum.com\/it\/prodotto\/borsa-weekend-botton-strisce\/","title":{"rendered":"BORSA WEEKEND BOTTON STRISCE"},"content":{"rendered":"<p>Scopri la borsa weekend Botton Rayas di Walking Mum, la compagna perfetta per le avventure quotidiane dei tuoi piccoli. Realizzata in un materiale resistente e pratico 100% poliestere, questa borsa multifunzionale combina design moderno e praticit\u00e0, ideale per lo sport, la piscina o le fughe del fine settimana. Pensata per accompagnare i bambini nelle loro attivit\u00e0 quotidiane senza perdere la forma o il colore. Il suo design la rende perfetta per riporre tutto l&#8217;essenziale, sia per l&#8217;asilo, lo sport o un weekend di divertimento. Dotata di chiusura con cerniera sicura. Ha una tracolla lunga regolabile e  manici superiori che consentono di trasportarla facilmente a mano. Design adorabile con orecchie in rilievo e dettagli ricamati. Chiusura con cerniera. Con un tocco moderno e accattivante, la borsa weekend Sintra beige di Walking Mum si adatta ai gusti dei pi\u00f9 piccoli e alle esigenze delle mamme attive, che cercano qualit\u00e0 e funzionalit\u00e0 in ogni dettaglio. Facile da lavare a mano o in lavatrice a 30 \u00b0C. Walking Mum protegge il tuo bambino utilizzando i migliori tessuti, privi di coloranti azoici e sostanze nocive per la salute.<\/p>\n","protected":false},"excerpt":{"rendered":"<p>Scopri la borsa weekend Botton Rayas di Walking Mum, la compagna perfetta per le avventure quotidiane dei tuoi piccoli. Realizzata in un materiale resistente e pratico 100% poliestere, questa borsa multifunzionale combina design moderno e praticit\u00e0, ideale per lo sport, la piscina o le fughe del fine settimana. Pensata per accompagnare i bambini nelle loro [&hellip;]<\/p>\n","protected":false},"featured_media":32825,"comment_status":"closed","ping_status":"closed","template":"","meta":{"_acf_changed":false,"inline_featured_image":false},"colecciones":[391],"product_brand":[],"product_cat":[],"product_tag":[],"class_list":{"0":"post-33118","1":"product","2":"type-product","3":"status-publish","4":"has-post-thumbnail","6":"colecciones-collezione-botton","8":"first","9":"instock","10":"purchasable","11":"product-type-simple"},"acf":[],"yoast_head":"<!-- This site is optimized with the Yoast SEO plugin v27.3 - https:\/\/yoast.com\/product\/yoast-seo-wordpress\/ -->\n<title>BORSA WEEKEND BOTTON STRISCE - Walking Mum<\/title>\n<meta name=\"robots\" content=\"index, follow, max-snippet:-1, max-image-preview:large, max-video-preview:-1\" \/>\n<link rel=\"canonical\" href=\"https:\/\/walkingmum.com\/it\/prodotto\/borsa-weekend-botton-strisce\/\" \/>\n<meta property=\"og:locale\" content=\"it_IT\" \/>\n<meta property=\"og:type\" content=\"article\" \/>\n<meta property=\"og:title\" content=\"BORSA WEEKEND BOTTON STRISCE - Walking Mum\" \/>\n<meta property=\"og:description\" content=\"Scopri la borsa weekend Botton Rayas di Walking Mum, la compagna perfetta per le avventure quotidiane dei tuoi piccoli. Realizzata in un materiale resistente e pratico 100% poliestere, questa borsa multifunzionale combina design moderno e praticit\u00e0, ideale per lo sport, la piscina o le fughe del fine settimana. Pensata per accompagnare i bambini nelle loro [&hellip;]\" \/>\n<meta property=\"og:url\" content=\"https:\/\/walkingmum.com\/it\/prodotto\/borsa-weekend-botton-strisce\/\" \/>\n<meta property=\"og:site_name\" content=\"Walking Mum\" \/>\n<meta property=\"og:image\" content=\"https:\/\/walkingmum.com\/wp-content\/uploads\/2025\/09\/1120800585_a-1.jpg\" \/>\n\t<meta property=\"og:image:width\" content=\"1800\" \/>\n\t<meta property=\"og:image:height\" content=\"1800\" \/>\n\t<meta property=\"og:image:type\" content=\"image\/jpeg\" \/>\n<meta name=\"twitter:card\" content=\"summary_large_image\" \/>\n<meta name=\"twitter:label1\" content=\"Tempo di lettura stimato\" \/>\n\t<meta name=\"twitter:data1\" content=\"1 minuto\" \/>\n<script type=\"application\/ld+json\" class=\"yoast-schema-graph\">{\"@context\":\"https:\\\/\\\/schema.org\",\"@graph\":[{\"@type\":\"WebPage\",\"@id\":\"https:\\\/\\\/walkingmum.com\\\/it\\\/prodotto\\\/borsa-weekend-botton-strisce\\\/\",\"url\":\"https:\\\/\\\/walkingmum.com\\\/it\\\/prodotto\\\/borsa-weekend-botton-strisce\\\/\",\"name\":\"BORSA WEEKEND BOTTON STRISCE - Walking Mum\",\"isPartOf\":{\"@id\":\"https:\\\/\\\/walkingmum.com\\\/#website\"},\"primaryImageOfPage\":{\"@id\":\"https:\\\/\\\/walkingmum.com\\\/it\\\/prodotto\\\/borsa-weekend-botton-strisce\\\/#primaryimage\"},\"image\":{\"@id\":\"https:\\\/\\\/walkingmum.com\\\/it\\\/prodotto\\\/borsa-weekend-botton-strisce\\\/#primaryimage\"},\"thumbnailUrl\":\"https:\\\/\\\/walkingmum.com\\\/wp-content\\\/uploads\\\/2025\\\/09\\\/1120800585_a-1.jpg\",\"datePublished\":\"2025-09-25T10:35:00+00:00\",\"breadcrumb\":{\"@id\":\"https:\\\/\\\/walkingmum.com\\\/it\\\/prodotto\\\/borsa-weekend-botton-strisce\\\/#breadcrumb\"},\"inLanguage\":\"it-IT\",\"potentialAction\":[{\"@type\":\"ReadAction\",\"target\":[\"https:\\\/\\\/walkingmum.com\\\/it\\\/prodotto\\\/borsa-weekend-botton-strisce\\\/\"]}]},{\"@type\":\"ImageObject\",\"inLanguage\":\"it-IT\",\"@id\":\"https:\\\/\\\/walkingmum.com\\\/it\\\/prodotto\\\/borsa-weekend-botton-strisce\\\/#primaryimage\",\"url\":\"https:\\\/\\\/walkingmum.com\\\/wp-content\\\/uploads\\\/2025\\\/09\\\/1120800585_a-1.jpg\",\"contentUrl\":\"https:\\\/\\\/walkingmum.com\\\/wp-content\\\/uploads\\\/2025\\\/09\\\/1120800585_a-1.jpg\",\"width\":1800,\"height\":1800},{\"@type\":\"BreadcrumbList\",\"@id\":\"https:\\\/\\\/walkingmum.com\\\/it\\\/prodotto\\\/borsa-weekend-botton-strisce\\\/#breadcrumb\",\"itemListElement\":[{\"@type\":\"ListItem\",\"position\":1,\"name\":\"Portada\",\"item\":\"https:\\\/\\\/walkingmum.com\\\/it\\\/\"},{\"@type\":\"ListItem\",\"position\":2,\"name\":\"Tienda\",\"item\":\"https:\\\/\\\/walkingmum.com\\\/tienda\\\/\"},{\"@type\":\"ListItem\",\"position\":3,\"name\":\"BORSA WEEKEND BOTTON STRISCE\"}]},{\"@type\":\"WebSite\",\"@id\":\"https:\\\/\\\/walkingmum.com\\\/#website\",\"url\":\"https:\\\/\\\/walkingmum.com\\\/\",\"name\":\"Walking Mum\",\"description\":\"La marca para beb\u00e9s modernos\",\"potentialAction\":[{\"@type\":\"SearchAction\",\"target\":{\"@type\":\"EntryPoint\",\"urlTemplate\":\"https:\\\/\\\/walkingmum.com\\\/?s={search_term_string}\"},\"query-input\":{\"@type\":\"PropertyValueSpecification\",\"valueRequired\":true,\"valueName\":\"search_term_string\"}}],\"inLanguage\":\"it-IT\"}]}<\/script>\n<!-- \/ Yoast SEO plugin. -->","yoast_head_json":{"title":"BORSA WEEKEND BOTTON STRISCE - Walking Mum","robots":{"index":"index","follow":"follow","max-snippet":"max-snippet:-1","max-image-preview":"max-image-preview:large","max-video-preview":"max-video-preview:-1"},"canonical":"https:\/\/walkingmum.com\/it\/prodotto\/borsa-weekend-botton-strisce\/","og_locale":"it_IT","og_type":"article","og_title":"BORSA WEEKEND BOTTON STRISCE - Walking Mum","og_description":"Scopri la borsa weekend Botton Rayas di Walking Mum, la compagna perfetta per le avventure quotidiane dei tuoi piccoli. Realizzata in un materiale resistente e pratico 100% poliestere, questa borsa multifunzionale combina design moderno e praticit\u00e0, ideale per lo sport, la piscina o le fughe del fine settimana. Pensata per accompagnare i bambini nelle loro [&hellip;]","og_url":"https:\/\/walkingmum.com\/it\/prodotto\/borsa-weekend-botton-strisce\/","og_site_name":"Walking Mum","og_image":[{"width":1800,"height":1800,"url":"https:\/\/walkingmum.com\/wp-content\/uploads\/2025\/09\/1120800585_a-1.jpg","type":"image\/jpeg"}],"twitter_card":"summary_large_image","twitter_misc":{"Tempo di lettura stimato":"1 minuto"},"schema":{"@context":"https:\/\/schema.org","@graph":[{"@type":"WebPage","@id":"https:\/\/walkingmum.com\/it\/prodotto\/borsa-weekend-botton-strisce\/","url":"https:\/\/walkingmum.com\/it\/prodotto\/borsa-weekend-botton-strisce\/","name":"BORSA WEEKEND BOTTON STRISCE - Walking Mum","isPartOf":{"@id":"https:\/\/walkingmum.com\/#website"},"primaryImageOfPage":{"@id":"https:\/\/walkingmum.com\/it\/prodotto\/borsa-weekend-botton-strisce\/#primaryimage"},"image":{"@id":"https:\/\/walkingmum.com\/it\/prodotto\/borsa-weekend-botton-strisce\/#primaryimage"},"thumbnailUrl":"https:\/\/walkingmum.com\/wp-content\/uploads\/2025\/09\/1120800585_a-1.jpg","datePublished":"2025-09-25T10:35:00+00:00","breadcrumb":{"@id":"https:\/\/walkingmum.com\/it\/prodotto\/borsa-weekend-botton-strisce\/#breadcrumb"},"inLanguage":"it-IT","potentialAction":[{"@type":"ReadAction","target":["https:\/\/walkingmum.com\/it\/prodotto\/borsa-weekend-botton-strisce\/"]}]},{"@type":"ImageObject","inLanguage":"it-IT","@id":"https:\/\/walkingmum.com\/it\/prodotto\/borsa-weekend-botton-strisce\/#primaryimage","url":"https:\/\/walkingmum.com\/wp-content\/uploads\/2025\/09\/1120800585_a-1.jpg","contentUrl":"https:\/\/walkingmum.com\/wp-content\/uploads\/2025\/09\/1120800585_a-1.jpg","width":1800,"height":1800},{"@type":"BreadcrumbList","@id":"https:\/\/walkingmum.com\/it\/prodotto\/borsa-weekend-botton-strisce\/#breadcrumb","itemListElement":[{"@type":"ListItem","position":1,"name":"Portada","item":"https:\/\/walkingmum.com\/it\/"},{"@type":"ListItem","position":2,"name":"Tienda","item":"https:\/\/walkingmum.com\/tienda\/"},{"@type":"ListItem","position":3,"name":"BORSA WEEKEND BOTTON STRISCE"}]},{"@type":"WebSite","@id":"https:\/\/walkingmum.com\/#website","url":"https:\/\/walkingmum.com\/","name":"Walking Mum","description":"La marca para beb\u00e9s modernos","potentialAction":[{"@type":"SearchAction","target":{"@type":"EntryPoint","urlTemplate":"https:\/\/walkingmum.com\/?s={search_term_string}"},"query-input":{"@type":"PropertyValueSpecification","valueRequired":true,"valueName":"search_term_string"}}],"inLanguage":"it-IT"}]}},"_links":{"self":[{"href":"https:\/\/walkingmum.com\/it\/wp-json\/wp\/v2\/product\/33118","targetHints":{"allow":["GET"]}}],"collection":[{"href":"https:\/\/walkingmum.com\/it\/wp-json\/wp\/v2\/product"}],"about":[{"href":"https:\/\/walkingmum.com\/it\/wp-json\/wp\/v2\/types\/product"}],"replies":[{"embeddable":true,"href":"https:\/\/walkingmum.com\/it\/wp-json\/wp\/v2\/comments?post=33118"}],"wp:featuredmedia":[{"embeddable":true,"href":"https:\/\/walkingmum.com\/it\/wp-json\/wp\/v2\/media\/32825"}],"wp:attachment":[{"href":"https:\/\/walkingmum.com\/it\/wp-json\/wp\/v2\/media?parent=33118"}],"wp:term":[{"taxonomy":"colecciones","embeddable":true,"href":"https:\/\/walkingmum.com\/it\/wp-json\/wp\/v2\/colecciones?post=33118"},{"taxonomy":"product_brand","embeddable":true,"href":"https:\/\/walkingmum.com\/it\/wp-json\/wp\/v2\/product_brand?post=33118"},{"taxonomy":"product_cat","embeddable":true,"href":"https:\/\/walkingmum.com\/it\/wp-json\/wp\/v2\/product_cat?post=33118"},{"taxonomy":"product_tag","embeddable":true,"href":"https:\/\/walkingmum.com\/it\/wp-json\/wp\/v2\/product_tag?post=33118"}],"curies":[{"name":"wp","href":"https:\/\/api.w.org\/{rel}","templated":true}]}}