{"id":33115,"date":"2025-09-25T10:35:00","date_gmt":"2025-09-25T10:35:00","guid":{"rendered":"https:\/\/walkingmum.com\/?post_type=product&#038;p=33115"},"modified":"2025-09-25T10:35:00","modified_gmt":"2025-09-25T10:35:00","slug":"zaino-kids-botton-fiori","status":"publish","type":"product","link":"https:\/\/walkingmum.com\/it\/prodotto\/zaino-kids-botton-fiori\/","title":{"rendered":"ZAINO KIDS BOTTON FIORI"},"content":{"rendered":"<p>Lo zaino per bambini Botton Flores di Walking Mum \u00e8 l&#8217;accessorio ideale per i pi\u00f9 piccoli nella loro quotidianit\u00e0 all&#8217;asilo o durante le passeggiate. Con un design accattivante, realizzato in 100% poliestere con una delicata stampa floreale, offre morbidezza e comfort ai bambini. Le sue dimensioni compatte sono perfette per consentire ai pi\u00f9 piccoli di trasportare le loro cose essenziali, come la bottiglia d&#8217;acqua, la merenda o il loro giocattolo preferito. \u00c8 dotato di una chiusura con cerniera sicura e di spallacci regolabili che garantiscono una vestibilit\u00e0 comoda sulle spalle. Inoltre, la maniglia superiore consente di trasportarlo facilmente a mano. Realizzato in cotone di alta qualit\u00e0, morbido e resistente. Design adorabile con orecchie in rilievo e dettagli ricamati. Chiusura con cerniera e tiretto decorativo. Cinghie regolabili per una maggiore comodit\u00e0. Perfetto per i primi anni del tuo bambino con un tocco divertente e funzionale! Facile da pulire a mano o in o a 30 \u00b0C. Walking Mum protegge il tuo bambino utilizzando i migliori tessuti, privi di coloranti azoici e sostanze nocive per la salute.<\/p>\n","protected":false},"excerpt":{"rendered":"<p>Lo zaino per bambini Botton Flores di Walking Mum \u00e8 l&#8217;accessorio ideale per i pi\u00f9 piccoli nella loro quotidianit\u00e0 all&#8217;asilo o durante le passeggiate. Con un design accattivante, realizzato in 100% poliestere con una delicata stampa floreale, offre morbidezza e comfort ai bambini. Le sue dimensioni compatte sono perfette per consentire ai pi\u00f9 piccoli di [&hellip;]<\/p>\n","protected":false},"featured_media":32746,"comment_status":"closed","ping_status":"closed","template":"","meta":{"_acf_changed":false,"inline_featured_image":false},"colecciones":[391],"product_brand":[],"product_cat":[],"product_tag":[],"class_list":{"0":"post-33115","1":"product","2":"type-product","3":"status-publish","4":"has-post-thumbnail","6":"colecciones-collezione-botton","8":"first","9":"instock","10":"purchasable","11":"product-type-simple"},"acf":[],"yoast_head":"<!-- This site is optimized with the Yoast SEO plugin v27.3 - https:\/\/yoast.com\/product\/yoast-seo-wordpress\/ -->\n<title>ZAINO KIDS BOTTON FIORI - Walking Mum<\/title>\n<meta name=\"robots\" content=\"index, follow, max-snippet:-1, max-image-preview:large, max-video-preview:-1\" \/>\n<link rel=\"canonical\" href=\"https:\/\/walkingmum.com\/it\/prodotto\/zaino-kids-botton-fiori\/\" \/>\n<meta property=\"og:locale\" content=\"it_IT\" \/>\n<meta property=\"og:type\" content=\"article\" \/>\n<meta property=\"og:title\" content=\"ZAINO KIDS BOTTON FIORI - Walking Mum\" \/>\n<meta property=\"og:description\" content=\"Lo zaino per bambini Botton Flores di Walking Mum \u00e8 l&#8217;accessorio ideale per i pi\u00f9 piccoli nella loro quotidianit\u00e0 all&#8217;asilo o durante le passeggiate. Con un design accattivante, realizzato in 100% poliestere con una delicata stampa floreale, offre morbidezza e comfort ai bambini. Le sue dimensioni compatte sono perfette per consentire ai pi\u00f9 piccoli di [&hellip;]\" \/>\n<meta property=\"og:url\" content=\"https:\/\/walkingmum.com\/it\/prodotto\/zaino-kids-botton-fiori\/\" \/>\n<meta property=\"og:site_name\" content=\"Walking Mum\" \/>\n<meta property=\"og:image\" content=\"https:\/\/walkingmum.com\/wp-content\/uploads\/2025\/09\/1120800582_a-1.jpg\" \/>\n\t<meta property=\"og:image:width\" content=\"1800\" \/>\n\t<meta property=\"og:image:height\" content=\"1800\" \/>\n\t<meta property=\"og:image:type\" content=\"image\/jpeg\" \/>\n<meta name=\"twitter:card\" content=\"summary_large_image\" \/>\n<meta name=\"twitter:label1\" content=\"Tempo di lettura stimato\" \/>\n\t<meta name=\"twitter:data1\" content=\"1 minuto\" \/>\n<script type=\"application\/ld+json\" class=\"yoast-schema-graph\">{\"@context\":\"https:\\\/\\\/schema.org\",\"@graph\":[{\"@type\":\"WebPage\",\"@id\":\"https:\\\/\\\/walkingmum.com\\\/it\\\/prodotto\\\/zaino-kids-botton-fiori\\\/\",\"url\":\"https:\\\/\\\/walkingmum.com\\\/it\\\/prodotto\\\/zaino-kids-botton-fiori\\\/\",\"name\":\"ZAINO KIDS BOTTON FIORI - Walking Mum\",\"isPartOf\":{\"@id\":\"https:\\\/\\\/walkingmum.com\\\/#website\"},\"primaryImageOfPage\":{\"@id\":\"https:\\\/\\\/walkingmum.com\\\/it\\\/prodotto\\\/zaino-kids-botton-fiori\\\/#primaryimage\"},\"image\":{\"@id\":\"https:\\\/\\\/walkingmum.com\\\/it\\\/prodotto\\\/zaino-kids-botton-fiori\\\/#primaryimage\"},\"thumbnailUrl\":\"https:\\\/\\\/walkingmum.com\\\/wp-content\\\/uploads\\\/2025\\\/09\\\/1120800582_a-1.jpg\",\"datePublished\":\"2025-09-25T10:35:00+00:00\",\"breadcrumb\":{\"@id\":\"https:\\\/\\\/walkingmum.com\\\/it\\\/prodotto\\\/zaino-kids-botton-fiori\\\/#breadcrumb\"},\"inLanguage\":\"it-IT\",\"potentialAction\":[{\"@type\":\"ReadAction\",\"target\":[\"https:\\\/\\\/walkingmum.com\\\/it\\\/prodotto\\\/zaino-kids-botton-fiori\\\/\"]}]},{\"@type\":\"ImageObject\",\"inLanguage\":\"it-IT\",\"@id\":\"https:\\\/\\\/walkingmum.com\\\/it\\\/prodotto\\\/zaino-kids-botton-fiori\\\/#primaryimage\",\"url\":\"https:\\\/\\\/walkingmum.com\\\/wp-content\\\/uploads\\\/2025\\\/09\\\/1120800582_a-1.jpg\",\"contentUrl\":\"https:\\\/\\\/walkingmum.com\\\/wp-content\\\/uploads\\\/2025\\\/09\\\/1120800582_a-1.jpg\",\"width\":1800,\"height\":1800},{\"@type\":\"BreadcrumbList\",\"@id\":\"https:\\\/\\\/walkingmum.com\\\/it\\\/prodotto\\\/zaino-kids-botton-fiori\\\/#breadcrumb\",\"itemListElement\":[{\"@type\":\"ListItem\",\"position\":1,\"name\":\"Portada\",\"item\":\"https:\\\/\\\/walkingmum.com\\\/it\\\/\"},{\"@type\":\"ListItem\",\"position\":2,\"name\":\"Tienda\",\"item\":\"https:\\\/\\\/walkingmum.com\\\/tienda\\\/\"},{\"@type\":\"ListItem\",\"position\":3,\"name\":\"ZAINO KIDS BOTTON FIORI\"}]},{\"@type\":\"WebSite\",\"@id\":\"https:\\\/\\\/walkingmum.com\\\/#website\",\"url\":\"https:\\\/\\\/walkingmum.com\\\/\",\"name\":\"Walking Mum\",\"description\":\"La marca para beb\u00e9s modernos\",\"potentialAction\":[{\"@type\":\"SearchAction\",\"target\":{\"@type\":\"EntryPoint\",\"urlTemplate\":\"https:\\\/\\\/walkingmum.com\\\/?s={search_term_string}\"},\"query-input\":{\"@type\":\"PropertyValueSpecification\",\"valueRequired\":true,\"valueName\":\"search_term_string\"}}],\"inLanguage\":\"it-IT\"}]}<\/script>\n<!-- \/ Yoast SEO plugin. -->","yoast_head_json":{"title":"ZAINO KIDS BOTTON FIORI - Walking Mum","robots":{"index":"index","follow":"follow","max-snippet":"max-snippet:-1","max-image-preview":"max-image-preview:large","max-video-preview":"max-video-preview:-1"},"canonical":"https:\/\/walkingmum.com\/it\/prodotto\/zaino-kids-botton-fiori\/","og_locale":"it_IT","og_type":"article","og_title":"ZAINO KIDS BOTTON FIORI - Walking Mum","og_description":"Lo zaino per bambini Botton Flores di Walking Mum \u00e8 l&#8217;accessorio ideale per i pi\u00f9 piccoli nella loro quotidianit\u00e0 all&#8217;asilo o durante le passeggiate. Con un design accattivante, realizzato in 100% poliestere con una delicata stampa floreale, offre morbidezza e comfort ai bambini. Le sue dimensioni compatte sono perfette per consentire ai pi\u00f9 piccoli di [&hellip;]","og_url":"https:\/\/walkingmum.com\/it\/prodotto\/zaino-kids-botton-fiori\/","og_site_name":"Walking Mum","og_image":[{"width":1800,"height":1800,"url":"https:\/\/walkingmum.com\/wp-content\/uploads\/2025\/09\/1120800582_a-1.jpg","type":"image\/jpeg"}],"twitter_card":"summary_large_image","twitter_misc":{"Tempo di lettura stimato":"1 minuto"},"schema":{"@context":"https:\/\/schema.org","@graph":[{"@type":"WebPage","@id":"https:\/\/walkingmum.com\/it\/prodotto\/zaino-kids-botton-fiori\/","url":"https:\/\/walkingmum.com\/it\/prodotto\/zaino-kids-botton-fiori\/","name":"ZAINO KIDS BOTTON FIORI - Walking Mum","isPartOf":{"@id":"https:\/\/walkingmum.com\/#website"},"primaryImageOfPage":{"@id":"https:\/\/walkingmum.com\/it\/prodotto\/zaino-kids-botton-fiori\/#primaryimage"},"image":{"@id":"https:\/\/walkingmum.com\/it\/prodotto\/zaino-kids-botton-fiori\/#primaryimage"},"thumbnailUrl":"https:\/\/walkingmum.com\/wp-content\/uploads\/2025\/09\/1120800582_a-1.jpg","datePublished":"2025-09-25T10:35:00+00:00","breadcrumb":{"@id":"https:\/\/walkingmum.com\/it\/prodotto\/zaino-kids-botton-fiori\/#breadcrumb"},"inLanguage":"it-IT","potentialAction":[{"@type":"ReadAction","target":["https:\/\/walkingmum.com\/it\/prodotto\/zaino-kids-botton-fiori\/"]}]},{"@type":"ImageObject","inLanguage":"it-IT","@id":"https:\/\/walkingmum.com\/it\/prodotto\/zaino-kids-botton-fiori\/#primaryimage","url":"https:\/\/walkingmum.com\/wp-content\/uploads\/2025\/09\/1120800582_a-1.jpg","contentUrl":"https:\/\/walkingmum.com\/wp-content\/uploads\/2025\/09\/1120800582_a-1.jpg","width":1800,"height":1800},{"@type":"BreadcrumbList","@id":"https:\/\/walkingmum.com\/it\/prodotto\/zaino-kids-botton-fiori\/#breadcrumb","itemListElement":[{"@type":"ListItem","position":1,"name":"Portada","item":"https:\/\/walkingmum.com\/it\/"},{"@type":"ListItem","position":2,"name":"Tienda","item":"https:\/\/walkingmum.com\/tienda\/"},{"@type":"ListItem","position":3,"name":"ZAINO KIDS BOTTON FIORI"}]},{"@type":"WebSite","@id":"https:\/\/walkingmum.com\/#website","url":"https:\/\/walkingmum.com\/","name":"Walking Mum","description":"La marca para beb\u00e9s modernos","potentialAction":[{"@type":"SearchAction","target":{"@type":"EntryPoint","urlTemplate":"https:\/\/walkingmum.com\/?s={search_term_string}"},"query-input":{"@type":"PropertyValueSpecification","valueRequired":true,"valueName":"search_term_string"}}],"inLanguage":"it-IT"}]}},"_links":{"self":[{"href":"https:\/\/walkingmum.com\/it\/wp-json\/wp\/v2\/product\/33115","targetHints":{"allow":["GET"]}}],"collection":[{"href":"https:\/\/walkingmum.com\/it\/wp-json\/wp\/v2\/product"}],"about":[{"href":"https:\/\/walkingmum.com\/it\/wp-json\/wp\/v2\/types\/product"}],"replies":[{"embeddable":true,"href":"https:\/\/walkingmum.com\/it\/wp-json\/wp\/v2\/comments?post=33115"}],"wp:featuredmedia":[{"embeddable":true,"href":"https:\/\/walkingmum.com\/it\/wp-json\/wp\/v2\/media\/32746"}],"wp:attachment":[{"href":"https:\/\/walkingmum.com\/it\/wp-json\/wp\/v2\/media?parent=33115"}],"wp:term":[{"taxonomy":"colecciones","embeddable":true,"href":"https:\/\/walkingmum.com\/it\/wp-json\/wp\/v2\/colecciones?post=33115"},{"taxonomy":"product_brand","embeddable":true,"href":"https:\/\/walkingmum.com\/it\/wp-json\/wp\/v2\/product_brand?post=33115"},{"taxonomy":"product_cat","embeddable":true,"href":"https:\/\/walkingmum.com\/it\/wp-json\/wp\/v2\/product_cat?post=33115"},{"taxonomy":"product_tag","embeddable":true,"href":"https:\/\/walkingmum.com\/it\/wp-json\/wp\/v2\/product_tag?post=33115"}],"curies":[{"name":"wp","href":"https:\/\/api.w.org\/{rel}","templated":true}]}}