{"id":33113,"date":"2025-09-25T10:35:00","date_gmt":"2025-09-25T10:35:00","guid":{"rendered":"https:\/\/walkingmum.com\/?post_type=product&#038;p=33113"},"modified":"2025-09-25T10:35:00","modified_gmt":"2025-09-25T10:35:00","slug":"piastra-per-waffle-in-legno-botton","status":"publish","type":"product","link":"https:\/\/walkingmum.com\/it\/prodotto\/piastra-per-waffle-in-legno-botton\/","title":{"rendered":"PIASTRA PER WAFFLE IN LEGNO BOTTON"},"content":{"rendered":"<p>Scopri la macchina per waffle giocattolo in legno Walking Mum, ideale per bambini dai 3 anni in su. Certificato FSC\u00ae e conforme alla norma EN71, questo set di 17 pezzi stimola il gioco creativo e lo sviluppo dei bambini. Perfetto per i piccoli chef della colazione! Prepara le colazioni pi\u00f9 dolci e divertenti con l&#8217;incantevole macchina per waffle giocattolo in legno Walking Mum! Questo set completo permette ai bambini di esplorare l&#8217;emozionante mondo della cucina, stimolando la loro immaginazione e le loro capacit\u00e0 di gioco di ruolo in modo sicuro ed educativo. Legno sostenibile e sicuro: realizzata in legno di alta qualit\u00e0, questa macchina per waffle \u00e8 certificata FSC\u00ae (Forest Stewardship Council), a garanzia che i materiali provengono da foreste gestite in modo responsabile e sostenibile, nel rispetto del pianeta. Sicurezza garantita: \u00e8 rigorosamente conforme alla normativa europea EN71 sulla sicurezza dei giocattoli, offrendo ai genitori la tranquillit\u00e0 di sapere che \u00e8 un giocattolo sicuro per i loro bambini. Et\u00e0 consigliata: adatto a bambini e bambine dai 3 anni in su (+3 anni), ideale per lo sviluppo delle capacit\u00e0 motorie fini, la coordinazione occhio-mano e la promozione di giochi simbolici pi\u00f9 elaborati. Set completo di 17 pezzi: questo meraviglioso gioco include la piastra per waffle con waffle &#8220;tagliabili&#8221;, un barattolo di sciroppo, un vassoio con diversi condimenti (come frutta e uova fritte) e utensili come un coltello e una spatola. Tutto il necessario per una colazione immaginaria perfetta! Design realistico e accattivante: con un design moderno e colori tenui, questa macchina per waffle e i suoi accessori sono visivamente molto attraenti e si integrano perfettamente in qualsiasi spazio di gioco, invitando i bambini a esplorare la loro creativit\u00e0. Promuove l&#8217;apprendimento e la creativit\u00e0: attraverso il gioco di imitazione, i bambini sviluppano abilit\u00e0 sociali, emotive e cognitive, imparando a conoscere il cibo, la preparazione dei pasti e i ruoli domestici in modo divertente e coinvolgente. La macchina per waffle giocattolo Walking Mum \u00e8 il regalo ideale per ispirare i futuri cuochi e gli amanti dell&#8217; lla colazione. Offri ai tuoi bambini un&#8217;esperienza di gioco sicura, educativa e ricca di deliziose avventure!<\/p>\n","protected":false},"excerpt":{"rendered":"<p>Scopri la macchina per waffle giocattolo in legno Walking Mum, ideale per bambini dai 3 anni in su. Certificato FSC\u00ae e conforme alla norma EN71, questo set di 17 pezzi stimola il gioco creativo e lo sviluppo dei bambini. Perfetto per i piccoli chef della colazione! Prepara le colazioni pi\u00f9 dolci e divertenti con l&#8217;incantevole [&hellip;]<\/p>\n","protected":false},"featured_media":32672,"comment_status":"closed","ping_status":"closed","template":"","meta":{"_acf_changed":false,"inline_featured_image":false},"colecciones":[391],"product_brand":[],"product_cat":[],"product_tag":[],"class_list":{"0":"post-33113","1":"product","2":"type-product","3":"status-publish","4":"has-post-thumbnail","6":"colecciones-collezione-botton","8":"first","9":"instock","10":"purchasable","11":"product-type-simple"},"acf":[],"yoast_head":"<!-- This site is optimized with the Yoast SEO plugin v27.3 - https:\/\/yoast.com\/product\/yoast-seo-wordpress\/ -->\n<title>PIASTRA PER WAFFLE IN LEGNO BOTTON - Walking Mum<\/title>\n<meta name=\"robots\" content=\"index, follow, max-snippet:-1, max-image-preview:large, max-video-preview:-1\" \/>\n<link rel=\"canonical\" href=\"https:\/\/walkingmum.com\/it\/prodotto\/piastra-per-waffle-in-legno-botton\/\" \/>\n<meta property=\"og:locale\" content=\"it_IT\" \/>\n<meta property=\"og:type\" content=\"article\" \/>\n<meta property=\"og:title\" content=\"PIASTRA PER WAFFLE IN LEGNO BOTTON - Walking Mum\" \/>\n<meta property=\"og:description\" content=\"Scopri la macchina per waffle giocattolo in legno Walking Mum, ideale per bambini dai 3 anni in su. Certificato FSC\u00ae e conforme alla norma EN71, questo set di 17 pezzi stimola il gioco creativo e lo sviluppo dei bambini. Perfetto per i piccoli chef della colazione! Prepara le colazioni pi\u00f9 dolci e divertenti con l&#8217;incantevole [&hellip;]\" \/>\n<meta property=\"og:url\" content=\"https:\/\/walkingmum.com\/it\/prodotto\/piastra-per-waffle-in-legno-botton\/\" \/>\n<meta property=\"og:site_name\" content=\"Walking Mum\" \/>\n<meta property=\"og:image\" content=\"https:\/\/walkingmum.com\/wp-content\/uploads\/2025\/09\/1120800594_abis.jpg\" \/>\n\t<meta property=\"og:image:width\" content=\"1800\" \/>\n\t<meta property=\"og:image:height\" content=\"1800\" \/>\n\t<meta property=\"og:image:type\" content=\"image\/jpeg\" \/>\n<meta name=\"twitter:card\" content=\"summary_large_image\" \/>\n<meta name=\"twitter:label1\" content=\"Tempo di lettura stimato\" \/>\n\t<meta name=\"twitter:data1\" content=\"2 minuti\" \/>\n<script type=\"application\/ld+json\" class=\"yoast-schema-graph\">{\"@context\":\"https:\\\/\\\/schema.org\",\"@graph\":[{\"@type\":\"WebPage\",\"@id\":\"https:\\\/\\\/walkingmum.com\\\/it\\\/prodotto\\\/piastra-per-waffle-in-legno-botton\\\/\",\"url\":\"https:\\\/\\\/walkingmum.com\\\/it\\\/prodotto\\\/piastra-per-waffle-in-legno-botton\\\/\",\"name\":\"PIASTRA PER WAFFLE IN LEGNO BOTTON - Walking Mum\",\"isPartOf\":{\"@id\":\"https:\\\/\\\/walkingmum.com\\\/#website\"},\"primaryImageOfPage\":{\"@id\":\"https:\\\/\\\/walkingmum.com\\\/it\\\/prodotto\\\/piastra-per-waffle-in-legno-botton\\\/#primaryimage\"},\"image\":{\"@id\":\"https:\\\/\\\/walkingmum.com\\\/it\\\/prodotto\\\/piastra-per-waffle-in-legno-botton\\\/#primaryimage\"},\"thumbnailUrl\":\"https:\\\/\\\/walkingmum.com\\\/wp-content\\\/uploads\\\/2025\\\/09\\\/1120800594_abis.jpg\",\"datePublished\":\"2025-09-25T10:35:00+00:00\",\"breadcrumb\":{\"@id\":\"https:\\\/\\\/walkingmum.com\\\/it\\\/prodotto\\\/piastra-per-waffle-in-legno-botton\\\/#breadcrumb\"},\"inLanguage\":\"it-IT\",\"potentialAction\":[{\"@type\":\"ReadAction\",\"target\":[\"https:\\\/\\\/walkingmum.com\\\/it\\\/prodotto\\\/piastra-per-waffle-in-legno-botton\\\/\"]}]},{\"@type\":\"ImageObject\",\"inLanguage\":\"it-IT\",\"@id\":\"https:\\\/\\\/walkingmum.com\\\/it\\\/prodotto\\\/piastra-per-waffle-in-legno-botton\\\/#primaryimage\",\"url\":\"https:\\\/\\\/walkingmum.com\\\/wp-content\\\/uploads\\\/2025\\\/09\\\/1120800594_abis.jpg\",\"contentUrl\":\"https:\\\/\\\/walkingmum.com\\\/wp-content\\\/uploads\\\/2025\\\/09\\\/1120800594_abis.jpg\",\"width\":1800,\"height\":1800},{\"@type\":\"BreadcrumbList\",\"@id\":\"https:\\\/\\\/walkingmum.com\\\/it\\\/prodotto\\\/piastra-per-waffle-in-legno-botton\\\/#breadcrumb\",\"itemListElement\":[{\"@type\":\"ListItem\",\"position\":1,\"name\":\"Portada\",\"item\":\"https:\\\/\\\/walkingmum.com\\\/it\\\/\"},{\"@type\":\"ListItem\",\"position\":2,\"name\":\"Tienda\",\"item\":\"https:\\\/\\\/walkingmum.com\\\/tienda\\\/\"},{\"@type\":\"ListItem\",\"position\":3,\"name\":\"PIASTRA PER WAFFLE IN LEGNO BOTTON\"}]},{\"@type\":\"WebSite\",\"@id\":\"https:\\\/\\\/walkingmum.com\\\/#website\",\"url\":\"https:\\\/\\\/walkingmum.com\\\/\",\"name\":\"Walking Mum\",\"description\":\"La marca para beb\u00e9s modernos\",\"potentialAction\":[{\"@type\":\"SearchAction\",\"target\":{\"@type\":\"EntryPoint\",\"urlTemplate\":\"https:\\\/\\\/walkingmum.com\\\/?s={search_term_string}\"},\"query-input\":{\"@type\":\"PropertyValueSpecification\",\"valueRequired\":true,\"valueName\":\"search_term_string\"}}],\"inLanguage\":\"it-IT\"}]}<\/script>\n<!-- \/ Yoast SEO plugin. -->","yoast_head_json":{"title":"PIASTRA PER WAFFLE IN LEGNO BOTTON - Walking Mum","robots":{"index":"index","follow":"follow","max-snippet":"max-snippet:-1","max-image-preview":"max-image-preview:large","max-video-preview":"max-video-preview:-1"},"canonical":"https:\/\/walkingmum.com\/it\/prodotto\/piastra-per-waffle-in-legno-botton\/","og_locale":"it_IT","og_type":"article","og_title":"PIASTRA PER WAFFLE IN LEGNO BOTTON - Walking Mum","og_description":"Scopri la macchina per waffle giocattolo in legno Walking Mum, ideale per bambini dai 3 anni in su. Certificato FSC\u00ae e conforme alla norma EN71, questo set di 17 pezzi stimola il gioco creativo e lo sviluppo dei bambini. Perfetto per i piccoli chef della colazione! Prepara le colazioni pi\u00f9 dolci e divertenti con l&#8217;incantevole [&hellip;]","og_url":"https:\/\/walkingmum.com\/it\/prodotto\/piastra-per-waffle-in-legno-botton\/","og_site_name":"Walking Mum","og_image":[{"width":1800,"height":1800,"url":"https:\/\/walkingmum.com\/wp-content\/uploads\/2025\/09\/1120800594_abis.jpg","type":"image\/jpeg"}],"twitter_card":"summary_large_image","twitter_misc":{"Tempo di lettura stimato":"2 minuti"},"schema":{"@context":"https:\/\/schema.org","@graph":[{"@type":"WebPage","@id":"https:\/\/walkingmum.com\/it\/prodotto\/piastra-per-waffle-in-legno-botton\/","url":"https:\/\/walkingmum.com\/it\/prodotto\/piastra-per-waffle-in-legno-botton\/","name":"PIASTRA PER WAFFLE IN LEGNO BOTTON - Walking Mum","isPartOf":{"@id":"https:\/\/walkingmum.com\/#website"},"primaryImageOfPage":{"@id":"https:\/\/walkingmum.com\/it\/prodotto\/piastra-per-waffle-in-legno-botton\/#primaryimage"},"image":{"@id":"https:\/\/walkingmum.com\/it\/prodotto\/piastra-per-waffle-in-legno-botton\/#primaryimage"},"thumbnailUrl":"https:\/\/walkingmum.com\/wp-content\/uploads\/2025\/09\/1120800594_abis.jpg","datePublished":"2025-09-25T10:35:00+00:00","breadcrumb":{"@id":"https:\/\/walkingmum.com\/it\/prodotto\/piastra-per-waffle-in-legno-botton\/#breadcrumb"},"inLanguage":"it-IT","potentialAction":[{"@type":"ReadAction","target":["https:\/\/walkingmum.com\/it\/prodotto\/piastra-per-waffle-in-legno-botton\/"]}]},{"@type":"ImageObject","inLanguage":"it-IT","@id":"https:\/\/walkingmum.com\/it\/prodotto\/piastra-per-waffle-in-legno-botton\/#primaryimage","url":"https:\/\/walkingmum.com\/wp-content\/uploads\/2025\/09\/1120800594_abis.jpg","contentUrl":"https:\/\/walkingmum.com\/wp-content\/uploads\/2025\/09\/1120800594_abis.jpg","width":1800,"height":1800},{"@type":"BreadcrumbList","@id":"https:\/\/walkingmum.com\/it\/prodotto\/piastra-per-waffle-in-legno-botton\/#breadcrumb","itemListElement":[{"@type":"ListItem","position":1,"name":"Portada","item":"https:\/\/walkingmum.com\/it\/"},{"@type":"ListItem","position":2,"name":"Tienda","item":"https:\/\/walkingmum.com\/tienda\/"},{"@type":"ListItem","position":3,"name":"PIASTRA PER WAFFLE IN LEGNO BOTTON"}]},{"@type":"WebSite","@id":"https:\/\/walkingmum.com\/#website","url":"https:\/\/walkingmum.com\/","name":"Walking Mum","description":"La marca para beb\u00e9s modernos","potentialAction":[{"@type":"SearchAction","target":{"@type":"EntryPoint","urlTemplate":"https:\/\/walkingmum.com\/?s={search_term_string}"},"query-input":{"@type":"PropertyValueSpecification","valueRequired":true,"valueName":"search_term_string"}}],"inLanguage":"it-IT"}]}},"_links":{"self":[{"href":"https:\/\/walkingmum.com\/it\/wp-json\/wp\/v2\/product\/33113","targetHints":{"allow":["GET"]}}],"collection":[{"href":"https:\/\/walkingmum.com\/it\/wp-json\/wp\/v2\/product"}],"about":[{"href":"https:\/\/walkingmum.com\/it\/wp-json\/wp\/v2\/types\/product"}],"replies":[{"embeddable":true,"href":"https:\/\/walkingmum.com\/it\/wp-json\/wp\/v2\/comments?post=33113"}],"wp:featuredmedia":[{"embeddable":true,"href":"https:\/\/walkingmum.com\/it\/wp-json\/wp\/v2\/media\/32672"}],"wp:attachment":[{"href":"https:\/\/walkingmum.com\/it\/wp-json\/wp\/v2\/media?parent=33113"}],"wp:term":[{"taxonomy":"colecciones","embeddable":true,"href":"https:\/\/walkingmum.com\/it\/wp-json\/wp\/v2\/colecciones?post=33113"},{"taxonomy":"product_brand","embeddable":true,"href":"https:\/\/walkingmum.com\/it\/wp-json\/wp\/v2\/product_brand?post=33113"},{"taxonomy":"product_cat","embeddable":true,"href":"https:\/\/walkingmum.com\/it\/wp-json\/wp\/v2\/product_cat?post=33113"},{"taxonomy":"product_tag","embeddable":true,"href":"https:\/\/walkingmum.com\/it\/wp-json\/wp\/v2\/product_tag?post=33113"}],"curies":[{"name":"wp","href":"https:\/\/api.w.org\/{rel}","templated":true}]}}