{"id":33110,"date":"2025-09-25T10:35:02","date_gmt":"2025-09-25T10:35:02","guid":{"rendered":"https:\/\/walkingmum.com\/?post_type=product&#038;p=33110"},"modified":"2025-09-25T10:35:02","modified_gmt":"2025-09-25T10:35:02","slug":"copripasseggino-inverno-i-love-vichy-grigio-iv","status":"publish","type":"product","link":"https:\/\/walkingmum.com\/it\/prodotto\/copripasseggino-inverno-i-love-vichy-grigio-iv\/","title":{"rendered":"COPRIPASSEGGINO INVERNO I LOVE VICHY GRIGIO (IV)"},"content":{"rendered":"<p>La fodera per seggiolino auto I love vichy grigio \u00e8 ideale per coprire la base del passeggino ed \u00e8 dotata di sacco per avvolgere il tuo bambino. Il suo design presenta diverse aperture (asole) e regolazioni che ti consentiranno di adattarla facilmente alla maggior parte dei passeggini, rendendo la passeggiata del tuo bambino sicura e confortevole. \u00c8 realizzata in materiale resistente e caldo. Ha una base plastificata sul poggiapiedi che ne facilita la pulizia dopo l&#8217;uso. \u00c8 un design bello, semplice e comodo che crea un nido per il tuo bambino, tenendolo al caldo e protetto nelle giornate fredde. Il sacco si adatta facilmente a qualsiasi auto e permette al bambino di godersi un riposo pi\u00f9 piacevole grazie alla sua forma accogliente a nido. Grande qualit\u00e0 e molto stile. Realizzato in materiali resistenti e facili da lavare a mano o in lavatrice a 30 \u00b0C. Walking Mum protegge il tuo bambino utilizzando i migliori tessuti, privi di coloranti azoici e sostanze nocive per la salute. La nostra collezione Walking Mum conserva tutta la qualit\u00e0 del marchio Pasito a Pasito, ma con un particolare tocco di stile urbano e moderno che non passa inosservato, per vestire in modo diverso le passeggiate con il tuo bambino. Gli accessori di questa linea sono pi\u00f9 sportivi e pratici, pensati appositamente per mamme e pap\u00e0 moderni che apprezzano i design pi\u00f9 attuali e di tendenza senza rinunciare alla qualit\u00e0 e alla funzionalit\u00e0 di accessori che rendono pi\u00f9 comode tutte le passeggiate con i loro bambini. Misure: 47 x 90 cm.<\/p>\n","protected":false},"excerpt":{"rendered":"<p>La fodera per seggiolino auto I love vichy grigio \u00e8 ideale per coprire la base del passeggino ed \u00e8 dotata di sacco per avvolgere il tuo bambino. Il suo design presenta diverse aperture (asole) e regolazioni che ti consentiranno di adattarla facilmente alla maggior parte dei passeggini, rendendo la passeggiata del tuo bambino sicura e [&hellip;]<\/p>\n","protected":false},"featured_media":32585,"comment_status":"closed","ping_status":"closed","template":"","meta":{"_acf_changed":false,"inline_featured_image":false},"colecciones":[113],"product_brand":[],"product_cat":[192],"product_tag":[],"class_list":{"0":"post-33110","1":"product","2":"type-product","3":"status-publish","4":"has-post-thumbnail","6":"colecciones-collezione-i-love-vichy","7":"product_cat-passeggio","9":"first","10":"instock","11":"purchasable","12":"product-type-simple"},"acf":[],"yoast_head":"<!-- This site is optimized with the Yoast SEO plugin v27.4 - https:\/\/yoast.com\/product\/yoast-seo-wordpress\/ -->\n<title>COPRIPASSEGGINO INVERNO I LOVE VICHY GRIGIO (IV) - Walking Mum<\/title>\n<meta name=\"robots\" content=\"index, follow, max-snippet:-1, max-image-preview:large, max-video-preview:-1\" \/>\n<link rel=\"canonical\" href=\"https:\/\/walkingmum.com\/it\/prodotto\/copripasseggino-inverno-i-love-vichy-grigio-iv\/\" \/>\n<meta property=\"og:locale\" content=\"it_IT\" \/>\n<meta property=\"og:type\" content=\"article\" \/>\n<meta property=\"og:title\" content=\"COPRIPASSEGGINO INVERNO I LOVE VICHY GRIGIO (IV) - Walking Mum\" \/>\n<meta property=\"og:description\" content=\"La fodera per seggiolino auto I love vichy grigio \u00e8 ideale per coprire la base del passeggino ed \u00e8 dotata di sacco per avvolgere il tuo bambino. Il suo design presenta diverse aperture (asole) e regolazioni che ti consentiranno di adattarla facilmente alla maggior parte dei passeggini, rendendo la passeggiata del tuo bambino sicura e [&hellip;]\" \/>\n<meta property=\"og:url\" content=\"https:\/\/walkingmum.com\/it\/prodotto\/copripasseggino-inverno-i-love-vichy-grigio-iv\/\" \/>\n<meta property=\"og:site_name\" content=\"Walking Mum\" \/>\n<meta property=\"og:image\" content=\"https:\/\/walkingmum.com\/wp-content\/uploads\/2025\/09\/1120800591_a-1.jpg\" \/>\n\t<meta property=\"og:image:width\" content=\"1800\" \/>\n\t<meta property=\"og:image:height\" content=\"1800\" \/>\n\t<meta property=\"og:image:type\" content=\"image\/jpeg\" \/>\n<meta name=\"twitter:card\" content=\"summary_large_image\" \/>\n<meta name=\"twitter:label1\" content=\"Tempo di lettura stimato\" \/>\n\t<meta name=\"twitter:data1\" content=\"1 minuto\" \/>\n<script type=\"application\/ld+json\" class=\"yoast-schema-graph\">{\"@context\":\"https:\\\/\\\/schema.org\",\"@graph\":[{\"@type\":\"WebPage\",\"@id\":\"https:\\\/\\\/walkingmum.com\\\/it\\\/prodotto\\\/copripasseggino-inverno-i-love-vichy-grigio-iv\\\/\",\"url\":\"https:\\\/\\\/walkingmum.com\\\/it\\\/prodotto\\\/copripasseggino-inverno-i-love-vichy-grigio-iv\\\/\",\"name\":\"COPRIPASSEGGINO INVERNO I LOVE VICHY GRIGIO (IV) - Walking Mum\",\"isPartOf\":{\"@id\":\"https:\\\/\\\/walkingmum.com\\\/#website\"},\"primaryImageOfPage\":{\"@id\":\"https:\\\/\\\/walkingmum.com\\\/it\\\/prodotto\\\/copripasseggino-inverno-i-love-vichy-grigio-iv\\\/#primaryimage\"},\"image\":{\"@id\":\"https:\\\/\\\/walkingmum.com\\\/it\\\/prodotto\\\/copripasseggino-inverno-i-love-vichy-grigio-iv\\\/#primaryimage\"},\"thumbnailUrl\":\"https:\\\/\\\/walkingmum.com\\\/wp-content\\\/uploads\\\/2025\\\/09\\\/1120800591_a-1.jpg\",\"datePublished\":\"2025-09-25T10:35:02+00:00\",\"breadcrumb\":{\"@id\":\"https:\\\/\\\/walkingmum.com\\\/it\\\/prodotto\\\/copripasseggino-inverno-i-love-vichy-grigio-iv\\\/#breadcrumb\"},\"inLanguage\":\"it-IT\",\"potentialAction\":[{\"@type\":\"ReadAction\",\"target\":[\"https:\\\/\\\/walkingmum.com\\\/it\\\/prodotto\\\/copripasseggino-inverno-i-love-vichy-grigio-iv\\\/\"]}]},{\"@type\":\"ImageObject\",\"inLanguage\":\"it-IT\",\"@id\":\"https:\\\/\\\/walkingmum.com\\\/it\\\/prodotto\\\/copripasseggino-inverno-i-love-vichy-grigio-iv\\\/#primaryimage\",\"url\":\"https:\\\/\\\/walkingmum.com\\\/wp-content\\\/uploads\\\/2025\\\/09\\\/1120800591_a-1.jpg\",\"contentUrl\":\"https:\\\/\\\/walkingmum.com\\\/wp-content\\\/uploads\\\/2025\\\/09\\\/1120800591_a-1.jpg\",\"width\":1800,\"height\":1800},{\"@type\":\"BreadcrumbList\",\"@id\":\"https:\\\/\\\/walkingmum.com\\\/it\\\/prodotto\\\/copripasseggino-inverno-i-love-vichy-grigio-iv\\\/#breadcrumb\",\"itemListElement\":[{\"@type\":\"ListItem\",\"position\":1,\"name\":\"Portada\",\"item\":\"https:\\\/\\\/walkingmum.com\\\/it\\\/\"},{\"@type\":\"ListItem\",\"position\":2,\"name\":\"Tienda\",\"item\":\"https:\\\/\\\/walkingmum.com\\\/tienda\\\/\"},{\"@type\":\"ListItem\",\"position\":3,\"name\":\"COPRIPASSEGGINO INVERNO I LOVE VICHY GRIGIO (IV)\"}]},{\"@type\":\"WebSite\",\"@id\":\"https:\\\/\\\/walkingmum.com\\\/#website\",\"url\":\"https:\\\/\\\/walkingmum.com\\\/\",\"name\":\"Walking Mum\",\"description\":\"La marca para beb\u00e9s modernos\",\"potentialAction\":[{\"@type\":\"SearchAction\",\"target\":{\"@type\":\"EntryPoint\",\"urlTemplate\":\"https:\\\/\\\/walkingmum.com\\\/?s={search_term_string}\"},\"query-input\":{\"@type\":\"PropertyValueSpecification\",\"valueRequired\":true,\"valueName\":\"search_term_string\"}}],\"inLanguage\":\"it-IT\"}]}<\/script>\n<!-- \/ Yoast SEO plugin. -->","yoast_head_json":{"title":"COPRIPASSEGGINO INVERNO I LOVE VICHY GRIGIO (IV) - Walking Mum","robots":{"index":"index","follow":"follow","max-snippet":"max-snippet:-1","max-image-preview":"max-image-preview:large","max-video-preview":"max-video-preview:-1"},"canonical":"https:\/\/walkingmum.com\/it\/prodotto\/copripasseggino-inverno-i-love-vichy-grigio-iv\/","og_locale":"it_IT","og_type":"article","og_title":"COPRIPASSEGGINO INVERNO I LOVE VICHY GRIGIO (IV) - Walking Mum","og_description":"La fodera per seggiolino auto I love vichy grigio \u00e8 ideale per coprire la base del passeggino ed \u00e8 dotata di sacco per avvolgere il tuo bambino. Il suo design presenta diverse aperture (asole) e regolazioni che ti consentiranno di adattarla facilmente alla maggior parte dei passeggini, rendendo la passeggiata del tuo bambino sicura e [&hellip;]","og_url":"https:\/\/walkingmum.com\/it\/prodotto\/copripasseggino-inverno-i-love-vichy-grigio-iv\/","og_site_name":"Walking Mum","og_image":[{"width":1800,"height":1800,"url":"https:\/\/walkingmum.com\/wp-content\/uploads\/2025\/09\/1120800591_a-1.jpg","type":"image\/jpeg"}],"twitter_card":"summary_large_image","twitter_misc":{"Tempo di lettura stimato":"1 minuto"},"schema":{"@context":"https:\/\/schema.org","@graph":[{"@type":"WebPage","@id":"https:\/\/walkingmum.com\/it\/prodotto\/copripasseggino-inverno-i-love-vichy-grigio-iv\/","url":"https:\/\/walkingmum.com\/it\/prodotto\/copripasseggino-inverno-i-love-vichy-grigio-iv\/","name":"COPRIPASSEGGINO INVERNO I LOVE VICHY GRIGIO (IV) - Walking Mum","isPartOf":{"@id":"https:\/\/walkingmum.com\/#website"},"primaryImageOfPage":{"@id":"https:\/\/walkingmum.com\/it\/prodotto\/copripasseggino-inverno-i-love-vichy-grigio-iv\/#primaryimage"},"image":{"@id":"https:\/\/walkingmum.com\/it\/prodotto\/copripasseggino-inverno-i-love-vichy-grigio-iv\/#primaryimage"},"thumbnailUrl":"https:\/\/walkingmum.com\/wp-content\/uploads\/2025\/09\/1120800591_a-1.jpg","datePublished":"2025-09-25T10:35:02+00:00","breadcrumb":{"@id":"https:\/\/walkingmum.com\/it\/prodotto\/copripasseggino-inverno-i-love-vichy-grigio-iv\/#breadcrumb"},"inLanguage":"it-IT","potentialAction":[{"@type":"ReadAction","target":["https:\/\/walkingmum.com\/it\/prodotto\/copripasseggino-inverno-i-love-vichy-grigio-iv\/"]}]},{"@type":"ImageObject","inLanguage":"it-IT","@id":"https:\/\/walkingmum.com\/it\/prodotto\/copripasseggino-inverno-i-love-vichy-grigio-iv\/#primaryimage","url":"https:\/\/walkingmum.com\/wp-content\/uploads\/2025\/09\/1120800591_a-1.jpg","contentUrl":"https:\/\/walkingmum.com\/wp-content\/uploads\/2025\/09\/1120800591_a-1.jpg","width":1800,"height":1800},{"@type":"BreadcrumbList","@id":"https:\/\/walkingmum.com\/it\/prodotto\/copripasseggino-inverno-i-love-vichy-grigio-iv\/#breadcrumb","itemListElement":[{"@type":"ListItem","position":1,"name":"Portada","item":"https:\/\/walkingmum.com\/it\/"},{"@type":"ListItem","position":2,"name":"Tienda","item":"https:\/\/walkingmum.com\/tienda\/"},{"@type":"ListItem","position":3,"name":"COPRIPASSEGGINO INVERNO I LOVE VICHY GRIGIO (IV)"}]},{"@type":"WebSite","@id":"https:\/\/walkingmum.com\/#website","url":"https:\/\/walkingmum.com\/","name":"Walking Mum","description":"La marca para beb\u00e9s modernos","potentialAction":[{"@type":"SearchAction","target":{"@type":"EntryPoint","urlTemplate":"https:\/\/walkingmum.com\/?s={search_term_string}"},"query-input":{"@type":"PropertyValueSpecification","valueRequired":true,"valueName":"search_term_string"}}],"inLanguage":"it-IT"}]}},"_links":{"self":[{"href":"https:\/\/walkingmum.com\/it\/wp-json\/wp\/v2\/product\/33110","targetHints":{"allow":["GET"]}}],"collection":[{"href":"https:\/\/walkingmum.com\/it\/wp-json\/wp\/v2\/product"}],"about":[{"href":"https:\/\/walkingmum.com\/it\/wp-json\/wp\/v2\/types\/product"}],"replies":[{"embeddable":true,"href":"https:\/\/walkingmum.com\/it\/wp-json\/wp\/v2\/comments?post=33110"}],"wp:featuredmedia":[{"embeddable":true,"href":"https:\/\/walkingmum.com\/it\/wp-json\/wp\/v2\/media\/32585"}],"wp:attachment":[{"href":"https:\/\/walkingmum.com\/it\/wp-json\/wp\/v2\/media?parent=33110"}],"wp:term":[{"taxonomy":"colecciones","embeddable":true,"href":"https:\/\/walkingmum.com\/it\/wp-json\/wp\/v2\/colecciones?post=33110"},{"taxonomy":"product_brand","embeddable":true,"href":"https:\/\/walkingmum.com\/it\/wp-json\/wp\/v2\/product_brand?post=33110"},{"taxonomy":"product_cat","embeddable":true,"href":"https:\/\/walkingmum.com\/it\/wp-json\/wp\/v2\/product_cat?post=33110"},{"taxonomy":"product_tag","embeddable":true,"href":"https:\/\/walkingmum.com\/it\/wp-json\/wp\/v2\/product_tag?post=33110"}],"curies":[{"name":"wp","href":"https:\/\/api.w.org\/{rel}","templated":true}]}}