{"id":33101,"date":"2025-09-25T10:35:01","date_gmt":"2025-09-25T10:35:01","guid":{"rendered":"https:\/\/walkingmum.com\/?post_type=product&#038;p=33101"},"modified":"2025-09-25T10:35:01","modified_gmt":"2025-09-25T10:35:01","slug":"leone-di-peluche-gala","status":"publish","type":"product","link":"https:\/\/walkingmum.com\/it\/prodotto\/leone-di-peluche-gala\/","title":{"rendered":"LEONE DI PELUCHE GALA"},"content":{"rendered":"<p>Questo adorabile peluche Leone Gala di Walking mum \u00e8 progettato per offrire morbidezza, tenerezza e compagnia al tuo bambino fin dai suoi primi giorni. \u00c8 il compagno perfetto per i pi\u00f9 piccoli. Con il suo design tenero e accogliente, questo leone di 30 cm \u00e8 realizzato in una combinazione di morbido peluche e velluto, garantendo una consistenza piacevole e sicura per il bambino con dettagli ricamati, senza piccole parti o elementi duri. \u00c8 ideale per essere abbracciato, stimolare il senso del tatto e dare sicurezza ai pi\u00f9 piccoli. Facile da tenere in mano e da abbracciare, offre comfort e compagnia. Favorisce lo sviluppo emotivo e sensoriale del bambino. Questo peluche di Walking Mum \u00e8 il compagno ideale per i momenti di gioco e di riposo, donando calma e dolcezza al bambino. Lavabile a mano o in lavatrice a 30 \u00b0C. Walking Mum protegge il tuo bambino utilizzando i migliori tessuti, privi di coloranti azoici e sostanze nocive per la salute. Conforme alla normativa europea EN-71 Sicurezza dei giocattoli +0 anni.<\/p>\n","protected":false},"excerpt":{"rendered":"<p>Questo adorabile peluche Leone Gala di Walking mum \u00e8 progettato per offrire morbidezza, tenerezza e compagnia al tuo bambino fin dai suoi primi giorni. \u00c8 il compagno perfetto per i pi\u00f9 piccoli. Con il suo design tenero e accogliente, questo leone di 30 cm \u00e8 realizzato in una combinazione di morbido peluche e velluto, garantendo [&hellip;]<\/p>\n","protected":false},"featured_media":32436,"comment_status":"closed","ping_status":"closed","template":"","meta":{"_acf_changed":false,"inline_featured_image":false},"colecciones":[400],"product_brand":[],"product_cat":[256],"product_tag":[],"class_list":{"0":"post-33101","1":"product","2":"type-product","3":"status-publish","4":"has-post-thumbnail","6":"colecciones-collezione-gala","7":"product_cat-peluche-e-accessori","9":"first","10":"instock","11":"purchasable","12":"product-type-simple"},"acf":[],"yoast_head":"<!-- This site is optimized with the Yoast SEO plugin v27.3 - https:\/\/yoast.com\/product\/yoast-seo-wordpress\/ -->\n<title>LEONE DI PELUCHE GALA - Walking Mum<\/title>\n<meta name=\"robots\" content=\"index, follow, max-snippet:-1, max-image-preview:large, max-video-preview:-1\" \/>\n<link rel=\"canonical\" href=\"https:\/\/walkingmum.com\/it\/prodotto\/leone-di-peluche-gala\/\" \/>\n<meta property=\"og:locale\" content=\"it_IT\" \/>\n<meta property=\"og:type\" content=\"article\" \/>\n<meta property=\"og:title\" content=\"LEONE DI PELUCHE GALA - Walking Mum\" \/>\n<meta property=\"og:description\" content=\"Questo adorabile peluche Leone Gala di Walking mum \u00e8 progettato per offrire morbidezza, tenerezza e compagnia al tuo bambino fin dai suoi primi giorni. \u00c8 il compagno perfetto per i pi\u00f9 piccoli. Con il suo design tenero e accogliente, questo leone di 30 cm \u00e8 realizzato in una combinazione di morbido peluche e velluto, garantendo [&hellip;]\" \/>\n<meta property=\"og:url\" content=\"https:\/\/walkingmum.com\/it\/prodotto\/leone-di-peluche-gala\/\" \/>\n<meta property=\"og:site_name\" content=\"Walking Mum\" \/>\n<meta property=\"og:image\" content=\"https:\/\/walkingmum.com\/wp-content\/uploads\/2025\/09\/1120800650_a-1.jpg\" \/>\n\t<meta property=\"og:image:width\" content=\"1800\" \/>\n\t<meta property=\"og:image:height\" content=\"1800\" \/>\n\t<meta property=\"og:image:type\" content=\"image\/jpeg\" \/>\n<meta name=\"twitter:card\" content=\"summary_large_image\" \/>\n<meta name=\"twitter:label1\" content=\"Tempo di lettura stimato\" \/>\n\t<meta name=\"twitter:data1\" content=\"1 minuto\" \/>\n<script type=\"application\/ld+json\" class=\"yoast-schema-graph\">{\"@context\":\"https:\\\/\\\/schema.org\",\"@graph\":[{\"@type\":\"WebPage\",\"@id\":\"https:\\\/\\\/walkingmum.com\\\/it\\\/prodotto\\\/leone-di-peluche-gala\\\/\",\"url\":\"https:\\\/\\\/walkingmum.com\\\/it\\\/prodotto\\\/leone-di-peluche-gala\\\/\",\"name\":\"LEONE DI PELUCHE GALA - Walking Mum\",\"isPartOf\":{\"@id\":\"https:\\\/\\\/walkingmum.com\\\/#website\"},\"primaryImageOfPage\":{\"@id\":\"https:\\\/\\\/walkingmum.com\\\/it\\\/prodotto\\\/leone-di-peluche-gala\\\/#primaryimage\"},\"image\":{\"@id\":\"https:\\\/\\\/walkingmum.com\\\/it\\\/prodotto\\\/leone-di-peluche-gala\\\/#primaryimage\"},\"thumbnailUrl\":\"https:\\\/\\\/walkingmum.com\\\/wp-content\\\/uploads\\\/2025\\\/09\\\/1120800650_a-1.jpg\",\"datePublished\":\"2025-09-25T10:35:01+00:00\",\"breadcrumb\":{\"@id\":\"https:\\\/\\\/walkingmum.com\\\/it\\\/prodotto\\\/leone-di-peluche-gala\\\/#breadcrumb\"},\"inLanguage\":\"it-IT\",\"potentialAction\":[{\"@type\":\"ReadAction\",\"target\":[\"https:\\\/\\\/walkingmum.com\\\/it\\\/prodotto\\\/leone-di-peluche-gala\\\/\"]}]},{\"@type\":\"ImageObject\",\"inLanguage\":\"it-IT\",\"@id\":\"https:\\\/\\\/walkingmum.com\\\/it\\\/prodotto\\\/leone-di-peluche-gala\\\/#primaryimage\",\"url\":\"https:\\\/\\\/walkingmum.com\\\/wp-content\\\/uploads\\\/2025\\\/09\\\/1120800650_a-1.jpg\",\"contentUrl\":\"https:\\\/\\\/walkingmum.com\\\/wp-content\\\/uploads\\\/2025\\\/09\\\/1120800650_a-1.jpg\",\"width\":1800,\"height\":1800},{\"@type\":\"BreadcrumbList\",\"@id\":\"https:\\\/\\\/walkingmum.com\\\/it\\\/prodotto\\\/leone-di-peluche-gala\\\/#breadcrumb\",\"itemListElement\":[{\"@type\":\"ListItem\",\"position\":1,\"name\":\"Portada\",\"item\":\"https:\\\/\\\/walkingmum.com\\\/it\\\/\"},{\"@type\":\"ListItem\",\"position\":2,\"name\":\"Tienda\",\"item\":\"https:\\\/\\\/walkingmum.com\\\/tienda\\\/\"},{\"@type\":\"ListItem\",\"position\":3,\"name\":\"LEONE DI PELUCHE GALA\"}]},{\"@type\":\"WebSite\",\"@id\":\"https:\\\/\\\/walkingmum.com\\\/#website\",\"url\":\"https:\\\/\\\/walkingmum.com\\\/\",\"name\":\"Walking Mum\",\"description\":\"La marca para beb\u00e9s modernos\",\"potentialAction\":[{\"@type\":\"SearchAction\",\"target\":{\"@type\":\"EntryPoint\",\"urlTemplate\":\"https:\\\/\\\/walkingmum.com\\\/?s={search_term_string}\"},\"query-input\":{\"@type\":\"PropertyValueSpecification\",\"valueRequired\":true,\"valueName\":\"search_term_string\"}}],\"inLanguage\":\"it-IT\"}]}<\/script>\n<!-- \/ Yoast SEO plugin. -->","yoast_head_json":{"title":"LEONE DI PELUCHE GALA - Walking Mum","robots":{"index":"index","follow":"follow","max-snippet":"max-snippet:-1","max-image-preview":"max-image-preview:large","max-video-preview":"max-video-preview:-1"},"canonical":"https:\/\/walkingmum.com\/it\/prodotto\/leone-di-peluche-gala\/","og_locale":"it_IT","og_type":"article","og_title":"LEONE DI PELUCHE GALA - Walking Mum","og_description":"Questo adorabile peluche Leone Gala di Walking mum \u00e8 progettato per offrire morbidezza, tenerezza e compagnia al tuo bambino fin dai suoi primi giorni. \u00c8 il compagno perfetto per i pi\u00f9 piccoli. Con il suo design tenero e accogliente, questo leone di 30 cm \u00e8 realizzato in una combinazione di morbido peluche e velluto, garantendo [&hellip;]","og_url":"https:\/\/walkingmum.com\/it\/prodotto\/leone-di-peluche-gala\/","og_site_name":"Walking Mum","og_image":[{"width":1800,"height":1800,"url":"https:\/\/walkingmum.com\/wp-content\/uploads\/2025\/09\/1120800650_a-1.jpg","type":"image\/jpeg"}],"twitter_card":"summary_large_image","twitter_misc":{"Tempo di lettura stimato":"1 minuto"},"schema":{"@context":"https:\/\/schema.org","@graph":[{"@type":"WebPage","@id":"https:\/\/walkingmum.com\/it\/prodotto\/leone-di-peluche-gala\/","url":"https:\/\/walkingmum.com\/it\/prodotto\/leone-di-peluche-gala\/","name":"LEONE DI PELUCHE GALA - Walking Mum","isPartOf":{"@id":"https:\/\/walkingmum.com\/#website"},"primaryImageOfPage":{"@id":"https:\/\/walkingmum.com\/it\/prodotto\/leone-di-peluche-gala\/#primaryimage"},"image":{"@id":"https:\/\/walkingmum.com\/it\/prodotto\/leone-di-peluche-gala\/#primaryimage"},"thumbnailUrl":"https:\/\/walkingmum.com\/wp-content\/uploads\/2025\/09\/1120800650_a-1.jpg","datePublished":"2025-09-25T10:35:01+00:00","breadcrumb":{"@id":"https:\/\/walkingmum.com\/it\/prodotto\/leone-di-peluche-gala\/#breadcrumb"},"inLanguage":"it-IT","potentialAction":[{"@type":"ReadAction","target":["https:\/\/walkingmum.com\/it\/prodotto\/leone-di-peluche-gala\/"]}]},{"@type":"ImageObject","inLanguage":"it-IT","@id":"https:\/\/walkingmum.com\/it\/prodotto\/leone-di-peluche-gala\/#primaryimage","url":"https:\/\/walkingmum.com\/wp-content\/uploads\/2025\/09\/1120800650_a-1.jpg","contentUrl":"https:\/\/walkingmum.com\/wp-content\/uploads\/2025\/09\/1120800650_a-1.jpg","width":1800,"height":1800},{"@type":"BreadcrumbList","@id":"https:\/\/walkingmum.com\/it\/prodotto\/leone-di-peluche-gala\/#breadcrumb","itemListElement":[{"@type":"ListItem","position":1,"name":"Portada","item":"https:\/\/walkingmum.com\/it\/"},{"@type":"ListItem","position":2,"name":"Tienda","item":"https:\/\/walkingmum.com\/tienda\/"},{"@type":"ListItem","position":3,"name":"LEONE DI PELUCHE GALA"}]},{"@type":"WebSite","@id":"https:\/\/walkingmum.com\/#website","url":"https:\/\/walkingmum.com\/","name":"Walking Mum","description":"La marca para beb\u00e9s modernos","potentialAction":[{"@type":"SearchAction","target":{"@type":"EntryPoint","urlTemplate":"https:\/\/walkingmum.com\/?s={search_term_string}"},"query-input":{"@type":"PropertyValueSpecification","valueRequired":true,"valueName":"search_term_string"}}],"inLanguage":"it-IT"}]}},"_links":{"self":[{"href":"https:\/\/walkingmum.com\/it\/wp-json\/wp\/v2\/product\/33101","targetHints":{"allow":["GET"]}}],"collection":[{"href":"https:\/\/walkingmum.com\/it\/wp-json\/wp\/v2\/product"}],"about":[{"href":"https:\/\/walkingmum.com\/it\/wp-json\/wp\/v2\/types\/product"}],"replies":[{"embeddable":true,"href":"https:\/\/walkingmum.com\/it\/wp-json\/wp\/v2\/comments?post=33101"}],"wp:featuredmedia":[{"embeddable":true,"href":"https:\/\/walkingmum.com\/it\/wp-json\/wp\/v2\/media\/32436"}],"wp:attachment":[{"href":"https:\/\/walkingmum.com\/it\/wp-json\/wp\/v2\/media?parent=33101"}],"wp:term":[{"taxonomy":"colecciones","embeddable":true,"href":"https:\/\/walkingmum.com\/it\/wp-json\/wp\/v2\/colecciones?post=33101"},{"taxonomy":"product_brand","embeddable":true,"href":"https:\/\/walkingmum.com\/it\/wp-json\/wp\/v2\/product_brand?post=33101"},{"taxonomy":"product_cat","embeddable":true,"href":"https:\/\/walkingmum.com\/it\/wp-json\/wp\/v2\/product_cat?post=33101"},{"taxonomy":"product_tag","embeddable":true,"href":"https:\/\/walkingmum.com\/it\/wp-json\/wp\/v2\/product_tag?post=33101"}],"curies":[{"name":"wp","href":"https:\/\/api.w.org\/{rel}","templated":true}]}}