{"id":33098,"date":"2025-09-25T10:35:04","date_gmt":"2025-09-25T10:35:04","guid":{"rendered":"https:\/\/walkingmum.com\/?post_type=product&#038;p=33098"},"modified":"2025-09-25T10:35:04","modified_gmt":"2025-09-25T10:35:04","slug":"corredino-per-culla-vimini-gala-mint","status":"publish","type":"product","link":"https:\/\/walkingmum.com\/it\/prodotto\/corredino-per-culla-vimini-gala-mint\/","title":{"rendered":"CORREDINO PER CULLA VIMINI GALA MINT"},"content":{"rendered":"<p>Prepara il primo nido del tuo bambino con questo adorabile e completo set di biancheria e accessori per culla della collezione Gala Mint dell&#8217; Walking Mum, progettato specificamente per culle di 80&#215;40 cm. Pensato per offrire il massimo comfort e un tocco di eleganza alla culla del tuo neonato, questo set \u00e8 ideale per avvolgere il tuo bambino con morbidezza e sicurezza fin dal primo giorno. Questo completo set per il riposo del tuo bambino \u00e8 composto da cinque pezzi fondamentali: Coprimaterasso per culla in 100% cotone, riveste la culla donandole una morbida sensazione al tatto e un design incantevole che ne trasformer\u00e0 l&#8217;aspetto. Lenzuolo con angoli in morbida mussola di cotone 100%, garantisce una perfetta aderenza al materasso della culla e una traspirabilit\u00e0 superiore per evitare il calore. Copripiumino anch&#8217;esso in cotone 100%, aggiunge un tocco di colore e stile alla culla. Imbottitura leggera e calda, questo piumino offre la temperatura ideale per far dormire serenamente il tuo bambino, sfoderabile, TOG 2,5. Cuscino in rete 3D traspirante per un maggiore comfort.  La collezione Gala Cerise di Walking Mum si distingue per il suo design moderno e delicato, con un delicato motivo floreale in tonalit\u00e0 tenui che donano calore ed eleganza. \u00c8 la scelta ideale per i genitori che cercano qualit\u00e0, comfort e uno stile inconfondibile negli accessori per la culla dei loro bambini. Facile da lavare a mano o in lavatrice a 30 \u00b0C. Abbinabile ad altri prodotti della collezione per un set completo. Walking Mum punta su prodotti funzionali, sicuri e di grande stile, pensati per le famiglie moderne che curano ogni dettaglio. Walking Mum protegge il tuo bambino utilizzando i migliori tessuti, privi di coloranti azoici e sostanze nocive per la salute. La nostra collezione Walking Mum \u00e8 progettata con un particolare stile urbano e moderno che non passa inosservato, per vestire in modo diverso le passeggiate con il tuo bambino. Gli accessori per la maternit\u00e0 di questa linea sono pi\u00f9 sportivi e pratici, pensati appositamente per mamme e pap\u00e0 moderni che apprezzano i design pi\u00f9 attuali e di tendenza senza rinunciare alla qualit\u00e0 e alla funzionalit\u00e0 dei prodotti. Specifiche: Materiali: 100% cotone. Conforme alla norma EN-16779 Articoli tessili per l&#8217;infanzia. Requisiti di sicurezza e metodi di prova per piumini da culla.<\/p>\n","protected":false},"excerpt":{"rendered":"<p>Prepara il primo nido del tuo bambino con questo adorabile e completo set di biancheria e accessori per culla della collezione Gala Mint dell&#8217; Walking Mum, progettato specificamente per culle di 80&#215;40 cm. Pensato per offrire il massimo comfort e un tocco di eleganza alla culla del tuo neonato, questo set \u00e8 ideale per avvolgere [&hellip;]<\/p>\n","protected":false},"featured_media":32357,"comment_status":"closed","ping_status":"closed","template":"","meta":{"_acf_changed":false,"inline_featured_image":false},"colecciones":[400],"product_brand":[],"product_cat":[359],"product_tag":[],"class_list":{"0":"post-33098","1":"product","2":"type-product","3":"status-publish","4":"has-post-thumbnail","6":"colecciones-collezione-gala","7":"product_cat-home-it","9":"first","10":"instock","11":"purchasable","12":"product-type-simple"},"acf":[],"yoast_head":"<!-- This site is optimized with the Yoast SEO plugin v27.4 - https:\/\/yoast.com\/product\/yoast-seo-wordpress\/ -->\n<title>CORREDINO PER CULLA VIMINI GALA MINT - Walking Mum<\/title>\n<meta name=\"robots\" content=\"index, follow, max-snippet:-1, max-image-preview:large, max-video-preview:-1\" \/>\n<link rel=\"canonical\" href=\"https:\/\/walkingmum.com\/it\/prodotto\/corredino-per-culla-vimini-gala-mint\/\" \/>\n<meta property=\"og:locale\" content=\"it_IT\" \/>\n<meta property=\"og:type\" content=\"article\" \/>\n<meta property=\"og:title\" content=\"CORREDINO PER CULLA VIMINI GALA MINT - Walking Mum\" \/>\n<meta property=\"og:description\" content=\"Prepara il primo nido del tuo bambino con questo adorabile e completo set di biancheria e accessori per culla della collezione Gala Mint dell&#8217; Walking Mum, progettato specificamente per culle di 80&#215;40 cm. Pensato per offrire il massimo comfort e un tocco di eleganza alla culla del tuo neonato, questo set \u00e8 ideale per avvolgere [&hellip;]\" \/>\n<meta property=\"og:url\" content=\"https:\/\/walkingmum.com\/it\/prodotto\/corredino-per-culla-vimini-gala-mint\/\" \/>\n<meta property=\"og:site_name\" content=\"Walking Mum\" \/>\n<meta property=\"og:image\" content=\"https:\/\/walkingmum.com\/wp-content\/uploads\/2025\/09\/1120800643_a-1.jpg\" \/>\n\t<meta property=\"og:image:width\" content=\"1800\" \/>\n\t<meta property=\"og:image:height\" content=\"1800\" \/>\n\t<meta property=\"og:image:type\" content=\"image\/jpeg\" \/>\n<meta name=\"twitter:card\" content=\"summary_large_image\" \/>\n<meta name=\"twitter:label1\" content=\"Tempo di lettura stimato\" \/>\n\t<meta name=\"twitter:data1\" content=\"2 minuti\" \/>\n<script type=\"application\/ld+json\" class=\"yoast-schema-graph\">{\"@context\":\"https:\\\/\\\/schema.org\",\"@graph\":[{\"@type\":\"WebPage\",\"@id\":\"https:\\\/\\\/walkingmum.com\\\/it\\\/prodotto\\\/corredino-per-culla-vimini-gala-mint\\\/\",\"url\":\"https:\\\/\\\/walkingmum.com\\\/it\\\/prodotto\\\/corredino-per-culla-vimini-gala-mint\\\/\",\"name\":\"CORREDINO PER CULLA VIMINI GALA MINT - Walking Mum\",\"isPartOf\":{\"@id\":\"https:\\\/\\\/walkingmum.com\\\/#website\"},\"primaryImageOfPage\":{\"@id\":\"https:\\\/\\\/walkingmum.com\\\/it\\\/prodotto\\\/corredino-per-culla-vimini-gala-mint\\\/#primaryimage\"},\"image\":{\"@id\":\"https:\\\/\\\/walkingmum.com\\\/it\\\/prodotto\\\/corredino-per-culla-vimini-gala-mint\\\/#primaryimage\"},\"thumbnailUrl\":\"https:\\\/\\\/walkingmum.com\\\/wp-content\\\/uploads\\\/2025\\\/09\\\/1120800643_a-1.jpg\",\"datePublished\":\"2025-09-25T10:35:04+00:00\",\"breadcrumb\":{\"@id\":\"https:\\\/\\\/walkingmum.com\\\/it\\\/prodotto\\\/corredino-per-culla-vimini-gala-mint\\\/#breadcrumb\"},\"inLanguage\":\"it-IT\",\"potentialAction\":[{\"@type\":\"ReadAction\",\"target\":[\"https:\\\/\\\/walkingmum.com\\\/it\\\/prodotto\\\/corredino-per-culla-vimini-gala-mint\\\/\"]}]},{\"@type\":\"ImageObject\",\"inLanguage\":\"it-IT\",\"@id\":\"https:\\\/\\\/walkingmum.com\\\/it\\\/prodotto\\\/corredino-per-culla-vimini-gala-mint\\\/#primaryimage\",\"url\":\"https:\\\/\\\/walkingmum.com\\\/wp-content\\\/uploads\\\/2025\\\/09\\\/1120800643_a-1.jpg\",\"contentUrl\":\"https:\\\/\\\/walkingmum.com\\\/wp-content\\\/uploads\\\/2025\\\/09\\\/1120800643_a-1.jpg\",\"width\":1800,\"height\":1800},{\"@type\":\"BreadcrumbList\",\"@id\":\"https:\\\/\\\/walkingmum.com\\\/it\\\/prodotto\\\/corredino-per-culla-vimini-gala-mint\\\/#breadcrumb\",\"itemListElement\":[{\"@type\":\"ListItem\",\"position\":1,\"name\":\"Portada\",\"item\":\"https:\\\/\\\/walkingmum.com\\\/it\\\/\"},{\"@type\":\"ListItem\",\"position\":2,\"name\":\"Tienda\",\"item\":\"https:\\\/\\\/walkingmum.com\\\/tienda\\\/\"},{\"@type\":\"ListItem\",\"position\":3,\"name\":\"CORREDINO PER CULLA VIMINI GALA MINT\"}]},{\"@type\":\"WebSite\",\"@id\":\"https:\\\/\\\/walkingmum.com\\\/#website\",\"url\":\"https:\\\/\\\/walkingmum.com\\\/\",\"name\":\"Walking Mum\",\"description\":\"La marca para beb\u00e9s modernos\",\"potentialAction\":[{\"@type\":\"SearchAction\",\"target\":{\"@type\":\"EntryPoint\",\"urlTemplate\":\"https:\\\/\\\/walkingmum.com\\\/?s={search_term_string}\"},\"query-input\":{\"@type\":\"PropertyValueSpecification\",\"valueRequired\":true,\"valueName\":\"search_term_string\"}}],\"inLanguage\":\"it-IT\"}]}<\/script>\n<!-- \/ Yoast SEO plugin. -->","yoast_head_json":{"title":"CORREDINO PER CULLA VIMINI GALA MINT - Walking Mum","robots":{"index":"index","follow":"follow","max-snippet":"max-snippet:-1","max-image-preview":"max-image-preview:large","max-video-preview":"max-video-preview:-1"},"canonical":"https:\/\/walkingmum.com\/it\/prodotto\/corredino-per-culla-vimini-gala-mint\/","og_locale":"it_IT","og_type":"article","og_title":"CORREDINO PER CULLA VIMINI GALA MINT - Walking Mum","og_description":"Prepara il primo nido del tuo bambino con questo adorabile e completo set di biancheria e accessori per culla della collezione Gala Mint dell&#8217; Walking Mum, progettato specificamente per culle di 80&#215;40 cm. Pensato per offrire il massimo comfort e un tocco di eleganza alla culla del tuo neonato, questo set \u00e8 ideale per avvolgere [&hellip;]","og_url":"https:\/\/walkingmum.com\/it\/prodotto\/corredino-per-culla-vimini-gala-mint\/","og_site_name":"Walking Mum","og_image":[{"width":1800,"height":1800,"url":"https:\/\/walkingmum.com\/wp-content\/uploads\/2025\/09\/1120800643_a-1.jpg","type":"image\/jpeg"}],"twitter_card":"summary_large_image","twitter_misc":{"Tempo di lettura stimato":"2 minuti"},"schema":{"@context":"https:\/\/schema.org","@graph":[{"@type":"WebPage","@id":"https:\/\/walkingmum.com\/it\/prodotto\/corredino-per-culla-vimini-gala-mint\/","url":"https:\/\/walkingmum.com\/it\/prodotto\/corredino-per-culla-vimini-gala-mint\/","name":"CORREDINO PER CULLA VIMINI GALA MINT - Walking Mum","isPartOf":{"@id":"https:\/\/walkingmum.com\/#website"},"primaryImageOfPage":{"@id":"https:\/\/walkingmum.com\/it\/prodotto\/corredino-per-culla-vimini-gala-mint\/#primaryimage"},"image":{"@id":"https:\/\/walkingmum.com\/it\/prodotto\/corredino-per-culla-vimini-gala-mint\/#primaryimage"},"thumbnailUrl":"https:\/\/walkingmum.com\/wp-content\/uploads\/2025\/09\/1120800643_a-1.jpg","datePublished":"2025-09-25T10:35:04+00:00","breadcrumb":{"@id":"https:\/\/walkingmum.com\/it\/prodotto\/corredino-per-culla-vimini-gala-mint\/#breadcrumb"},"inLanguage":"it-IT","potentialAction":[{"@type":"ReadAction","target":["https:\/\/walkingmum.com\/it\/prodotto\/corredino-per-culla-vimini-gala-mint\/"]}]},{"@type":"ImageObject","inLanguage":"it-IT","@id":"https:\/\/walkingmum.com\/it\/prodotto\/corredino-per-culla-vimini-gala-mint\/#primaryimage","url":"https:\/\/walkingmum.com\/wp-content\/uploads\/2025\/09\/1120800643_a-1.jpg","contentUrl":"https:\/\/walkingmum.com\/wp-content\/uploads\/2025\/09\/1120800643_a-1.jpg","width":1800,"height":1800},{"@type":"BreadcrumbList","@id":"https:\/\/walkingmum.com\/it\/prodotto\/corredino-per-culla-vimini-gala-mint\/#breadcrumb","itemListElement":[{"@type":"ListItem","position":1,"name":"Portada","item":"https:\/\/walkingmum.com\/it\/"},{"@type":"ListItem","position":2,"name":"Tienda","item":"https:\/\/walkingmum.com\/tienda\/"},{"@type":"ListItem","position":3,"name":"CORREDINO PER CULLA VIMINI GALA MINT"}]},{"@type":"WebSite","@id":"https:\/\/walkingmum.com\/#website","url":"https:\/\/walkingmum.com\/","name":"Walking Mum","description":"La marca para beb\u00e9s modernos","potentialAction":[{"@type":"SearchAction","target":{"@type":"EntryPoint","urlTemplate":"https:\/\/walkingmum.com\/?s={search_term_string}"},"query-input":{"@type":"PropertyValueSpecification","valueRequired":true,"valueName":"search_term_string"}}],"inLanguage":"it-IT"}]}},"_links":{"self":[{"href":"https:\/\/walkingmum.com\/it\/wp-json\/wp\/v2\/product\/33098","targetHints":{"allow":["GET"]}}],"collection":[{"href":"https:\/\/walkingmum.com\/it\/wp-json\/wp\/v2\/product"}],"about":[{"href":"https:\/\/walkingmum.com\/it\/wp-json\/wp\/v2\/types\/product"}],"replies":[{"embeddable":true,"href":"https:\/\/walkingmum.com\/it\/wp-json\/wp\/v2\/comments?post=33098"}],"wp:featuredmedia":[{"embeddable":true,"href":"https:\/\/walkingmum.com\/it\/wp-json\/wp\/v2\/media\/32357"}],"wp:attachment":[{"href":"https:\/\/walkingmum.com\/it\/wp-json\/wp\/v2\/media?parent=33098"}],"wp:term":[{"taxonomy":"colecciones","embeddable":true,"href":"https:\/\/walkingmum.com\/it\/wp-json\/wp\/v2\/colecciones?post=33098"},{"taxonomy":"product_brand","embeddable":true,"href":"https:\/\/walkingmum.com\/it\/wp-json\/wp\/v2\/product_brand?post=33098"},{"taxonomy":"product_cat","embeddable":true,"href":"https:\/\/walkingmum.com\/it\/wp-json\/wp\/v2\/product_cat?post=33098"},{"taxonomy":"product_tag","embeddable":true,"href":"https:\/\/walkingmum.com\/it\/wp-json\/wp\/v2\/product_tag?post=33098"}],"curies":[{"name":"wp","href":"https:\/\/api.w.org\/{rel}","templated":true}]}}