{"id":33089,"date":"2025-09-25T10:35:06","date_gmt":"2025-09-25T10:35:06","guid":{"rendered":"https:\/\/walkingmum.com\/?post_type=product&#038;p=33089"},"modified":"2025-09-25T10:35:06","modified_gmt":"2025-09-25T10:35:06","slug":"lenzuolo-con-angoli-per-culla-90x50-cm-gala-cerise","status":"publish","type":"product","link":"https:\/\/walkingmum.com\/it\/prodotto\/lenzuolo-con-angoli-per-culla-90x50-cm-gala-cerise\/","title":{"rendered":"LENZUOLO CON ANGOLI PER CULLA 90X50 CM GALA CERISE"},"content":{"rendered":"<p>Il lenzuolo in mussola per mini culla 90&#215;50 della collezione Gala Cerise di Walking Mum \u00e8 il complemento perfetto per il riposo del tuo bambino. Realizzato in mussola 100% cotone, questo lenzuolo \u00e8 estremamente morbido, leggero e traspirante, ideale per prendersi cura della pelle sensibile del bambino e garantire un sonno piacevole. Il suo incantevole disegno floreale, caratteristico della collezione Gala Cerise, dona un tocco dolce ed elegante alla culla. Inoltre, l&#8217;elastico su tutto il perimetro permette di posizionarla facilmente e di mantenerla sempre al suo posto. Compatibile con culle da 90&#215;50 cm. Facile da posizionare e lavare a mano o in lavatrice a 30 \u00b0C. Abbinabile ad altri prodotti della collezione per un set completo. Walking Mum punta su prodotti funzionali, sicuri e di grande stile, pensati per le famiglie moderne che curano ogni dettaglio. Walking Mum protegge il tuo bambino utilizzando i migliori tessuti, privi di coloranti azoici e sostanze nocive per la salute. La nostra collezione Walking Mum \u00e8 progettata con un particolare marchio di stile urbano e moderno che non passa inosservato, per vestire in modo diverso le passeggiate con il tuo bambino. Gli accessori premaman di questa linea sono pi\u00f9 sportivi e pratici, pensati appositamente per mamme e pap\u00e0 moderni che apprezzano i design pi\u00f9 attuali e di tendenza senza rinunciare alla qualit\u00e0 e alla funzionalit\u00e0 dei prodotti. Specifiche: Materiali: 100% cotone.<\/p>\n","protected":false},"excerpt":{"rendered":"<p>Il lenzuolo in mussola per mini culla 90&#215;50 della collezione Gala Cerise di Walking Mum \u00e8 il complemento perfetto per il riposo del tuo bambino. Realizzato in mussola 100% cotone, questo lenzuolo \u00e8 estremamente morbido, leggero e traspirante, ideale per prendersi cura della pelle sensibile del bambino e garantire un sonno piacevole. Il suo incantevole [&hellip;]<\/p>\n","protected":false},"featured_media":32208,"comment_status":"closed","ping_status":"closed","template":"","meta":{"_acf_changed":false,"inline_featured_image":false},"colecciones":[400],"product_brand":[],"product_cat":[359],"product_tag":[],"class_list":{"0":"post-33089","1":"product","2":"type-product","3":"status-publish","4":"has-post-thumbnail","6":"colecciones-collezione-gala","7":"product_cat-home-it","9":"first","10":"instock","11":"purchasable","12":"product-type-simple"},"acf":[],"yoast_head":"<!-- This site is optimized with the Yoast SEO plugin v27.3 - https:\/\/yoast.com\/product\/yoast-seo-wordpress\/ -->\n<title>LENZUOLO CON ANGOLI PER CULLA 90X50 CM GALA CERISE - Walking Mum<\/title>\n<meta name=\"robots\" content=\"index, follow, max-snippet:-1, max-image-preview:large, max-video-preview:-1\" \/>\n<link rel=\"canonical\" href=\"https:\/\/walkingmum.com\/it\/prodotto\/lenzuolo-con-angoli-per-culla-90x50-cm-gala-cerise\/\" \/>\n<meta property=\"og:locale\" content=\"it_IT\" \/>\n<meta property=\"og:type\" content=\"article\" \/>\n<meta property=\"og:title\" content=\"LENZUOLO CON ANGOLI PER CULLA 90X50 CM GALA CERISE - Walking Mum\" \/>\n<meta property=\"og:description\" content=\"Il lenzuolo in mussola per mini culla 90&#215;50 della collezione Gala Cerise di Walking Mum \u00e8 il complemento perfetto per il riposo del tuo bambino. Realizzato in mussola 100% cotone, questo lenzuolo \u00e8 estremamente morbido, leggero e traspirante, ideale per prendersi cura della pelle sensibile del bambino e garantire un sonno piacevole. Il suo incantevole [&hellip;]\" \/>\n<meta property=\"og:url\" content=\"https:\/\/walkingmum.com\/it\/prodotto\/lenzuolo-con-angoli-per-culla-90x50-cm-gala-cerise\/\" \/>\n<meta property=\"og:site_name\" content=\"Walking Mum\" \/>\n<meta property=\"og:image\" content=\"https:\/\/walkingmum.com\/wp-content\/uploads\/2025\/09\/1120800634_a-1.jpg\" \/>\n\t<meta property=\"og:image:width\" content=\"1800\" \/>\n\t<meta property=\"og:image:height\" content=\"1800\" \/>\n\t<meta property=\"og:image:type\" content=\"image\/jpeg\" \/>\n<meta name=\"twitter:card\" content=\"summary_large_image\" \/>\n<meta name=\"twitter:label1\" content=\"Tempo di lettura stimato\" \/>\n\t<meta name=\"twitter:data1\" content=\"1 minuto\" \/>\n<script type=\"application\/ld+json\" class=\"yoast-schema-graph\">{\"@context\":\"https:\\\/\\\/schema.org\",\"@graph\":[{\"@type\":\"WebPage\",\"@id\":\"https:\\\/\\\/walkingmum.com\\\/it\\\/prodotto\\\/lenzuolo-con-angoli-per-culla-90x50-cm-gala-cerise\\\/\",\"url\":\"https:\\\/\\\/walkingmum.com\\\/it\\\/prodotto\\\/lenzuolo-con-angoli-per-culla-90x50-cm-gala-cerise\\\/\",\"name\":\"LENZUOLO CON ANGOLI PER CULLA 90X50 CM GALA CERISE - Walking Mum\",\"isPartOf\":{\"@id\":\"https:\\\/\\\/walkingmum.com\\\/#website\"},\"primaryImageOfPage\":{\"@id\":\"https:\\\/\\\/walkingmum.com\\\/it\\\/prodotto\\\/lenzuolo-con-angoli-per-culla-90x50-cm-gala-cerise\\\/#primaryimage\"},\"image\":{\"@id\":\"https:\\\/\\\/walkingmum.com\\\/it\\\/prodotto\\\/lenzuolo-con-angoli-per-culla-90x50-cm-gala-cerise\\\/#primaryimage\"},\"thumbnailUrl\":\"https:\\\/\\\/walkingmum.com\\\/wp-content\\\/uploads\\\/2025\\\/09\\\/1120800634_a-1.jpg\",\"datePublished\":\"2025-09-25T10:35:06+00:00\",\"breadcrumb\":{\"@id\":\"https:\\\/\\\/walkingmum.com\\\/it\\\/prodotto\\\/lenzuolo-con-angoli-per-culla-90x50-cm-gala-cerise\\\/#breadcrumb\"},\"inLanguage\":\"it-IT\",\"potentialAction\":[{\"@type\":\"ReadAction\",\"target\":[\"https:\\\/\\\/walkingmum.com\\\/it\\\/prodotto\\\/lenzuolo-con-angoli-per-culla-90x50-cm-gala-cerise\\\/\"]}]},{\"@type\":\"ImageObject\",\"inLanguage\":\"it-IT\",\"@id\":\"https:\\\/\\\/walkingmum.com\\\/it\\\/prodotto\\\/lenzuolo-con-angoli-per-culla-90x50-cm-gala-cerise\\\/#primaryimage\",\"url\":\"https:\\\/\\\/walkingmum.com\\\/wp-content\\\/uploads\\\/2025\\\/09\\\/1120800634_a-1.jpg\",\"contentUrl\":\"https:\\\/\\\/walkingmum.com\\\/wp-content\\\/uploads\\\/2025\\\/09\\\/1120800634_a-1.jpg\",\"width\":1800,\"height\":1800},{\"@type\":\"BreadcrumbList\",\"@id\":\"https:\\\/\\\/walkingmum.com\\\/it\\\/prodotto\\\/lenzuolo-con-angoli-per-culla-90x50-cm-gala-cerise\\\/#breadcrumb\",\"itemListElement\":[{\"@type\":\"ListItem\",\"position\":1,\"name\":\"Portada\",\"item\":\"https:\\\/\\\/walkingmum.com\\\/it\\\/\"},{\"@type\":\"ListItem\",\"position\":2,\"name\":\"Tienda\",\"item\":\"https:\\\/\\\/walkingmum.com\\\/tienda\\\/\"},{\"@type\":\"ListItem\",\"position\":3,\"name\":\"LENZUOLO CON ANGOLI PER CULLA 90X50 CM GALA CERISE\"}]},{\"@type\":\"WebSite\",\"@id\":\"https:\\\/\\\/walkingmum.com\\\/#website\",\"url\":\"https:\\\/\\\/walkingmum.com\\\/\",\"name\":\"Walking Mum\",\"description\":\"La marca para beb\u00e9s modernos\",\"potentialAction\":[{\"@type\":\"SearchAction\",\"target\":{\"@type\":\"EntryPoint\",\"urlTemplate\":\"https:\\\/\\\/walkingmum.com\\\/?s={search_term_string}\"},\"query-input\":{\"@type\":\"PropertyValueSpecification\",\"valueRequired\":true,\"valueName\":\"search_term_string\"}}],\"inLanguage\":\"it-IT\"}]}<\/script>\n<!-- \/ Yoast SEO plugin. -->","yoast_head_json":{"title":"LENZUOLO CON ANGOLI PER CULLA 90X50 CM GALA CERISE - Walking Mum","robots":{"index":"index","follow":"follow","max-snippet":"max-snippet:-1","max-image-preview":"max-image-preview:large","max-video-preview":"max-video-preview:-1"},"canonical":"https:\/\/walkingmum.com\/it\/prodotto\/lenzuolo-con-angoli-per-culla-90x50-cm-gala-cerise\/","og_locale":"it_IT","og_type":"article","og_title":"LENZUOLO CON ANGOLI PER CULLA 90X50 CM GALA CERISE - Walking Mum","og_description":"Il lenzuolo in mussola per mini culla 90&#215;50 della collezione Gala Cerise di Walking Mum \u00e8 il complemento perfetto per il riposo del tuo bambino. Realizzato in mussola 100% cotone, questo lenzuolo \u00e8 estremamente morbido, leggero e traspirante, ideale per prendersi cura della pelle sensibile del bambino e garantire un sonno piacevole. Il suo incantevole [&hellip;]","og_url":"https:\/\/walkingmum.com\/it\/prodotto\/lenzuolo-con-angoli-per-culla-90x50-cm-gala-cerise\/","og_site_name":"Walking Mum","og_image":[{"width":1800,"height":1800,"url":"https:\/\/walkingmum.com\/wp-content\/uploads\/2025\/09\/1120800634_a-1.jpg","type":"image\/jpeg"}],"twitter_card":"summary_large_image","twitter_misc":{"Tempo di lettura stimato":"1 minuto"},"schema":{"@context":"https:\/\/schema.org","@graph":[{"@type":"WebPage","@id":"https:\/\/walkingmum.com\/it\/prodotto\/lenzuolo-con-angoli-per-culla-90x50-cm-gala-cerise\/","url":"https:\/\/walkingmum.com\/it\/prodotto\/lenzuolo-con-angoli-per-culla-90x50-cm-gala-cerise\/","name":"LENZUOLO CON ANGOLI PER CULLA 90X50 CM GALA CERISE - Walking Mum","isPartOf":{"@id":"https:\/\/walkingmum.com\/#website"},"primaryImageOfPage":{"@id":"https:\/\/walkingmum.com\/it\/prodotto\/lenzuolo-con-angoli-per-culla-90x50-cm-gala-cerise\/#primaryimage"},"image":{"@id":"https:\/\/walkingmum.com\/it\/prodotto\/lenzuolo-con-angoli-per-culla-90x50-cm-gala-cerise\/#primaryimage"},"thumbnailUrl":"https:\/\/walkingmum.com\/wp-content\/uploads\/2025\/09\/1120800634_a-1.jpg","datePublished":"2025-09-25T10:35:06+00:00","breadcrumb":{"@id":"https:\/\/walkingmum.com\/it\/prodotto\/lenzuolo-con-angoli-per-culla-90x50-cm-gala-cerise\/#breadcrumb"},"inLanguage":"it-IT","potentialAction":[{"@type":"ReadAction","target":["https:\/\/walkingmum.com\/it\/prodotto\/lenzuolo-con-angoli-per-culla-90x50-cm-gala-cerise\/"]}]},{"@type":"ImageObject","inLanguage":"it-IT","@id":"https:\/\/walkingmum.com\/it\/prodotto\/lenzuolo-con-angoli-per-culla-90x50-cm-gala-cerise\/#primaryimage","url":"https:\/\/walkingmum.com\/wp-content\/uploads\/2025\/09\/1120800634_a-1.jpg","contentUrl":"https:\/\/walkingmum.com\/wp-content\/uploads\/2025\/09\/1120800634_a-1.jpg","width":1800,"height":1800},{"@type":"BreadcrumbList","@id":"https:\/\/walkingmum.com\/it\/prodotto\/lenzuolo-con-angoli-per-culla-90x50-cm-gala-cerise\/#breadcrumb","itemListElement":[{"@type":"ListItem","position":1,"name":"Portada","item":"https:\/\/walkingmum.com\/it\/"},{"@type":"ListItem","position":2,"name":"Tienda","item":"https:\/\/walkingmum.com\/tienda\/"},{"@type":"ListItem","position":3,"name":"LENZUOLO CON ANGOLI PER CULLA 90X50 CM GALA CERISE"}]},{"@type":"WebSite","@id":"https:\/\/walkingmum.com\/#website","url":"https:\/\/walkingmum.com\/","name":"Walking Mum","description":"La marca para beb\u00e9s modernos","potentialAction":[{"@type":"SearchAction","target":{"@type":"EntryPoint","urlTemplate":"https:\/\/walkingmum.com\/?s={search_term_string}"},"query-input":{"@type":"PropertyValueSpecification","valueRequired":true,"valueName":"search_term_string"}}],"inLanguage":"it-IT"}]}},"_links":{"self":[{"href":"https:\/\/walkingmum.com\/it\/wp-json\/wp\/v2\/product\/33089","targetHints":{"allow":["GET"]}}],"collection":[{"href":"https:\/\/walkingmum.com\/it\/wp-json\/wp\/v2\/product"}],"about":[{"href":"https:\/\/walkingmum.com\/it\/wp-json\/wp\/v2\/types\/product"}],"replies":[{"embeddable":true,"href":"https:\/\/walkingmum.com\/it\/wp-json\/wp\/v2\/comments?post=33089"}],"wp:featuredmedia":[{"embeddable":true,"href":"https:\/\/walkingmum.com\/it\/wp-json\/wp\/v2\/media\/32208"}],"wp:attachment":[{"href":"https:\/\/walkingmum.com\/it\/wp-json\/wp\/v2\/media?parent=33089"}],"wp:term":[{"taxonomy":"colecciones","embeddable":true,"href":"https:\/\/walkingmum.com\/it\/wp-json\/wp\/v2\/colecciones?post=33089"},{"taxonomy":"product_brand","embeddable":true,"href":"https:\/\/walkingmum.com\/it\/wp-json\/wp\/v2\/product_brand?post=33089"},{"taxonomy":"product_cat","embeddable":true,"href":"https:\/\/walkingmum.com\/it\/wp-json\/wp\/v2\/product_cat?post=33089"},{"taxonomy":"product_tag","embeddable":true,"href":"https:\/\/walkingmum.com\/it\/wp-json\/wp\/v2\/product_tag?post=33089"}],"curies":[{"name":"wp","href":"https:\/\/api.w.org\/{rel}","templated":true}]}}