{"id":33081,"date":"2025-09-25T10:35:04","date_gmt":"2025-09-25T10:35:04","guid":{"rendered":"https:\/\/walkingmum.com\/?post_type=product&#038;p=33081"},"modified":"2025-09-25T10:35:04","modified_gmt":"2025-09-25T10:35:04","slug":"mussola-gala-cerise","status":"publish","type":"product","link":"https:\/\/walkingmum.com\/it\/prodotto\/mussola-gala-cerise\/","title":{"rendered":"MUSSOLA GALA CERISE"},"content":{"rendered":"<p>La mussola Gala Cerise stampata di Walking Mum \u00e8 l&#8217;accessorio indispensabile per la cura del bambino. Realizzata con una combinazione di 70% bamb\u00f9 e 30% cotone, offre una texture ultra morbida, traspirante e delicata sulla pelle del neonato. Le sue dimensioni di 120&#215;120 cm la rendono ideale per molteplici usi: copertina, copertina leggera, protezione per il passeggino, copertina per l&#8217;allattamento o fasciatoio improvvisato. Grazie al suo tessuto traspirante, aiuta a regolare la temperatura del bambino, offrendo comfort in qualsiasi situazione.  Materiali delicati sulla pelle del bambino, ideali per un riposo sicuro e piacevole. Facile da lavare e mantenere, mantiene la sua morbidezza lavaggio dopo lavaggio. \u00c8 ideale per mantenere il tuo bambino comodo e protetto, con lo stile e la qualit\u00e0 che contraddistinguono Walking Mum. Realizzato in materiali resistenti e facili da lavare a mano o in lavatrice a 30 \u00b0C. Walking Mum protegge il tuo bambino utilizzando i migliori tessuti, privi di coloranti azoici e sostanze nocive per la salute. La nostra collezione Walking Mum \u00e8 progettata con un particolare tocco di stile urbano e moderno che non passa inosservato, per vestire in modo diverso le passeggiate con il tuo bambino. Gli accessori per la maternit\u00e0 di questa linea sono pi\u00f9 sportivi e pratici, pensati appositamente per mamme e pap\u00e0 moderni che apprezzano i design pi\u00f9 attuali e di tendenza senza rinunciare alla qualit\u00e0 e alla funzionalit\u00e0 dei prodotti che completano e rendono pi\u00f9 confortevoli tutte le passeggiate con i loro bambini. Specifiche: Materiali: 70% bamb\u00f9 &#8211; 30% cotone. Misure: 120&#215;120 cm.<\/p>\n","protected":false},"excerpt":{"rendered":"<p>La mussola Gala Cerise stampata di Walking Mum \u00e8 l&#8217;accessorio indispensabile per la cura del bambino. Realizzata con una combinazione di 70% bamb\u00f9 e 30% cotone, offre una texture ultra morbida, traspirante e delicata sulla pelle del neonato. Le sue dimensioni di 120&#215;120 cm la rendono ideale per molteplici usi: copertina, copertina leggera, protezione per [&hellip;]<\/p>\n","protected":false},"featured_media":32048,"comment_status":"closed","ping_status":"closed","template":"","meta":{"_acf_changed":false,"inline_featured_image":false},"colecciones":[400],"product_brand":[],"product_cat":[379],"product_tag":[],"class_list":{"0":"post-33081","1":"product","2":"type-product","3":"status-publish","4":"has-post-thumbnail","6":"colecciones-collezione-gala","7":"product_cat-mussole","9":"first","10":"instock","11":"purchasable","12":"product-type-simple"},"acf":[],"yoast_head":"<!-- This site is optimized with the Yoast SEO plugin v27.3 - https:\/\/yoast.com\/product\/yoast-seo-wordpress\/ -->\n<title>MUSSOLA GALA CERISE - Walking Mum<\/title>\n<meta name=\"robots\" content=\"index, follow, max-snippet:-1, max-image-preview:large, max-video-preview:-1\" \/>\n<link rel=\"canonical\" href=\"https:\/\/walkingmum.com\/it\/prodotto\/mussola-gala-cerise\/\" \/>\n<meta property=\"og:locale\" content=\"it_IT\" \/>\n<meta property=\"og:type\" content=\"article\" \/>\n<meta property=\"og:title\" content=\"MUSSOLA GALA CERISE - Walking Mum\" \/>\n<meta property=\"og:description\" content=\"La mussola Gala Cerise stampata di Walking Mum \u00e8 l&#8217;accessorio indispensabile per la cura del bambino. Realizzata con una combinazione di 70% bamb\u00f9 e 30% cotone, offre una texture ultra morbida, traspirante e delicata sulla pelle del neonato. Le sue dimensioni di 120&#215;120 cm la rendono ideale per molteplici usi: copertina, copertina leggera, protezione per [&hellip;]\" \/>\n<meta property=\"og:url\" content=\"https:\/\/walkingmum.com\/it\/prodotto\/mussola-gala-cerise\/\" \/>\n<meta property=\"og:site_name\" content=\"Walking Mum\" \/>\n<meta property=\"og:image\" content=\"https:\/\/walkingmum.com\/wp-content\/uploads\/2025\/09\/1120800626_a-1.jpg\" \/>\n\t<meta property=\"og:image:width\" content=\"1800\" \/>\n\t<meta property=\"og:image:height\" content=\"1800\" \/>\n\t<meta property=\"og:image:type\" content=\"image\/jpeg\" \/>\n<meta name=\"twitter:card\" content=\"summary_large_image\" \/>\n<meta name=\"twitter:label1\" content=\"Tempo di lettura stimato\" \/>\n\t<meta name=\"twitter:data1\" content=\"1 minuto\" \/>\n<script type=\"application\/ld+json\" class=\"yoast-schema-graph\">{\"@context\":\"https:\\\/\\\/schema.org\",\"@graph\":[{\"@type\":\"WebPage\",\"@id\":\"https:\\\/\\\/walkingmum.com\\\/it\\\/prodotto\\\/mussola-gala-cerise\\\/\",\"url\":\"https:\\\/\\\/walkingmum.com\\\/it\\\/prodotto\\\/mussola-gala-cerise\\\/\",\"name\":\"MUSSOLA GALA CERISE - Walking Mum\",\"isPartOf\":{\"@id\":\"https:\\\/\\\/walkingmum.com\\\/#website\"},\"primaryImageOfPage\":{\"@id\":\"https:\\\/\\\/walkingmum.com\\\/it\\\/prodotto\\\/mussola-gala-cerise\\\/#primaryimage\"},\"image\":{\"@id\":\"https:\\\/\\\/walkingmum.com\\\/it\\\/prodotto\\\/mussola-gala-cerise\\\/#primaryimage\"},\"thumbnailUrl\":\"https:\\\/\\\/walkingmum.com\\\/wp-content\\\/uploads\\\/2025\\\/09\\\/1120800626_a-1.jpg\",\"datePublished\":\"2025-09-25T10:35:04+00:00\",\"breadcrumb\":{\"@id\":\"https:\\\/\\\/walkingmum.com\\\/it\\\/prodotto\\\/mussola-gala-cerise\\\/#breadcrumb\"},\"inLanguage\":\"it-IT\",\"potentialAction\":[{\"@type\":\"ReadAction\",\"target\":[\"https:\\\/\\\/walkingmum.com\\\/it\\\/prodotto\\\/mussola-gala-cerise\\\/\"]}]},{\"@type\":\"ImageObject\",\"inLanguage\":\"it-IT\",\"@id\":\"https:\\\/\\\/walkingmum.com\\\/it\\\/prodotto\\\/mussola-gala-cerise\\\/#primaryimage\",\"url\":\"https:\\\/\\\/walkingmum.com\\\/wp-content\\\/uploads\\\/2025\\\/09\\\/1120800626_a-1.jpg\",\"contentUrl\":\"https:\\\/\\\/walkingmum.com\\\/wp-content\\\/uploads\\\/2025\\\/09\\\/1120800626_a-1.jpg\",\"width\":1800,\"height\":1800},{\"@type\":\"BreadcrumbList\",\"@id\":\"https:\\\/\\\/walkingmum.com\\\/it\\\/prodotto\\\/mussola-gala-cerise\\\/#breadcrumb\",\"itemListElement\":[{\"@type\":\"ListItem\",\"position\":1,\"name\":\"Portada\",\"item\":\"https:\\\/\\\/walkingmum.com\\\/it\\\/\"},{\"@type\":\"ListItem\",\"position\":2,\"name\":\"Tienda\",\"item\":\"https:\\\/\\\/walkingmum.com\\\/tienda\\\/\"},{\"@type\":\"ListItem\",\"position\":3,\"name\":\"MUSSOLA GALA CERISE\"}]},{\"@type\":\"WebSite\",\"@id\":\"https:\\\/\\\/walkingmum.com\\\/#website\",\"url\":\"https:\\\/\\\/walkingmum.com\\\/\",\"name\":\"Walking Mum\",\"description\":\"La marca para beb\u00e9s modernos\",\"potentialAction\":[{\"@type\":\"SearchAction\",\"target\":{\"@type\":\"EntryPoint\",\"urlTemplate\":\"https:\\\/\\\/walkingmum.com\\\/?s={search_term_string}\"},\"query-input\":{\"@type\":\"PropertyValueSpecification\",\"valueRequired\":true,\"valueName\":\"search_term_string\"}}],\"inLanguage\":\"it-IT\"}]}<\/script>\n<!-- \/ Yoast SEO plugin. -->","yoast_head_json":{"title":"MUSSOLA GALA CERISE - Walking Mum","robots":{"index":"index","follow":"follow","max-snippet":"max-snippet:-1","max-image-preview":"max-image-preview:large","max-video-preview":"max-video-preview:-1"},"canonical":"https:\/\/walkingmum.com\/it\/prodotto\/mussola-gala-cerise\/","og_locale":"it_IT","og_type":"article","og_title":"MUSSOLA GALA CERISE - Walking Mum","og_description":"La mussola Gala Cerise stampata di Walking Mum \u00e8 l&#8217;accessorio indispensabile per la cura del bambino. Realizzata con una combinazione di 70% bamb\u00f9 e 30% cotone, offre una texture ultra morbida, traspirante e delicata sulla pelle del neonato. Le sue dimensioni di 120&#215;120 cm la rendono ideale per molteplici usi: copertina, copertina leggera, protezione per [&hellip;]","og_url":"https:\/\/walkingmum.com\/it\/prodotto\/mussola-gala-cerise\/","og_site_name":"Walking Mum","og_image":[{"width":1800,"height":1800,"url":"https:\/\/walkingmum.com\/wp-content\/uploads\/2025\/09\/1120800626_a-1.jpg","type":"image\/jpeg"}],"twitter_card":"summary_large_image","twitter_misc":{"Tempo di lettura stimato":"1 minuto"},"schema":{"@context":"https:\/\/schema.org","@graph":[{"@type":"WebPage","@id":"https:\/\/walkingmum.com\/it\/prodotto\/mussola-gala-cerise\/","url":"https:\/\/walkingmum.com\/it\/prodotto\/mussola-gala-cerise\/","name":"MUSSOLA GALA CERISE - Walking Mum","isPartOf":{"@id":"https:\/\/walkingmum.com\/#website"},"primaryImageOfPage":{"@id":"https:\/\/walkingmum.com\/it\/prodotto\/mussola-gala-cerise\/#primaryimage"},"image":{"@id":"https:\/\/walkingmum.com\/it\/prodotto\/mussola-gala-cerise\/#primaryimage"},"thumbnailUrl":"https:\/\/walkingmum.com\/wp-content\/uploads\/2025\/09\/1120800626_a-1.jpg","datePublished":"2025-09-25T10:35:04+00:00","breadcrumb":{"@id":"https:\/\/walkingmum.com\/it\/prodotto\/mussola-gala-cerise\/#breadcrumb"},"inLanguage":"it-IT","potentialAction":[{"@type":"ReadAction","target":["https:\/\/walkingmum.com\/it\/prodotto\/mussola-gala-cerise\/"]}]},{"@type":"ImageObject","inLanguage":"it-IT","@id":"https:\/\/walkingmum.com\/it\/prodotto\/mussola-gala-cerise\/#primaryimage","url":"https:\/\/walkingmum.com\/wp-content\/uploads\/2025\/09\/1120800626_a-1.jpg","contentUrl":"https:\/\/walkingmum.com\/wp-content\/uploads\/2025\/09\/1120800626_a-1.jpg","width":1800,"height":1800},{"@type":"BreadcrumbList","@id":"https:\/\/walkingmum.com\/it\/prodotto\/mussola-gala-cerise\/#breadcrumb","itemListElement":[{"@type":"ListItem","position":1,"name":"Portada","item":"https:\/\/walkingmum.com\/it\/"},{"@type":"ListItem","position":2,"name":"Tienda","item":"https:\/\/walkingmum.com\/tienda\/"},{"@type":"ListItem","position":3,"name":"MUSSOLA GALA CERISE"}]},{"@type":"WebSite","@id":"https:\/\/walkingmum.com\/#website","url":"https:\/\/walkingmum.com\/","name":"Walking Mum","description":"La marca para beb\u00e9s modernos","potentialAction":[{"@type":"SearchAction","target":{"@type":"EntryPoint","urlTemplate":"https:\/\/walkingmum.com\/?s={search_term_string}"},"query-input":{"@type":"PropertyValueSpecification","valueRequired":true,"valueName":"search_term_string"}}],"inLanguage":"it-IT"}]}},"_links":{"self":[{"href":"https:\/\/walkingmum.com\/it\/wp-json\/wp\/v2\/product\/33081","targetHints":{"allow":["GET"]}}],"collection":[{"href":"https:\/\/walkingmum.com\/it\/wp-json\/wp\/v2\/product"}],"about":[{"href":"https:\/\/walkingmum.com\/it\/wp-json\/wp\/v2\/types\/product"}],"replies":[{"embeddable":true,"href":"https:\/\/walkingmum.com\/it\/wp-json\/wp\/v2\/comments?post=33081"}],"wp:featuredmedia":[{"embeddable":true,"href":"https:\/\/walkingmum.com\/it\/wp-json\/wp\/v2\/media\/32048"}],"wp:attachment":[{"href":"https:\/\/walkingmum.com\/it\/wp-json\/wp\/v2\/media?parent=33081"}],"wp:term":[{"taxonomy":"colecciones","embeddable":true,"href":"https:\/\/walkingmum.com\/it\/wp-json\/wp\/v2\/colecciones?post=33081"},{"taxonomy":"product_brand","embeddable":true,"href":"https:\/\/walkingmum.com\/it\/wp-json\/wp\/v2\/product_brand?post=33081"},{"taxonomy":"product_cat","embeddable":true,"href":"https:\/\/walkingmum.com\/it\/wp-json\/wp\/v2\/product_cat?post=33081"},{"taxonomy":"product_tag","embeddable":true,"href":"https:\/\/walkingmum.com\/it\/wp-json\/wp\/v2\/product_tag?post=33081"}],"curies":[{"name":"wp","href":"https:\/\/api.w.org\/{rel}","templated":true}]}}