{"id":33062,"date":"2025-09-25T10:35:08","date_gmt":"2025-09-25T10:35:08","guid":{"rendered":"https:\/\/walkingmum.com\/?post_type=product&#038;p=33062"},"modified":"2025-09-25T10:35:08","modified_gmt":"2025-09-25T10:35:08","slug":"fasciatoio-gala-mint","status":"publish","type":"product","link":"https:\/\/walkingmum.com\/it\/prodotto\/fasciatoio-gala-mint\/","title":{"rendered":"FASCIATOIO GALA MINT"},"content":{"rendered":"<p>Il fasciatoio Gala Mint con stampa floreale \u00e8 un modello molto comodo, pratico e facile da trasportare. Un modello appositamente studiato per essere utilizzato quando \u00e8 necessario cambiare il bambino ed \u00e8 pieghevole per facilitarne il trasporto ovunque. \u00c8 un design casual, elegante e funzionale, presentato in formato pieghevole per renderlo completamente portatile senza occupare molto spazio in qualsiasi borsa in cui lo si ripone. \u00c8 dotato di nastri di fissaggio che lo mantengono chiuso per ridurre l&#8217;ingombro e poterlo riporre nella borsa per la maternit\u00e0. Il fasciatoio \u00e8 dotato di un rivestimento interno imbottito e impermeabile per facilitarne la pulizia una volta terminato l&#8217;uso ed evitare l&#8217;accumulo di odori all&#8217;interno. Grande qualit\u00e0 e tanto stile. Realizzato in materiale resistente e facile da pulire. Walking Mum protegge il tuo bambino utilizzando i migliori tessuti, privi di coloranti azoici e sostanze nocive per la salute. La nostra collezione Walking Mum \u00e8 progettata con un particolare stile urbano e moderno che non passa inosservato, per vestire in modo diverso le passeggiate con il tuo bambino. Gli accessori per la maternit\u00e0 di questa linea sono pi\u00f9 sportivi e pratici, pensati appositamente per mamme e pap\u00e0 moderni che apprezzano i design pi\u00f9 attuali e di tendenza senza rinunciare alla qualit\u00e0 e alla funzionalit\u00e0 degli accessori che rendono pi\u00f9 confortevoli tutte le passeggiate con i loro bambini. Specifiche: Materiali: esterno 100% cotone\/interno 100% pvc senza ftalati.  Misure: 34&#215;66 cm.<\/p>\n","protected":false},"excerpt":{"rendered":"<p>Il fasciatoio Gala Mint con stampa floreale \u00e8 un modello molto comodo, pratico e facile da trasportare. Un modello appositamente studiato per essere utilizzato quando \u00e8 necessario cambiare il bambino ed \u00e8 pieghevole per facilitarne il trasporto ovunque. \u00c8 un design casual, elegante e funzionale, presentato in formato pieghevole per renderlo completamente portatile senza occupare [&hellip;]<\/p>\n","protected":false},"featured_media":31753,"comment_status":"closed","ping_status":"closed","template":"","meta":{"_acf_changed":false,"inline_featured_image":false},"colecciones":[400],"product_brand":[],"product_cat":[137],"product_tag":[],"class_list":{"0":"post-33062","1":"product","2":"type-product","3":"status-publish","4":"has-post-thumbnail","6":"colecciones-collezione-gala","7":"product_cat-accessori","9":"first","10":"instock","11":"purchasable","12":"product-type-simple"},"acf":[],"yoast_head":"<!-- This site is optimized with the Yoast SEO plugin v27.5 - https:\/\/yoast.com\/product\/yoast-seo-wordpress\/ -->\n<title>FASCIATOIO GALA MINT - Walking Mum<\/title>\n<meta name=\"robots\" content=\"index, follow, max-snippet:-1, max-image-preview:large, max-video-preview:-1\" \/>\n<link rel=\"canonical\" href=\"https:\/\/walkingmum.com\/it\/prodotto\/fasciatoio-gala-mint\/\" \/>\n<meta property=\"og:locale\" content=\"it_IT\" \/>\n<meta property=\"og:type\" content=\"article\" \/>\n<meta property=\"og:title\" content=\"FASCIATOIO GALA MINT - Walking Mum\" \/>\n<meta property=\"og:description\" content=\"Il fasciatoio Gala Mint con stampa floreale \u00e8 un modello molto comodo, pratico e facile da trasportare. Un modello appositamente studiato per essere utilizzato quando \u00e8 necessario cambiare il bambino ed \u00e8 pieghevole per facilitarne il trasporto ovunque. \u00c8 un design casual, elegante e funzionale, presentato in formato pieghevole per renderlo completamente portatile senza occupare [&hellip;]\" \/>\n<meta property=\"og:url\" content=\"https:\/\/walkingmum.com\/it\/prodotto\/fasciatoio-gala-mint\/\" \/>\n<meta property=\"og:site_name\" content=\"Walking Mum\" \/>\n<meta property=\"og:image\" content=\"https:\/\/walkingmum.com\/wp-content\/uploads\/2025\/09\/1120800607_a-1.jpg\" \/>\n\t<meta property=\"og:image:width\" content=\"1800\" \/>\n\t<meta property=\"og:image:height\" content=\"1800\" \/>\n\t<meta property=\"og:image:type\" content=\"image\/jpeg\" \/>\n<meta name=\"twitter:card\" content=\"summary_large_image\" \/>\n<meta name=\"twitter:label1\" content=\"Tempo di lettura stimato\" \/>\n\t<meta name=\"twitter:data1\" content=\"1 minuto\" \/>\n<script type=\"application\/ld+json\" class=\"yoast-schema-graph\">{\"@context\":\"https:\\\/\\\/schema.org\",\"@graph\":[{\"@type\":\"WebPage\",\"@id\":\"https:\\\/\\\/walkingmum.com\\\/it\\\/prodotto\\\/fasciatoio-gala-mint\\\/\",\"url\":\"https:\\\/\\\/walkingmum.com\\\/it\\\/prodotto\\\/fasciatoio-gala-mint\\\/\",\"name\":\"FASCIATOIO GALA MINT - Walking Mum\",\"isPartOf\":{\"@id\":\"https:\\\/\\\/walkingmum.com\\\/#website\"},\"primaryImageOfPage\":{\"@id\":\"https:\\\/\\\/walkingmum.com\\\/it\\\/prodotto\\\/fasciatoio-gala-mint\\\/#primaryimage\"},\"image\":{\"@id\":\"https:\\\/\\\/walkingmum.com\\\/it\\\/prodotto\\\/fasciatoio-gala-mint\\\/#primaryimage\"},\"thumbnailUrl\":\"https:\\\/\\\/walkingmum.com\\\/wp-content\\\/uploads\\\/2025\\\/09\\\/1120800607_a-1.jpg\",\"datePublished\":\"2025-09-25T10:35:08+00:00\",\"breadcrumb\":{\"@id\":\"https:\\\/\\\/walkingmum.com\\\/it\\\/prodotto\\\/fasciatoio-gala-mint\\\/#breadcrumb\"},\"inLanguage\":\"it-IT\",\"potentialAction\":[{\"@type\":\"ReadAction\",\"target\":[\"https:\\\/\\\/walkingmum.com\\\/it\\\/prodotto\\\/fasciatoio-gala-mint\\\/\"]}]},{\"@type\":\"ImageObject\",\"inLanguage\":\"it-IT\",\"@id\":\"https:\\\/\\\/walkingmum.com\\\/it\\\/prodotto\\\/fasciatoio-gala-mint\\\/#primaryimage\",\"url\":\"https:\\\/\\\/walkingmum.com\\\/wp-content\\\/uploads\\\/2025\\\/09\\\/1120800607_a-1.jpg\",\"contentUrl\":\"https:\\\/\\\/walkingmum.com\\\/wp-content\\\/uploads\\\/2025\\\/09\\\/1120800607_a-1.jpg\",\"width\":1800,\"height\":1800},{\"@type\":\"BreadcrumbList\",\"@id\":\"https:\\\/\\\/walkingmum.com\\\/it\\\/prodotto\\\/fasciatoio-gala-mint\\\/#breadcrumb\",\"itemListElement\":[{\"@type\":\"ListItem\",\"position\":1,\"name\":\"Portada\",\"item\":\"https:\\\/\\\/walkingmum.com\\\/it\\\/\"},{\"@type\":\"ListItem\",\"position\":2,\"name\":\"Tienda\",\"item\":\"https:\\\/\\\/walkingmum.com\\\/tienda\\\/\"},{\"@type\":\"ListItem\",\"position\":3,\"name\":\"FASCIATOIO GALA MINT\"}]},{\"@type\":\"WebSite\",\"@id\":\"https:\\\/\\\/walkingmum.com\\\/#website\",\"url\":\"https:\\\/\\\/walkingmum.com\\\/\",\"name\":\"Walking Mum\",\"description\":\"La marca para beb\u00e9s modernos\",\"potentialAction\":[{\"@type\":\"SearchAction\",\"target\":{\"@type\":\"EntryPoint\",\"urlTemplate\":\"https:\\\/\\\/walkingmum.com\\\/?s={search_term_string}\"},\"query-input\":{\"@type\":\"PropertyValueSpecification\",\"valueRequired\":true,\"valueName\":\"search_term_string\"}}],\"inLanguage\":\"it-IT\"}]}<\/script>\n<!-- \/ Yoast SEO plugin. -->","yoast_head_json":{"title":"FASCIATOIO GALA MINT - Walking Mum","robots":{"index":"index","follow":"follow","max-snippet":"max-snippet:-1","max-image-preview":"max-image-preview:large","max-video-preview":"max-video-preview:-1"},"canonical":"https:\/\/walkingmum.com\/it\/prodotto\/fasciatoio-gala-mint\/","og_locale":"it_IT","og_type":"article","og_title":"FASCIATOIO GALA MINT - Walking Mum","og_description":"Il fasciatoio Gala Mint con stampa floreale \u00e8 un modello molto comodo, pratico e facile da trasportare. Un modello appositamente studiato per essere utilizzato quando \u00e8 necessario cambiare il bambino ed \u00e8 pieghevole per facilitarne il trasporto ovunque. \u00c8 un design casual, elegante e funzionale, presentato in formato pieghevole per renderlo completamente portatile senza occupare [&hellip;]","og_url":"https:\/\/walkingmum.com\/it\/prodotto\/fasciatoio-gala-mint\/","og_site_name":"Walking Mum","og_image":[{"width":1800,"height":1800,"url":"https:\/\/walkingmum.com\/wp-content\/uploads\/2025\/09\/1120800607_a-1.jpg","type":"image\/jpeg"}],"twitter_card":"summary_large_image","twitter_misc":{"Tempo di lettura stimato":"1 minuto"},"schema":{"@context":"https:\/\/schema.org","@graph":[{"@type":"WebPage","@id":"https:\/\/walkingmum.com\/it\/prodotto\/fasciatoio-gala-mint\/","url":"https:\/\/walkingmum.com\/it\/prodotto\/fasciatoio-gala-mint\/","name":"FASCIATOIO GALA MINT - Walking Mum","isPartOf":{"@id":"https:\/\/walkingmum.com\/#website"},"primaryImageOfPage":{"@id":"https:\/\/walkingmum.com\/it\/prodotto\/fasciatoio-gala-mint\/#primaryimage"},"image":{"@id":"https:\/\/walkingmum.com\/it\/prodotto\/fasciatoio-gala-mint\/#primaryimage"},"thumbnailUrl":"https:\/\/walkingmum.com\/wp-content\/uploads\/2025\/09\/1120800607_a-1.jpg","datePublished":"2025-09-25T10:35:08+00:00","breadcrumb":{"@id":"https:\/\/walkingmum.com\/it\/prodotto\/fasciatoio-gala-mint\/#breadcrumb"},"inLanguage":"it-IT","potentialAction":[{"@type":"ReadAction","target":["https:\/\/walkingmum.com\/it\/prodotto\/fasciatoio-gala-mint\/"]}]},{"@type":"ImageObject","inLanguage":"it-IT","@id":"https:\/\/walkingmum.com\/it\/prodotto\/fasciatoio-gala-mint\/#primaryimage","url":"https:\/\/walkingmum.com\/wp-content\/uploads\/2025\/09\/1120800607_a-1.jpg","contentUrl":"https:\/\/walkingmum.com\/wp-content\/uploads\/2025\/09\/1120800607_a-1.jpg","width":1800,"height":1800},{"@type":"BreadcrumbList","@id":"https:\/\/walkingmum.com\/it\/prodotto\/fasciatoio-gala-mint\/#breadcrumb","itemListElement":[{"@type":"ListItem","position":1,"name":"Portada","item":"https:\/\/walkingmum.com\/it\/"},{"@type":"ListItem","position":2,"name":"Tienda","item":"https:\/\/walkingmum.com\/tienda\/"},{"@type":"ListItem","position":3,"name":"FASCIATOIO GALA MINT"}]},{"@type":"WebSite","@id":"https:\/\/walkingmum.com\/#website","url":"https:\/\/walkingmum.com\/","name":"Walking Mum","description":"La marca para beb\u00e9s modernos","potentialAction":[{"@type":"SearchAction","target":{"@type":"EntryPoint","urlTemplate":"https:\/\/walkingmum.com\/?s={search_term_string}"},"query-input":{"@type":"PropertyValueSpecification","valueRequired":true,"valueName":"search_term_string"}}],"inLanguage":"it-IT"}]}},"_links":{"self":[{"href":"https:\/\/walkingmum.com\/it\/wp-json\/wp\/v2\/product\/33062","targetHints":{"allow":["GET"]}}],"collection":[{"href":"https:\/\/walkingmum.com\/it\/wp-json\/wp\/v2\/product"}],"about":[{"href":"https:\/\/walkingmum.com\/it\/wp-json\/wp\/v2\/types\/product"}],"replies":[{"embeddable":true,"href":"https:\/\/walkingmum.com\/it\/wp-json\/wp\/v2\/comments?post=33062"}],"wp:featuredmedia":[{"embeddable":true,"href":"https:\/\/walkingmum.com\/it\/wp-json\/wp\/v2\/media\/31753"}],"wp:attachment":[{"href":"https:\/\/walkingmum.com\/it\/wp-json\/wp\/v2\/media?parent=33062"}],"wp:term":[{"taxonomy":"colecciones","embeddable":true,"href":"https:\/\/walkingmum.com\/it\/wp-json\/wp\/v2\/colecciones?post=33062"},{"taxonomy":"product_brand","embeddable":true,"href":"https:\/\/walkingmum.com\/it\/wp-json\/wp\/v2\/product_brand?post=33062"},{"taxonomy":"product_cat","embeddable":true,"href":"https:\/\/walkingmum.com\/it\/wp-json\/wp\/v2\/product_cat?post=33062"},{"taxonomy":"product_tag","embeddable":true,"href":"https:\/\/walkingmum.com\/it\/wp-json\/wp\/v2\/product_tag?post=33062"}],"curies":[{"name":"wp","href":"https:\/\/api.w.org\/{rel}","templated":true}]}}