{"id":31368,"date":"2025-06-12T14:30:21","date_gmt":"2025-06-12T14:57:38","guid":{"rendered":"https:\/\/walkingmum.com\/?post_type=product&#038;p=31368"},"modified":"2025-06-12T14:57:38","modified_gmt":"2025-06-12T14:57:38","slug":"seggiolone-portatile-botton-fiori","status":"publish","type":"product","link":"https:\/\/walkingmum.com\/it\/prodotto\/seggiolone-portatile-botton-fiori\/","title":{"rendered":"SEGGIOLONE PORTATILE BOTTON FIORI"},"content":{"rendered":"<p>Il seggiolone portatile Botton fiori \u00e8 la soluzione perfetta per i genitori che desiderano offrire ai loro piccoli una seduta sicura e confortevole anche in viaggio. Con un moderno design in tonalit\u00e0 neutre, questo seggiolone elegante e funzionale \u00e8 la soluzione perfetta per nutrire il bambino in viaggio. Il suo design pieghevole lo rende facile da portare ovunque, al ristorante, in viaggio o a casa dei nonni. \u00c8 dotato di una tracolla per un trasporto confortevole. Include un vano portaoggetti nella base, perfetto per riporre pannolini, salviette o altri oggetti essenziali per il bambino. Si adatta alla maggior parte dei passeggini standard per adulti, offrendo versatilit\u00e0 e comfort in diversi ambienti. Include cinghie regolabili per un fissaggio rapido e sicuro allo schienale e alla seduta. Le misure minime dei passeggini per adulti per poter fissare il seggiolone sono: altezza minima dello schienale 48,5 cm, larghezza minima della seduta 36 cm e profondit\u00e0 minima della seduta 34 cm. \u00c8 dotato di cinture regolabili per tenere il bambino saldamente in posizione, garantendo la massima sicurezza durante i pasti. Realizzato con materiali di alta qualit\u00e0, durevoli e resistenti, ideale per l&#8217;uso quotidiano. \u00c8 molto facile da pulire perch\u00e9 i rivestimenti sono completamente sfoderabili. Questo seggiolino portatile \u00e8 progettato per i bambini che riescono a stare seduti da soli. Da 6 mesi a un massimo di 3 anni o un peso massimo di 15 kg. Conforme alla norma EN 16120:2012+A2:2016. Seggiolino di rialzo. Walking Mum protegge il vostro bambino utilizzando i migliori tessuti, privi di coloranti azoici e di sostanze nocive per la salute. Specifiche: Materiali: 100% Poliestere. Dimensioni da chiuso: 29x36x31 cm.<\/p>\n","protected":false},"excerpt":{"rendered":"<p>Il seggiolone portatile Botton fiori \u00e8 la soluzione perfetta per i genitori che desiderano offrire ai loro piccoli una seduta sicura e confortevole anche in viaggio. Con un moderno design in tonalit\u00e0 neutre, questo seggiolone elegante e funzionale \u00e8 la soluzione perfetta per nutrire il bambino in viaggio. Il suo design pieghevole lo rende facile [&hellip;]<\/p>\n","protected":false},"featured_media":31122,"comment_status":"closed","ping_status":"closed","template":"","meta":{"_acf_changed":false,"inline_featured_image":false},"colecciones":[391],"product_brand":[],"product_cat":[382],"product_tag":[],"class_list":{"0":"post-31368","1":"product","2":"type-product","3":"status-publish","4":"has-post-thumbnail","6":"colecciones-collezione-botton","7":"product_cat-seggiolone","9":"first","10":"instock","11":"purchasable","12":"product-type-simple"},"acf":[],"yoast_head":"<!-- This site is optimized with the Yoast SEO plugin v27.4 - https:\/\/yoast.com\/product\/yoast-seo-wordpress\/ -->\n<title>SEGGIOLONE PORTATILE BOTTON FIORI - Walking Mum<\/title>\n<meta name=\"robots\" content=\"index, follow, max-snippet:-1, max-image-preview:large, max-video-preview:-1\" \/>\n<link rel=\"canonical\" href=\"https:\/\/walkingmum.com\/it\/prodotto\/seggiolone-portatile-botton-fiori\/\" \/>\n<meta property=\"og:locale\" content=\"it_IT\" \/>\n<meta property=\"og:type\" content=\"article\" \/>\n<meta property=\"og:title\" content=\"SEGGIOLONE PORTATILE BOTTON FIORI - Walking Mum\" \/>\n<meta property=\"og:description\" content=\"Il seggiolone portatile Botton fiori \u00e8 la soluzione perfetta per i genitori che desiderano offrire ai loro piccoli una seduta sicura e confortevole anche in viaggio. Con un moderno design in tonalit\u00e0 neutre, questo seggiolone elegante e funzionale \u00e8 la soluzione perfetta per nutrire il bambino in viaggio. Il suo design pieghevole lo rende facile [&hellip;]\" \/>\n<meta property=\"og:url\" content=\"https:\/\/walkingmum.com\/it\/prodotto\/seggiolone-portatile-botton-fiori\/\" \/>\n<meta property=\"og:site_name\" content=\"Walking Mum\" \/>\n<meta property=\"og:image\" content=\"https:\/\/walkingmum.com\/wp-content\/uploads\/2025\/06\/1120800560_a-1.jpg\" \/>\n\t<meta property=\"og:image:width\" content=\"900\" \/>\n\t<meta property=\"og:image:height\" content=\"900\" \/>\n\t<meta property=\"og:image:type\" content=\"image\/jpeg\" \/>\n<meta name=\"twitter:card\" content=\"summary_large_image\" \/>\n<meta name=\"twitter:label1\" content=\"Tempo di lettura stimato\" \/>\n\t<meta name=\"twitter:data1\" content=\"1 minuto\" \/>\n<script type=\"application\/ld+json\" class=\"yoast-schema-graph\">{\"@context\":\"https:\\\/\\\/schema.org\",\"@graph\":[{\"@type\":\"WebPage\",\"@id\":\"https:\\\/\\\/walkingmum.com\\\/it\\\/prodotto\\\/seggiolone-portatile-botton-fiori\\\/\",\"url\":\"https:\\\/\\\/walkingmum.com\\\/it\\\/prodotto\\\/seggiolone-portatile-botton-fiori\\\/\",\"name\":\"SEGGIOLONE PORTATILE BOTTON FIORI - Walking Mum\",\"isPartOf\":{\"@id\":\"https:\\\/\\\/walkingmum.com\\\/#website\"},\"primaryImageOfPage\":{\"@id\":\"https:\\\/\\\/walkingmum.com\\\/it\\\/prodotto\\\/seggiolone-portatile-botton-fiori\\\/#primaryimage\"},\"image\":{\"@id\":\"https:\\\/\\\/walkingmum.com\\\/it\\\/prodotto\\\/seggiolone-portatile-botton-fiori\\\/#primaryimage\"},\"thumbnailUrl\":\"https:\\\/\\\/walkingmum.com\\\/wp-content\\\/uploads\\\/2025\\\/06\\\/1120800560_a-1.jpg\",\"datePublished\":\"2025-06-12T14:57:38+00:00\",\"breadcrumb\":{\"@id\":\"https:\\\/\\\/walkingmum.com\\\/it\\\/prodotto\\\/seggiolone-portatile-botton-fiori\\\/#breadcrumb\"},\"inLanguage\":\"it-IT\",\"potentialAction\":[{\"@type\":\"ReadAction\",\"target\":[\"https:\\\/\\\/walkingmum.com\\\/it\\\/prodotto\\\/seggiolone-portatile-botton-fiori\\\/\"]}]},{\"@type\":\"ImageObject\",\"inLanguage\":\"it-IT\",\"@id\":\"https:\\\/\\\/walkingmum.com\\\/it\\\/prodotto\\\/seggiolone-portatile-botton-fiori\\\/#primaryimage\",\"url\":\"https:\\\/\\\/walkingmum.com\\\/wp-content\\\/uploads\\\/2025\\\/06\\\/1120800560_a-1.jpg\",\"contentUrl\":\"https:\\\/\\\/walkingmum.com\\\/wp-content\\\/uploads\\\/2025\\\/06\\\/1120800560_a-1.jpg\",\"width\":900,\"height\":900},{\"@type\":\"BreadcrumbList\",\"@id\":\"https:\\\/\\\/walkingmum.com\\\/it\\\/prodotto\\\/seggiolone-portatile-botton-fiori\\\/#breadcrumb\",\"itemListElement\":[{\"@type\":\"ListItem\",\"position\":1,\"name\":\"Portada\",\"item\":\"https:\\\/\\\/walkingmum.com\\\/it\\\/\"},{\"@type\":\"ListItem\",\"position\":2,\"name\":\"Tienda\",\"item\":\"https:\\\/\\\/walkingmum.com\\\/tienda\\\/\"},{\"@type\":\"ListItem\",\"position\":3,\"name\":\"SEGGIOLONE PORTATILE BOTTON FIORI\"}]},{\"@type\":\"WebSite\",\"@id\":\"https:\\\/\\\/walkingmum.com\\\/#website\",\"url\":\"https:\\\/\\\/walkingmum.com\\\/\",\"name\":\"Walking Mum\",\"description\":\"La marca para beb\u00e9s modernos\",\"potentialAction\":[{\"@type\":\"SearchAction\",\"target\":{\"@type\":\"EntryPoint\",\"urlTemplate\":\"https:\\\/\\\/walkingmum.com\\\/?s={search_term_string}\"},\"query-input\":{\"@type\":\"PropertyValueSpecification\",\"valueRequired\":true,\"valueName\":\"search_term_string\"}}],\"inLanguage\":\"it-IT\"}]}<\/script>\n<!-- \/ Yoast SEO plugin. -->","yoast_head_json":{"title":"SEGGIOLONE PORTATILE BOTTON FIORI - Walking Mum","robots":{"index":"index","follow":"follow","max-snippet":"max-snippet:-1","max-image-preview":"max-image-preview:large","max-video-preview":"max-video-preview:-1"},"canonical":"https:\/\/walkingmum.com\/it\/prodotto\/seggiolone-portatile-botton-fiori\/","og_locale":"it_IT","og_type":"article","og_title":"SEGGIOLONE PORTATILE BOTTON FIORI - Walking Mum","og_description":"Il seggiolone portatile Botton fiori \u00e8 la soluzione perfetta per i genitori che desiderano offrire ai loro piccoli una seduta sicura e confortevole anche in viaggio. Con un moderno design in tonalit\u00e0 neutre, questo seggiolone elegante e funzionale \u00e8 la soluzione perfetta per nutrire il bambino in viaggio. Il suo design pieghevole lo rende facile [&hellip;]","og_url":"https:\/\/walkingmum.com\/it\/prodotto\/seggiolone-portatile-botton-fiori\/","og_site_name":"Walking Mum","og_image":[{"width":900,"height":900,"url":"https:\/\/walkingmum.com\/wp-content\/uploads\/2025\/06\/1120800560_a-1.jpg","type":"image\/jpeg"}],"twitter_card":"summary_large_image","twitter_misc":{"Tempo di lettura stimato":"1 minuto"},"schema":{"@context":"https:\/\/schema.org","@graph":[{"@type":"WebPage","@id":"https:\/\/walkingmum.com\/it\/prodotto\/seggiolone-portatile-botton-fiori\/","url":"https:\/\/walkingmum.com\/it\/prodotto\/seggiolone-portatile-botton-fiori\/","name":"SEGGIOLONE PORTATILE BOTTON FIORI - Walking Mum","isPartOf":{"@id":"https:\/\/walkingmum.com\/#website"},"primaryImageOfPage":{"@id":"https:\/\/walkingmum.com\/it\/prodotto\/seggiolone-portatile-botton-fiori\/#primaryimage"},"image":{"@id":"https:\/\/walkingmum.com\/it\/prodotto\/seggiolone-portatile-botton-fiori\/#primaryimage"},"thumbnailUrl":"https:\/\/walkingmum.com\/wp-content\/uploads\/2025\/06\/1120800560_a-1.jpg","datePublished":"2025-06-12T14:57:38+00:00","breadcrumb":{"@id":"https:\/\/walkingmum.com\/it\/prodotto\/seggiolone-portatile-botton-fiori\/#breadcrumb"},"inLanguage":"it-IT","potentialAction":[{"@type":"ReadAction","target":["https:\/\/walkingmum.com\/it\/prodotto\/seggiolone-portatile-botton-fiori\/"]}]},{"@type":"ImageObject","inLanguage":"it-IT","@id":"https:\/\/walkingmum.com\/it\/prodotto\/seggiolone-portatile-botton-fiori\/#primaryimage","url":"https:\/\/walkingmum.com\/wp-content\/uploads\/2025\/06\/1120800560_a-1.jpg","contentUrl":"https:\/\/walkingmum.com\/wp-content\/uploads\/2025\/06\/1120800560_a-1.jpg","width":900,"height":900},{"@type":"BreadcrumbList","@id":"https:\/\/walkingmum.com\/it\/prodotto\/seggiolone-portatile-botton-fiori\/#breadcrumb","itemListElement":[{"@type":"ListItem","position":1,"name":"Portada","item":"https:\/\/walkingmum.com\/it\/"},{"@type":"ListItem","position":2,"name":"Tienda","item":"https:\/\/walkingmum.com\/tienda\/"},{"@type":"ListItem","position":3,"name":"SEGGIOLONE PORTATILE BOTTON FIORI"}]},{"@type":"WebSite","@id":"https:\/\/walkingmum.com\/#website","url":"https:\/\/walkingmum.com\/","name":"Walking Mum","description":"La marca para beb\u00e9s modernos","potentialAction":[{"@type":"SearchAction","target":{"@type":"EntryPoint","urlTemplate":"https:\/\/walkingmum.com\/?s={search_term_string}"},"query-input":{"@type":"PropertyValueSpecification","valueRequired":true,"valueName":"search_term_string"}}],"inLanguage":"it-IT"}]}},"_links":{"self":[{"href":"https:\/\/walkingmum.com\/it\/wp-json\/wp\/v2\/product\/31368","targetHints":{"allow":["GET"]}}],"collection":[{"href":"https:\/\/walkingmum.com\/it\/wp-json\/wp\/v2\/product"}],"about":[{"href":"https:\/\/walkingmum.com\/it\/wp-json\/wp\/v2\/types\/product"}],"replies":[{"embeddable":true,"href":"https:\/\/walkingmum.com\/it\/wp-json\/wp\/v2\/comments?post=31368"}],"wp:featuredmedia":[{"embeddable":true,"href":"https:\/\/walkingmum.com\/it\/wp-json\/wp\/v2\/media\/31122"}],"wp:attachment":[{"href":"https:\/\/walkingmum.com\/it\/wp-json\/wp\/v2\/media?parent=31368"}],"wp:term":[{"taxonomy":"colecciones","embeddable":true,"href":"https:\/\/walkingmum.com\/it\/wp-json\/wp\/v2\/colecciones?post=31368"},{"taxonomy":"product_brand","embeddable":true,"href":"https:\/\/walkingmum.com\/it\/wp-json\/wp\/v2\/product_brand?post=31368"},{"taxonomy":"product_cat","embeddable":true,"href":"https:\/\/walkingmum.com\/it\/wp-json\/wp\/v2\/product_cat?post=31368"},{"taxonomy":"product_tag","embeddable":true,"href":"https:\/\/walkingmum.com\/it\/wp-json\/wp\/v2\/product_tag?post=31368"}],"curies":[{"name":"wp","href":"https:\/\/api.w.org\/{rel}","templated":true}]}}