{"id":31366,"date":"2025-06-12T14:30:22","date_gmt":"2025-06-12T14:57:38","guid":{"rendered":"https:\/\/walkingmum.com\/?post_type=product&#038;p=31366"},"modified":"2025-06-12T14:57:38","modified_gmt":"2025-06-12T14:57:38","slug":"bavaglino-botton-fiori","status":"publish","type":"product","link":"https:\/\/walkingmum.com\/it\/prodotto\/bavaglino-botton-fiori\/","title":{"rendered":"BAVAGLINO BOTTON FIORI"},"content":{"rendered":"<p>Il bavaglino a maniche corte impermeabile Walking Mum Botton Fiori \u00e8 l&#8217;accessorio ideale per mantenere puliti e asciutti i vestiti del bambino durante la pappa. Pensato per i bambini dai 6 mesi ai 3 anni, questo bavaglino \u00e8 realizzato in PU impermeabile, facile da pulire e resistente a macchie e liquidi. Questo bavaglino a maniche corte \u00e8 ideale per l&#8217;uso quotidiano e offre libert\u00e0 di movimento mantenendo il piccolo pulito e asciutto. Il suo design affascinante con orecchie in rilievo e stampa a pois aggiunge un tocco simpatico e divertente. Inoltre, \u00e8 dotato di una tasca raccogli briciole per catturare i residui di cibo, evitando di sporcare i vestiti e il tavolo. Materiale impermeabile e facile da pulire. Chiusura in velcro regolabile per il massimo comfort. Perfetto per BLW, pittura e attivit\u00e0 creative. Rendi il momento della pappa pi\u00f9 pulito e divertente con questo pratico bavaglino Walking Mum! Facile da pulire a mano o in lavatrice a 30\u00b0C. Walking Mum protegge il bambino utilizzando i migliori tessuti, privi di coloranti azoici e di sostanze nocive per la salute.<\/p>\n","protected":false},"excerpt":{"rendered":"<p>Il bavaglino a maniche corte impermeabile Walking Mum Botton Fiori \u00e8 l&#8217;accessorio ideale per mantenere puliti e asciutti i vestiti del bambino durante la pappa. Pensato per i bambini dai 6 mesi ai 3 anni, questo bavaglino \u00e8 realizzato in PU impermeabile, facile da pulire e resistente a macchie e liquidi. Questo bavaglino a maniche [&hellip;]<\/p>\n","protected":false},"featured_media":31092,"comment_status":"closed","ping_status":"closed","template":"","meta":{"_acf_changed":false,"inline_featured_image":false},"colecciones":[391],"product_brand":[],"product_cat":[385],"product_tag":[],"class_list":{"0":"post-31366","1":"product","2":"type-product","3":"status-publish","4":"has-post-thumbnail","6":"colecciones-collezione-botton","7":"product_cat-walking-mum-kids-it","9":"first","10":"instock","11":"purchasable","12":"product-type-simple"},"acf":[],"yoast_head":"<!-- This site is optimized with the Yoast SEO plugin v27.4 - https:\/\/yoast.com\/product\/yoast-seo-wordpress\/ -->\n<title>BAVAGLINO BOTTON FIORI - Walking Mum<\/title>\n<meta name=\"robots\" content=\"index, follow, max-snippet:-1, max-image-preview:large, max-video-preview:-1\" \/>\n<link rel=\"canonical\" href=\"https:\/\/walkingmum.com\/it\/prodotto\/bavaglino-botton-fiori\/\" \/>\n<meta property=\"og:locale\" content=\"it_IT\" \/>\n<meta property=\"og:type\" content=\"article\" \/>\n<meta property=\"og:title\" content=\"BAVAGLINO BOTTON FIORI - Walking Mum\" \/>\n<meta property=\"og:description\" content=\"Il bavaglino a maniche corte impermeabile Walking Mum Botton Fiori \u00e8 l&#8217;accessorio ideale per mantenere puliti e asciutti i vestiti del bambino durante la pappa. Pensato per i bambini dai 6 mesi ai 3 anni, questo bavaglino \u00e8 realizzato in PU impermeabile, facile da pulire e resistente a macchie e liquidi. Questo bavaglino a maniche [&hellip;]\" \/>\n<meta property=\"og:url\" content=\"https:\/\/walkingmum.com\/it\/prodotto\/bavaglino-botton-fiori\/\" \/>\n<meta property=\"og:site_name\" content=\"Walking Mum\" \/>\n<meta property=\"og:image\" content=\"https:\/\/walkingmum.com\/wp-content\/uploads\/2025\/06\/1120800578_a-1.jpg\" \/>\n\t<meta property=\"og:image:width\" content=\"900\" \/>\n\t<meta property=\"og:image:height\" content=\"900\" \/>\n\t<meta property=\"og:image:type\" content=\"image\/jpeg\" \/>\n<meta name=\"twitter:card\" content=\"summary_large_image\" \/>\n<meta name=\"twitter:label1\" content=\"Tempo di lettura stimato\" \/>\n\t<meta name=\"twitter:data1\" content=\"1 minuto\" \/>\n<script type=\"application\/ld+json\" class=\"yoast-schema-graph\">{\"@context\":\"https:\\\/\\\/schema.org\",\"@graph\":[{\"@type\":\"WebPage\",\"@id\":\"https:\\\/\\\/walkingmum.com\\\/it\\\/prodotto\\\/bavaglino-botton-fiori\\\/\",\"url\":\"https:\\\/\\\/walkingmum.com\\\/it\\\/prodotto\\\/bavaglino-botton-fiori\\\/\",\"name\":\"BAVAGLINO BOTTON FIORI - Walking Mum\",\"isPartOf\":{\"@id\":\"https:\\\/\\\/walkingmum.com\\\/#website\"},\"primaryImageOfPage\":{\"@id\":\"https:\\\/\\\/walkingmum.com\\\/it\\\/prodotto\\\/bavaglino-botton-fiori\\\/#primaryimage\"},\"image\":{\"@id\":\"https:\\\/\\\/walkingmum.com\\\/it\\\/prodotto\\\/bavaglino-botton-fiori\\\/#primaryimage\"},\"thumbnailUrl\":\"https:\\\/\\\/walkingmum.com\\\/wp-content\\\/uploads\\\/2025\\\/06\\\/1120800578_a-1.jpg\",\"datePublished\":\"2025-06-12T14:57:38+00:00\",\"breadcrumb\":{\"@id\":\"https:\\\/\\\/walkingmum.com\\\/it\\\/prodotto\\\/bavaglino-botton-fiori\\\/#breadcrumb\"},\"inLanguage\":\"it-IT\",\"potentialAction\":[{\"@type\":\"ReadAction\",\"target\":[\"https:\\\/\\\/walkingmum.com\\\/it\\\/prodotto\\\/bavaglino-botton-fiori\\\/\"]}]},{\"@type\":\"ImageObject\",\"inLanguage\":\"it-IT\",\"@id\":\"https:\\\/\\\/walkingmum.com\\\/it\\\/prodotto\\\/bavaglino-botton-fiori\\\/#primaryimage\",\"url\":\"https:\\\/\\\/walkingmum.com\\\/wp-content\\\/uploads\\\/2025\\\/06\\\/1120800578_a-1.jpg\",\"contentUrl\":\"https:\\\/\\\/walkingmum.com\\\/wp-content\\\/uploads\\\/2025\\\/06\\\/1120800578_a-1.jpg\",\"width\":900,\"height\":900},{\"@type\":\"BreadcrumbList\",\"@id\":\"https:\\\/\\\/walkingmum.com\\\/it\\\/prodotto\\\/bavaglino-botton-fiori\\\/#breadcrumb\",\"itemListElement\":[{\"@type\":\"ListItem\",\"position\":1,\"name\":\"Portada\",\"item\":\"https:\\\/\\\/walkingmum.com\\\/it\\\/\"},{\"@type\":\"ListItem\",\"position\":2,\"name\":\"Tienda\",\"item\":\"https:\\\/\\\/walkingmum.com\\\/tienda\\\/\"},{\"@type\":\"ListItem\",\"position\":3,\"name\":\"BAVAGLINO BOTTON FIORI\"}]},{\"@type\":\"WebSite\",\"@id\":\"https:\\\/\\\/walkingmum.com\\\/#website\",\"url\":\"https:\\\/\\\/walkingmum.com\\\/\",\"name\":\"Walking Mum\",\"description\":\"La marca para beb\u00e9s modernos\",\"potentialAction\":[{\"@type\":\"SearchAction\",\"target\":{\"@type\":\"EntryPoint\",\"urlTemplate\":\"https:\\\/\\\/walkingmum.com\\\/?s={search_term_string}\"},\"query-input\":{\"@type\":\"PropertyValueSpecification\",\"valueRequired\":true,\"valueName\":\"search_term_string\"}}],\"inLanguage\":\"it-IT\"}]}<\/script>\n<!-- \/ Yoast SEO plugin. -->","yoast_head_json":{"title":"BAVAGLINO BOTTON FIORI - Walking Mum","robots":{"index":"index","follow":"follow","max-snippet":"max-snippet:-1","max-image-preview":"max-image-preview:large","max-video-preview":"max-video-preview:-1"},"canonical":"https:\/\/walkingmum.com\/it\/prodotto\/bavaglino-botton-fiori\/","og_locale":"it_IT","og_type":"article","og_title":"BAVAGLINO BOTTON FIORI - Walking Mum","og_description":"Il bavaglino a maniche corte impermeabile Walking Mum Botton Fiori \u00e8 l&#8217;accessorio ideale per mantenere puliti e asciutti i vestiti del bambino durante la pappa. Pensato per i bambini dai 6 mesi ai 3 anni, questo bavaglino \u00e8 realizzato in PU impermeabile, facile da pulire e resistente a macchie e liquidi. Questo bavaglino a maniche [&hellip;]","og_url":"https:\/\/walkingmum.com\/it\/prodotto\/bavaglino-botton-fiori\/","og_site_name":"Walking Mum","og_image":[{"width":900,"height":900,"url":"https:\/\/walkingmum.com\/wp-content\/uploads\/2025\/06\/1120800578_a-1.jpg","type":"image\/jpeg"}],"twitter_card":"summary_large_image","twitter_misc":{"Tempo di lettura stimato":"1 minuto"},"schema":{"@context":"https:\/\/schema.org","@graph":[{"@type":"WebPage","@id":"https:\/\/walkingmum.com\/it\/prodotto\/bavaglino-botton-fiori\/","url":"https:\/\/walkingmum.com\/it\/prodotto\/bavaglino-botton-fiori\/","name":"BAVAGLINO BOTTON FIORI - Walking Mum","isPartOf":{"@id":"https:\/\/walkingmum.com\/#website"},"primaryImageOfPage":{"@id":"https:\/\/walkingmum.com\/it\/prodotto\/bavaglino-botton-fiori\/#primaryimage"},"image":{"@id":"https:\/\/walkingmum.com\/it\/prodotto\/bavaglino-botton-fiori\/#primaryimage"},"thumbnailUrl":"https:\/\/walkingmum.com\/wp-content\/uploads\/2025\/06\/1120800578_a-1.jpg","datePublished":"2025-06-12T14:57:38+00:00","breadcrumb":{"@id":"https:\/\/walkingmum.com\/it\/prodotto\/bavaglino-botton-fiori\/#breadcrumb"},"inLanguage":"it-IT","potentialAction":[{"@type":"ReadAction","target":["https:\/\/walkingmum.com\/it\/prodotto\/bavaglino-botton-fiori\/"]}]},{"@type":"ImageObject","inLanguage":"it-IT","@id":"https:\/\/walkingmum.com\/it\/prodotto\/bavaglino-botton-fiori\/#primaryimage","url":"https:\/\/walkingmum.com\/wp-content\/uploads\/2025\/06\/1120800578_a-1.jpg","contentUrl":"https:\/\/walkingmum.com\/wp-content\/uploads\/2025\/06\/1120800578_a-1.jpg","width":900,"height":900},{"@type":"BreadcrumbList","@id":"https:\/\/walkingmum.com\/it\/prodotto\/bavaglino-botton-fiori\/#breadcrumb","itemListElement":[{"@type":"ListItem","position":1,"name":"Portada","item":"https:\/\/walkingmum.com\/it\/"},{"@type":"ListItem","position":2,"name":"Tienda","item":"https:\/\/walkingmum.com\/tienda\/"},{"@type":"ListItem","position":3,"name":"BAVAGLINO BOTTON FIORI"}]},{"@type":"WebSite","@id":"https:\/\/walkingmum.com\/#website","url":"https:\/\/walkingmum.com\/","name":"Walking Mum","description":"La marca para beb\u00e9s modernos","potentialAction":[{"@type":"SearchAction","target":{"@type":"EntryPoint","urlTemplate":"https:\/\/walkingmum.com\/?s={search_term_string}"},"query-input":{"@type":"PropertyValueSpecification","valueRequired":true,"valueName":"search_term_string"}}],"inLanguage":"it-IT"}]}},"_links":{"self":[{"href":"https:\/\/walkingmum.com\/it\/wp-json\/wp\/v2\/product\/31366","targetHints":{"allow":["GET"]}}],"collection":[{"href":"https:\/\/walkingmum.com\/it\/wp-json\/wp\/v2\/product"}],"about":[{"href":"https:\/\/walkingmum.com\/it\/wp-json\/wp\/v2\/types\/product"}],"replies":[{"embeddable":true,"href":"https:\/\/walkingmum.com\/it\/wp-json\/wp\/v2\/comments?post=31366"}],"wp:featuredmedia":[{"embeddable":true,"href":"https:\/\/walkingmum.com\/it\/wp-json\/wp\/v2\/media\/31092"}],"wp:attachment":[{"href":"https:\/\/walkingmum.com\/it\/wp-json\/wp\/v2\/media?parent=31366"}],"wp:term":[{"taxonomy":"colecciones","embeddable":true,"href":"https:\/\/walkingmum.com\/it\/wp-json\/wp\/v2\/colecciones?post=31366"},{"taxonomy":"product_brand","embeddable":true,"href":"https:\/\/walkingmum.com\/it\/wp-json\/wp\/v2\/product_brand?post=31366"},{"taxonomy":"product_cat","embeddable":true,"href":"https:\/\/walkingmum.com\/it\/wp-json\/wp\/v2\/product_cat?post=31366"},{"taxonomy":"product_tag","embeddable":true,"href":"https:\/\/walkingmum.com\/it\/wp-json\/wp\/v2\/product_tag?post=31366"}],"curies":[{"name":"wp","href":"https:\/\/api.w.org\/{rel}","templated":true}]}}