{"id":30747,"date":"2025-04-07T08:04:21","date_gmt":"2025-04-07T08:09:45","guid":{"rendered":"https:\/\/walkingmum.com\/?post_type=product&#038;p=30747"},"modified":"2025-04-07T08:09:45","modified_gmt":"2025-04-07T08:09:45","slug":"zaino-mouse-poppy-moss","status":"publish","type":"product","link":"https:\/\/walkingmum.com\/it\/prodotto\/zaino-mouse-poppy-moss\/","title":{"rendered":"ZAINO MOUSE POPPY MOSS"},"content":{"rendered":"<p>Lo zaino per bambini Poppy Moss di Walking Mum \u00e8 il compagno ideale per i pi\u00f9 piccoli durante le uscite quotidiane al nido o all&#8217;asilo. Con un simpatico design a forma di topolino, realizzato in 100% cotone con una delicata stampa a pois, offre morbidezza e comfort ai bambini. Le sue dimensioni compatte sono perfette per portare con s\u00e9 gli oggetti essenziali, come la bottiglia d&#8217;acqua, la merenda o il giocattolo preferito. \u00c8 dotato di una chiusura a zip sicura e di spallacci regolabili per garantire una vestibilit\u00e0 confortevole. Inoltre, la maniglia superiore lo rende facile da trasportare a mano. Realizzato in cotone di alta qualit\u00e0, morbido e resistente. Adorabile design con orecchie in rilievo e dettagli ricamati. Chiusura con zip e linguetta decorativa. Cinghie regolabili per un maggiore comfort &#8211; perfetto per i primi anni di vita del vostro piccolo con un tocco divertente e funzionale! Facile da pulire a mano o in lavatrice a 30\u00b0C. Walking Mum protegge il vostro bambino utilizzando i migliori tessuti, privi di coloranti azoici e di sostanze nocive per la salute.<\/p>\n","protected":false},"excerpt":{"rendered":"<p>Lo zaino per bambini Poppy Moss di Walking Mum \u00e8 il compagno ideale per i pi\u00f9 piccoli durante le uscite quotidiane al nido o all&#8217;asilo. Con un simpatico design a forma di topolino, realizzato in 100% cotone con una delicata stampa a pois, offre morbidezza e comfort ai bambini. Le sue dimensioni compatte sono perfette [&hellip;]<\/p>\n","protected":false},"featured_media":30187,"comment_status":"closed","ping_status":"closed","template":"","meta":{"_acf_changed":false,"inline_featured_image":false},"colecciones":[351],"product_brand":[],"product_cat":[385],"product_tag":[],"class_list":{"0":"post-30747","1":"product","2":"type-product","3":"status-publish","4":"has-post-thumbnail","6":"colecciones-collezione-poppy","7":"product_cat-walking-mum-kids-it","9":"first","10":"instock","11":"purchasable","12":"product-type-simple"},"acf":[],"yoast_head":"<!-- This site is optimized with the Yoast SEO plugin v27.3 - https:\/\/yoast.com\/product\/yoast-seo-wordpress\/ -->\n<title>ZAINO MOUSE POPPY MOSS - Walking Mum<\/title>\n<meta name=\"robots\" content=\"index, follow, max-snippet:-1, max-image-preview:large, max-video-preview:-1\" \/>\n<link rel=\"canonical\" href=\"https:\/\/walkingmum.com\/it\/prodotto\/zaino-mouse-poppy-moss\/\" \/>\n<meta property=\"og:locale\" content=\"it_IT\" \/>\n<meta property=\"og:type\" content=\"article\" \/>\n<meta property=\"og:title\" content=\"ZAINO MOUSE POPPY MOSS - Walking Mum\" \/>\n<meta property=\"og:description\" content=\"Lo zaino per bambini Poppy Moss di Walking Mum \u00e8 il compagno ideale per i pi\u00f9 piccoli durante le uscite quotidiane al nido o all&#8217;asilo. Con un simpatico design a forma di topolino, realizzato in 100% cotone con una delicata stampa a pois, offre morbidezza e comfort ai bambini. Le sue dimensioni compatte sono perfette [&hellip;]\" \/>\n<meta property=\"og:url\" content=\"https:\/\/walkingmum.com\/it\/prodotto\/zaino-mouse-poppy-moss\/\" \/>\n<meta property=\"og:site_name\" content=\"Walking Mum\" \/>\n<meta property=\"og:image\" content=\"https:\/\/walkingmum.com\/wp-content\/uploads\/2025\/04\/1120800549_a-1.jpg\" \/>\n\t<meta property=\"og:image:width\" content=\"900\" \/>\n\t<meta property=\"og:image:height\" content=\"900\" \/>\n\t<meta property=\"og:image:type\" content=\"image\/jpeg\" \/>\n<meta name=\"twitter:card\" content=\"summary_large_image\" \/>\n<meta name=\"twitter:label1\" content=\"Tempo di lettura stimato\" \/>\n\t<meta name=\"twitter:data1\" content=\"1 minuto\" \/>\n<script type=\"application\/ld+json\" class=\"yoast-schema-graph\">{\"@context\":\"https:\\\/\\\/schema.org\",\"@graph\":[{\"@type\":\"WebPage\",\"@id\":\"https:\\\/\\\/walkingmum.com\\\/it\\\/prodotto\\\/zaino-mouse-poppy-moss\\\/\",\"url\":\"https:\\\/\\\/walkingmum.com\\\/it\\\/prodotto\\\/zaino-mouse-poppy-moss\\\/\",\"name\":\"ZAINO MOUSE POPPY MOSS - Walking Mum\",\"isPartOf\":{\"@id\":\"https:\\\/\\\/walkingmum.com\\\/#website\"},\"primaryImageOfPage\":{\"@id\":\"https:\\\/\\\/walkingmum.com\\\/it\\\/prodotto\\\/zaino-mouse-poppy-moss\\\/#primaryimage\"},\"image\":{\"@id\":\"https:\\\/\\\/walkingmum.com\\\/it\\\/prodotto\\\/zaino-mouse-poppy-moss\\\/#primaryimage\"},\"thumbnailUrl\":\"https:\\\/\\\/walkingmum.com\\\/wp-content\\\/uploads\\\/2025\\\/04\\\/1120800549_a-1.jpg\",\"datePublished\":\"2025-04-07T08:09:45+00:00\",\"breadcrumb\":{\"@id\":\"https:\\\/\\\/walkingmum.com\\\/it\\\/prodotto\\\/zaino-mouse-poppy-moss\\\/#breadcrumb\"},\"inLanguage\":\"it-IT\",\"potentialAction\":[{\"@type\":\"ReadAction\",\"target\":[\"https:\\\/\\\/walkingmum.com\\\/it\\\/prodotto\\\/zaino-mouse-poppy-moss\\\/\"]}]},{\"@type\":\"ImageObject\",\"inLanguage\":\"it-IT\",\"@id\":\"https:\\\/\\\/walkingmum.com\\\/it\\\/prodotto\\\/zaino-mouse-poppy-moss\\\/#primaryimage\",\"url\":\"https:\\\/\\\/walkingmum.com\\\/wp-content\\\/uploads\\\/2025\\\/04\\\/1120800549_a-1.jpg\",\"contentUrl\":\"https:\\\/\\\/walkingmum.com\\\/wp-content\\\/uploads\\\/2025\\\/04\\\/1120800549_a-1.jpg\",\"width\":900,\"height\":900},{\"@type\":\"BreadcrumbList\",\"@id\":\"https:\\\/\\\/walkingmum.com\\\/it\\\/prodotto\\\/zaino-mouse-poppy-moss\\\/#breadcrumb\",\"itemListElement\":[{\"@type\":\"ListItem\",\"position\":1,\"name\":\"Portada\",\"item\":\"https:\\\/\\\/walkingmum.com\\\/it\\\/\"},{\"@type\":\"ListItem\",\"position\":2,\"name\":\"Tienda\",\"item\":\"https:\\\/\\\/walkingmum.com\\\/tienda\\\/\"},{\"@type\":\"ListItem\",\"position\":3,\"name\":\"ZAINO MOUSE POPPY MOSS\"}]},{\"@type\":\"WebSite\",\"@id\":\"https:\\\/\\\/walkingmum.com\\\/#website\",\"url\":\"https:\\\/\\\/walkingmum.com\\\/\",\"name\":\"Walking Mum\",\"description\":\"La marca para beb\u00e9s modernos\",\"potentialAction\":[{\"@type\":\"SearchAction\",\"target\":{\"@type\":\"EntryPoint\",\"urlTemplate\":\"https:\\\/\\\/walkingmum.com\\\/?s={search_term_string}\"},\"query-input\":{\"@type\":\"PropertyValueSpecification\",\"valueRequired\":true,\"valueName\":\"search_term_string\"}}],\"inLanguage\":\"it-IT\"}]}<\/script>\n<!-- \/ Yoast SEO plugin. -->","yoast_head_json":{"title":"ZAINO MOUSE POPPY MOSS - Walking Mum","robots":{"index":"index","follow":"follow","max-snippet":"max-snippet:-1","max-image-preview":"max-image-preview:large","max-video-preview":"max-video-preview:-1"},"canonical":"https:\/\/walkingmum.com\/it\/prodotto\/zaino-mouse-poppy-moss\/","og_locale":"it_IT","og_type":"article","og_title":"ZAINO MOUSE POPPY MOSS - Walking Mum","og_description":"Lo zaino per bambini Poppy Moss di Walking Mum \u00e8 il compagno ideale per i pi\u00f9 piccoli durante le uscite quotidiane al nido o all&#8217;asilo. Con un simpatico design a forma di topolino, realizzato in 100% cotone con una delicata stampa a pois, offre morbidezza e comfort ai bambini. Le sue dimensioni compatte sono perfette [&hellip;]","og_url":"https:\/\/walkingmum.com\/it\/prodotto\/zaino-mouse-poppy-moss\/","og_site_name":"Walking Mum","og_image":[{"width":900,"height":900,"url":"https:\/\/walkingmum.com\/wp-content\/uploads\/2025\/04\/1120800549_a-1.jpg","type":"image\/jpeg"}],"twitter_card":"summary_large_image","twitter_misc":{"Tempo di lettura stimato":"1 minuto"},"schema":{"@context":"https:\/\/schema.org","@graph":[{"@type":"WebPage","@id":"https:\/\/walkingmum.com\/it\/prodotto\/zaino-mouse-poppy-moss\/","url":"https:\/\/walkingmum.com\/it\/prodotto\/zaino-mouse-poppy-moss\/","name":"ZAINO MOUSE POPPY MOSS - Walking Mum","isPartOf":{"@id":"https:\/\/walkingmum.com\/#website"},"primaryImageOfPage":{"@id":"https:\/\/walkingmum.com\/it\/prodotto\/zaino-mouse-poppy-moss\/#primaryimage"},"image":{"@id":"https:\/\/walkingmum.com\/it\/prodotto\/zaino-mouse-poppy-moss\/#primaryimage"},"thumbnailUrl":"https:\/\/walkingmum.com\/wp-content\/uploads\/2025\/04\/1120800549_a-1.jpg","datePublished":"2025-04-07T08:09:45+00:00","breadcrumb":{"@id":"https:\/\/walkingmum.com\/it\/prodotto\/zaino-mouse-poppy-moss\/#breadcrumb"},"inLanguage":"it-IT","potentialAction":[{"@type":"ReadAction","target":["https:\/\/walkingmum.com\/it\/prodotto\/zaino-mouse-poppy-moss\/"]}]},{"@type":"ImageObject","inLanguage":"it-IT","@id":"https:\/\/walkingmum.com\/it\/prodotto\/zaino-mouse-poppy-moss\/#primaryimage","url":"https:\/\/walkingmum.com\/wp-content\/uploads\/2025\/04\/1120800549_a-1.jpg","contentUrl":"https:\/\/walkingmum.com\/wp-content\/uploads\/2025\/04\/1120800549_a-1.jpg","width":900,"height":900},{"@type":"BreadcrumbList","@id":"https:\/\/walkingmum.com\/it\/prodotto\/zaino-mouse-poppy-moss\/#breadcrumb","itemListElement":[{"@type":"ListItem","position":1,"name":"Portada","item":"https:\/\/walkingmum.com\/it\/"},{"@type":"ListItem","position":2,"name":"Tienda","item":"https:\/\/walkingmum.com\/tienda\/"},{"@type":"ListItem","position":3,"name":"ZAINO MOUSE POPPY MOSS"}]},{"@type":"WebSite","@id":"https:\/\/walkingmum.com\/#website","url":"https:\/\/walkingmum.com\/","name":"Walking Mum","description":"La marca para beb\u00e9s modernos","potentialAction":[{"@type":"SearchAction","target":{"@type":"EntryPoint","urlTemplate":"https:\/\/walkingmum.com\/?s={search_term_string}"},"query-input":{"@type":"PropertyValueSpecification","valueRequired":true,"valueName":"search_term_string"}}],"inLanguage":"it-IT"}]}},"_links":{"self":[{"href":"https:\/\/walkingmum.com\/it\/wp-json\/wp\/v2\/product\/30747","targetHints":{"allow":["GET"]}}],"collection":[{"href":"https:\/\/walkingmum.com\/it\/wp-json\/wp\/v2\/product"}],"about":[{"href":"https:\/\/walkingmum.com\/it\/wp-json\/wp\/v2\/types\/product"}],"replies":[{"embeddable":true,"href":"https:\/\/walkingmum.com\/it\/wp-json\/wp\/v2\/comments?post=30747"}],"wp:featuredmedia":[{"embeddable":true,"href":"https:\/\/walkingmum.com\/it\/wp-json\/wp\/v2\/media\/30187"}],"wp:attachment":[{"href":"https:\/\/walkingmum.com\/it\/wp-json\/wp\/v2\/media?parent=30747"}],"wp:term":[{"taxonomy":"colecciones","embeddable":true,"href":"https:\/\/walkingmum.com\/it\/wp-json\/wp\/v2\/colecciones?post=30747"},{"taxonomy":"product_brand","embeddable":true,"href":"https:\/\/walkingmum.com\/it\/wp-json\/wp\/v2\/product_brand?post=30747"},{"taxonomy":"product_cat","embeddable":true,"href":"https:\/\/walkingmum.com\/it\/wp-json\/wp\/v2\/product_cat?post=30747"},{"taxonomy":"product_tag","embeddable":true,"href":"https:\/\/walkingmum.com\/it\/wp-json\/wp\/v2\/product_tag?post=30747"}],"curies":[{"name":"wp","href":"https:\/\/api.w.org\/{rel}","templated":true}]}}