{"id":30733,"date":"2025-04-07T08:18:03","date_gmt":"2025-04-07T08:19:56","guid":{"rendered":"https:\/\/walkingmum.com\/?post_type=product&#038;p=30733"},"modified":"2025-04-07T08:19:56","modified_gmt":"2025-04-07T08:19:56","slug":"copertura-per-carrozzina-con-elastici-lenzuolo-con-angoli-per-carrozzina-sintra-biege","status":"publish","type":"product","link":"https:\/\/walkingmum.com\/it\/prodotto\/copertura-per-carrozzina-con-elastici-lenzuolo-con-angoli-per-carrozzina-sintra-biege\/","title":{"rendered":"COPERTURA PER CARROZZINA CON ELASTICI + LENZUOLO CON ANGOLI PER CARROZZINA SINTRA BIEGE"},"content":{"rendered":"<p>La copertina per navicella Sintra beige con angoli e lenzuolino con cuori ricamati \u00e8 il complemento perfetto per donare morbidezza ed eleganza alla navicella del vostro bambino. Realizzata in mussola di cotone al 100%, garantisce un tocco delicato e traspirante, ideale per la pelle sensibile dei neonati. La copertina per navicella con angili si adatta perfettamente alla navicella. Il suo design regolabile con elastici garantisce una perfetta aderenza alla navicella, offrendo una finitura avvolgente e sicura, con un&#8217;incantevole stampa floreale in tonalit\u00e0 neutre. Il lenzuolino, realizzato in mussola di cotone al 100%, offre un&#8217;eccezionale morbidezza e un&#8217;ottima traspirabilit\u00e0, garantendo il comfort del bambino in ogni momento. Compatibile con la maggior parte delle culle. Questo set \u00e8 ideale per mantenere il bambino comodo e protetto.  Realizzato con materiali resistenti e facile da pulire a mano o in lavatrice a 30\u00b0C. Walking Mum protegge il vostro bambino utilizzando i migliori tessuti, privi di coloranti azoici e di sostanze nocive per la salute. La nostra collezione Walking Mum \u00e8 disegnata con una particolare impronta di stile urbano e moderno che non passa inosservata, per vestire diversamente le passeggiate con il vostro bambino. Gli accessori premaman di questa linea sono pi\u00f9 sportivi e pratici, pensati soprattutto per le mamme e i pap\u00e0 moderni che apprezzano i design pi\u00f9 attuali e di tendenza senza trascurare la qualit\u00e0 e la funzionalit\u00e0 dei prodotti che completano e rendono pi\u00f9 confortevoli tutte le passeggiate con il proprio bambino. Specifiche: Materiali: 100% cotone. Taglie: Universale.<\/p>\n","protected":false},"excerpt":{"rendered":"<p>La copertina per navicella Sintra beige con angoli e lenzuolino con cuori ricamati \u00e8 il complemento perfetto per donare morbidezza ed eleganza alla navicella del vostro bambino. Realizzata in mussola di cotone al 100%, garantisce un tocco delicato e traspirante, ideale per la pelle sensibile dei neonati. La copertina per navicella con angili si adatta [&hellip;]<\/p>\n","protected":false},"featured_media":30015,"comment_status":"closed","ping_status":"closed","template":"","meta":{"_acf_changed":false,"inline_featured_image":false},"colecciones":[392],"product_brand":[],"product_cat":[143],"product_tag":[],"class_list":{"0":"post-30733","1":"product","2":"type-product","3":"status-publish","4":"has-post-thumbnail","6":"colecciones-collezione-sintra","7":"product_cat-coprigambe-e-sacchi-per-carrozzine","9":"first","10":"instock","11":"purchasable","12":"product-type-simple"},"acf":[],"yoast_head":"<!-- This site is optimized with the Yoast SEO plugin v27.4 - https:\/\/yoast.com\/product\/yoast-seo-wordpress\/ -->\n<title>COPERTURA PER CARROZZINA CON ELASTICI + LENZUOLO CON ANGOLI PER CARROZZINA SINTRA BIEGE - Walking Mum<\/title>\n<meta name=\"robots\" content=\"index, follow, max-snippet:-1, max-image-preview:large, max-video-preview:-1\" \/>\n<link rel=\"canonical\" href=\"https:\/\/walkingmum.com\/it\/prodotto\/copertura-per-carrozzina-con-elastici-lenzuolo-con-angoli-per-carrozzina-sintra-biege\/\" \/>\n<meta property=\"og:locale\" content=\"it_IT\" \/>\n<meta property=\"og:type\" content=\"article\" \/>\n<meta property=\"og:title\" content=\"COPERTURA PER CARROZZINA CON ELASTICI + LENZUOLO CON ANGOLI PER CARROZZINA SINTRA BIEGE - Walking Mum\" \/>\n<meta property=\"og:description\" content=\"La copertina per navicella Sintra beige con angoli e lenzuolino con cuori ricamati \u00e8 il complemento perfetto per donare morbidezza ed eleganza alla navicella del vostro bambino. Realizzata in mussola di cotone al 100%, garantisce un tocco delicato e traspirante, ideale per la pelle sensibile dei neonati. La copertina per navicella con angili si adatta [&hellip;]\" \/>\n<meta property=\"og:url\" content=\"https:\/\/walkingmum.com\/it\/prodotto\/copertura-per-carrozzina-con-elastici-lenzuolo-con-angoli-per-carrozzina-sintra-biege\/\" \/>\n<meta property=\"og:site_name\" content=\"Walking Mum\" \/>\n<meta property=\"og:image\" content=\"https:\/\/walkingmum.com\/wp-content\/uploads\/2025\/04\/1120800535_a-1.jpg\" \/>\n\t<meta property=\"og:image:width\" content=\"900\" \/>\n\t<meta property=\"og:image:height\" content=\"900\" \/>\n\t<meta property=\"og:image:type\" content=\"image\/jpeg\" \/>\n<meta name=\"twitter:card\" content=\"summary_large_image\" \/>\n<meta name=\"twitter:label1\" content=\"Tempo di lettura stimato\" \/>\n\t<meta name=\"twitter:data1\" content=\"1 minuto\" \/>\n<script type=\"application\/ld+json\" class=\"yoast-schema-graph\">{\"@context\":\"https:\\\/\\\/schema.org\",\"@graph\":[{\"@type\":\"WebPage\",\"@id\":\"https:\\\/\\\/walkingmum.com\\\/it\\\/prodotto\\\/copertura-per-carrozzina-con-elastici-lenzuolo-con-angoli-per-carrozzina-sintra-biege\\\/\",\"url\":\"https:\\\/\\\/walkingmum.com\\\/it\\\/prodotto\\\/copertura-per-carrozzina-con-elastici-lenzuolo-con-angoli-per-carrozzina-sintra-biege\\\/\",\"name\":\"COPERTURA PER CARROZZINA CON ELASTICI + LENZUOLO CON ANGOLI PER CARROZZINA SINTRA BIEGE - Walking Mum\",\"isPartOf\":{\"@id\":\"https:\\\/\\\/walkingmum.com\\\/#website\"},\"primaryImageOfPage\":{\"@id\":\"https:\\\/\\\/walkingmum.com\\\/it\\\/prodotto\\\/copertura-per-carrozzina-con-elastici-lenzuolo-con-angoli-per-carrozzina-sintra-biege\\\/#primaryimage\"},\"image\":{\"@id\":\"https:\\\/\\\/walkingmum.com\\\/it\\\/prodotto\\\/copertura-per-carrozzina-con-elastici-lenzuolo-con-angoli-per-carrozzina-sintra-biege\\\/#primaryimage\"},\"thumbnailUrl\":\"https:\\\/\\\/walkingmum.com\\\/wp-content\\\/uploads\\\/2025\\\/04\\\/1120800535_a-1.jpg\",\"datePublished\":\"2025-04-07T08:19:56+00:00\",\"breadcrumb\":{\"@id\":\"https:\\\/\\\/walkingmum.com\\\/it\\\/prodotto\\\/copertura-per-carrozzina-con-elastici-lenzuolo-con-angoli-per-carrozzina-sintra-biege\\\/#breadcrumb\"},\"inLanguage\":\"it-IT\",\"potentialAction\":[{\"@type\":\"ReadAction\",\"target\":[\"https:\\\/\\\/walkingmum.com\\\/it\\\/prodotto\\\/copertura-per-carrozzina-con-elastici-lenzuolo-con-angoli-per-carrozzina-sintra-biege\\\/\"]}]},{\"@type\":\"ImageObject\",\"inLanguage\":\"it-IT\",\"@id\":\"https:\\\/\\\/walkingmum.com\\\/it\\\/prodotto\\\/copertura-per-carrozzina-con-elastici-lenzuolo-con-angoli-per-carrozzina-sintra-biege\\\/#primaryimage\",\"url\":\"https:\\\/\\\/walkingmum.com\\\/wp-content\\\/uploads\\\/2025\\\/04\\\/1120800535_a-1.jpg\",\"contentUrl\":\"https:\\\/\\\/walkingmum.com\\\/wp-content\\\/uploads\\\/2025\\\/04\\\/1120800535_a-1.jpg\",\"width\":900,\"height\":900},{\"@type\":\"BreadcrumbList\",\"@id\":\"https:\\\/\\\/walkingmum.com\\\/it\\\/prodotto\\\/copertura-per-carrozzina-con-elastici-lenzuolo-con-angoli-per-carrozzina-sintra-biege\\\/#breadcrumb\",\"itemListElement\":[{\"@type\":\"ListItem\",\"position\":1,\"name\":\"Portada\",\"item\":\"https:\\\/\\\/walkingmum.com\\\/it\\\/\"},{\"@type\":\"ListItem\",\"position\":2,\"name\":\"Tienda\",\"item\":\"https:\\\/\\\/walkingmum.com\\\/tienda\\\/\"},{\"@type\":\"ListItem\",\"position\":3,\"name\":\"COPERTURA PER CARROZZINA CON ELASTICI + LENZUOLO CON ANGOLI PER CARROZZINA SINTRA BIEGE\"}]},{\"@type\":\"WebSite\",\"@id\":\"https:\\\/\\\/walkingmum.com\\\/#website\",\"url\":\"https:\\\/\\\/walkingmum.com\\\/\",\"name\":\"Walking Mum\",\"description\":\"La marca para beb\u00e9s modernos\",\"potentialAction\":[{\"@type\":\"SearchAction\",\"target\":{\"@type\":\"EntryPoint\",\"urlTemplate\":\"https:\\\/\\\/walkingmum.com\\\/?s={search_term_string}\"},\"query-input\":{\"@type\":\"PropertyValueSpecification\",\"valueRequired\":true,\"valueName\":\"search_term_string\"}}],\"inLanguage\":\"it-IT\"}]}<\/script>\n<!-- \/ Yoast SEO plugin. -->","yoast_head_json":{"title":"COPERTURA PER CARROZZINA CON ELASTICI + LENZUOLO CON ANGOLI PER CARROZZINA SINTRA BIEGE - Walking Mum","robots":{"index":"index","follow":"follow","max-snippet":"max-snippet:-1","max-image-preview":"max-image-preview:large","max-video-preview":"max-video-preview:-1"},"canonical":"https:\/\/walkingmum.com\/it\/prodotto\/copertura-per-carrozzina-con-elastici-lenzuolo-con-angoli-per-carrozzina-sintra-biege\/","og_locale":"it_IT","og_type":"article","og_title":"COPERTURA PER CARROZZINA CON ELASTICI + LENZUOLO CON ANGOLI PER CARROZZINA SINTRA BIEGE - Walking Mum","og_description":"La copertina per navicella Sintra beige con angoli e lenzuolino con cuori ricamati \u00e8 il complemento perfetto per donare morbidezza ed eleganza alla navicella del vostro bambino. Realizzata in mussola di cotone al 100%, garantisce un tocco delicato e traspirante, ideale per la pelle sensibile dei neonati. La copertina per navicella con angili si adatta [&hellip;]","og_url":"https:\/\/walkingmum.com\/it\/prodotto\/copertura-per-carrozzina-con-elastici-lenzuolo-con-angoli-per-carrozzina-sintra-biege\/","og_site_name":"Walking Mum","og_image":[{"width":900,"height":900,"url":"https:\/\/walkingmum.com\/wp-content\/uploads\/2025\/04\/1120800535_a-1.jpg","type":"image\/jpeg"}],"twitter_card":"summary_large_image","twitter_misc":{"Tempo di lettura stimato":"1 minuto"},"schema":{"@context":"https:\/\/schema.org","@graph":[{"@type":"WebPage","@id":"https:\/\/walkingmum.com\/it\/prodotto\/copertura-per-carrozzina-con-elastici-lenzuolo-con-angoli-per-carrozzina-sintra-biege\/","url":"https:\/\/walkingmum.com\/it\/prodotto\/copertura-per-carrozzina-con-elastici-lenzuolo-con-angoli-per-carrozzina-sintra-biege\/","name":"COPERTURA PER CARROZZINA CON ELASTICI + LENZUOLO CON ANGOLI PER CARROZZINA SINTRA BIEGE - Walking Mum","isPartOf":{"@id":"https:\/\/walkingmum.com\/#website"},"primaryImageOfPage":{"@id":"https:\/\/walkingmum.com\/it\/prodotto\/copertura-per-carrozzina-con-elastici-lenzuolo-con-angoli-per-carrozzina-sintra-biege\/#primaryimage"},"image":{"@id":"https:\/\/walkingmum.com\/it\/prodotto\/copertura-per-carrozzina-con-elastici-lenzuolo-con-angoli-per-carrozzina-sintra-biege\/#primaryimage"},"thumbnailUrl":"https:\/\/walkingmum.com\/wp-content\/uploads\/2025\/04\/1120800535_a-1.jpg","datePublished":"2025-04-07T08:19:56+00:00","breadcrumb":{"@id":"https:\/\/walkingmum.com\/it\/prodotto\/copertura-per-carrozzina-con-elastici-lenzuolo-con-angoli-per-carrozzina-sintra-biege\/#breadcrumb"},"inLanguage":"it-IT","potentialAction":[{"@type":"ReadAction","target":["https:\/\/walkingmum.com\/it\/prodotto\/copertura-per-carrozzina-con-elastici-lenzuolo-con-angoli-per-carrozzina-sintra-biege\/"]}]},{"@type":"ImageObject","inLanguage":"it-IT","@id":"https:\/\/walkingmum.com\/it\/prodotto\/copertura-per-carrozzina-con-elastici-lenzuolo-con-angoli-per-carrozzina-sintra-biege\/#primaryimage","url":"https:\/\/walkingmum.com\/wp-content\/uploads\/2025\/04\/1120800535_a-1.jpg","contentUrl":"https:\/\/walkingmum.com\/wp-content\/uploads\/2025\/04\/1120800535_a-1.jpg","width":900,"height":900},{"@type":"BreadcrumbList","@id":"https:\/\/walkingmum.com\/it\/prodotto\/copertura-per-carrozzina-con-elastici-lenzuolo-con-angoli-per-carrozzina-sintra-biege\/#breadcrumb","itemListElement":[{"@type":"ListItem","position":1,"name":"Portada","item":"https:\/\/walkingmum.com\/it\/"},{"@type":"ListItem","position":2,"name":"Tienda","item":"https:\/\/walkingmum.com\/tienda\/"},{"@type":"ListItem","position":3,"name":"COPERTURA PER CARROZZINA CON ELASTICI + LENZUOLO CON ANGOLI PER CARROZZINA SINTRA BIEGE"}]},{"@type":"WebSite","@id":"https:\/\/walkingmum.com\/#website","url":"https:\/\/walkingmum.com\/","name":"Walking Mum","description":"La marca para beb\u00e9s modernos","potentialAction":[{"@type":"SearchAction","target":{"@type":"EntryPoint","urlTemplate":"https:\/\/walkingmum.com\/?s={search_term_string}"},"query-input":{"@type":"PropertyValueSpecification","valueRequired":true,"valueName":"search_term_string"}}],"inLanguage":"it-IT"}]}},"_links":{"self":[{"href":"https:\/\/walkingmum.com\/it\/wp-json\/wp\/v2\/product\/30733","targetHints":{"allow":["GET"]}}],"collection":[{"href":"https:\/\/walkingmum.com\/it\/wp-json\/wp\/v2\/product"}],"about":[{"href":"https:\/\/walkingmum.com\/it\/wp-json\/wp\/v2\/types\/product"}],"replies":[{"embeddable":true,"href":"https:\/\/walkingmum.com\/it\/wp-json\/wp\/v2\/comments?post=30733"}],"wp:featuredmedia":[{"embeddable":true,"href":"https:\/\/walkingmum.com\/it\/wp-json\/wp\/v2\/media\/30015"}],"wp:attachment":[{"href":"https:\/\/walkingmum.com\/it\/wp-json\/wp\/v2\/media?parent=30733"}],"wp:term":[{"taxonomy":"colecciones","embeddable":true,"href":"https:\/\/walkingmum.com\/it\/wp-json\/wp\/v2\/colecciones?post=30733"},{"taxonomy":"product_brand","embeddable":true,"href":"https:\/\/walkingmum.com\/it\/wp-json\/wp\/v2\/product_brand?post=30733"},{"taxonomy":"product_cat","embeddable":true,"href":"https:\/\/walkingmum.com\/it\/wp-json\/wp\/v2\/product_cat?post=30733"},{"taxonomy":"product_tag","embeddable":true,"href":"https:\/\/walkingmum.com\/it\/wp-json\/wp\/v2\/product_tag?post=30733"}],"curies":[{"name":"wp","href":"https:\/\/api.w.org\/{rel}","templated":true}]}}