{"id":30718,"date":"2025-04-07T08:18:08","date_gmt":"2025-04-07T08:19:52","guid":{"rendered":"https:\/\/walkingmum.com\/?post_type=product&#038;p=30718"},"modified":"2025-04-07T08:19:52","modified_gmt":"2025-04-07T08:19:52","slug":"beauty-sintra-verde","status":"publish","type":"product","link":"https:\/\/walkingmum.com\/it\/prodotto\/beauty-sintra-verde\/","title":{"rendered":"BEAUTY SINTRA VERDE"},"content":{"rendered":"<p>Il beauty Sintra a righe verde \u00e8 una borsa appositamente progettata per trasportare tutti gli articoli da toilette dei bambini quando si esce di casa. Si tratta di un modello moderno con molto stile per adattarsi a ci\u00f2 che serve. Il suo design rettangolare, semplice e comodo, offre comfort grazie alla sua distribuzione con diversi scomparti per trasportare tutti gli articoli da toilette del bambino che, essendo cos\u00ec piccoli, a volte si perdono all&#8217;interno della borsa del corredino; qui \u00e8 possibile averli tutti in ordine e sempre a portata di mano. Ha una chiusura a zip sicura per evitare che qualcosa scivoli fuori. Alta qualit\u00e0 e stile. Realizzata in materiale resistente e facile da pulire a mano o in lavatrice a 30\u00b0C. Walking Mum protegge il vostro bambino utilizzando i migliori tessuti, privi di coloranti azoici e di sostanze nocive per la salute. La nostra collezione Walking Mum mantiene tutta la qualit\u00e0 del marchio Pasito a Pasito ma con una particolare impronta di stile urbano e moderno che non passa inosservato, per vestire in modo diverso le passeggiate con il vostro bambino. Gli accessori di questa linea sono pi\u00f9 sportivi e pratici, pensati appositamente per le mamme moderne che apprezzano i design pi\u00f9 attuali e di tendenza senza trascurare la qualit\u00e0 e la funzionalit\u00e0 degli accessori che rendono pi\u00f9 confortevoli le passeggiate con i loro bambini. Specifiche: Materiali: 65% cotone \/35% poliestere plastificato. Misure: 27X19X11 cm.<\/p>\n","protected":false},"excerpt":{"rendered":"<p>Il beauty Sintra a righe verde \u00e8 una borsa appositamente progettata per trasportare tutti gli articoli da toilette dei bambini quando si esce di casa. Si tratta di un modello moderno con molto stile per adattarsi a ci\u00f2 che serve. Il suo design rettangolare, semplice e comodo, offre comfort grazie alla sua distribuzione con diversi [&hellip;]<\/p>\n","protected":false},"featured_media":29739,"comment_status":"closed","ping_status":"closed","template":"","meta":{"_acf_changed":false,"inline_featured_image":false},"colecciones":[392],"product_brand":[],"product_cat":[137],"product_tag":[],"class_list":{"0":"post-30718","1":"product","2":"type-product","3":"status-publish","4":"has-post-thumbnail","6":"colecciones-collezione-sintra","7":"product_cat-accessori","9":"first","10":"instock","11":"purchasable","12":"product-type-simple"},"acf":[],"yoast_head":"<!-- This site is optimized with the Yoast SEO plugin v27.4 - https:\/\/yoast.com\/product\/yoast-seo-wordpress\/ -->\n<title>BEAUTY SINTRA VERDE - Walking Mum<\/title>\n<meta name=\"robots\" content=\"index, follow, max-snippet:-1, max-image-preview:large, max-video-preview:-1\" \/>\n<link rel=\"canonical\" href=\"https:\/\/walkingmum.com\/it\/prodotto\/beauty-sintra-verde\/\" \/>\n<meta property=\"og:locale\" content=\"it_IT\" \/>\n<meta property=\"og:type\" content=\"article\" \/>\n<meta property=\"og:title\" content=\"BEAUTY SINTRA VERDE - Walking Mum\" \/>\n<meta property=\"og:description\" content=\"Il beauty Sintra a righe verde \u00e8 una borsa appositamente progettata per trasportare tutti gli articoli da toilette dei bambini quando si esce di casa. Si tratta di un modello moderno con molto stile per adattarsi a ci\u00f2 che serve. Il suo design rettangolare, semplice e comodo, offre comfort grazie alla sua distribuzione con diversi [&hellip;]\" \/>\n<meta property=\"og:url\" content=\"https:\/\/walkingmum.com\/it\/prodotto\/beauty-sintra-verde\/\" \/>\n<meta property=\"og:site_name\" content=\"Walking Mum\" \/>\n<meta property=\"og:image\" content=\"https:\/\/walkingmum.com\/wp-content\/uploads\/2025\/04\/1120800520_a-1.jpg\" \/>\n\t<meta property=\"og:image:width\" content=\"900\" \/>\n\t<meta property=\"og:image:height\" content=\"900\" \/>\n\t<meta property=\"og:image:type\" content=\"image\/jpeg\" \/>\n<meta name=\"twitter:card\" content=\"summary_large_image\" \/>\n<meta name=\"twitter:label1\" content=\"Tempo di lettura stimato\" \/>\n\t<meta name=\"twitter:data1\" content=\"1 minuto\" \/>\n<script type=\"application\/ld+json\" class=\"yoast-schema-graph\">{\"@context\":\"https:\\\/\\\/schema.org\",\"@graph\":[{\"@type\":\"WebPage\",\"@id\":\"https:\\\/\\\/walkingmum.com\\\/it\\\/prodotto\\\/beauty-sintra-verde\\\/\",\"url\":\"https:\\\/\\\/walkingmum.com\\\/it\\\/prodotto\\\/beauty-sintra-verde\\\/\",\"name\":\"BEAUTY SINTRA VERDE - Walking Mum\",\"isPartOf\":{\"@id\":\"https:\\\/\\\/walkingmum.com\\\/#website\"},\"primaryImageOfPage\":{\"@id\":\"https:\\\/\\\/walkingmum.com\\\/it\\\/prodotto\\\/beauty-sintra-verde\\\/#primaryimage\"},\"image\":{\"@id\":\"https:\\\/\\\/walkingmum.com\\\/it\\\/prodotto\\\/beauty-sintra-verde\\\/#primaryimage\"},\"thumbnailUrl\":\"https:\\\/\\\/walkingmum.com\\\/wp-content\\\/uploads\\\/2025\\\/04\\\/1120800520_a-1.jpg\",\"datePublished\":\"2025-04-07T08:19:52+00:00\",\"breadcrumb\":{\"@id\":\"https:\\\/\\\/walkingmum.com\\\/it\\\/prodotto\\\/beauty-sintra-verde\\\/#breadcrumb\"},\"inLanguage\":\"it-IT\",\"potentialAction\":[{\"@type\":\"ReadAction\",\"target\":[\"https:\\\/\\\/walkingmum.com\\\/it\\\/prodotto\\\/beauty-sintra-verde\\\/\"]}]},{\"@type\":\"ImageObject\",\"inLanguage\":\"it-IT\",\"@id\":\"https:\\\/\\\/walkingmum.com\\\/it\\\/prodotto\\\/beauty-sintra-verde\\\/#primaryimage\",\"url\":\"https:\\\/\\\/walkingmum.com\\\/wp-content\\\/uploads\\\/2025\\\/04\\\/1120800520_a-1.jpg\",\"contentUrl\":\"https:\\\/\\\/walkingmum.com\\\/wp-content\\\/uploads\\\/2025\\\/04\\\/1120800520_a-1.jpg\",\"width\":900,\"height\":900},{\"@type\":\"BreadcrumbList\",\"@id\":\"https:\\\/\\\/walkingmum.com\\\/it\\\/prodotto\\\/beauty-sintra-verde\\\/#breadcrumb\",\"itemListElement\":[{\"@type\":\"ListItem\",\"position\":1,\"name\":\"Portada\",\"item\":\"https:\\\/\\\/walkingmum.com\\\/it\\\/\"},{\"@type\":\"ListItem\",\"position\":2,\"name\":\"Tienda\",\"item\":\"https:\\\/\\\/walkingmum.com\\\/tienda\\\/\"},{\"@type\":\"ListItem\",\"position\":3,\"name\":\"BEAUTY SINTRA VERDE\"}]},{\"@type\":\"WebSite\",\"@id\":\"https:\\\/\\\/walkingmum.com\\\/#website\",\"url\":\"https:\\\/\\\/walkingmum.com\\\/\",\"name\":\"Walking Mum\",\"description\":\"La marca para beb\u00e9s modernos\",\"potentialAction\":[{\"@type\":\"SearchAction\",\"target\":{\"@type\":\"EntryPoint\",\"urlTemplate\":\"https:\\\/\\\/walkingmum.com\\\/?s={search_term_string}\"},\"query-input\":{\"@type\":\"PropertyValueSpecification\",\"valueRequired\":true,\"valueName\":\"search_term_string\"}}],\"inLanguage\":\"it-IT\"}]}<\/script>\n<!-- \/ Yoast SEO plugin. -->","yoast_head_json":{"title":"BEAUTY SINTRA VERDE - Walking Mum","robots":{"index":"index","follow":"follow","max-snippet":"max-snippet:-1","max-image-preview":"max-image-preview:large","max-video-preview":"max-video-preview:-1"},"canonical":"https:\/\/walkingmum.com\/it\/prodotto\/beauty-sintra-verde\/","og_locale":"it_IT","og_type":"article","og_title":"BEAUTY SINTRA VERDE - Walking Mum","og_description":"Il beauty Sintra a righe verde \u00e8 una borsa appositamente progettata per trasportare tutti gli articoli da toilette dei bambini quando si esce di casa. Si tratta di un modello moderno con molto stile per adattarsi a ci\u00f2 che serve. Il suo design rettangolare, semplice e comodo, offre comfort grazie alla sua distribuzione con diversi [&hellip;]","og_url":"https:\/\/walkingmum.com\/it\/prodotto\/beauty-sintra-verde\/","og_site_name":"Walking Mum","og_image":[{"width":900,"height":900,"url":"https:\/\/walkingmum.com\/wp-content\/uploads\/2025\/04\/1120800520_a-1.jpg","type":"image\/jpeg"}],"twitter_card":"summary_large_image","twitter_misc":{"Tempo di lettura stimato":"1 minuto"},"schema":{"@context":"https:\/\/schema.org","@graph":[{"@type":"WebPage","@id":"https:\/\/walkingmum.com\/it\/prodotto\/beauty-sintra-verde\/","url":"https:\/\/walkingmum.com\/it\/prodotto\/beauty-sintra-verde\/","name":"BEAUTY SINTRA VERDE - Walking Mum","isPartOf":{"@id":"https:\/\/walkingmum.com\/#website"},"primaryImageOfPage":{"@id":"https:\/\/walkingmum.com\/it\/prodotto\/beauty-sintra-verde\/#primaryimage"},"image":{"@id":"https:\/\/walkingmum.com\/it\/prodotto\/beauty-sintra-verde\/#primaryimage"},"thumbnailUrl":"https:\/\/walkingmum.com\/wp-content\/uploads\/2025\/04\/1120800520_a-1.jpg","datePublished":"2025-04-07T08:19:52+00:00","breadcrumb":{"@id":"https:\/\/walkingmum.com\/it\/prodotto\/beauty-sintra-verde\/#breadcrumb"},"inLanguage":"it-IT","potentialAction":[{"@type":"ReadAction","target":["https:\/\/walkingmum.com\/it\/prodotto\/beauty-sintra-verde\/"]}]},{"@type":"ImageObject","inLanguage":"it-IT","@id":"https:\/\/walkingmum.com\/it\/prodotto\/beauty-sintra-verde\/#primaryimage","url":"https:\/\/walkingmum.com\/wp-content\/uploads\/2025\/04\/1120800520_a-1.jpg","contentUrl":"https:\/\/walkingmum.com\/wp-content\/uploads\/2025\/04\/1120800520_a-1.jpg","width":900,"height":900},{"@type":"BreadcrumbList","@id":"https:\/\/walkingmum.com\/it\/prodotto\/beauty-sintra-verde\/#breadcrumb","itemListElement":[{"@type":"ListItem","position":1,"name":"Portada","item":"https:\/\/walkingmum.com\/it\/"},{"@type":"ListItem","position":2,"name":"Tienda","item":"https:\/\/walkingmum.com\/tienda\/"},{"@type":"ListItem","position":3,"name":"BEAUTY SINTRA VERDE"}]},{"@type":"WebSite","@id":"https:\/\/walkingmum.com\/#website","url":"https:\/\/walkingmum.com\/","name":"Walking Mum","description":"La marca para beb\u00e9s modernos","potentialAction":[{"@type":"SearchAction","target":{"@type":"EntryPoint","urlTemplate":"https:\/\/walkingmum.com\/?s={search_term_string}"},"query-input":{"@type":"PropertyValueSpecification","valueRequired":true,"valueName":"search_term_string"}}],"inLanguage":"it-IT"}]}},"_links":{"self":[{"href":"https:\/\/walkingmum.com\/it\/wp-json\/wp\/v2\/product\/30718","targetHints":{"allow":["GET"]}}],"collection":[{"href":"https:\/\/walkingmum.com\/it\/wp-json\/wp\/v2\/product"}],"about":[{"href":"https:\/\/walkingmum.com\/it\/wp-json\/wp\/v2\/types\/product"}],"replies":[{"embeddable":true,"href":"https:\/\/walkingmum.com\/it\/wp-json\/wp\/v2\/comments?post=30718"}],"wp:featuredmedia":[{"embeddable":true,"href":"https:\/\/walkingmum.com\/it\/wp-json\/wp\/v2\/media\/29739"}],"wp:attachment":[{"href":"https:\/\/walkingmum.com\/it\/wp-json\/wp\/v2\/media?parent=30718"}],"wp:term":[{"taxonomy":"colecciones","embeddable":true,"href":"https:\/\/walkingmum.com\/it\/wp-json\/wp\/v2\/colecciones?post=30718"},{"taxonomy":"product_brand","embeddable":true,"href":"https:\/\/walkingmum.com\/it\/wp-json\/wp\/v2\/product_brand?post=30718"},{"taxonomy":"product_cat","embeddable":true,"href":"https:\/\/walkingmum.com\/it\/wp-json\/wp\/v2\/product_cat?post=30718"},{"taxonomy":"product_tag","embeddable":true,"href":"https:\/\/walkingmum.com\/it\/wp-json\/wp\/v2\/product_tag?post=30718"}],"curies":[{"name":"wp","href":"https:\/\/api.w.org\/{rel}","templated":true}]}}