{"id":30716,"date":"2025-04-07T08:18:12","date_gmt":"2025-04-07T08:19:51","guid":{"rendered":"https:\/\/walkingmum.com\/?post_type=product&#038;p=30716"},"modified":"2025-04-07T08:19:51","modified_gmt":"2025-04-07T08:19:51","slug":"fasciatoio-sintra-verde","status":"publish","type":"product","link":"https:\/\/walkingmum.com\/it\/prodotto\/fasciatoio-sintra-verde\/","title":{"rendered":"FASCIATOIO SINTRA VERDE"},"content":{"rendered":"<p>Il fasciatoio Sintra a righe verde \u00e8 un modello molto comodo, pratico e facile da trasportare. Un modello appositamente progettato per essere utilizzato quando si deve cambiare il bambino ed \u00e8 pieghevole per renderlo facile da portare in giro. \u00c8 un design casual, elegante e funzionale che si presenta in formato pieghevole per renderlo completamente portatile senza occupare molto spazio in qualsiasi borsa in cui lo si riponga. \u00c8 dotato di cinghie che lo tengono chiuso per ridurne l&#8217;ingombro e permettervi di trasportarlo nella vostra borsa premaman. Il fasciatoio \u00e8 dotato di una fodera interna imbottita e impermeabile che consente di pulirlo facilmente una volta terminato l&#8217;utilizzo e di evitare la formazione di odori all&#8217;interno. Alta qualit\u00e0 e stile. Realizzato in materiale resistente e facile da pulire. Walking Mum protegge il vostro bambino utilizzando i migliori tessuti, privi di coloranti azoici e di sostanze nocive per la salute. La nostra collezione Walking Mum mantiene tutta la qualit\u00e0 del marchio Pasito a Pasito ma con una particolare impronta di stile urbano e moderno che non passa inosservato, per vestire in modo diverso le passeggiate con il vostro bambino. Gli accessori premaman di questa linea sono pi\u00f9 sportivi e pratici, pensati appositamente per le mamme e i pap\u00e0 moderni che apprezzano i design pi\u00f9 attuali e di tendenza senza trascurare la qualit\u00e0 e la funzionalit\u00e0 degli accessori che rendono pi\u00f9 confortevoli le passeggiate con i loro bambini. Specifiche: Materiali: 65% cotone \/35% poliestere plastificato. Misure: 33X66X1 cm.<\/p>\n","protected":false},"excerpt":{"rendered":"<p>Il fasciatoio Sintra a righe verde \u00e8 un modello molto comodo, pratico e facile da trasportare. Un modello appositamente progettato per essere utilizzato quando si deve cambiare il bambino ed \u00e8 pieghevole per renderlo facile da portare in giro. \u00c8 un design casual, elegante e funzionale che si presenta in formato pieghevole per renderlo completamente [&hellip;]<\/p>\n","protected":false},"featured_media":29711,"comment_status":"closed","ping_status":"closed","template":"","meta":{"_acf_changed":false,"inline_featured_image":false},"colecciones":[392],"product_brand":[],"product_cat":[137],"product_tag":[],"class_list":{"0":"post-30716","1":"product","2":"type-product","3":"status-publish","4":"has-post-thumbnail","6":"colecciones-collezione-sintra","7":"product_cat-accessori","9":"first","10":"instock","11":"purchasable","12":"product-type-simple"},"acf":[],"yoast_head":"<!-- This site is optimized with the Yoast SEO plugin v27.4 - https:\/\/yoast.com\/product\/yoast-seo-wordpress\/ -->\n<title>FASCIATOIO SINTRA VERDE - Walking Mum<\/title>\n<meta name=\"robots\" content=\"index, follow, max-snippet:-1, max-image-preview:large, max-video-preview:-1\" \/>\n<link rel=\"canonical\" href=\"https:\/\/walkingmum.com\/it\/prodotto\/fasciatoio-sintra-verde\/\" \/>\n<meta property=\"og:locale\" content=\"it_IT\" \/>\n<meta property=\"og:type\" content=\"article\" \/>\n<meta property=\"og:title\" content=\"FASCIATOIO SINTRA VERDE - Walking Mum\" \/>\n<meta property=\"og:description\" content=\"Il fasciatoio Sintra a righe verde \u00e8 un modello molto comodo, pratico e facile da trasportare. Un modello appositamente progettato per essere utilizzato quando si deve cambiare il bambino ed \u00e8 pieghevole per renderlo facile da portare in giro. \u00c8 un design casual, elegante e funzionale che si presenta in formato pieghevole per renderlo completamente [&hellip;]\" \/>\n<meta property=\"og:url\" content=\"https:\/\/walkingmum.com\/it\/prodotto\/fasciatoio-sintra-verde\/\" \/>\n<meta property=\"og:site_name\" content=\"Walking Mum\" \/>\n<meta property=\"og:image\" content=\"https:\/\/walkingmum.com\/wp-content\/uploads\/2025\/04\/1120800518_a-1.jpg\" \/>\n\t<meta property=\"og:image:width\" content=\"900\" \/>\n\t<meta property=\"og:image:height\" content=\"900\" \/>\n\t<meta property=\"og:image:type\" content=\"image\/jpeg\" \/>\n<meta name=\"twitter:card\" content=\"summary_large_image\" \/>\n<meta name=\"twitter:label1\" content=\"Tempo di lettura stimato\" \/>\n\t<meta name=\"twitter:data1\" content=\"1 minuto\" \/>\n<script type=\"application\/ld+json\" class=\"yoast-schema-graph\">{\"@context\":\"https:\\\/\\\/schema.org\",\"@graph\":[{\"@type\":\"WebPage\",\"@id\":\"https:\\\/\\\/walkingmum.com\\\/it\\\/prodotto\\\/fasciatoio-sintra-verde\\\/\",\"url\":\"https:\\\/\\\/walkingmum.com\\\/it\\\/prodotto\\\/fasciatoio-sintra-verde\\\/\",\"name\":\"FASCIATOIO SINTRA VERDE - Walking Mum\",\"isPartOf\":{\"@id\":\"https:\\\/\\\/walkingmum.com\\\/#website\"},\"primaryImageOfPage\":{\"@id\":\"https:\\\/\\\/walkingmum.com\\\/it\\\/prodotto\\\/fasciatoio-sintra-verde\\\/#primaryimage\"},\"image\":{\"@id\":\"https:\\\/\\\/walkingmum.com\\\/it\\\/prodotto\\\/fasciatoio-sintra-verde\\\/#primaryimage\"},\"thumbnailUrl\":\"https:\\\/\\\/walkingmum.com\\\/wp-content\\\/uploads\\\/2025\\\/04\\\/1120800518_a-1.jpg\",\"datePublished\":\"2025-04-07T08:19:51+00:00\",\"breadcrumb\":{\"@id\":\"https:\\\/\\\/walkingmum.com\\\/it\\\/prodotto\\\/fasciatoio-sintra-verde\\\/#breadcrumb\"},\"inLanguage\":\"it-IT\",\"potentialAction\":[{\"@type\":\"ReadAction\",\"target\":[\"https:\\\/\\\/walkingmum.com\\\/it\\\/prodotto\\\/fasciatoio-sintra-verde\\\/\"]}]},{\"@type\":\"ImageObject\",\"inLanguage\":\"it-IT\",\"@id\":\"https:\\\/\\\/walkingmum.com\\\/it\\\/prodotto\\\/fasciatoio-sintra-verde\\\/#primaryimage\",\"url\":\"https:\\\/\\\/walkingmum.com\\\/wp-content\\\/uploads\\\/2025\\\/04\\\/1120800518_a-1.jpg\",\"contentUrl\":\"https:\\\/\\\/walkingmum.com\\\/wp-content\\\/uploads\\\/2025\\\/04\\\/1120800518_a-1.jpg\",\"width\":900,\"height\":900},{\"@type\":\"BreadcrumbList\",\"@id\":\"https:\\\/\\\/walkingmum.com\\\/it\\\/prodotto\\\/fasciatoio-sintra-verde\\\/#breadcrumb\",\"itemListElement\":[{\"@type\":\"ListItem\",\"position\":1,\"name\":\"Portada\",\"item\":\"https:\\\/\\\/walkingmum.com\\\/it\\\/\"},{\"@type\":\"ListItem\",\"position\":2,\"name\":\"Tienda\",\"item\":\"https:\\\/\\\/walkingmum.com\\\/tienda\\\/\"},{\"@type\":\"ListItem\",\"position\":3,\"name\":\"FASCIATOIO SINTRA VERDE\"}]},{\"@type\":\"WebSite\",\"@id\":\"https:\\\/\\\/walkingmum.com\\\/#website\",\"url\":\"https:\\\/\\\/walkingmum.com\\\/\",\"name\":\"Walking Mum\",\"description\":\"La marca para beb\u00e9s modernos\",\"potentialAction\":[{\"@type\":\"SearchAction\",\"target\":{\"@type\":\"EntryPoint\",\"urlTemplate\":\"https:\\\/\\\/walkingmum.com\\\/?s={search_term_string}\"},\"query-input\":{\"@type\":\"PropertyValueSpecification\",\"valueRequired\":true,\"valueName\":\"search_term_string\"}}],\"inLanguage\":\"it-IT\"}]}<\/script>\n<!-- \/ Yoast SEO plugin. -->","yoast_head_json":{"title":"FASCIATOIO SINTRA VERDE - Walking Mum","robots":{"index":"index","follow":"follow","max-snippet":"max-snippet:-1","max-image-preview":"max-image-preview:large","max-video-preview":"max-video-preview:-1"},"canonical":"https:\/\/walkingmum.com\/it\/prodotto\/fasciatoio-sintra-verde\/","og_locale":"it_IT","og_type":"article","og_title":"FASCIATOIO SINTRA VERDE - Walking Mum","og_description":"Il fasciatoio Sintra a righe verde \u00e8 un modello molto comodo, pratico e facile da trasportare. Un modello appositamente progettato per essere utilizzato quando si deve cambiare il bambino ed \u00e8 pieghevole per renderlo facile da portare in giro. \u00c8 un design casual, elegante e funzionale che si presenta in formato pieghevole per renderlo completamente [&hellip;]","og_url":"https:\/\/walkingmum.com\/it\/prodotto\/fasciatoio-sintra-verde\/","og_site_name":"Walking Mum","og_image":[{"width":900,"height":900,"url":"https:\/\/walkingmum.com\/wp-content\/uploads\/2025\/04\/1120800518_a-1.jpg","type":"image\/jpeg"}],"twitter_card":"summary_large_image","twitter_misc":{"Tempo di lettura stimato":"1 minuto"},"schema":{"@context":"https:\/\/schema.org","@graph":[{"@type":"WebPage","@id":"https:\/\/walkingmum.com\/it\/prodotto\/fasciatoio-sintra-verde\/","url":"https:\/\/walkingmum.com\/it\/prodotto\/fasciatoio-sintra-verde\/","name":"FASCIATOIO SINTRA VERDE - Walking Mum","isPartOf":{"@id":"https:\/\/walkingmum.com\/#website"},"primaryImageOfPage":{"@id":"https:\/\/walkingmum.com\/it\/prodotto\/fasciatoio-sintra-verde\/#primaryimage"},"image":{"@id":"https:\/\/walkingmum.com\/it\/prodotto\/fasciatoio-sintra-verde\/#primaryimage"},"thumbnailUrl":"https:\/\/walkingmum.com\/wp-content\/uploads\/2025\/04\/1120800518_a-1.jpg","datePublished":"2025-04-07T08:19:51+00:00","breadcrumb":{"@id":"https:\/\/walkingmum.com\/it\/prodotto\/fasciatoio-sintra-verde\/#breadcrumb"},"inLanguage":"it-IT","potentialAction":[{"@type":"ReadAction","target":["https:\/\/walkingmum.com\/it\/prodotto\/fasciatoio-sintra-verde\/"]}]},{"@type":"ImageObject","inLanguage":"it-IT","@id":"https:\/\/walkingmum.com\/it\/prodotto\/fasciatoio-sintra-verde\/#primaryimage","url":"https:\/\/walkingmum.com\/wp-content\/uploads\/2025\/04\/1120800518_a-1.jpg","contentUrl":"https:\/\/walkingmum.com\/wp-content\/uploads\/2025\/04\/1120800518_a-1.jpg","width":900,"height":900},{"@type":"BreadcrumbList","@id":"https:\/\/walkingmum.com\/it\/prodotto\/fasciatoio-sintra-verde\/#breadcrumb","itemListElement":[{"@type":"ListItem","position":1,"name":"Portada","item":"https:\/\/walkingmum.com\/it\/"},{"@type":"ListItem","position":2,"name":"Tienda","item":"https:\/\/walkingmum.com\/tienda\/"},{"@type":"ListItem","position":3,"name":"FASCIATOIO SINTRA VERDE"}]},{"@type":"WebSite","@id":"https:\/\/walkingmum.com\/#website","url":"https:\/\/walkingmum.com\/","name":"Walking Mum","description":"La marca para beb\u00e9s modernos","potentialAction":[{"@type":"SearchAction","target":{"@type":"EntryPoint","urlTemplate":"https:\/\/walkingmum.com\/?s={search_term_string}"},"query-input":{"@type":"PropertyValueSpecification","valueRequired":true,"valueName":"search_term_string"}}],"inLanguage":"it-IT"}]}},"_links":{"self":[{"href":"https:\/\/walkingmum.com\/it\/wp-json\/wp\/v2\/product\/30716","targetHints":{"allow":["GET"]}}],"collection":[{"href":"https:\/\/walkingmum.com\/it\/wp-json\/wp\/v2\/product"}],"about":[{"href":"https:\/\/walkingmum.com\/it\/wp-json\/wp\/v2\/types\/product"}],"replies":[{"embeddable":true,"href":"https:\/\/walkingmum.com\/it\/wp-json\/wp\/v2\/comments?post=30716"}],"wp:featuredmedia":[{"embeddable":true,"href":"https:\/\/walkingmum.com\/it\/wp-json\/wp\/v2\/media\/29711"}],"wp:attachment":[{"href":"https:\/\/walkingmum.com\/it\/wp-json\/wp\/v2\/media?parent=30716"}],"wp:term":[{"taxonomy":"colecciones","embeddable":true,"href":"https:\/\/walkingmum.com\/it\/wp-json\/wp\/v2\/colecciones?post=30716"},{"taxonomy":"product_brand","embeddable":true,"href":"https:\/\/walkingmum.com\/it\/wp-json\/wp\/v2\/product_brand?post=30716"},{"taxonomy":"product_cat","embeddable":true,"href":"https:\/\/walkingmum.com\/it\/wp-json\/wp\/v2\/product_cat?post=30716"},{"taxonomy":"product_tag","embeddable":true,"href":"https:\/\/walkingmum.com\/it\/wp-json\/wp\/v2\/product_tag?post=30716"}],"curies":[{"name":"wp","href":"https:\/\/api.w.org\/{rel}","templated":true}]}}