{"id":30709,"date":"2025-04-07T08:18:14","date_gmt":"2025-04-07T08:19:50","guid":{"rendered":"https:\/\/walkingmum.com\/?post_type=product&#038;p=30709"},"modified":"2025-04-07T08:19:50","modified_gmt":"2025-04-07T08:19:50","slug":"zaino-sintra-biege","status":"publish","type":"product","link":"https:\/\/walkingmum.com\/it\/prodotto\/zaino-sintra-biege\/","title":{"rendered":"ZAINO SINTRA BIEGE"},"content":{"rendered":"<p>Zaino e borsa fasciatoio, due in uno, ideale per trasportare le vostre cose e quelle del vostro bambino, con stile, in tutte le vostre passeggiate. Lo zaino Sintra a righe beige \u00e8 un modello molto leggero, resistente e multifunzionale, con una grande capacit\u00e0 di trasportare tutto il necessario per le passeggiate del vostro bambino. Include un ciondolo a forma di cuore su cui \u00e8 possibile ricamare il nome del bambino per personalizzare la borsa. Il suo design offre molteplici tasche esterne e interne per tenere tutto in ordine e a portata di mano. Dispone di tasche per riporre i biberon e tenerli al sicuro, tasche elastiche per le posate, salviette, un porta borraccia e molto altro. Include un fasciatoio abbinato alla borsa premaman e una tasca laminata per riporre i vestiti bagnati e isolare l&#8217;umidit\u00e0 dal resto della borsa. Ha anche una tasca esterna per le salviette umidificate. La borsa comprende 2 manici corti regolabili che la rendono facile da agganciare a qualsiasi modello di passeggino, cinghie per le mani e cinghie imbottite da appendere alle spalle verso la schiena, senza generare disagi a causa del peso. Alta qualit\u00e0 e stile. Realizzato in materiale resistente e facile da pulire. Walking Mum protegge il vostro bambino utilizzando i migliori tessuti, privi di coloranti azoici e di sostanze nocive per la salute. La nostra collezione Walking Mum mantiene tutta la qualit\u00e0 del marchio Pasito a Pasito ma con una particolare impronta di stile urbano e moderno che non passa inosservato, per vestire in modo diverso le passeggiate con il vostro bambino. Le borse premaman di questa linea sono pi\u00f9 sportive e pratiche, pensate appositamente per le mamme e i pap\u00e0 moderni che apprezzano i design pi\u00f9 attuali e di tendenza senza trascurare la qualit\u00e0 e la funzionalit\u00e0 degli accessori che completano e rendono pi\u00f9 confortevoli le passeggiate con i loro bambini. Specifiche: Materiali: 65% cotone \/ 35% poliestere plastificato. Misure: 28X37X12 cm.<\/p>\n","protected":false},"excerpt":{"rendered":"<p>Zaino e borsa fasciatoio, due in uno, ideale per trasportare le vostre cose e quelle del vostro bambino, con stile, in tutte le vostre passeggiate. Lo zaino Sintra a righe beige \u00e8 un modello molto leggero, resistente e multifunzionale, con una grande capacit\u00e0 di trasportare tutto il necessario per le passeggiate del vostro bambino. Include [&hellip;]<\/p>\n","protected":false},"featured_media":29539,"comment_status":"closed","ping_status":"closed","template":"","meta":{"_acf_changed":false,"inline_featured_image":false},"colecciones":[392],"product_brand":[],"product_cat":[131],"product_tag":[],"class_list":{"0":"post-30709","1":"product","2":"type-product","3":"status-publish","4":"has-post-thumbnail","6":"colecciones-collezione-sintra","7":"product_cat-zaini-fasciatoio","9":"first","10":"instock","11":"purchasable","12":"product-type-simple"},"acf":[],"yoast_head":"<!-- This site is optimized with the Yoast SEO plugin v27.4 - https:\/\/yoast.com\/product\/yoast-seo-wordpress\/ -->\n<title>ZAINO SINTRA BIEGE - Walking Mum<\/title>\n<meta name=\"robots\" content=\"index, follow, max-snippet:-1, max-image-preview:large, max-video-preview:-1\" \/>\n<link rel=\"canonical\" href=\"https:\/\/walkingmum.com\/it\/prodotto\/zaino-sintra-biege\/\" \/>\n<meta property=\"og:locale\" content=\"it_IT\" \/>\n<meta property=\"og:type\" content=\"article\" \/>\n<meta property=\"og:title\" content=\"ZAINO SINTRA BIEGE - Walking Mum\" \/>\n<meta property=\"og:description\" content=\"Zaino e borsa fasciatoio, due in uno, ideale per trasportare le vostre cose e quelle del vostro bambino, con stile, in tutte le vostre passeggiate. Lo zaino Sintra a righe beige \u00e8 un modello molto leggero, resistente e multifunzionale, con una grande capacit\u00e0 di trasportare tutto il necessario per le passeggiate del vostro bambino. Include [&hellip;]\" \/>\n<meta property=\"og:url\" content=\"https:\/\/walkingmum.com\/it\/prodotto\/zaino-sintra-biege\/\" \/>\n<meta property=\"og:site_name\" content=\"Walking Mum\" \/>\n<meta property=\"og:image\" content=\"https:\/\/walkingmum.com\/wp-content\/uploads\/2025\/04\/1120800511_a-1.jpg\" \/>\n\t<meta property=\"og:image:width\" content=\"900\" \/>\n\t<meta property=\"og:image:height\" content=\"900\" \/>\n\t<meta property=\"og:image:type\" content=\"image\/jpeg\" \/>\n<meta name=\"twitter:card\" content=\"summary_large_image\" \/>\n<meta name=\"twitter:label1\" content=\"Tempo di lettura stimato\" \/>\n\t<meta name=\"twitter:data1\" content=\"2 minuti\" \/>\n<script type=\"application\/ld+json\" class=\"yoast-schema-graph\">{\"@context\":\"https:\\\/\\\/schema.org\",\"@graph\":[{\"@type\":\"WebPage\",\"@id\":\"https:\\\/\\\/walkingmum.com\\\/it\\\/prodotto\\\/zaino-sintra-biege\\\/\",\"url\":\"https:\\\/\\\/walkingmum.com\\\/it\\\/prodotto\\\/zaino-sintra-biege\\\/\",\"name\":\"ZAINO SINTRA BIEGE - Walking Mum\",\"isPartOf\":{\"@id\":\"https:\\\/\\\/walkingmum.com\\\/#website\"},\"primaryImageOfPage\":{\"@id\":\"https:\\\/\\\/walkingmum.com\\\/it\\\/prodotto\\\/zaino-sintra-biege\\\/#primaryimage\"},\"image\":{\"@id\":\"https:\\\/\\\/walkingmum.com\\\/it\\\/prodotto\\\/zaino-sintra-biege\\\/#primaryimage\"},\"thumbnailUrl\":\"https:\\\/\\\/walkingmum.com\\\/wp-content\\\/uploads\\\/2025\\\/04\\\/1120800511_a-1.jpg\",\"datePublished\":\"2025-04-07T08:19:50+00:00\",\"breadcrumb\":{\"@id\":\"https:\\\/\\\/walkingmum.com\\\/it\\\/prodotto\\\/zaino-sintra-biege\\\/#breadcrumb\"},\"inLanguage\":\"it-IT\",\"potentialAction\":[{\"@type\":\"ReadAction\",\"target\":[\"https:\\\/\\\/walkingmum.com\\\/it\\\/prodotto\\\/zaino-sintra-biege\\\/\"]}]},{\"@type\":\"ImageObject\",\"inLanguage\":\"it-IT\",\"@id\":\"https:\\\/\\\/walkingmum.com\\\/it\\\/prodotto\\\/zaino-sintra-biege\\\/#primaryimage\",\"url\":\"https:\\\/\\\/walkingmum.com\\\/wp-content\\\/uploads\\\/2025\\\/04\\\/1120800511_a-1.jpg\",\"contentUrl\":\"https:\\\/\\\/walkingmum.com\\\/wp-content\\\/uploads\\\/2025\\\/04\\\/1120800511_a-1.jpg\",\"width\":900,\"height\":900},{\"@type\":\"BreadcrumbList\",\"@id\":\"https:\\\/\\\/walkingmum.com\\\/it\\\/prodotto\\\/zaino-sintra-biege\\\/#breadcrumb\",\"itemListElement\":[{\"@type\":\"ListItem\",\"position\":1,\"name\":\"Portada\",\"item\":\"https:\\\/\\\/walkingmum.com\\\/it\\\/\"},{\"@type\":\"ListItem\",\"position\":2,\"name\":\"Tienda\",\"item\":\"https:\\\/\\\/walkingmum.com\\\/tienda\\\/\"},{\"@type\":\"ListItem\",\"position\":3,\"name\":\"ZAINO SINTRA BIEGE\"}]},{\"@type\":\"WebSite\",\"@id\":\"https:\\\/\\\/walkingmum.com\\\/#website\",\"url\":\"https:\\\/\\\/walkingmum.com\\\/\",\"name\":\"Walking Mum\",\"description\":\"La marca para beb\u00e9s modernos\",\"potentialAction\":[{\"@type\":\"SearchAction\",\"target\":{\"@type\":\"EntryPoint\",\"urlTemplate\":\"https:\\\/\\\/walkingmum.com\\\/?s={search_term_string}\"},\"query-input\":{\"@type\":\"PropertyValueSpecification\",\"valueRequired\":true,\"valueName\":\"search_term_string\"}}],\"inLanguage\":\"it-IT\"}]}<\/script>\n<!-- \/ Yoast SEO plugin. -->","yoast_head_json":{"title":"ZAINO SINTRA BIEGE - Walking Mum","robots":{"index":"index","follow":"follow","max-snippet":"max-snippet:-1","max-image-preview":"max-image-preview:large","max-video-preview":"max-video-preview:-1"},"canonical":"https:\/\/walkingmum.com\/it\/prodotto\/zaino-sintra-biege\/","og_locale":"it_IT","og_type":"article","og_title":"ZAINO SINTRA BIEGE - Walking Mum","og_description":"Zaino e borsa fasciatoio, due in uno, ideale per trasportare le vostre cose e quelle del vostro bambino, con stile, in tutte le vostre passeggiate. Lo zaino Sintra a righe beige \u00e8 un modello molto leggero, resistente e multifunzionale, con una grande capacit\u00e0 di trasportare tutto il necessario per le passeggiate del vostro bambino. Include [&hellip;]","og_url":"https:\/\/walkingmum.com\/it\/prodotto\/zaino-sintra-biege\/","og_site_name":"Walking Mum","og_image":[{"width":900,"height":900,"url":"https:\/\/walkingmum.com\/wp-content\/uploads\/2025\/04\/1120800511_a-1.jpg","type":"image\/jpeg"}],"twitter_card":"summary_large_image","twitter_misc":{"Tempo di lettura stimato":"2 minuti"},"schema":{"@context":"https:\/\/schema.org","@graph":[{"@type":"WebPage","@id":"https:\/\/walkingmum.com\/it\/prodotto\/zaino-sintra-biege\/","url":"https:\/\/walkingmum.com\/it\/prodotto\/zaino-sintra-biege\/","name":"ZAINO SINTRA BIEGE - Walking Mum","isPartOf":{"@id":"https:\/\/walkingmum.com\/#website"},"primaryImageOfPage":{"@id":"https:\/\/walkingmum.com\/it\/prodotto\/zaino-sintra-biege\/#primaryimage"},"image":{"@id":"https:\/\/walkingmum.com\/it\/prodotto\/zaino-sintra-biege\/#primaryimage"},"thumbnailUrl":"https:\/\/walkingmum.com\/wp-content\/uploads\/2025\/04\/1120800511_a-1.jpg","datePublished":"2025-04-07T08:19:50+00:00","breadcrumb":{"@id":"https:\/\/walkingmum.com\/it\/prodotto\/zaino-sintra-biege\/#breadcrumb"},"inLanguage":"it-IT","potentialAction":[{"@type":"ReadAction","target":["https:\/\/walkingmum.com\/it\/prodotto\/zaino-sintra-biege\/"]}]},{"@type":"ImageObject","inLanguage":"it-IT","@id":"https:\/\/walkingmum.com\/it\/prodotto\/zaino-sintra-biege\/#primaryimage","url":"https:\/\/walkingmum.com\/wp-content\/uploads\/2025\/04\/1120800511_a-1.jpg","contentUrl":"https:\/\/walkingmum.com\/wp-content\/uploads\/2025\/04\/1120800511_a-1.jpg","width":900,"height":900},{"@type":"BreadcrumbList","@id":"https:\/\/walkingmum.com\/it\/prodotto\/zaino-sintra-biege\/#breadcrumb","itemListElement":[{"@type":"ListItem","position":1,"name":"Portada","item":"https:\/\/walkingmum.com\/it\/"},{"@type":"ListItem","position":2,"name":"Tienda","item":"https:\/\/walkingmum.com\/tienda\/"},{"@type":"ListItem","position":3,"name":"ZAINO SINTRA BIEGE"}]},{"@type":"WebSite","@id":"https:\/\/walkingmum.com\/#website","url":"https:\/\/walkingmum.com\/","name":"Walking Mum","description":"La marca para beb\u00e9s modernos","potentialAction":[{"@type":"SearchAction","target":{"@type":"EntryPoint","urlTemplate":"https:\/\/walkingmum.com\/?s={search_term_string}"},"query-input":{"@type":"PropertyValueSpecification","valueRequired":true,"valueName":"search_term_string"}}],"inLanguage":"it-IT"}]}},"_links":{"self":[{"href":"https:\/\/walkingmum.com\/it\/wp-json\/wp\/v2\/product\/30709","targetHints":{"allow":["GET"]}}],"collection":[{"href":"https:\/\/walkingmum.com\/it\/wp-json\/wp\/v2\/product"}],"about":[{"href":"https:\/\/walkingmum.com\/it\/wp-json\/wp\/v2\/types\/product"}],"replies":[{"embeddable":true,"href":"https:\/\/walkingmum.com\/it\/wp-json\/wp\/v2\/comments?post=30709"}],"wp:featuredmedia":[{"embeddable":true,"href":"https:\/\/walkingmum.com\/it\/wp-json\/wp\/v2\/media\/29539"}],"wp:attachment":[{"href":"https:\/\/walkingmum.com\/it\/wp-json\/wp\/v2\/media?parent=30709"}],"wp:term":[{"taxonomy":"colecciones","embeddable":true,"href":"https:\/\/walkingmum.com\/it\/wp-json\/wp\/v2\/colecciones?post=30709"},{"taxonomy":"product_brand","embeddable":true,"href":"https:\/\/walkingmum.com\/it\/wp-json\/wp\/v2\/product_brand?post=30709"},{"taxonomy":"product_cat","embeddable":true,"href":"https:\/\/walkingmum.com\/it\/wp-json\/wp\/v2\/product_cat?post=30709"},{"taxonomy":"product_tag","embeddable":true,"href":"https:\/\/walkingmum.com\/it\/wp-json\/wp\/v2\/product_tag?post=30709"}],"curies":[{"name":"wp","href":"https:\/\/api.w.org\/{rel}","templated":true}]}}