{"id":30675,"date":"2025-04-07T08:26:07","date_gmt":"2025-04-07T08:29:31","guid":{"rendered":"https:\/\/walkingmum.com\/?post_type=product&#038;p=30675"},"modified":"2025-04-07T08:29:31","modified_gmt":"2025-04-07T08:29:31","slug":"mini-bag-botton-fiori","status":"publish","type":"product","link":"https:\/\/walkingmum.com\/it\/prodotto\/mini-bag-botton-fiori\/","title":{"rendered":"MINI BAG BOTTON FIORI"},"content":{"rendered":"<p>Mini bag Botton con stampa floreale \u00e8 la borsa ideale per portare tutto l&#8217;essenziale per la passeggiata del bambino. Il suo design semplice e comodo, di forma rettangolare, offre praticit\u00e0 per trasportare tutti gli articoli del tuo bambino. Ha una chiusura sicura con cerniera per evitare che qualcosa possa uscire. Include due tasche per mantenere tutto in ordine. Realizzata al 100% in cotone con un trattamento impermeabile, di facile pulizia sia a mano che in lavatrice a 30\u00b0C. Walking Mum protegge il tuo bambino utilizzando i migliori tessuti, privi di coloranti azoici e sostanze nocive per la salute. La nostra collezione Walking Mum \u00e8 progettata con un particolare tocco di stile urbano e moderno che non passa inosservato, per rendere le passeggiate con il tuo bambino ancora pi\u00f9 speciali. Le borse maternit\u00e0 di questa linea sono pi\u00f9 sportive e pratiche, pensate appositamente per mamme e pap\u00e0 moderni che apprezzano i design pi\u00f9 attuali e di tendenza senza rinunciare alla qualit\u00e0 e alla funzionalit\u00e0 degli accessori, che completano e rendono pi\u00f9 comodi tutti i momenti con il loro bambino. Specifiche: Materiali: 100% cotone con trattamento impermeabile. Dimensioni: 31x19x14 cm.<\/p>\n","protected":false},"excerpt":{"rendered":"<p>Mini bag Botton con stampa floreale \u00e8 la borsa ideale per portare tutto l&#8217;essenziale per la passeggiata del bambino. Il suo design semplice e comodo, di forma rettangolare, offre praticit\u00e0 per trasportare tutti gli articoli del tuo bambino. Ha una chiusura sicura con cerniera per evitare che qualcosa possa uscire. Include due tasche per mantenere [&hellip;]<\/p>\n","protected":false},"featured_media":28951,"comment_status":"closed","ping_status":"closed","template":"","meta":{"_acf_changed":false,"inline_featured_image":false},"colecciones":[391],"product_brand":[],"product_cat":[137],"product_tag":[],"class_list":{"0":"post-30675","1":"product","2":"type-product","3":"status-publish","4":"has-post-thumbnail","6":"colecciones-collezione-botton","7":"product_cat-accessori","9":"first","10":"instock","11":"purchasable","12":"product-type-simple"},"acf":[],"yoast_head":"<!-- This site is optimized with the Yoast SEO plugin v27.3 - https:\/\/yoast.com\/product\/yoast-seo-wordpress\/ -->\n<title>MINI BAG BOTTON FIORI - Walking Mum<\/title>\n<meta name=\"robots\" content=\"index, follow, max-snippet:-1, max-image-preview:large, max-video-preview:-1\" \/>\n<link rel=\"canonical\" href=\"https:\/\/walkingmum.com\/it\/prodotto\/mini-bag-botton-fiori\/\" \/>\n<meta property=\"og:locale\" content=\"it_IT\" \/>\n<meta property=\"og:type\" content=\"article\" \/>\n<meta property=\"og:title\" content=\"MINI BAG BOTTON FIORI - Walking Mum\" \/>\n<meta property=\"og:description\" content=\"Mini bag Botton con stampa floreale \u00e8 la borsa ideale per portare tutto l&#8217;essenziale per la passeggiata del bambino. Il suo design semplice e comodo, di forma rettangolare, offre praticit\u00e0 per trasportare tutti gli articoli del tuo bambino. Ha una chiusura sicura con cerniera per evitare che qualcosa possa uscire. Include due tasche per mantenere [&hellip;]\" \/>\n<meta property=\"og:url\" content=\"https:\/\/walkingmum.com\/it\/prodotto\/mini-bag-botton-fiori\/\" \/>\n<meta property=\"og:site_name\" content=\"Walking Mum\" \/>\n<meta property=\"og:image\" content=\"https:\/\/walkingmum.com\/wp-content\/uploads\/2025\/04\/1120800477_a-1.jpg\" \/>\n\t<meta property=\"og:image:width\" content=\"900\" \/>\n\t<meta property=\"og:image:height\" content=\"900\" \/>\n\t<meta property=\"og:image:type\" content=\"image\/jpeg\" \/>\n<meta name=\"twitter:card\" content=\"summary_large_image\" \/>\n<meta name=\"twitter:label1\" content=\"Tempo di lettura stimato\" \/>\n\t<meta name=\"twitter:data1\" content=\"1 minuto\" \/>\n<script type=\"application\/ld+json\" class=\"yoast-schema-graph\">{\"@context\":\"https:\\\/\\\/schema.org\",\"@graph\":[{\"@type\":\"WebPage\",\"@id\":\"https:\\\/\\\/walkingmum.com\\\/it\\\/prodotto\\\/mini-bag-botton-fiori\\\/\",\"url\":\"https:\\\/\\\/walkingmum.com\\\/it\\\/prodotto\\\/mini-bag-botton-fiori\\\/\",\"name\":\"MINI BAG BOTTON FIORI - Walking Mum\",\"isPartOf\":{\"@id\":\"https:\\\/\\\/walkingmum.com\\\/#website\"},\"primaryImageOfPage\":{\"@id\":\"https:\\\/\\\/walkingmum.com\\\/it\\\/prodotto\\\/mini-bag-botton-fiori\\\/#primaryimage\"},\"image\":{\"@id\":\"https:\\\/\\\/walkingmum.com\\\/it\\\/prodotto\\\/mini-bag-botton-fiori\\\/#primaryimage\"},\"thumbnailUrl\":\"https:\\\/\\\/walkingmum.com\\\/wp-content\\\/uploads\\\/2025\\\/04\\\/1120800477_a-1.jpg\",\"datePublished\":\"2025-04-07T08:29:31+00:00\",\"breadcrumb\":{\"@id\":\"https:\\\/\\\/walkingmum.com\\\/it\\\/prodotto\\\/mini-bag-botton-fiori\\\/#breadcrumb\"},\"inLanguage\":\"it-IT\",\"potentialAction\":[{\"@type\":\"ReadAction\",\"target\":[\"https:\\\/\\\/walkingmum.com\\\/it\\\/prodotto\\\/mini-bag-botton-fiori\\\/\"]}]},{\"@type\":\"ImageObject\",\"inLanguage\":\"it-IT\",\"@id\":\"https:\\\/\\\/walkingmum.com\\\/it\\\/prodotto\\\/mini-bag-botton-fiori\\\/#primaryimage\",\"url\":\"https:\\\/\\\/walkingmum.com\\\/wp-content\\\/uploads\\\/2025\\\/04\\\/1120800477_a-1.jpg\",\"contentUrl\":\"https:\\\/\\\/walkingmum.com\\\/wp-content\\\/uploads\\\/2025\\\/04\\\/1120800477_a-1.jpg\",\"width\":900,\"height\":900},{\"@type\":\"BreadcrumbList\",\"@id\":\"https:\\\/\\\/walkingmum.com\\\/it\\\/prodotto\\\/mini-bag-botton-fiori\\\/#breadcrumb\",\"itemListElement\":[{\"@type\":\"ListItem\",\"position\":1,\"name\":\"Portada\",\"item\":\"https:\\\/\\\/walkingmum.com\\\/it\\\/\"},{\"@type\":\"ListItem\",\"position\":2,\"name\":\"Tienda\",\"item\":\"https:\\\/\\\/walkingmum.com\\\/tienda\\\/\"},{\"@type\":\"ListItem\",\"position\":3,\"name\":\"MINI BAG BOTTON FIORI\"}]},{\"@type\":\"WebSite\",\"@id\":\"https:\\\/\\\/walkingmum.com\\\/#website\",\"url\":\"https:\\\/\\\/walkingmum.com\\\/\",\"name\":\"Walking Mum\",\"description\":\"La marca para beb\u00e9s modernos\",\"potentialAction\":[{\"@type\":\"SearchAction\",\"target\":{\"@type\":\"EntryPoint\",\"urlTemplate\":\"https:\\\/\\\/walkingmum.com\\\/?s={search_term_string}\"},\"query-input\":{\"@type\":\"PropertyValueSpecification\",\"valueRequired\":true,\"valueName\":\"search_term_string\"}}],\"inLanguage\":\"it-IT\"}]}<\/script>\n<!-- \/ Yoast SEO plugin. -->","yoast_head_json":{"title":"MINI BAG BOTTON FIORI - Walking Mum","robots":{"index":"index","follow":"follow","max-snippet":"max-snippet:-1","max-image-preview":"max-image-preview:large","max-video-preview":"max-video-preview:-1"},"canonical":"https:\/\/walkingmum.com\/it\/prodotto\/mini-bag-botton-fiori\/","og_locale":"it_IT","og_type":"article","og_title":"MINI BAG BOTTON FIORI - Walking Mum","og_description":"Mini bag Botton con stampa floreale \u00e8 la borsa ideale per portare tutto l&#8217;essenziale per la passeggiata del bambino. Il suo design semplice e comodo, di forma rettangolare, offre praticit\u00e0 per trasportare tutti gli articoli del tuo bambino. Ha una chiusura sicura con cerniera per evitare che qualcosa possa uscire. Include due tasche per mantenere [&hellip;]","og_url":"https:\/\/walkingmum.com\/it\/prodotto\/mini-bag-botton-fiori\/","og_site_name":"Walking Mum","og_image":[{"width":900,"height":900,"url":"https:\/\/walkingmum.com\/wp-content\/uploads\/2025\/04\/1120800477_a-1.jpg","type":"image\/jpeg"}],"twitter_card":"summary_large_image","twitter_misc":{"Tempo di lettura stimato":"1 minuto"},"schema":{"@context":"https:\/\/schema.org","@graph":[{"@type":"WebPage","@id":"https:\/\/walkingmum.com\/it\/prodotto\/mini-bag-botton-fiori\/","url":"https:\/\/walkingmum.com\/it\/prodotto\/mini-bag-botton-fiori\/","name":"MINI BAG BOTTON FIORI - Walking Mum","isPartOf":{"@id":"https:\/\/walkingmum.com\/#website"},"primaryImageOfPage":{"@id":"https:\/\/walkingmum.com\/it\/prodotto\/mini-bag-botton-fiori\/#primaryimage"},"image":{"@id":"https:\/\/walkingmum.com\/it\/prodotto\/mini-bag-botton-fiori\/#primaryimage"},"thumbnailUrl":"https:\/\/walkingmum.com\/wp-content\/uploads\/2025\/04\/1120800477_a-1.jpg","datePublished":"2025-04-07T08:29:31+00:00","breadcrumb":{"@id":"https:\/\/walkingmum.com\/it\/prodotto\/mini-bag-botton-fiori\/#breadcrumb"},"inLanguage":"it-IT","potentialAction":[{"@type":"ReadAction","target":["https:\/\/walkingmum.com\/it\/prodotto\/mini-bag-botton-fiori\/"]}]},{"@type":"ImageObject","inLanguage":"it-IT","@id":"https:\/\/walkingmum.com\/it\/prodotto\/mini-bag-botton-fiori\/#primaryimage","url":"https:\/\/walkingmum.com\/wp-content\/uploads\/2025\/04\/1120800477_a-1.jpg","contentUrl":"https:\/\/walkingmum.com\/wp-content\/uploads\/2025\/04\/1120800477_a-1.jpg","width":900,"height":900},{"@type":"BreadcrumbList","@id":"https:\/\/walkingmum.com\/it\/prodotto\/mini-bag-botton-fiori\/#breadcrumb","itemListElement":[{"@type":"ListItem","position":1,"name":"Portada","item":"https:\/\/walkingmum.com\/it\/"},{"@type":"ListItem","position":2,"name":"Tienda","item":"https:\/\/walkingmum.com\/tienda\/"},{"@type":"ListItem","position":3,"name":"MINI BAG BOTTON FIORI"}]},{"@type":"WebSite","@id":"https:\/\/walkingmum.com\/#website","url":"https:\/\/walkingmum.com\/","name":"Walking Mum","description":"La marca para beb\u00e9s modernos","potentialAction":[{"@type":"SearchAction","target":{"@type":"EntryPoint","urlTemplate":"https:\/\/walkingmum.com\/?s={search_term_string}"},"query-input":{"@type":"PropertyValueSpecification","valueRequired":true,"valueName":"search_term_string"}}],"inLanguage":"it-IT"}]}},"_links":{"self":[{"href":"https:\/\/walkingmum.com\/it\/wp-json\/wp\/v2\/product\/30675","targetHints":{"allow":["GET"]}}],"collection":[{"href":"https:\/\/walkingmum.com\/it\/wp-json\/wp\/v2\/product"}],"about":[{"href":"https:\/\/walkingmum.com\/it\/wp-json\/wp\/v2\/types\/product"}],"replies":[{"embeddable":true,"href":"https:\/\/walkingmum.com\/it\/wp-json\/wp\/v2\/comments?post=30675"}],"wp:featuredmedia":[{"embeddable":true,"href":"https:\/\/walkingmum.com\/it\/wp-json\/wp\/v2\/media\/28951"}],"wp:attachment":[{"href":"https:\/\/walkingmum.com\/it\/wp-json\/wp\/v2\/media?parent=30675"}],"wp:term":[{"taxonomy":"colecciones","embeddable":true,"href":"https:\/\/walkingmum.com\/it\/wp-json\/wp\/v2\/colecciones?post=30675"},{"taxonomy":"product_brand","embeddable":true,"href":"https:\/\/walkingmum.com\/it\/wp-json\/wp\/v2\/product_brand?post=30675"},{"taxonomy":"product_cat","embeddable":true,"href":"https:\/\/walkingmum.com\/it\/wp-json\/wp\/v2\/product_cat?post=30675"},{"taxonomy":"product_tag","embeddable":true,"href":"https:\/\/walkingmum.com\/it\/wp-json\/wp\/v2\/product_tag?post=30675"}],"curies":[{"name":"wp","href":"https:\/\/api.w.org\/{rel}","templated":true}]}}