{"id":30674,"date":"2025-04-07T08:26:06","date_gmt":"2025-04-07T08:29:31","guid":{"rendered":"https:\/\/walkingmum.com\/?post_type=product&#038;p=30674"},"modified":"2025-04-07T08:29:31","modified_gmt":"2025-04-07T08:29:31","slug":"valigia-botton-strisce","status":"publish","type":"product","link":"https:\/\/walkingmum.com\/it\/prodotto\/valigia-botton-strisce\/","title":{"rendered":"VALIGIA BOTTON STRISCE"},"content":{"rendered":"<p>La valigia per neonati Botton con stampa a righe \u00e8 una borsa appositamente progettata per il momento pi\u00f9 importante della gravidanza, ovvero l&#8217;arrivo del bambino, un momento in cui ci sono molte cose da preparare. Per questo hai bisogno di uno spazio comodo per trasportare tutto il necessario per te, il pap\u00e0 e il bambino. Questa valigia per neonati \u00e8 il modello perfetto per contenere tutto ci\u00f2 che non pu\u00f2 mancare in questo giorno cos\u00ec speciale. \u00c8 comoda, leggera e maneggevole, con dimensioni rettangolari e un&#8217;apertura pratica per avere tutto a portata di mano. Dispone di una chiusura sicura con cerniera a doppio senso che ne facilita l&#8217;apertura, include una tracolla lunga per portarla a spalla e manici corti per il trasporto a mano. Inoltre, nel compartimento interno ha un rivestimento coordinato con elastici per contenere i vestiti e mantenere tutto in ordine. Grande qualit\u00e0 e molto stile. Realizzata al 100% in cotone con un trattamento impermeabile, di facile pulizia sia a mano che in lavatrice a 30\u00b0C. Walking Mum protegge il tuo bambino utilizzando i migliori tessuti, privi di coloranti azoici e sostanze nocive per la salute. La nostra collezione Walking Mum mantiene tutta la qualit\u00e0 del marchio Pasito a Pasito, ma con un particolare tocco di stile urbano e moderno che non passa inosservato, per rendere le passeggiate con il tuo bambino ancora pi\u00f9 speciali. Le borse maternit\u00e0 di questa linea sono pi\u00f9 sportive e pratiche, pensate appositamente per mamme e pap\u00e0 moderni che apprezzano i design pi\u00f9 attuali e di tendenza senza rinunciare alla qualit\u00e0 e alla funzionalit\u00e0 degli accessori, che completano e rendono pi\u00f9 comodi tutti i momenti con il loro bambino. Specifiche: Materiali: 100% cotone. Dimensioni: 49x37x17 cm.<\/p>\n","protected":false},"excerpt":{"rendered":"<p>La valigia per neonati Botton con stampa a righe \u00e8 una borsa appositamente progettata per il momento pi\u00f9 importante della gravidanza, ovvero l&#8217;arrivo del bambino, un momento in cui ci sono molte cose da preparare. Per questo hai bisogno di uno spazio comodo per trasportare tutto il necessario per te, il pap\u00e0 e il bambino. [&hellip;]<\/p>\n","protected":false},"featured_media":28927,"comment_status":"closed","ping_status":"closed","template":"","meta":{"_acf_changed":false,"inline_featured_image":false},"colecciones":[391],"product_brand":[],"product_cat":[134],"product_tag":[],"class_list":{"0":"post-30674","1":"product","2":"type-product","3":"status-publish","4":"has-post-thumbnail","6":"colecciones-collezione-botton","7":"product_cat-valigie","9":"first","10":"instock","11":"purchasable","12":"product-type-simple"},"acf":[],"yoast_head":"<!-- This site is optimized with the Yoast SEO plugin v27.4 - https:\/\/yoast.com\/product\/yoast-seo-wordpress\/ -->\n<title>VALIGIA BOTTON STRISCE - Walking Mum<\/title>\n<meta name=\"robots\" content=\"index, follow, max-snippet:-1, max-image-preview:large, max-video-preview:-1\" \/>\n<link rel=\"canonical\" href=\"https:\/\/walkingmum.com\/it\/prodotto\/valigia-botton-strisce\/\" \/>\n<meta property=\"og:locale\" content=\"it_IT\" \/>\n<meta property=\"og:type\" content=\"article\" \/>\n<meta property=\"og:title\" content=\"VALIGIA BOTTON STRISCE - Walking Mum\" \/>\n<meta property=\"og:description\" content=\"La valigia per neonati Botton con stampa a righe \u00e8 una borsa appositamente progettata per il momento pi\u00f9 importante della gravidanza, ovvero l&#8217;arrivo del bambino, un momento in cui ci sono molte cose da preparare. Per questo hai bisogno di uno spazio comodo per trasportare tutto il necessario per te, il pap\u00e0 e il bambino. [&hellip;]\" \/>\n<meta property=\"og:url\" content=\"https:\/\/walkingmum.com\/it\/prodotto\/valigia-botton-strisce\/\" \/>\n<meta property=\"og:site_name\" content=\"Walking Mum\" \/>\n<meta property=\"og:image\" content=\"https:\/\/walkingmum.com\/wp-content\/uploads\/2025\/04\/1120800476_a-1.jpg\" \/>\n\t<meta property=\"og:image:width\" content=\"900\" \/>\n\t<meta property=\"og:image:height\" content=\"900\" \/>\n\t<meta property=\"og:image:type\" content=\"image\/jpeg\" \/>\n<meta name=\"twitter:card\" content=\"summary_large_image\" \/>\n<meta name=\"twitter:label1\" content=\"Tempo di lettura stimato\" \/>\n\t<meta name=\"twitter:data1\" content=\"1 minuto\" \/>\n<script type=\"application\/ld+json\" class=\"yoast-schema-graph\">{\"@context\":\"https:\\\/\\\/schema.org\",\"@graph\":[{\"@type\":\"WebPage\",\"@id\":\"https:\\\/\\\/walkingmum.com\\\/it\\\/prodotto\\\/valigia-botton-strisce\\\/\",\"url\":\"https:\\\/\\\/walkingmum.com\\\/it\\\/prodotto\\\/valigia-botton-strisce\\\/\",\"name\":\"VALIGIA BOTTON STRISCE - Walking Mum\",\"isPartOf\":{\"@id\":\"https:\\\/\\\/walkingmum.com\\\/#website\"},\"primaryImageOfPage\":{\"@id\":\"https:\\\/\\\/walkingmum.com\\\/it\\\/prodotto\\\/valigia-botton-strisce\\\/#primaryimage\"},\"image\":{\"@id\":\"https:\\\/\\\/walkingmum.com\\\/it\\\/prodotto\\\/valigia-botton-strisce\\\/#primaryimage\"},\"thumbnailUrl\":\"https:\\\/\\\/walkingmum.com\\\/wp-content\\\/uploads\\\/2025\\\/04\\\/1120800476_a-1.jpg\",\"datePublished\":\"2025-04-07T08:29:31+00:00\",\"breadcrumb\":{\"@id\":\"https:\\\/\\\/walkingmum.com\\\/it\\\/prodotto\\\/valigia-botton-strisce\\\/#breadcrumb\"},\"inLanguage\":\"it-IT\",\"potentialAction\":[{\"@type\":\"ReadAction\",\"target\":[\"https:\\\/\\\/walkingmum.com\\\/it\\\/prodotto\\\/valigia-botton-strisce\\\/\"]}]},{\"@type\":\"ImageObject\",\"inLanguage\":\"it-IT\",\"@id\":\"https:\\\/\\\/walkingmum.com\\\/it\\\/prodotto\\\/valigia-botton-strisce\\\/#primaryimage\",\"url\":\"https:\\\/\\\/walkingmum.com\\\/wp-content\\\/uploads\\\/2025\\\/04\\\/1120800476_a-1.jpg\",\"contentUrl\":\"https:\\\/\\\/walkingmum.com\\\/wp-content\\\/uploads\\\/2025\\\/04\\\/1120800476_a-1.jpg\",\"width\":900,\"height\":900},{\"@type\":\"BreadcrumbList\",\"@id\":\"https:\\\/\\\/walkingmum.com\\\/it\\\/prodotto\\\/valigia-botton-strisce\\\/#breadcrumb\",\"itemListElement\":[{\"@type\":\"ListItem\",\"position\":1,\"name\":\"Portada\",\"item\":\"https:\\\/\\\/walkingmum.com\\\/it\\\/\"},{\"@type\":\"ListItem\",\"position\":2,\"name\":\"Tienda\",\"item\":\"https:\\\/\\\/walkingmum.com\\\/tienda\\\/\"},{\"@type\":\"ListItem\",\"position\":3,\"name\":\"VALIGIA BOTTON STRISCE\"}]},{\"@type\":\"WebSite\",\"@id\":\"https:\\\/\\\/walkingmum.com\\\/#website\",\"url\":\"https:\\\/\\\/walkingmum.com\\\/\",\"name\":\"Walking Mum\",\"description\":\"La marca para beb\u00e9s modernos\",\"potentialAction\":[{\"@type\":\"SearchAction\",\"target\":{\"@type\":\"EntryPoint\",\"urlTemplate\":\"https:\\\/\\\/walkingmum.com\\\/?s={search_term_string}\"},\"query-input\":{\"@type\":\"PropertyValueSpecification\",\"valueRequired\":true,\"valueName\":\"search_term_string\"}}],\"inLanguage\":\"it-IT\"}]}<\/script>\n<!-- \/ Yoast SEO plugin. -->","yoast_head_json":{"title":"VALIGIA BOTTON STRISCE - Walking Mum","robots":{"index":"index","follow":"follow","max-snippet":"max-snippet:-1","max-image-preview":"max-image-preview:large","max-video-preview":"max-video-preview:-1"},"canonical":"https:\/\/walkingmum.com\/it\/prodotto\/valigia-botton-strisce\/","og_locale":"it_IT","og_type":"article","og_title":"VALIGIA BOTTON STRISCE - Walking Mum","og_description":"La valigia per neonati Botton con stampa a righe \u00e8 una borsa appositamente progettata per il momento pi\u00f9 importante della gravidanza, ovvero l&#8217;arrivo del bambino, un momento in cui ci sono molte cose da preparare. Per questo hai bisogno di uno spazio comodo per trasportare tutto il necessario per te, il pap\u00e0 e il bambino. [&hellip;]","og_url":"https:\/\/walkingmum.com\/it\/prodotto\/valigia-botton-strisce\/","og_site_name":"Walking Mum","og_image":[{"width":900,"height":900,"url":"https:\/\/walkingmum.com\/wp-content\/uploads\/2025\/04\/1120800476_a-1.jpg","type":"image\/jpeg"}],"twitter_card":"summary_large_image","twitter_misc":{"Tempo di lettura stimato":"1 minuto"},"schema":{"@context":"https:\/\/schema.org","@graph":[{"@type":"WebPage","@id":"https:\/\/walkingmum.com\/it\/prodotto\/valigia-botton-strisce\/","url":"https:\/\/walkingmum.com\/it\/prodotto\/valigia-botton-strisce\/","name":"VALIGIA BOTTON STRISCE - Walking Mum","isPartOf":{"@id":"https:\/\/walkingmum.com\/#website"},"primaryImageOfPage":{"@id":"https:\/\/walkingmum.com\/it\/prodotto\/valigia-botton-strisce\/#primaryimage"},"image":{"@id":"https:\/\/walkingmum.com\/it\/prodotto\/valigia-botton-strisce\/#primaryimage"},"thumbnailUrl":"https:\/\/walkingmum.com\/wp-content\/uploads\/2025\/04\/1120800476_a-1.jpg","datePublished":"2025-04-07T08:29:31+00:00","breadcrumb":{"@id":"https:\/\/walkingmum.com\/it\/prodotto\/valigia-botton-strisce\/#breadcrumb"},"inLanguage":"it-IT","potentialAction":[{"@type":"ReadAction","target":["https:\/\/walkingmum.com\/it\/prodotto\/valigia-botton-strisce\/"]}]},{"@type":"ImageObject","inLanguage":"it-IT","@id":"https:\/\/walkingmum.com\/it\/prodotto\/valigia-botton-strisce\/#primaryimage","url":"https:\/\/walkingmum.com\/wp-content\/uploads\/2025\/04\/1120800476_a-1.jpg","contentUrl":"https:\/\/walkingmum.com\/wp-content\/uploads\/2025\/04\/1120800476_a-1.jpg","width":900,"height":900},{"@type":"BreadcrumbList","@id":"https:\/\/walkingmum.com\/it\/prodotto\/valigia-botton-strisce\/#breadcrumb","itemListElement":[{"@type":"ListItem","position":1,"name":"Portada","item":"https:\/\/walkingmum.com\/it\/"},{"@type":"ListItem","position":2,"name":"Tienda","item":"https:\/\/walkingmum.com\/tienda\/"},{"@type":"ListItem","position":3,"name":"VALIGIA BOTTON STRISCE"}]},{"@type":"WebSite","@id":"https:\/\/walkingmum.com\/#website","url":"https:\/\/walkingmum.com\/","name":"Walking Mum","description":"La marca para beb\u00e9s modernos","potentialAction":[{"@type":"SearchAction","target":{"@type":"EntryPoint","urlTemplate":"https:\/\/walkingmum.com\/?s={search_term_string}"},"query-input":{"@type":"PropertyValueSpecification","valueRequired":true,"valueName":"search_term_string"}}],"inLanguage":"it-IT"}]}},"_links":{"self":[{"href":"https:\/\/walkingmum.com\/it\/wp-json\/wp\/v2\/product\/30674","targetHints":{"allow":["GET"]}}],"collection":[{"href":"https:\/\/walkingmum.com\/it\/wp-json\/wp\/v2\/product"}],"about":[{"href":"https:\/\/walkingmum.com\/it\/wp-json\/wp\/v2\/types\/product"}],"replies":[{"embeddable":true,"href":"https:\/\/walkingmum.com\/it\/wp-json\/wp\/v2\/comments?post=30674"}],"wp:featuredmedia":[{"embeddable":true,"href":"https:\/\/walkingmum.com\/it\/wp-json\/wp\/v2\/media\/28927"}],"wp:attachment":[{"href":"https:\/\/walkingmum.com\/it\/wp-json\/wp\/v2\/media?parent=30674"}],"wp:term":[{"taxonomy":"colecciones","embeddable":true,"href":"https:\/\/walkingmum.com\/it\/wp-json\/wp\/v2\/colecciones?post=30674"},{"taxonomy":"product_brand","embeddable":true,"href":"https:\/\/walkingmum.com\/it\/wp-json\/wp\/v2\/product_brand?post=30674"},{"taxonomy":"product_cat","embeddable":true,"href":"https:\/\/walkingmum.com\/it\/wp-json\/wp\/v2\/product_cat?post=30674"},{"taxonomy":"product_tag","embeddable":true,"href":"https:\/\/walkingmum.com\/it\/wp-json\/wp\/v2\/product_tag?post=30674"}],"curies":[{"name":"wp","href":"https:\/\/api.w.org\/{rel}","templated":true}]}}