{"id":30671,"date":"2025-04-07T08:26:09","date_gmt":"2025-04-07T08:29:29","guid":{"rendered":"https:\/\/walkingmum.com\/?post_type=product&#038;p=30671"},"modified":"2025-04-07T08:29:30","modified_gmt":"2025-04-07T08:29:30","slug":"borsa-crossbody-botton-fiori","status":"publish","type":"product","link":"https:\/\/walkingmum.com\/it\/prodotto\/borsa-crossbody-botton-fiori\/","title":{"rendered":"BORSA CROSSBODY BOTTON FIORI"},"content":{"rendered":"<p>La borsa Botton con stampa floreale per passeggino \u00e8 un modello molto leggero, e allo stesso tempo robusto e spazioso, per poter portare con s\u00e9 tutto ci\u00f2 di cui si ha bisogno durante le passeggiate con il bambino. Oltre alla sua grande capacit\u00e0, \u00e8 strutturata in modo da essere facilmente organizzabile, con diverse tasche esterne e interne che vi aiuteranno a tenere in ordine tutti gli accessori in modo da poterli individuare facilmente quando ne avete bisogno. Ha una tasca interna laminata per i vestiti bagnati, una tasca termica interna e due tasche laterali. Include un fasciatoio. Il suo design moderno e casual lo rende perfetto per l&#8217;uso quotidiano e per essere abbinato ai vostri look casual o sportivi. Ha manici corti per poterlo agganciare a qualsiasi tipo di passeggino e un manico lungo per poterlo appendere alla spalla. Alta qualit\u00e0 e stile. Realizzato in 100% cotone con trattamento impermeabile, facile da pulire a mano o in lavatrice a 30\u00b0C. Walking Mum protegge il vostro bambino utilizzando i migliori tessuti, privi di coloranti azoici e di sostanze nocive per la salute. La nostra collezione Walking Mum \u00e8 disegnata con un particolare timbro di stile urbano e moderno che non passa inosservato, per vestire in modo diverso le passeggiate con il vostro bambino. Le borse premaman di questa linea sono pi\u00f9 sportive e pratiche, pensate appositamente per le mamme e i pap\u00e0 moderni che apprezzano i design pi\u00f9 attuali e di tendenza senza trascurare la qualit\u00e0 e la funzionalit\u00e0 degli accessori che completano e rendono pi\u00f9 confortevoli tutte le passeggiate con i loro bambini. Specifiche: Materiali: 100% cotone con trattamento impermeabile. Misure: 33X25X12 cm.<\/p>\n","protected":false},"excerpt":{"rendered":"<p>La borsa Botton con stampa floreale per passeggino \u00e8 un modello molto leggero, e allo stesso tempo robusto e spazioso, per poter portare con s\u00e9 tutto ci\u00f2 di cui si ha bisogno durante le passeggiate con il bambino. Oltre alla sua grande capacit\u00e0, \u00e8 strutturata in modo da essere facilmente organizzabile, con diverse tasche esterne [&hellip;]<\/p>\n","protected":false},"featured_media":28823,"comment_status":"closed","ping_status":"closed","template":"","meta":{"_acf_changed":false,"inline_featured_image":false},"colecciones":[391],"product_brand":[],"product_cat":[128],"product_tag":[],"class_list":{"0":"post-30671","1":"product","2":"type-product","3":"status-publish","4":"has-post-thumbnail","6":"colecciones-collezione-botton","7":"product_cat-borse-fasciatoio","9":"first","10":"instock","11":"purchasable","12":"product-type-simple"},"acf":[],"yoast_head":"<!-- This site is optimized with the Yoast SEO plugin v27.4 - https:\/\/yoast.com\/product\/yoast-seo-wordpress\/ -->\n<title>BORSA CROSSBODY BOTTON FIORI - Walking Mum<\/title>\n<meta name=\"robots\" content=\"index, follow, max-snippet:-1, max-image-preview:large, max-video-preview:-1\" \/>\n<link rel=\"canonical\" href=\"https:\/\/walkingmum.com\/it\/prodotto\/borsa-crossbody-botton-fiori\/\" \/>\n<meta property=\"og:locale\" content=\"it_IT\" \/>\n<meta property=\"og:type\" content=\"article\" \/>\n<meta property=\"og:title\" content=\"BORSA CROSSBODY BOTTON FIORI - Walking Mum\" \/>\n<meta property=\"og:description\" content=\"La borsa Botton con stampa floreale per passeggino \u00e8 un modello molto leggero, e allo stesso tempo robusto e spazioso, per poter portare con s\u00e9 tutto ci\u00f2 di cui si ha bisogno durante le passeggiate con il bambino. Oltre alla sua grande capacit\u00e0, \u00e8 strutturata in modo da essere facilmente organizzabile, con diverse tasche esterne [&hellip;]\" \/>\n<meta property=\"og:url\" content=\"https:\/\/walkingmum.com\/it\/prodotto\/borsa-crossbody-botton-fiori\/\" \/>\n<meta property=\"og:site_name\" content=\"Walking Mum\" \/>\n<meta property=\"article:modified_time\" content=\"2025-04-07T08:29:30+00:00\" \/>\n<meta property=\"og:image\" content=\"https:\/\/walkingmum.com\/wp-content\/uploads\/2025\/04\/1120800473_a-1.jpg\" \/>\n\t<meta property=\"og:image:width\" content=\"900\" \/>\n\t<meta property=\"og:image:height\" content=\"900\" \/>\n\t<meta property=\"og:image:type\" content=\"image\/jpeg\" \/>\n<meta name=\"twitter:card\" content=\"summary_large_image\" \/>\n<meta name=\"twitter:label1\" content=\"Tempo di lettura stimato\" \/>\n\t<meta name=\"twitter:data1\" content=\"1 minuto\" \/>\n<script type=\"application\/ld+json\" class=\"yoast-schema-graph\">{\"@context\":\"https:\\\/\\\/schema.org\",\"@graph\":[{\"@type\":\"WebPage\",\"@id\":\"https:\\\/\\\/walkingmum.com\\\/it\\\/prodotto\\\/borsa-crossbody-botton-fiori\\\/\",\"url\":\"https:\\\/\\\/walkingmum.com\\\/it\\\/prodotto\\\/borsa-crossbody-botton-fiori\\\/\",\"name\":\"BORSA CROSSBODY BOTTON FIORI - Walking Mum\",\"isPartOf\":{\"@id\":\"https:\\\/\\\/walkingmum.com\\\/#website\"},\"primaryImageOfPage\":{\"@id\":\"https:\\\/\\\/walkingmum.com\\\/it\\\/prodotto\\\/borsa-crossbody-botton-fiori\\\/#primaryimage\"},\"image\":{\"@id\":\"https:\\\/\\\/walkingmum.com\\\/it\\\/prodotto\\\/borsa-crossbody-botton-fiori\\\/#primaryimage\"},\"thumbnailUrl\":\"https:\\\/\\\/walkingmum.com\\\/wp-content\\\/uploads\\\/2025\\\/04\\\/1120800473_a-1.jpg\",\"datePublished\":\"2025-04-07T08:29:29+00:00\",\"dateModified\":\"2025-04-07T08:29:30+00:00\",\"breadcrumb\":{\"@id\":\"https:\\\/\\\/walkingmum.com\\\/it\\\/prodotto\\\/borsa-crossbody-botton-fiori\\\/#breadcrumb\"},\"inLanguage\":\"it-IT\",\"potentialAction\":[{\"@type\":\"ReadAction\",\"target\":[\"https:\\\/\\\/walkingmum.com\\\/it\\\/prodotto\\\/borsa-crossbody-botton-fiori\\\/\"]}]},{\"@type\":\"ImageObject\",\"inLanguage\":\"it-IT\",\"@id\":\"https:\\\/\\\/walkingmum.com\\\/it\\\/prodotto\\\/borsa-crossbody-botton-fiori\\\/#primaryimage\",\"url\":\"https:\\\/\\\/walkingmum.com\\\/wp-content\\\/uploads\\\/2025\\\/04\\\/1120800473_a-1.jpg\",\"contentUrl\":\"https:\\\/\\\/walkingmum.com\\\/wp-content\\\/uploads\\\/2025\\\/04\\\/1120800473_a-1.jpg\",\"width\":900,\"height\":900},{\"@type\":\"BreadcrumbList\",\"@id\":\"https:\\\/\\\/walkingmum.com\\\/it\\\/prodotto\\\/borsa-crossbody-botton-fiori\\\/#breadcrumb\",\"itemListElement\":[{\"@type\":\"ListItem\",\"position\":1,\"name\":\"Portada\",\"item\":\"https:\\\/\\\/walkingmum.com\\\/it\\\/\"},{\"@type\":\"ListItem\",\"position\":2,\"name\":\"Tienda\",\"item\":\"https:\\\/\\\/walkingmum.com\\\/tienda\\\/\"},{\"@type\":\"ListItem\",\"position\":3,\"name\":\"BORSA CROSSBODY BOTTON FIORI\"}]},{\"@type\":\"WebSite\",\"@id\":\"https:\\\/\\\/walkingmum.com\\\/#website\",\"url\":\"https:\\\/\\\/walkingmum.com\\\/\",\"name\":\"Walking Mum\",\"description\":\"La marca para beb\u00e9s modernos\",\"potentialAction\":[{\"@type\":\"SearchAction\",\"target\":{\"@type\":\"EntryPoint\",\"urlTemplate\":\"https:\\\/\\\/walkingmum.com\\\/?s={search_term_string}\"},\"query-input\":{\"@type\":\"PropertyValueSpecification\",\"valueRequired\":true,\"valueName\":\"search_term_string\"}}],\"inLanguage\":\"it-IT\"}]}<\/script>\n<!-- \/ Yoast SEO plugin. -->","yoast_head_json":{"title":"BORSA CROSSBODY BOTTON FIORI - Walking Mum","robots":{"index":"index","follow":"follow","max-snippet":"max-snippet:-1","max-image-preview":"max-image-preview:large","max-video-preview":"max-video-preview:-1"},"canonical":"https:\/\/walkingmum.com\/it\/prodotto\/borsa-crossbody-botton-fiori\/","og_locale":"it_IT","og_type":"article","og_title":"BORSA CROSSBODY BOTTON FIORI - Walking Mum","og_description":"La borsa Botton con stampa floreale per passeggino \u00e8 un modello molto leggero, e allo stesso tempo robusto e spazioso, per poter portare con s\u00e9 tutto ci\u00f2 di cui si ha bisogno durante le passeggiate con il bambino. Oltre alla sua grande capacit\u00e0, \u00e8 strutturata in modo da essere facilmente organizzabile, con diverse tasche esterne [&hellip;]","og_url":"https:\/\/walkingmum.com\/it\/prodotto\/borsa-crossbody-botton-fiori\/","og_site_name":"Walking Mum","article_modified_time":"2025-04-07T08:29:30+00:00","og_image":[{"width":900,"height":900,"url":"https:\/\/walkingmum.com\/wp-content\/uploads\/2025\/04\/1120800473_a-1.jpg","type":"image\/jpeg"}],"twitter_card":"summary_large_image","twitter_misc":{"Tempo di lettura stimato":"1 minuto"},"schema":{"@context":"https:\/\/schema.org","@graph":[{"@type":"WebPage","@id":"https:\/\/walkingmum.com\/it\/prodotto\/borsa-crossbody-botton-fiori\/","url":"https:\/\/walkingmum.com\/it\/prodotto\/borsa-crossbody-botton-fiori\/","name":"BORSA CROSSBODY BOTTON FIORI - Walking Mum","isPartOf":{"@id":"https:\/\/walkingmum.com\/#website"},"primaryImageOfPage":{"@id":"https:\/\/walkingmum.com\/it\/prodotto\/borsa-crossbody-botton-fiori\/#primaryimage"},"image":{"@id":"https:\/\/walkingmum.com\/it\/prodotto\/borsa-crossbody-botton-fiori\/#primaryimage"},"thumbnailUrl":"https:\/\/walkingmum.com\/wp-content\/uploads\/2025\/04\/1120800473_a-1.jpg","datePublished":"2025-04-07T08:29:29+00:00","dateModified":"2025-04-07T08:29:30+00:00","breadcrumb":{"@id":"https:\/\/walkingmum.com\/it\/prodotto\/borsa-crossbody-botton-fiori\/#breadcrumb"},"inLanguage":"it-IT","potentialAction":[{"@type":"ReadAction","target":["https:\/\/walkingmum.com\/it\/prodotto\/borsa-crossbody-botton-fiori\/"]}]},{"@type":"ImageObject","inLanguage":"it-IT","@id":"https:\/\/walkingmum.com\/it\/prodotto\/borsa-crossbody-botton-fiori\/#primaryimage","url":"https:\/\/walkingmum.com\/wp-content\/uploads\/2025\/04\/1120800473_a-1.jpg","contentUrl":"https:\/\/walkingmum.com\/wp-content\/uploads\/2025\/04\/1120800473_a-1.jpg","width":900,"height":900},{"@type":"BreadcrumbList","@id":"https:\/\/walkingmum.com\/it\/prodotto\/borsa-crossbody-botton-fiori\/#breadcrumb","itemListElement":[{"@type":"ListItem","position":1,"name":"Portada","item":"https:\/\/walkingmum.com\/it\/"},{"@type":"ListItem","position":2,"name":"Tienda","item":"https:\/\/walkingmum.com\/tienda\/"},{"@type":"ListItem","position":3,"name":"BORSA CROSSBODY BOTTON FIORI"}]},{"@type":"WebSite","@id":"https:\/\/walkingmum.com\/#website","url":"https:\/\/walkingmum.com\/","name":"Walking Mum","description":"La marca para beb\u00e9s modernos","potentialAction":[{"@type":"SearchAction","target":{"@type":"EntryPoint","urlTemplate":"https:\/\/walkingmum.com\/?s={search_term_string}"},"query-input":{"@type":"PropertyValueSpecification","valueRequired":true,"valueName":"search_term_string"}}],"inLanguage":"it-IT"}]}},"_links":{"self":[{"href":"https:\/\/walkingmum.com\/it\/wp-json\/wp\/v2\/product\/30671","targetHints":{"allow":["GET"]}}],"collection":[{"href":"https:\/\/walkingmum.com\/it\/wp-json\/wp\/v2\/product"}],"about":[{"href":"https:\/\/walkingmum.com\/it\/wp-json\/wp\/v2\/types\/product"}],"replies":[{"embeddable":true,"href":"https:\/\/walkingmum.com\/it\/wp-json\/wp\/v2\/comments?post=30671"}],"wp:featuredmedia":[{"embeddable":true,"href":"https:\/\/walkingmum.com\/it\/wp-json\/wp\/v2\/media\/28823"}],"wp:attachment":[{"href":"https:\/\/walkingmum.com\/it\/wp-json\/wp\/v2\/media?parent=30671"}],"wp:term":[{"taxonomy":"colecciones","embeddable":true,"href":"https:\/\/walkingmum.com\/it\/wp-json\/wp\/v2\/colecciones?post=30671"},{"taxonomy":"product_brand","embeddable":true,"href":"https:\/\/walkingmum.com\/it\/wp-json\/wp\/v2\/product_brand?post=30671"},{"taxonomy":"product_cat","embeddable":true,"href":"https:\/\/walkingmum.com\/it\/wp-json\/wp\/v2\/product_cat?post=30671"},{"taxonomy":"product_tag","embeddable":true,"href":"https:\/\/walkingmum.com\/it\/wp-json\/wp\/v2\/product_tag?post=30671"}],"curies":[{"name":"wp","href":"https:\/\/api.w.org\/{rel}","templated":true}]}}