{"id":30670,"date":"2025-04-07T08:26:09","date_gmt":"2025-04-07T08:29:28","guid":{"rendered":"https:\/\/walkingmum.com\/?post_type=product&#038;p=30670"},"modified":"2025-04-07T08:29:29","modified_gmt":"2025-04-07T08:29:29","slug":"zaino-botton-strisce","status":"publish","type":"product","link":"https:\/\/walkingmum.com\/it\/prodotto\/zaino-botton-strisce\/","title":{"rendered":"ZAINO BOTTON STRISCE"},"content":{"rendered":"<p>Una borsa fasciatoio e zaino allo stesso tempo, ideale per portare con stile tutto il necessario per te e il tuo bambino durante le passeggiate. Lo zaino Botton con stampa a strisce \u00e8 realizzato in 100% cotone con trattamento waterproof. Lo zaino per il passeggino \u00e8 un modello multifunzione, leggero, resistente e con grande capacit\u00e0, perfetto per trasportare tutto il necessario durante le uscite con il beb\u00e8. Il suo design include numerose tasche interne ed esterne, che permettono di mantenere tutto in ordine e sempre a portata di mano. Dispone di tasche per i biberon per tenerli al sicuro, tasche per le posate, per le salviettine umidificate, un apposito scomparto per la bottiglia d\u2019acqua e molto altro. Include inoltre un fasciatoio coordinato con la borsa maternit\u00e0 e una tasca plastificata per riporre gli indumenti bagnati, isolando l\u2019umidit\u00e0 dal resto dello zaino. La borsa \u00e8 dotata di due manici corti regolabili, che permettono di fissarla facilmente a qualsiasi modello di passeggino, oltre a manici a mano e spallacci imbottiti, che consentono di indossarla comodamente sulla schiena senza causare fastidi dovuti al peso. Alta qualit\u00e0 e grande stile. Realizzata in 100% cotone con trattamento waterproof, \u00e8 facile da pulire e lavabile sia a mano che in lavatrice. Walking Mum protegge il tuo bambino utilizzando solo tessuti privi di coloranti azoici e sostanze nocive per la salute. La nostra collezione Walking Mum conserva tutta la qualit\u00e0 del marchio Pasito a Pasito, ma con un tocco urbano e moderno, perfetto per dare un tocco di stile alle passeggiate con il tuo bambino. Le borse maternit\u00e0 di questa linea hanno uno stile pi\u00f9 sportivo e pratico, pensato per mamme e pap\u00e0 moderni che apprezzano i design pi\u00f9 attuali e di tendenza, senza rinunciare alla qualit\u00e0 e alla funzionalit\u00e0 degli accessori che rendono ogni passeggiata pi\u00f9 comoda. Specifiche: materiali 100% cotone, dimensioni 36x26x12 cm.<\/p>\n","protected":false},"excerpt":{"rendered":"<p>Una borsa fasciatoio e zaino allo stesso tempo, ideale per portare con stile tutto il necessario per te e il tuo bambino durante le passeggiate. Lo zaino Botton con stampa a strisce \u00e8 realizzato in 100% cotone con trattamento waterproof. Lo zaino per il passeggino \u00e8 un modello multifunzione, leggero, resistente e con grande capacit\u00e0, [&hellip;]<\/p>\n","protected":false},"featured_media":28787,"comment_status":"closed","ping_status":"closed","template":"","meta":{"_acf_changed":false,"inline_featured_image":false},"colecciones":[391],"product_brand":[],"product_cat":[131],"product_tag":[],"class_list":{"0":"post-30670","1":"product","2":"type-product","3":"status-publish","4":"has-post-thumbnail","6":"colecciones-collezione-botton","7":"product_cat-zaini-fasciatoio","9":"first","10":"instock","11":"purchasable","12":"product-type-simple"},"acf":[],"yoast_head":"<!-- This site is optimized with the Yoast SEO plugin v27.4 - https:\/\/yoast.com\/product\/yoast-seo-wordpress\/ -->\n<title>ZAINO BOTTON STRISCE - Walking Mum<\/title>\n<meta name=\"robots\" content=\"index, follow, max-snippet:-1, max-image-preview:large, max-video-preview:-1\" \/>\n<link rel=\"canonical\" href=\"https:\/\/walkingmum.com\/it\/prodotto\/zaino-botton-strisce\/\" \/>\n<meta property=\"og:locale\" content=\"it_IT\" \/>\n<meta property=\"og:type\" content=\"article\" \/>\n<meta property=\"og:title\" content=\"ZAINO BOTTON STRISCE - Walking Mum\" \/>\n<meta property=\"og:description\" content=\"Una borsa fasciatoio e zaino allo stesso tempo, ideale per portare con stile tutto il necessario per te e il tuo bambino durante le passeggiate. Lo zaino Botton con stampa a strisce \u00e8 realizzato in 100% cotone con trattamento waterproof. Lo zaino per il passeggino \u00e8 un modello multifunzione, leggero, resistente e con grande capacit\u00e0, [&hellip;]\" \/>\n<meta property=\"og:url\" content=\"https:\/\/walkingmum.com\/it\/prodotto\/zaino-botton-strisce\/\" \/>\n<meta property=\"og:site_name\" content=\"Walking Mum\" \/>\n<meta property=\"article:modified_time\" content=\"2025-04-07T08:29:29+00:00\" \/>\n<meta property=\"og:image\" content=\"https:\/\/walkingmum.com\/wp-content\/uploads\/2025\/04\/1120800472_a-1.jpg\" \/>\n\t<meta property=\"og:image:width\" content=\"900\" \/>\n\t<meta property=\"og:image:height\" content=\"900\" \/>\n\t<meta property=\"og:image:type\" content=\"image\/jpeg\" \/>\n<meta name=\"twitter:card\" content=\"summary_large_image\" \/>\n<meta name=\"twitter:label1\" content=\"Tempo di lettura stimato\" \/>\n\t<meta name=\"twitter:data1\" content=\"2 minuti\" \/>\n<script type=\"application\/ld+json\" class=\"yoast-schema-graph\">{\"@context\":\"https:\\\/\\\/schema.org\",\"@graph\":[{\"@type\":\"WebPage\",\"@id\":\"https:\\\/\\\/walkingmum.com\\\/it\\\/prodotto\\\/zaino-botton-strisce\\\/\",\"url\":\"https:\\\/\\\/walkingmum.com\\\/it\\\/prodotto\\\/zaino-botton-strisce\\\/\",\"name\":\"ZAINO BOTTON STRISCE - Walking Mum\",\"isPartOf\":{\"@id\":\"https:\\\/\\\/walkingmum.com\\\/#website\"},\"primaryImageOfPage\":{\"@id\":\"https:\\\/\\\/walkingmum.com\\\/it\\\/prodotto\\\/zaino-botton-strisce\\\/#primaryimage\"},\"image\":{\"@id\":\"https:\\\/\\\/walkingmum.com\\\/it\\\/prodotto\\\/zaino-botton-strisce\\\/#primaryimage\"},\"thumbnailUrl\":\"https:\\\/\\\/walkingmum.com\\\/wp-content\\\/uploads\\\/2025\\\/04\\\/1120800472_a-1.jpg\",\"datePublished\":\"2025-04-07T08:29:28+00:00\",\"dateModified\":\"2025-04-07T08:29:29+00:00\",\"breadcrumb\":{\"@id\":\"https:\\\/\\\/walkingmum.com\\\/it\\\/prodotto\\\/zaino-botton-strisce\\\/#breadcrumb\"},\"inLanguage\":\"it-IT\",\"potentialAction\":[{\"@type\":\"ReadAction\",\"target\":[\"https:\\\/\\\/walkingmum.com\\\/it\\\/prodotto\\\/zaino-botton-strisce\\\/\"]}]},{\"@type\":\"ImageObject\",\"inLanguage\":\"it-IT\",\"@id\":\"https:\\\/\\\/walkingmum.com\\\/it\\\/prodotto\\\/zaino-botton-strisce\\\/#primaryimage\",\"url\":\"https:\\\/\\\/walkingmum.com\\\/wp-content\\\/uploads\\\/2025\\\/04\\\/1120800472_a-1.jpg\",\"contentUrl\":\"https:\\\/\\\/walkingmum.com\\\/wp-content\\\/uploads\\\/2025\\\/04\\\/1120800472_a-1.jpg\",\"width\":900,\"height\":900},{\"@type\":\"BreadcrumbList\",\"@id\":\"https:\\\/\\\/walkingmum.com\\\/it\\\/prodotto\\\/zaino-botton-strisce\\\/#breadcrumb\",\"itemListElement\":[{\"@type\":\"ListItem\",\"position\":1,\"name\":\"Portada\",\"item\":\"https:\\\/\\\/walkingmum.com\\\/it\\\/\"},{\"@type\":\"ListItem\",\"position\":2,\"name\":\"Tienda\",\"item\":\"https:\\\/\\\/walkingmum.com\\\/tienda\\\/\"},{\"@type\":\"ListItem\",\"position\":3,\"name\":\"ZAINO BOTTON STRISCE\"}]},{\"@type\":\"WebSite\",\"@id\":\"https:\\\/\\\/walkingmum.com\\\/#website\",\"url\":\"https:\\\/\\\/walkingmum.com\\\/\",\"name\":\"Walking Mum\",\"description\":\"La marca para beb\u00e9s modernos\",\"potentialAction\":[{\"@type\":\"SearchAction\",\"target\":{\"@type\":\"EntryPoint\",\"urlTemplate\":\"https:\\\/\\\/walkingmum.com\\\/?s={search_term_string}\"},\"query-input\":{\"@type\":\"PropertyValueSpecification\",\"valueRequired\":true,\"valueName\":\"search_term_string\"}}],\"inLanguage\":\"it-IT\"}]}<\/script>\n<!-- \/ Yoast SEO plugin. -->","yoast_head_json":{"title":"ZAINO BOTTON STRISCE - Walking Mum","robots":{"index":"index","follow":"follow","max-snippet":"max-snippet:-1","max-image-preview":"max-image-preview:large","max-video-preview":"max-video-preview:-1"},"canonical":"https:\/\/walkingmum.com\/it\/prodotto\/zaino-botton-strisce\/","og_locale":"it_IT","og_type":"article","og_title":"ZAINO BOTTON STRISCE - Walking Mum","og_description":"Una borsa fasciatoio e zaino allo stesso tempo, ideale per portare con stile tutto il necessario per te e il tuo bambino durante le passeggiate. Lo zaino Botton con stampa a strisce \u00e8 realizzato in 100% cotone con trattamento waterproof. Lo zaino per il passeggino \u00e8 un modello multifunzione, leggero, resistente e con grande capacit\u00e0, [&hellip;]","og_url":"https:\/\/walkingmum.com\/it\/prodotto\/zaino-botton-strisce\/","og_site_name":"Walking Mum","article_modified_time":"2025-04-07T08:29:29+00:00","og_image":[{"width":900,"height":900,"url":"https:\/\/walkingmum.com\/wp-content\/uploads\/2025\/04\/1120800472_a-1.jpg","type":"image\/jpeg"}],"twitter_card":"summary_large_image","twitter_misc":{"Tempo di lettura stimato":"2 minuti"},"schema":{"@context":"https:\/\/schema.org","@graph":[{"@type":"WebPage","@id":"https:\/\/walkingmum.com\/it\/prodotto\/zaino-botton-strisce\/","url":"https:\/\/walkingmum.com\/it\/prodotto\/zaino-botton-strisce\/","name":"ZAINO BOTTON STRISCE - Walking Mum","isPartOf":{"@id":"https:\/\/walkingmum.com\/#website"},"primaryImageOfPage":{"@id":"https:\/\/walkingmum.com\/it\/prodotto\/zaino-botton-strisce\/#primaryimage"},"image":{"@id":"https:\/\/walkingmum.com\/it\/prodotto\/zaino-botton-strisce\/#primaryimage"},"thumbnailUrl":"https:\/\/walkingmum.com\/wp-content\/uploads\/2025\/04\/1120800472_a-1.jpg","datePublished":"2025-04-07T08:29:28+00:00","dateModified":"2025-04-07T08:29:29+00:00","breadcrumb":{"@id":"https:\/\/walkingmum.com\/it\/prodotto\/zaino-botton-strisce\/#breadcrumb"},"inLanguage":"it-IT","potentialAction":[{"@type":"ReadAction","target":["https:\/\/walkingmum.com\/it\/prodotto\/zaino-botton-strisce\/"]}]},{"@type":"ImageObject","inLanguage":"it-IT","@id":"https:\/\/walkingmum.com\/it\/prodotto\/zaino-botton-strisce\/#primaryimage","url":"https:\/\/walkingmum.com\/wp-content\/uploads\/2025\/04\/1120800472_a-1.jpg","contentUrl":"https:\/\/walkingmum.com\/wp-content\/uploads\/2025\/04\/1120800472_a-1.jpg","width":900,"height":900},{"@type":"BreadcrumbList","@id":"https:\/\/walkingmum.com\/it\/prodotto\/zaino-botton-strisce\/#breadcrumb","itemListElement":[{"@type":"ListItem","position":1,"name":"Portada","item":"https:\/\/walkingmum.com\/it\/"},{"@type":"ListItem","position":2,"name":"Tienda","item":"https:\/\/walkingmum.com\/tienda\/"},{"@type":"ListItem","position":3,"name":"ZAINO BOTTON STRISCE"}]},{"@type":"WebSite","@id":"https:\/\/walkingmum.com\/#website","url":"https:\/\/walkingmum.com\/","name":"Walking Mum","description":"La marca para beb\u00e9s modernos","potentialAction":[{"@type":"SearchAction","target":{"@type":"EntryPoint","urlTemplate":"https:\/\/walkingmum.com\/?s={search_term_string}"},"query-input":{"@type":"PropertyValueSpecification","valueRequired":true,"valueName":"search_term_string"}}],"inLanguage":"it-IT"}]}},"_links":{"self":[{"href":"https:\/\/walkingmum.com\/it\/wp-json\/wp\/v2\/product\/30670","targetHints":{"allow":["GET"]}}],"collection":[{"href":"https:\/\/walkingmum.com\/it\/wp-json\/wp\/v2\/product"}],"about":[{"href":"https:\/\/walkingmum.com\/it\/wp-json\/wp\/v2\/types\/product"}],"replies":[{"embeddable":true,"href":"https:\/\/walkingmum.com\/it\/wp-json\/wp\/v2\/comments?post=30670"}],"wp:featuredmedia":[{"embeddable":true,"href":"https:\/\/walkingmum.com\/it\/wp-json\/wp\/v2\/media\/28787"}],"wp:attachment":[{"href":"https:\/\/walkingmum.com\/it\/wp-json\/wp\/v2\/media?parent=30670"}],"wp:term":[{"taxonomy":"colecciones","embeddable":true,"href":"https:\/\/walkingmum.com\/it\/wp-json\/wp\/v2\/colecciones?post=30670"},{"taxonomy":"product_brand","embeddable":true,"href":"https:\/\/walkingmum.com\/it\/wp-json\/wp\/v2\/product_brand?post=30670"},{"taxonomy":"product_cat","embeddable":true,"href":"https:\/\/walkingmum.com\/it\/wp-json\/wp\/v2\/product_cat?post=30670"},{"taxonomy":"product_tag","embeddable":true,"href":"https:\/\/walkingmum.com\/it\/wp-json\/wp\/v2\/product_tag?post=30670"}],"curies":[{"name":"wp","href":"https:\/\/api.w.org\/{rel}","templated":true}]}}