{"id":28593,"date":"2025-04-04T11:10:08","date_gmt":"2025-04-07T07:01:54","guid":{"rendered":"https:\/\/walkingmum.com\/?post_type=product&#038;p=28593"},"modified":"2025-04-07T07:01:54","modified_gmt":"2025-04-07T07:01:54","slug":"saco-nanna-estate-mimosa-verde","status":"publish","type":"product","link":"https:\/\/walkingmum.com\/it\/prodotto\/saco-nanna-estate-mimosa-verde\/","title":{"rendered":"SACO NANNA ESTATE MIMOSA VERDE"},"content":{"rendered":"<p>Il sacco nanna estivo per neonati Walking Mum Mimosa verde offre il massimo comfort e sicurezza ai neonati durante le ore di sonno. Realizzato in mussola stampata a fiori in tonalit\u00e0 neutre di cotone 100%, \u00e8 estremamente morbido e traspirante, perfetto per la pelle delicata del neonato.  Il design senza maniche consente libert\u00e0 di movimento, mantenendo il bambino al caldo per tutta la notte. Si chiude con bottoni a pressione sulle spalline per una vestibilit\u00e0 sicura e una facile indossabilit\u00e0, consentendo un accesso rapido e comodo. \u00c8 progettato per tenere il bambino al sicuro, evitando il rischio di soffocamento con coperte allentate. Ideale per bambini da 1 a 4 mesi. TOG (Thermal Overall Grade) 0,5. Conforme allo standard europeo EN 16781:2018. Articoli tessili per la cura dei bambini. Requisiti di sicurezza e metodi di prova per i sacchi nanna per neonati. Questo sacco nanna Walking Mum \u00e8 la scelta ideale per i genitori che cercano comfort, sicurezza e stile nei prodotti per il loro bambino. Offre un ambiente di riposo sicuro e confortevole per far dormire il bambino serenamente durante la notte.  Walking Mum protegge il bambino utilizzando i migliori tessuti, privi di coloranti azoici e di sostanze nocive per la salute. La nostra collezione Walking Mum \u00e8 disegnata con un particolare timbro di stile urbano e moderno che non passa inosservato, per vestire diversamente le passeggiate con il vostro bambino. Gli accessori premaman di questa linea sono pi\u00f9 sportivi e pratici, pensati appositamente per le mamme e i pap\u00e0 moderni che apprezzano i design pi\u00f9 attuali e di tendenza senza trascurare la qualit\u00e0 e la funzionalit\u00e0 dei prodotti che completano e rendono pi\u00f9 confortevoli tutte le passeggiate con i loro bambini. Specifiche: Materiali: 100% cotone.<\/p>\n","protected":false},"excerpt":{"rendered":"<p>Il sacco nanna estivo per neonati Walking Mum Mimosa verde offre il massimo comfort e sicurezza ai neonati durante le ore di sonno. Realizzato in mussola stampata a fiori in tonalit\u00e0 neutre di cotone 100%, \u00e8 estremamente morbido e traspirante, perfetto per la pelle delicata del neonato. Il design senza maniche consente libert\u00e0 di movimento, [&hellip;]<\/p>\n","protected":false},"featured_media":28551,"comment_status":"closed","ping_status":"closed","template":"","meta":{"_acf_changed":false,"inline_featured_image":false},"colecciones":[355],"product_brand":[],"product_cat":[359],"product_tag":[],"class_list":{"0":"post-28593","1":"product","2":"type-product","3":"status-publish","4":"has-post-thumbnail","6":"colecciones-collezione-mimosa","7":"product_cat-home-it","9":"first","10":"instock","11":"purchasable","12":"product-type-simple"},"acf":[],"yoast_head":"<!-- This site is optimized with the Yoast SEO plugin v27.3 - https:\/\/yoast.com\/product\/yoast-seo-wordpress\/ -->\n<title>SACO NANNA ESTATE MIMOSA VERDE - Walking Mum<\/title>\n<meta name=\"robots\" content=\"index, follow, max-snippet:-1, max-image-preview:large, max-video-preview:-1\" \/>\n<link rel=\"canonical\" href=\"https:\/\/walkingmum.com\/it\/prodotto\/saco-nanna-estate-mimosa-verde\/\" \/>\n<meta property=\"og:locale\" content=\"it_IT\" \/>\n<meta property=\"og:type\" content=\"article\" \/>\n<meta property=\"og:title\" content=\"SACO NANNA ESTATE MIMOSA VERDE - Walking Mum\" \/>\n<meta property=\"og:description\" content=\"Il sacco nanna estivo per neonati Walking Mum Mimosa verde offre il massimo comfort e sicurezza ai neonati durante le ore di sonno. Realizzato in mussola stampata a fiori in tonalit\u00e0 neutre di cotone 100%, \u00e8 estremamente morbido e traspirante, perfetto per la pelle delicata del neonato. Il design senza maniche consente libert\u00e0 di movimento, [&hellip;]\" \/>\n<meta property=\"og:url\" content=\"https:\/\/walkingmum.com\/it\/prodotto\/saco-nanna-estate-mimosa-verde\/\" \/>\n<meta property=\"og:site_name\" content=\"Walking Mum\" \/>\n<meta property=\"og:image\" content=\"https:\/\/walkingmum.com\/wp-content\/uploads\/2025\/04\/1120800468_a-1.jpg\" \/>\n\t<meta property=\"og:image:width\" content=\"900\" \/>\n\t<meta property=\"og:image:height\" content=\"900\" \/>\n\t<meta property=\"og:image:type\" content=\"image\/jpeg\" \/>\n<meta name=\"twitter:card\" content=\"summary_large_image\" \/>\n<meta name=\"twitter:label1\" content=\"Tempo di lettura stimato\" \/>\n\t<meta name=\"twitter:data1\" content=\"1 minuto\" \/>\n<script type=\"application\/ld+json\" class=\"yoast-schema-graph\">{\"@context\":\"https:\\\/\\\/schema.org\",\"@graph\":[{\"@type\":\"WebPage\",\"@id\":\"https:\\\/\\\/walkingmum.com\\\/it\\\/prodotto\\\/saco-nanna-estate-mimosa-verde\\\/\",\"url\":\"https:\\\/\\\/walkingmum.com\\\/it\\\/prodotto\\\/saco-nanna-estate-mimosa-verde\\\/\",\"name\":\"SACO NANNA ESTATE MIMOSA VERDE - Walking Mum\",\"isPartOf\":{\"@id\":\"https:\\\/\\\/walkingmum.com\\\/#website\"},\"primaryImageOfPage\":{\"@id\":\"https:\\\/\\\/walkingmum.com\\\/it\\\/prodotto\\\/saco-nanna-estate-mimosa-verde\\\/#primaryimage\"},\"image\":{\"@id\":\"https:\\\/\\\/walkingmum.com\\\/it\\\/prodotto\\\/saco-nanna-estate-mimosa-verde\\\/#primaryimage\"},\"thumbnailUrl\":\"https:\\\/\\\/walkingmum.com\\\/wp-content\\\/uploads\\\/2025\\\/04\\\/1120800468_a-1.jpg\",\"datePublished\":\"2025-04-07T07:01:54+00:00\",\"breadcrumb\":{\"@id\":\"https:\\\/\\\/walkingmum.com\\\/it\\\/prodotto\\\/saco-nanna-estate-mimosa-verde\\\/#breadcrumb\"},\"inLanguage\":\"it-IT\",\"potentialAction\":[{\"@type\":\"ReadAction\",\"target\":[\"https:\\\/\\\/walkingmum.com\\\/it\\\/prodotto\\\/saco-nanna-estate-mimosa-verde\\\/\"]}]},{\"@type\":\"ImageObject\",\"inLanguage\":\"it-IT\",\"@id\":\"https:\\\/\\\/walkingmum.com\\\/it\\\/prodotto\\\/saco-nanna-estate-mimosa-verde\\\/#primaryimage\",\"url\":\"https:\\\/\\\/walkingmum.com\\\/wp-content\\\/uploads\\\/2025\\\/04\\\/1120800468_a-1.jpg\",\"contentUrl\":\"https:\\\/\\\/walkingmum.com\\\/wp-content\\\/uploads\\\/2025\\\/04\\\/1120800468_a-1.jpg\",\"width\":900,\"height\":900},{\"@type\":\"BreadcrumbList\",\"@id\":\"https:\\\/\\\/walkingmum.com\\\/it\\\/prodotto\\\/saco-nanna-estate-mimosa-verde\\\/#breadcrumb\",\"itemListElement\":[{\"@type\":\"ListItem\",\"position\":1,\"name\":\"Portada\",\"item\":\"https:\\\/\\\/walkingmum.com\\\/it\\\/\"},{\"@type\":\"ListItem\",\"position\":2,\"name\":\"Tienda\",\"item\":\"https:\\\/\\\/walkingmum.com\\\/tienda\\\/\"},{\"@type\":\"ListItem\",\"position\":3,\"name\":\"SACO NANNA ESTATE MIMOSA VERDE\"}]},{\"@type\":\"WebSite\",\"@id\":\"https:\\\/\\\/walkingmum.com\\\/#website\",\"url\":\"https:\\\/\\\/walkingmum.com\\\/\",\"name\":\"Walking Mum\",\"description\":\"La marca para beb\u00e9s modernos\",\"potentialAction\":[{\"@type\":\"SearchAction\",\"target\":{\"@type\":\"EntryPoint\",\"urlTemplate\":\"https:\\\/\\\/walkingmum.com\\\/?s={search_term_string}\"},\"query-input\":{\"@type\":\"PropertyValueSpecification\",\"valueRequired\":true,\"valueName\":\"search_term_string\"}}],\"inLanguage\":\"it-IT\"}]}<\/script>\n<!-- \/ Yoast SEO plugin. -->","yoast_head_json":{"title":"SACO NANNA ESTATE MIMOSA VERDE - Walking Mum","robots":{"index":"index","follow":"follow","max-snippet":"max-snippet:-1","max-image-preview":"max-image-preview:large","max-video-preview":"max-video-preview:-1"},"canonical":"https:\/\/walkingmum.com\/it\/prodotto\/saco-nanna-estate-mimosa-verde\/","og_locale":"it_IT","og_type":"article","og_title":"SACO NANNA ESTATE MIMOSA VERDE - Walking Mum","og_description":"Il sacco nanna estivo per neonati Walking Mum Mimosa verde offre il massimo comfort e sicurezza ai neonati durante le ore di sonno. Realizzato in mussola stampata a fiori in tonalit\u00e0 neutre di cotone 100%, \u00e8 estremamente morbido e traspirante, perfetto per la pelle delicata del neonato. Il design senza maniche consente libert\u00e0 di movimento, [&hellip;]","og_url":"https:\/\/walkingmum.com\/it\/prodotto\/saco-nanna-estate-mimosa-verde\/","og_site_name":"Walking Mum","og_image":[{"width":900,"height":900,"url":"https:\/\/walkingmum.com\/wp-content\/uploads\/2025\/04\/1120800468_a-1.jpg","type":"image\/jpeg"}],"twitter_card":"summary_large_image","twitter_misc":{"Tempo di lettura stimato":"1 minuto"},"schema":{"@context":"https:\/\/schema.org","@graph":[{"@type":"WebPage","@id":"https:\/\/walkingmum.com\/it\/prodotto\/saco-nanna-estate-mimosa-verde\/","url":"https:\/\/walkingmum.com\/it\/prodotto\/saco-nanna-estate-mimosa-verde\/","name":"SACO NANNA ESTATE MIMOSA VERDE - Walking Mum","isPartOf":{"@id":"https:\/\/walkingmum.com\/#website"},"primaryImageOfPage":{"@id":"https:\/\/walkingmum.com\/it\/prodotto\/saco-nanna-estate-mimosa-verde\/#primaryimage"},"image":{"@id":"https:\/\/walkingmum.com\/it\/prodotto\/saco-nanna-estate-mimosa-verde\/#primaryimage"},"thumbnailUrl":"https:\/\/walkingmum.com\/wp-content\/uploads\/2025\/04\/1120800468_a-1.jpg","datePublished":"2025-04-07T07:01:54+00:00","breadcrumb":{"@id":"https:\/\/walkingmum.com\/it\/prodotto\/saco-nanna-estate-mimosa-verde\/#breadcrumb"},"inLanguage":"it-IT","potentialAction":[{"@type":"ReadAction","target":["https:\/\/walkingmum.com\/it\/prodotto\/saco-nanna-estate-mimosa-verde\/"]}]},{"@type":"ImageObject","inLanguage":"it-IT","@id":"https:\/\/walkingmum.com\/it\/prodotto\/saco-nanna-estate-mimosa-verde\/#primaryimage","url":"https:\/\/walkingmum.com\/wp-content\/uploads\/2025\/04\/1120800468_a-1.jpg","contentUrl":"https:\/\/walkingmum.com\/wp-content\/uploads\/2025\/04\/1120800468_a-1.jpg","width":900,"height":900},{"@type":"BreadcrumbList","@id":"https:\/\/walkingmum.com\/it\/prodotto\/saco-nanna-estate-mimosa-verde\/#breadcrumb","itemListElement":[{"@type":"ListItem","position":1,"name":"Portada","item":"https:\/\/walkingmum.com\/it\/"},{"@type":"ListItem","position":2,"name":"Tienda","item":"https:\/\/walkingmum.com\/tienda\/"},{"@type":"ListItem","position":3,"name":"SACO NANNA ESTATE MIMOSA VERDE"}]},{"@type":"WebSite","@id":"https:\/\/walkingmum.com\/#website","url":"https:\/\/walkingmum.com\/","name":"Walking Mum","description":"La marca para beb\u00e9s modernos","potentialAction":[{"@type":"SearchAction","target":{"@type":"EntryPoint","urlTemplate":"https:\/\/walkingmum.com\/?s={search_term_string}"},"query-input":{"@type":"PropertyValueSpecification","valueRequired":true,"valueName":"search_term_string"}}],"inLanguage":"it-IT"}]}},"_links":{"self":[{"href":"https:\/\/walkingmum.com\/it\/wp-json\/wp\/v2\/product\/28593","targetHints":{"allow":["GET"]}}],"collection":[{"href":"https:\/\/walkingmum.com\/it\/wp-json\/wp\/v2\/product"}],"about":[{"href":"https:\/\/walkingmum.com\/it\/wp-json\/wp\/v2\/types\/product"}],"replies":[{"embeddable":true,"href":"https:\/\/walkingmum.com\/it\/wp-json\/wp\/v2\/comments?post=28593"}],"wp:featuredmedia":[{"embeddable":true,"href":"https:\/\/walkingmum.com\/it\/wp-json\/wp\/v2\/media\/28551"}],"wp:attachment":[{"href":"https:\/\/walkingmum.com\/it\/wp-json\/wp\/v2\/media?parent=28593"}],"wp:term":[{"taxonomy":"colecciones","embeddable":true,"href":"https:\/\/walkingmum.com\/it\/wp-json\/wp\/v2\/colecciones?post=28593"},{"taxonomy":"product_brand","embeddable":true,"href":"https:\/\/walkingmum.com\/it\/wp-json\/wp\/v2\/product_brand?post=28593"},{"taxonomy":"product_cat","embeddable":true,"href":"https:\/\/walkingmum.com\/it\/wp-json\/wp\/v2\/product_cat?post=28593"},{"taxonomy":"product_tag","embeddable":true,"href":"https:\/\/walkingmum.com\/it\/wp-json\/wp\/v2\/product_tag?post=28593"}],"curies":[{"name":"wp","href":"https:\/\/api.w.org\/{rel}","templated":true}]}}