{"id":28591,"date":"2025-04-04T11:10:08","date_gmt":"2025-04-07T07:01:53","guid":{"rendered":"https:\/\/walkingmum.com\/?post_type=product&#038;p=28591"},"modified":"2025-04-07T07:01:53","modified_gmt":"2025-04-07T07:01:53","slug":"mussola-mimosa-verde","status":"publish","type":"product","link":"https:\/\/walkingmum.com\/it\/prodotto\/mussola-mimosa-verde\/","title":{"rendered":"MUSSOLA MIMOSA VERDE"},"content":{"rendered":"<p>La mussola Walking Mum Mimosa verde \u00e8 l&#8217;accessorio essenziale per la cura del bambino. Realizzata con una combinazione di 70% bamb\u00f9 e 30% cotone, offre una consistenza ultra morbida e traspirante, delicata sulla pelle del neonato. Le sue dimensioni di 120&#215;120 cm la rendono ideale per molteplici usi: come coperta per le coccole, coperta leggera, copertura per la carrozzina, copertura per l&#8217;allattamento o fasciatoio improvvisato. Grazie al suo tessuto traspirante, aiuta a regolare la temperatura del bambino, offrendo comfort in ogni situazione.  Materiali delicati sulla pelle del bambino, ideali per un riposo sicuro e piacevole. Facile da lavare e da mantenere, mantiene la sua morbidezza lavaggio dopo lavaggio. \u00c8 ideale per mantenere il bambino comodo e protetto, con lo stile e la qualit\u00e0 tipici di Walking Mum. Realizzato con materiali resistenti e facile da pulire a mano o in lavatrice a 30\u00b0C. Walking Mum protegge il vostro bambino utilizzando i migliori tessuti, privi di coloranti azoici e di sostanze nocive per la salute. La nostra collezione Walking Mum \u00e8 disegnata con un particolare timbro di stile urbano e moderno che non passa inosservato, per vestire diversamente le passeggiate con il vostro bambino. Gli accessori premaman di questa linea sono pi\u00f9 sportivi e pratici, pensati appositamente per le mamme e i pap\u00e0 moderni che apprezzano i design pi\u00f9 attuali e di tendenza senza trascurare la qualit\u00e0 e la funzionalit\u00e0 dei prodotti che completano e rendono pi\u00f9 confortevoli tutte le passeggiate con i loro bambini. Specifiche: Materiali: 70% Bamb\u00f9 &#8211; 230% Cotone. Misure: 120x120cm.<\/p>\n","protected":false},"excerpt":{"rendered":"<p>La mussola Walking Mum Mimosa verde \u00e8 l&#8217;accessorio essenziale per la cura del bambino. Realizzata con una combinazione di 70% bamb\u00f9 e 30% cotone, offre una consistenza ultra morbida e traspirante, delicata sulla pelle del neonato. Le sue dimensioni di 120&#215;120 cm la rendono ideale per molteplici usi: come coperta per le coccole, coperta leggera, [&hellip;]<\/p>\n","protected":false},"featured_media":28523,"comment_status":"closed","ping_status":"closed","template":"","meta":{"_acf_changed":false,"inline_featured_image":false},"colecciones":[355],"product_brand":[],"product_cat":[379],"product_tag":[],"class_list":{"0":"post-28591","1":"product","2":"type-product","3":"status-publish","4":"has-post-thumbnail","6":"colecciones-collezione-mimosa","7":"product_cat-mussole","9":"first","10":"instock","11":"purchasable","12":"product-type-simple"},"acf":[],"yoast_head":"<!-- This site is optimized with the Yoast SEO plugin v27.4 - https:\/\/yoast.com\/product\/yoast-seo-wordpress\/ -->\n<title>MUSSOLA MIMOSA VERDE - Walking Mum<\/title>\n<meta name=\"robots\" content=\"index, follow, max-snippet:-1, max-image-preview:large, max-video-preview:-1\" \/>\n<link rel=\"canonical\" href=\"https:\/\/walkingmum.com\/it\/prodotto\/mussola-mimosa-verde\/\" \/>\n<meta property=\"og:locale\" content=\"it_IT\" \/>\n<meta property=\"og:type\" content=\"article\" \/>\n<meta property=\"og:title\" content=\"MUSSOLA MIMOSA VERDE - Walking Mum\" \/>\n<meta property=\"og:description\" content=\"La mussola Walking Mum Mimosa verde \u00e8 l&#8217;accessorio essenziale per la cura del bambino. Realizzata con una combinazione di 70% bamb\u00f9 e 30% cotone, offre una consistenza ultra morbida e traspirante, delicata sulla pelle del neonato. Le sue dimensioni di 120&#215;120 cm la rendono ideale per molteplici usi: come coperta per le coccole, coperta leggera, [&hellip;]\" \/>\n<meta property=\"og:url\" content=\"https:\/\/walkingmum.com\/it\/prodotto\/mussola-mimosa-verde\/\" \/>\n<meta property=\"og:site_name\" content=\"Walking Mum\" \/>\n<meta property=\"og:image\" content=\"https:\/\/walkingmum.com\/wp-content\/uploads\/2025\/04\/1120800466_b-1.jpg\" \/>\n\t<meta property=\"og:image:width\" content=\"900\" \/>\n\t<meta property=\"og:image:height\" content=\"900\" \/>\n\t<meta property=\"og:image:type\" content=\"image\/jpeg\" \/>\n<meta name=\"twitter:card\" content=\"summary_large_image\" \/>\n<meta name=\"twitter:label1\" content=\"Tempo di lettura stimato\" \/>\n\t<meta name=\"twitter:data1\" content=\"1 minuto\" \/>\n<script type=\"application\/ld+json\" class=\"yoast-schema-graph\">{\"@context\":\"https:\\\/\\\/schema.org\",\"@graph\":[{\"@type\":\"WebPage\",\"@id\":\"https:\\\/\\\/walkingmum.com\\\/it\\\/prodotto\\\/mussola-mimosa-verde\\\/\",\"url\":\"https:\\\/\\\/walkingmum.com\\\/it\\\/prodotto\\\/mussola-mimosa-verde\\\/\",\"name\":\"MUSSOLA MIMOSA VERDE - Walking Mum\",\"isPartOf\":{\"@id\":\"https:\\\/\\\/walkingmum.com\\\/#website\"},\"primaryImageOfPage\":{\"@id\":\"https:\\\/\\\/walkingmum.com\\\/it\\\/prodotto\\\/mussola-mimosa-verde\\\/#primaryimage\"},\"image\":{\"@id\":\"https:\\\/\\\/walkingmum.com\\\/it\\\/prodotto\\\/mussola-mimosa-verde\\\/#primaryimage\"},\"thumbnailUrl\":\"https:\\\/\\\/walkingmum.com\\\/wp-content\\\/uploads\\\/2025\\\/04\\\/1120800466_b-1.jpg\",\"datePublished\":\"2025-04-07T07:01:53+00:00\",\"breadcrumb\":{\"@id\":\"https:\\\/\\\/walkingmum.com\\\/it\\\/prodotto\\\/mussola-mimosa-verde\\\/#breadcrumb\"},\"inLanguage\":\"it-IT\",\"potentialAction\":[{\"@type\":\"ReadAction\",\"target\":[\"https:\\\/\\\/walkingmum.com\\\/it\\\/prodotto\\\/mussola-mimosa-verde\\\/\"]}]},{\"@type\":\"ImageObject\",\"inLanguage\":\"it-IT\",\"@id\":\"https:\\\/\\\/walkingmum.com\\\/it\\\/prodotto\\\/mussola-mimosa-verde\\\/#primaryimage\",\"url\":\"https:\\\/\\\/walkingmum.com\\\/wp-content\\\/uploads\\\/2025\\\/04\\\/1120800466_b-1.jpg\",\"contentUrl\":\"https:\\\/\\\/walkingmum.com\\\/wp-content\\\/uploads\\\/2025\\\/04\\\/1120800466_b-1.jpg\",\"width\":900,\"height\":900},{\"@type\":\"BreadcrumbList\",\"@id\":\"https:\\\/\\\/walkingmum.com\\\/it\\\/prodotto\\\/mussola-mimosa-verde\\\/#breadcrumb\",\"itemListElement\":[{\"@type\":\"ListItem\",\"position\":1,\"name\":\"Portada\",\"item\":\"https:\\\/\\\/walkingmum.com\\\/it\\\/\"},{\"@type\":\"ListItem\",\"position\":2,\"name\":\"Tienda\",\"item\":\"https:\\\/\\\/walkingmum.com\\\/tienda\\\/\"},{\"@type\":\"ListItem\",\"position\":3,\"name\":\"MUSSOLA MIMOSA VERDE\"}]},{\"@type\":\"WebSite\",\"@id\":\"https:\\\/\\\/walkingmum.com\\\/#website\",\"url\":\"https:\\\/\\\/walkingmum.com\\\/\",\"name\":\"Walking Mum\",\"description\":\"La marca para beb\u00e9s modernos\",\"potentialAction\":[{\"@type\":\"SearchAction\",\"target\":{\"@type\":\"EntryPoint\",\"urlTemplate\":\"https:\\\/\\\/walkingmum.com\\\/?s={search_term_string}\"},\"query-input\":{\"@type\":\"PropertyValueSpecification\",\"valueRequired\":true,\"valueName\":\"search_term_string\"}}],\"inLanguage\":\"it-IT\"}]}<\/script>\n<!-- \/ Yoast SEO plugin. -->","yoast_head_json":{"title":"MUSSOLA MIMOSA VERDE - Walking Mum","robots":{"index":"index","follow":"follow","max-snippet":"max-snippet:-1","max-image-preview":"max-image-preview:large","max-video-preview":"max-video-preview:-1"},"canonical":"https:\/\/walkingmum.com\/it\/prodotto\/mussola-mimosa-verde\/","og_locale":"it_IT","og_type":"article","og_title":"MUSSOLA MIMOSA VERDE - Walking Mum","og_description":"La mussola Walking Mum Mimosa verde \u00e8 l&#8217;accessorio essenziale per la cura del bambino. Realizzata con una combinazione di 70% bamb\u00f9 e 30% cotone, offre una consistenza ultra morbida e traspirante, delicata sulla pelle del neonato. Le sue dimensioni di 120&#215;120 cm la rendono ideale per molteplici usi: come coperta per le coccole, coperta leggera, [&hellip;]","og_url":"https:\/\/walkingmum.com\/it\/prodotto\/mussola-mimosa-verde\/","og_site_name":"Walking Mum","og_image":[{"width":900,"height":900,"url":"https:\/\/walkingmum.com\/wp-content\/uploads\/2025\/04\/1120800466_b-1.jpg","type":"image\/jpeg"}],"twitter_card":"summary_large_image","twitter_misc":{"Tempo di lettura stimato":"1 minuto"},"schema":{"@context":"https:\/\/schema.org","@graph":[{"@type":"WebPage","@id":"https:\/\/walkingmum.com\/it\/prodotto\/mussola-mimosa-verde\/","url":"https:\/\/walkingmum.com\/it\/prodotto\/mussola-mimosa-verde\/","name":"MUSSOLA MIMOSA VERDE - Walking Mum","isPartOf":{"@id":"https:\/\/walkingmum.com\/#website"},"primaryImageOfPage":{"@id":"https:\/\/walkingmum.com\/it\/prodotto\/mussola-mimosa-verde\/#primaryimage"},"image":{"@id":"https:\/\/walkingmum.com\/it\/prodotto\/mussola-mimosa-verde\/#primaryimage"},"thumbnailUrl":"https:\/\/walkingmum.com\/wp-content\/uploads\/2025\/04\/1120800466_b-1.jpg","datePublished":"2025-04-07T07:01:53+00:00","breadcrumb":{"@id":"https:\/\/walkingmum.com\/it\/prodotto\/mussola-mimosa-verde\/#breadcrumb"},"inLanguage":"it-IT","potentialAction":[{"@type":"ReadAction","target":["https:\/\/walkingmum.com\/it\/prodotto\/mussola-mimosa-verde\/"]}]},{"@type":"ImageObject","inLanguage":"it-IT","@id":"https:\/\/walkingmum.com\/it\/prodotto\/mussola-mimosa-verde\/#primaryimage","url":"https:\/\/walkingmum.com\/wp-content\/uploads\/2025\/04\/1120800466_b-1.jpg","contentUrl":"https:\/\/walkingmum.com\/wp-content\/uploads\/2025\/04\/1120800466_b-1.jpg","width":900,"height":900},{"@type":"BreadcrumbList","@id":"https:\/\/walkingmum.com\/it\/prodotto\/mussola-mimosa-verde\/#breadcrumb","itemListElement":[{"@type":"ListItem","position":1,"name":"Portada","item":"https:\/\/walkingmum.com\/it\/"},{"@type":"ListItem","position":2,"name":"Tienda","item":"https:\/\/walkingmum.com\/tienda\/"},{"@type":"ListItem","position":3,"name":"MUSSOLA MIMOSA VERDE"}]},{"@type":"WebSite","@id":"https:\/\/walkingmum.com\/#website","url":"https:\/\/walkingmum.com\/","name":"Walking Mum","description":"La marca para beb\u00e9s modernos","potentialAction":[{"@type":"SearchAction","target":{"@type":"EntryPoint","urlTemplate":"https:\/\/walkingmum.com\/?s={search_term_string}"},"query-input":{"@type":"PropertyValueSpecification","valueRequired":true,"valueName":"search_term_string"}}],"inLanguage":"it-IT"}]}},"_links":{"self":[{"href":"https:\/\/walkingmum.com\/it\/wp-json\/wp\/v2\/product\/28591","targetHints":{"allow":["GET"]}}],"collection":[{"href":"https:\/\/walkingmum.com\/it\/wp-json\/wp\/v2\/product"}],"about":[{"href":"https:\/\/walkingmum.com\/it\/wp-json\/wp\/v2\/types\/product"}],"replies":[{"embeddable":true,"href":"https:\/\/walkingmum.com\/it\/wp-json\/wp\/v2\/comments?post=28591"}],"wp:featuredmedia":[{"embeddable":true,"href":"https:\/\/walkingmum.com\/it\/wp-json\/wp\/v2\/media\/28523"}],"wp:attachment":[{"href":"https:\/\/walkingmum.com\/it\/wp-json\/wp\/v2\/media?parent=28591"}],"wp:term":[{"taxonomy":"colecciones","embeddable":true,"href":"https:\/\/walkingmum.com\/it\/wp-json\/wp\/v2\/colecciones?post=28591"},{"taxonomy":"product_brand","embeddable":true,"href":"https:\/\/walkingmum.com\/it\/wp-json\/wp\/v2\/product_brand?post=28591"},{"taxonomy":"product_cat","embeddable":true,"href":"https:\/\/walkingmum.com\/it\/wp-json\/wp\/v2\/product_cat?post=28591"},{"taxonomy":"product_tag","embeddable":true,"href":"https:\/\/walkingmum.com\/it\/wp-json\/wp\/v2\/product_tag?post=28591"}],"curies":[{"name":"wp","href":"https:\/\/api.w.org\/{rel}","templated":true}]}}