{"id":28290,"date":"2024-11-15T11:53:31","date_gmt":"2024-11-15T12:02:55","guid":{"rendered":"https:\/\/walkingmum.com\/?post_type=product&#038;p=28290"},"modified":"2024-11-15T12:02:55","modified_gmt":"2024-11-15T12:02:55","slug":"casa-delle-attivita-in-legno-poppy","status":"publish","type":"product","link":"https:\/\/walkingmum.com\/it\/prodotto\/casa-delle-attivita-in-legno-poppy\/","title":{"rendered":"CASA DELLE ATTIVIT\u00c0 IN LEGNO POPPY"},"content":{"rendered":"<p>L&#8217;incantevole casetta in legno di Walking Mum con forme geometriche, appositamente progettata per stimolare la curiosit\u00e0 e lo sviluppo precoce dei bambini. Questo giocattolo educativo \u00e8 perfetto per introdurre i pi\u00f9 piccoli al mondo delle forme e dei colori, divertendosi per ore. Favorisce la coordinazione occhio-mano e la motricit\u00e0 fine. Permette ai bambini di creare storie e scenari personalizzati. Casetta in legno con finitura naturale e tetto color pastello. Include diverse forme geometriche colorate che si inseriscono negli spazi corrispondenti. Include 1 casetta e 6 pezzi geometrici (topo, formaggio, stella, cuore, cerchio e triangolo). Le dimensioni sono ideali per le piccole mani che possono afferrare e manipolare facilmente i pezzi. Realizzato in legno di alta qualit\u00e0, resistente e certificato FSC. I pezzi sono dipinti con vernici atossiche, per garantire la sicurezza dei pi\u00f9 piccoli durante il gioco. Questo giocattolo per gattonare \u00e8 un regalo perfetto per compleanni, Natale o qualsiasi altra occasione speciale. \u00c8 un&#8217;eccellente aggiunta alla collezione di giocattoli di ogni bambino, che offre ore di divertimento e apprendimento. Walking Mum protegge il bambino utilizzando i migliori materiali privi di sostanze nocive per la salute. Conforme alla norma europea EN-71 Sicurezza dei giocattoli. Adatto a partire da 10 mesi.<\/p>\n","protected":false},"excerpt":{"rendered":"<p>L&#8217;incantevole casetta in legno di Walking Mum con forme geometriche, appositamente progettata per stimolare la curiosit\u00e0 e lo sviluppo precoce dei bambini. Questo giocattolo educativo \u00e8 perfetto per introdurre i pi\u00f9 piccoli al mondo delle forme e dei colori, divertendosi per ore. Favorisce la coordinazione occhio-mano e la motricit\u00e0 fine. Permette ai bambini di creare [&hellip;]<\/p>\n","protected":false},"featured_media":28108,"comment_status":"closed","ping_status":"open","template":"","meta":{"_acf_changed":false,"inline_featured_image":false},"colecciones":[351],"product_brand":[],"product_cat":[367],"product_tag":[],"class_list":{"0":"post-28290","1":"product","2":"type-product","3":"status-publish","4":"has-post-thumbnail","6":"colecciones-collezione-poppy","7":"product_cat-walking-mum-play-it","9":"first","10":"instock","11":"purchasable","12":"product-type-simple"},"acf":[],"yoast_head":"<!-- This site is optimized with the Yoast SEO plugin v27.4 - https:\/\/yoast.com\/product\/yoast-seo-wordpress\/ -->\n<title>CASA DELLE ATTIVIT\u00c0 IN LEGNO POPPY - Walking Mum<\/title>\n<meta name=\"robots\" content=\"index, follow, max-snippet:-1, max-image-preview:large, max-video-preview:-1\" \/>\n<link rel=\"canonical\" href=\"https:\/\/walkingmum.com\/it\/prodotto\/casa-delle-attivita-in-legno-poppy\/\" \/>\n<meta property=\"og:locale\" content=\"it_IT\" \/>\n<meta property=\"og:type\" content=\"article\" \/>\n<meta property=\"og:title\" content=\"CASA DELLE ATTIVIT\u00c0 IN LEGNO POPPY - Walking Mum\" \/>\n<meta property=\"og:description\" content=\"L&#8217;incantevole casetta in legno di Walking Mum con forme geometriche, appositamente progettata per stimolare la curiosit\u00e0 e lo sviluppo precoce dei bambini. Questo giocattolo educativo \u00e8 perfetto per introdurre i pi\u00f9 piccoli al mondo delle forme e dei colori, divertendosi per ore. Favorisce la coordinazione occhio-mano e la motricit\u00e0 fine. Permette ai bambini di creare [&hellip;]\" \/>\n<meta property=\"og:url\" content=\"https:\/\/walkingmum.com\/it\/prodotto\/casa-delle-attivita-in-legno-poppy\/\" \/>\n<meta property=\"og:site_name\" content=\"Walking Mum\" \/>\n<meta property=\"og:image\" content=\"https:\/\/walkingmum.com\/wp-content\/uploads\/2024\/11\/1120800430_a.jpg\" \/>\n\t<meta property=\"og:image:width\" content=\"1200\" \/>\n\t<meta property=\"og:image:height\" content=\"1200\" \/>\n\t<meta property=\"og:image:type\" content=\"image\/jpeg\" \/>\n<meta name=\"twitter:card\" content=\"summary_large_image\" \/>\n<meta name=\"twitter:label1\" content=\"Tempo di lettura stimato\" \/>\n\t<meta name=\"twitter:data1\" content=\"1 minuto\" \/>\n<script type=\"application\/ld+json\" class=\"yoast-schema-graph\">{\"@context\":\"https:\\\/\\\/schema.org\",\"@graph\":[{\"@type\":\"WebPage\",\"@id\":\"https:\\\/\\\/walkingmum.com\\\/it\\\/prodotto\\\/casa-delle-attivita-in-legno-poppy\\\/\",\"url\":\"https:\\\/\\\/walkingmum.com\\\/it\\\/prodotto\\\/casa-delle-attivita-in-legno-poppy\\\/\",\"name\":\"CASA DELLE ATTIVIT\u00c0 IN LEGNO POPPY - Walking Mum\",\"isPartOf\":{\"@id\":\"https:\\\/\\\/walkingmum.com\\\/#website\"},\"primaryImageOfPage\":{\"@id\":\"https:\\\/\\\/walkingmum.com\\\/it\\\/prodotto\\\/casa-delle-attivita-in-legno-poppy\\\/#primaryimage\"},\"image\":{\"@id\":\"https:\\\/\\\/walkingmum.com\\\/it\\\/prodotto\\\/casa-delle-attivita-in-legno-poppy\\\/#primaryimage\"},\"thumbnailUrl\":\"https:\\\/\\\/walkingmum.com\\\/wp-content\\\/uploads\\\/2024\\\/11\\\/1120800430_a.jpg\",\"datePublished\":\"2024-11-15T12:02:55+00:00\",\"breadcrumb\":{\"@id\":\"https:\\\/\\\/walkingmum.com\\\/it\\\/prodotto\\\/casa-delle-attivita-in-legno-poppy\\\/#breadcrumb\"},\"inLanguage\":\"it-IT\",\"potentialAction\":[{\"@type\":\"ReadAction\",\"target\":[\"https:\\\/\\\/walkingmum.com\\\/it\\\/prodotto\\\/casa-delle-attivita-in-legno-poppy\\\/\"]}]},{\"@type\":\"ImageObject\",\"inLanguage\":\"it-IT\",\"@id\":\"https:\\\/\\\/walkingmum.com\\\/it\\\/prodotto\\\/casa-delle-attivita-in-legno-poppy\\\/#primaryimage\",\"url\":\"https:\\\/\\\/walkingmum.com\\\/wp-content\\\/uploads\\\/2024\\\/11\\\/1120800430_a.jpg\",\"contentUrl\":\"https:\\\/\\\/walkingmum.com\\\/wp-content\\\/uploads\\\/2024\\\/11\\\/1120800430_a.jpg\",\"width\":1200,\"height\":1200},{\"@type\":\"BreadcrumbList\",\"@id\":\"https:\\\/\\\/walkingmum.com\\\/it\\\/prodotto\\\/casa-delle-attivita-in-legno-poppy\\\/#breadcrumb\",\"itemListElement\":[{\"@type\":\"ListItem\",\"position\":1,\"name\":\"Portada\",\"item\":\"https:\\\/\\\/walkingmum.com\\\/it\\\/\"},{\"@type\":\"ListItem\",\"position\":2,\"name\":\"Tienda\",\"item\":\"https:\\\/\\\/walkingmum.com\\\/tienda\\\/\"},{\"@type\":\"ListItem\",\"position\":3,\"name\":\"CASA DELLE ATTIVIT\u00c0 IN LEGNO POPPY\"}]},{\"@type\":\"WebSite\",\"@id\":\"https:\\\/\\\/walkingmum.com\\\/#website\",\"url\":\"https:\\\/\\\/walkingmum.com\\\/\",\"name\":\"Walking Mum\",\"description\":\"La marca para beb\u00e9s modernos\",\"potentialAction\":[{\"@type\":\"SearchAction\",\"target\":{\"@type\":\"EntryPoint\",\"urlTemplate\":\"https:\\\/\\\/walkingmum.com\\\/?s={search_term_string}\"},\"query-input\":{\"@type\":\"PropertyValueSpecification\",\"valueRequired\":true,\"valueName\":\"search_term_string\"}}],\"inLanguage\":\"it-IT\"}]}<\/script>\n<!-- \/ Yoast SEO plugin. -->","yoast_head_json":{"title":"CASA DELLE ATTIVIT\u00c0 IN LEGNO POPPY - Walking Mum","robots":{"index":"index","follow":"follow","max-snippet":"max-snippet:-1","max-image-preview":"max-image-preview:large","max-video-preview":"max-video-preview:-1"},"canonical":"https:\/\/walkingmum.com\/it\/prodotto\/casa-delle-attivita-in-legno-poppy\/","og_locale":"it_IT","og_type":"article","og_title":"CASA DELLE ATTIVIT\u00c0 IN LEGNO POPPY - Walking Mum","og_description":"L&#8217;incantevole casetta in legno di Walking Mum con forme geometriche, appositamente progettata per stimolare la curiosit\u00e0 e lo sviluppo precoce dei bambini. Questo giocattolo educativo \u00e8 perfetto per introdurre i pi\u00f9 piccoli al mondo delle forme e dei colori, divertendosi per ore. Favorisce la coordinazione occhio-mano e la motricit\u00e0 fine. Permette ai bambini di creare [&hellip;]","og_url":"https:\/\/walkingmum.com\/it\/prodotto\/casa-delle-attivita-in-legno-poppy\/","og_site_name":"Walking Mum","og_image":[{"width":1200,"height":1200,"url":"https:\/\/walkingmum.com\/wp-content\/uploads\/2024\/11\/1120800430_a.jpg","type":"image\/jpeg"}],"twitter_card":"summary_large_image","twitter_misc":{"Tempo di lettura stimato":"1 minuto"},"schema":{"@context":"https:\/\/schema.org","@graph":[{"@type":"WebPage","@id":"https:\/\/walkingmum.com\/it\/prodotto\/casa-delle-attivita-in-legno-poppy\/","url":"https:\/\/walkingmum.com\/it\/prodotto\/casa-delle-attivita-in-legno-poppy\/","name":"CASA DELLE ATTIVIT\u00c0 IN LEGNO POPPY - Walking Mum","isPartOf":{"@id":"https:\/\/walkingmum.com\/#website"},"primaryImageOfPage":{"@id":"https:\/\/walkingmum.com\/it\/prodotto\/casa-delle-attivita-in-legno-poppy\/#primaryimage"},"image":{"@id":"https:\/\/walkingmum.com\/it\/prodotto\/casa-delle-attivita-in-legno-poppy\/#primaryimage"},"thumbnailUrl":"https:\/\/walkingmum.com\/wp-content\/uploads\/2024\/11\/1120800430_a.jpg","datePublished":"2024-11-15T12:02:55+00:00","breadcrumb":{"@id":"https:\/\/walkingmum.com\/it\/prodotto\/casa-delle-attivita-in-legno-poppy\/#breadcrumb"},"inLanguage":"it-IT","potentialAction":[{"@type":"ReadAction","target":["https:\/\/walkingmum.com\/it\/prodotto\/casa-delle-attivita-in-legno-poppy\/"]}]},{"@type":"ImageObject","inLanguage":"it-IT","@id":"https:\/\/walkingmum.com\/it\/prodotto\/casa-delle-attivita-in-legno-poppy\/#primaryimage","url":"https:\/\/walkingmum.com\/wp-content\/uploads\/2024\/11\/1120800430_a.jpg","contentUrl":"https:\/\/walkingmum.com\/wp-content\/uploads\/2024\/11\/1120800430_a.jpg","width":1200,"height":1200},{"@type":"BreadcrumbList","@id":"https:\/\/walkingmum.com\/it\/prodotto\/casa-delle-attivita-in-legno-poppy\/#breadcrumb","itemListElement":[{"@type":"ListItem","position":1,"name":"Portada","item":"https:\/\/walkingmum.com\/it\/"},{"@type":"ListItem","position":2,"name":"Tienda","item":"https:\/\/walkingmum.com\/tienda\/"},{"@type":"ListItem","position":3,"name":"CASA DELLE ATTIVIT\u00c0 IN LEGNO POPPY"}]},{"@type":"WebSite","@id":"https:\/\/walkingmum.com\/#website","url":"https:\/\/walkingmum.com\/","name":"Walking Mum","description":"La marca para beb\u00e9s modernos","potentialAction":[{"@type":"SearchAction","target":{"@type":"EntryPoint","urlTemplate":"https:\/\/walkingmum.com\/?s={search_term_string}"},"query-input":{"@type":"PropertyValueSpecification","valueRequired":true,"valueName":"search_term_string"}}],"inLanguage":"it-IT"}]}},"_links":{"self":[{"href":"https:\/\/walkingmum.com\/it\/wp-json\/wp\/v2\/product\/28290","targetHints":{"allow":["GET"]}}],"collection":[{"href":"https:\/\/walkingmum.com\/it\/wp-json\/wp\/v2\/product"}],"about":[{"href":"https:\/\/walkingmum.com\/it\/wp-json\/wp\/v2\/types\/product"}],"replies":[{"embeddable":true,"href":"https:\/\/walkingmum.com\/it\/wp-json\/wp\/v2\/comments?post=28290"}],"wp:featuredmedia":[{"embeddable":true,"href":"https:\/\/walkingmum.com\/it\/wp-json\/wp\/v2\/media\/28108"}],"wp:attachment":[{"href":"https:\/\/walkingmum.com\/it\/wp-json\/wp\/v2\/media?parent=28290"}],"wp:term":[{"taxonomy":"colecciones","embeddable":true,"href":"https:\/\/walkingmum.com\/it\/wp-json\/wp\/v2\/colecciones?post=28290"},{"taxonomy":"product_brand","embeddable":true,"href":"https:\/\/walkingmum.com\/it\/wp-json\/wp\/v2\/product_brand?post=28290"},{"taxonomy":"product_cat","embeddable":true,"href":"https:\/\/walkingmum.com\/it\/wp-json\/wp\/v2\/product_cat?post=28290"},{"taxonomy":"product_tag","embeddable":true,"href":"https:\/\/walkingmum.com\/it\/wp-json\/wp\/v2\/product_tag?post=28290"}],"curies":[{"name":"wp","href":"https:\/\/api.w.org\/{rel}","templated":true}]}}