{"id":28288,"date":"2024-11-15T11:53:30","date_gmt":"2024-11-15T12:02:56","guid":{"rendered":"https:\/\/walkingmum.com\/?post_type=product&#038;p=28288"},"modified":"2024-11-15T12:02:56","modified_gmt":"2024-11-15T12:02:56","slug":"tirare-avanti-in-legno-poppy","status":"publish","type":"product","link":"https:\/\/walkingmum.com\/it\/prodotto\/tirare-avanti-in-legno-poppy\/","title":{"rendered":"TIRARE AVANTI IN LEGNO POPPY"},"content":{"rendered":"<p>L&#8217;adorabile topolino in legno Walking Mum Poppy di Walking Mum \u00e8 perfetto per accompagnare i pi\u00f9 piccoli nei loro primi passi. Con un design affascinante e colori tenui, questo giocattolo non \u00e8 solo divertente ma anche educativo, aiutando a sviluppare le capacit\u00e0 motorie e la coordinazione mentre il bambino tira il topolino e il suo pezzetto di formaggio. Il giocattolo presenta un simpatico topolino accompagnato da un pezzo di formaggio, montato su una base a rotelle. I colori tenui e i motivi a punti bianchi del carrello lo rendono visivamente accattivante. Dotato di una corda robusta, i bambini possono tirarlo facilmente, incoraggiando l&#8217;esercizio e il movimento. Aiuta a sviluppare le capacit\u00e0 motorie, la coordinazione e l&#8217;equilibrio mentre il bambino gioca e si muove con il giocattolo. Motiva i bambini a muoversi e a esplorare, cosa fondamentale per il loro sviluppo fisico. Inoltre, migliora la coordinazione occhio-mano. Realizzato in legno di alta qualit\u00e0, resistente e certificato FSC. I pezzi sono dipinti con vernici atossiche, per garantire la sicurezza dei pi\u00f9 piccoli durante il gioco. Questo giocattolo per gattonare \u00e8 un regalo perfetto per compleanni, Natale o qualsiasi altra occasione speciale. \u00c8 un&#8217;eccellente aggiunta alla collezione di giocattoli di ogni bambino, che offre ore di divertimento e apprendimento. Walking Mum protegge il bambino utilizzando i migliori materiali privi di sostanze nocive per la salute. Conforme alla norma europea EN-71 Sicurezza dei giocattoli. Adatto a partire da 12 mesi.<\/p>\n","protected":false},"excerpt":{"rendered":"<p>L&#8217;adorabile topolino in legno Walking Mum Poppy di Walking Mum \u00e8 perfetto per accompagnare i pi\u00f9 piccoli nei loro primi passi. Con un design affascinante e colori tenui, questo giocattolo non \u00e8 solo divertente ma anche educativo, aiutando a sviluppare le capacit\u00e0 motorie e la coordinazione mentre il bambino tira il topolino e il suo [&hellip;]<\/p>\n","protected":false},"featured_media":28070,"comment_status":"closed","ping_status":"open","template":"","meta":{"_acf_changed":false,"inline_featured_image":false},"colecciones":[351],"product_brand":[],"product_cat":[367],"product_tag":[],"class_list":{"0":"post-28288","1":"product","2":"type-product","3":"status-publish","4":"has-post-thumbnail","6":"colecciones-collezione-poppy","7":"product_cat-walking-mum-play-it","9":"first","10":"instock","11":"purchasable","12":"product-type-simple"},"acf":[],"yoast_head":"<!-- This site is optimized with the Yoast SEO plugin v27.4 - https:\/\/yoast.com\/product\/yoast-seo-wordpress\/ -->\n<title>TIRARE AVANTI IN LEGNO POPPY - Walking Mum<\/title>\n<meta name=\"robots\" content=\"index, follow, max-snippet:-1, max-image-preview:large, max-video-preview:-1\" \/>\n<link rel=\"canonical\" href=\"https:\/\/walkingmum.com\/it\/prodotto\/tirare-avanti-in-legno-poppy\/\" \/>\n<meta property=\"og:locale\" content=\"it_IT\" \/>\n<meta property=\"og:type\" content=\"article\" \/>\n<meta property=\"og:title\" content=\"TIRARE AVANTI IN LEGNO POPPY - Walking Mum\" \/>\n<meta property=\"og:description\" content=\"L&#8217;adorabile topolino in legno Walking Mum Poppy di Walking Mum \u00e8 perfetto per accompagnare i pi\u00f9 piccoli nei loro primi passi. Con un design affascinante e colori tenui, questo giocattolo non \u00e8 solo divertente ma anche educativo, aiutando a sviluppare le capacit\u00e0 motorie e la coordinazione mentre il bambino tira il topolino e il suo [&hellip;]\" \/>\n<meta property=\"og:url\" content=\"https:\/\/walkingmum.com\/it\/prodotto\/tirare-avanti-in-legno-poppy\/\" \/>\n<meta property=\"og:site_name\" content=\"Walking Mum\" \/>\n<meta property=\"og:image\" content=\"https:\/\/walkingmum.com\/wp-content\/uploads\/2024\/11\/1120800428_abis.jpg\" \/>\n\t<meta property=\"og:image:width\" content=\"1200\" \/>\n\t<meta property=\"og:image:height\" content=\"1200\" \/>\n\t<meta property=\"og:image:type\" content=\"image\/jpeg\" \/>\n<meta name=\"twitter:card\" content=\"summary_large_image\" \/>\n<meta name=\"twitter:label1\" content=\"Tempo di lettura stimato\" \/>\n\t<meta name=\"twitter:data1\" content=\"1 minuto\" \/>\n<script type=\"application\/ld+json\" class=\"yoast-schema-graph\">{\"@context\":\"https:\\\/\\\/schema.org\",\"@graph\":[{\"@type\":\"WebPage\",\"@id\":\"https:\\\/\\\/walkingmum.com\\\/it\\\/prodotto\\\/tirare-avanti-in-legno-poppy\\\/\",\"url\":\"https:\\\/\\\/walkingmum.com\\\/it\\\/prodotto\\\/tirare-avanti-in-legno-poppy\\\/\",\"name\":\"TIRARE AVANTI IN LEGNO POPPY - Walking Mum\",\"isPartOf\":{\"@id\":\"https:\\\/\\\/walkingmum.com\\\/#website\"},\"primaryImageOfPage\":{\"@id\":\"https:\\\/\\\/walkingmum.com\\\/it\\\/prodotto\\\/tirare-avanti-in-legno-poppy\\\/#primaryimage\"},\"image\":{\"@id\":\"https:\\\/\\\/walkingmum.com\\\/it\\\/prodotto\\\/tirare-avanti-in-legno-poppy\\\/#primaryimage\"},\"thumbnailUrl\":\"https:\\\/\\\/walkingmum.com\\\/wp-content\\\/uploads\\\/2024\\\/11\\\/1120800428_abis.jpg\",\"datePublished\":\"2024-11-15T12:02:56+00:00\",\"breadcrumb\":{\"@id\":\"https:\\\/\\\/walkingmum.com\\\/it\\\/prodotto\\\/tirare-avanti-in-legno-poppy\\\/#breadcrumb\"},\"inLanguage\":\"it-IT\",\"potentialAction\":[{\"@type\":\"ReadAction\",\"target\":[\"https:\\\/\\\/walkingmum.com\\\/it\\\/prodotto\\\/tirare-avanti-in-legno-poppy\\\/\"]}]},{\"@type\":\"ImageObject\",\"inLanguage\":\"it-IT\",\"@id\":\"https:\\\/\\\/walkingmum.com\\\/it\\\/prodotto\\\/tirare-avanti-in-legno-poppy\\\/#primaryimage\",\"url\":\"https:\\\/\\\/walkingmum.com\\\/wp-content\\\/uploads\\\/2024\\\/11\\\/1120800428_abis.jpg\",\"contentUrl\":\"https:\\\/\\\/walkingmum.com\\\/wp-content\\\/uploads\\\/2024\\\/11\\\/1120800428_abis.jpg\",\"width\":1200,\"height\":1200},{\"@type\":\"BreadcrumbList\",\"@id\":\"https:\\\/\\\/walkingmum.com\\\/it\\\/prodotto\\\/tirare-avanti-in-legno-poppy\\\/#breadcrumb\",\"itemListElement\":[{\"@type\":\"ListItem\",\"position\":1,\"name\":\"Portada\",\"item\":\"https:\\\/\\\/walkingmum.com\\\/it\\\/\"},{\"@type\":\"ListItem\",\"position\":2,\"name\":\"Tienda\",\"item\":\"https:\\\/\\\/walkingmum.com\\\/tienda\\\/\"},{\"@type\":\"ListItem\",\"position\":3,\"name\":\"TIRARE AVANTI IN LEGNO POPPY\"}]},{\"@type\":\"WebSite\",\"@id\":\"https:\\\/\\\/walkingmum.com\\\/#website\",\"url\":\"https:\\\/\\\/walkingmum.com\\\/\",\"name\":\"Walking Mum\",\"description\":\"La marca para beb\u00e9s modernos\",\"potentialAction\":[{\"@type\":\"SearchAction\",\"target\":{\"@type\":\"EntryPoint\",\"urlTemplate\":\"https:\\\/\\\/walkingmum.com\\\/?s={search_term_string}\"},\"query-input\":{\"@type\":\"PropertyValueSpecification\",\"valueRequired\":true,\"valueName\":\"search_term_string\"}}],\"inLanguage\":\"it-IT\"}]}<\/script>\n<!-- \/ Yoast SEO plugin. -->","yoast_head_json":{"title":"TIRARE AVANTI IN LEGNO POPPY - Walking Mum","robots":{"index":"index","follow":"follow","max-snippet":"max-snippet:-1","max-image-preview":"max-image-preview:large","max-video-preview":"max-video-preview:-1"},"canonical":"https:\/\/walkingmum.com\/it\/prodotto\/tirare-avanti-in-legno-poppy\/","og_locale":"it_IT","og_type":"article","og_title":"TIRARE AVANTI IN LEGNO POPPY - Walking Mum","og_description":"L&#8217;adorabile topolino in legno Walking Mum Poppy di Walking Mum \u00e8 perfetto per accompagnare i pi\u00f9 piccoli nei loro primi passi. Con un design affascinante e colori tenui, questo giocattolo non \u00e8 solo divertente ma anche educativo, aiutando a sviluppare le capacit\u00e0 motorie e la coordinazione mentre il bambino tira il topolino e il suo [&hellip;]","og_url":"https:\/\/walkingmum.com\/it\/prodotto\/tirare-avanti-in-legno-poppy\/","og_site_name":"Walking Mum","og_image":[{"width":1200,"height":1200,"url":"https:\/\/walkingmum.com\/wp-content\/uploads\/2024\/11\/1120800428_abis.jpg","type":"image\/jpeg"}],"twitter_card":"summary_large_image","twitter_misc":{"Tempo di lettura stimato":"1 minuto"},"schema":{"@context":"https:\/\/schema.org","@graph":[{"@type":"WebPage","@id":"https:\/\/walkingmum.com\/it\/prodotto\/tirare-avanti-in-legno-poppy\/","url":"https:\/\/walkingmum.com\/it\/prodotto\/tirare-avanti-in-legno-poppy\/","name":"TIRARE AVANTI IN LEGNO POPPY - Walking Mum","isPartOf":{"@id":"https:\/\/walkingmum.com\/#website"},"primaryImageOfPage":{"@id":"https:\/\/walkingmum.com\/it\/prodotto\/tirare-avanti-in-legno-poppy\/#primaryimage"},"image":{"@id":"https:\/\/walkingmum.com\/it\/prodotto\/tirare-avanti-in-legno-poppy\/#primaryimage"},"thumbnailUrl":"https:\/\/walkingmum.com\/wp-content\/uploads\/2024\/11\/1120800428_abis.jpg","datePublished":"2024-11-15T12:02:56+00:00","breadcrumb":{"@id":"https:\/\/walkingmum.com\/it\/prodotto\/tirare-avanti-in-legno-poppy\/#breadcrumb"},"inLanguage":"it-IT","potentialAction":[{"@type":"ReadAction","target":["https:\/\/walkingmum.com\/it\/prodotto\/tirare-avanti-in-legno-poppy\/"]}]},{"@type":"ImageObject","inLanguage":"it-IT","@id":"https:\/\/walkingmum.com\/it\/prodotto\/tirare-avanti-in-legno-poppy\/#primaryimage","url":"https:\/\/walkingmum.com\/wp-content\/uploads\/2024\/11\/1120800428_abis.jpg","contentUrl":"https:\/\/walkingmum.com\/wp-content\/uploads\/2024\/11\/1120800428_abis.jpg","width":1200,"height":1200},{"@type":"BreadcrumbList","@id":"https:\/\/walkingmum.com\/it\/prodotto\/tirare-avanti-in-legno-poppy\/#breadcrumb","itemListElement":[{"@type":"ListItem","position":1,"name":"Portada","item":"https:\/\/walkingmum.com\/it\/"},{"@type":"ListItem","position":2,"name":"Tienda","item":"https:\/\/walkingmum.com\/tienda\/"},{"@type":"ListItem","position":3,"name":"TIRARE AVANTI IN LEGNO POPPY"}]},{"@type":"WebSite","@id":"https:\/\/walkingmum.com\/#website","url":"https:\/\/walkingmum.com\/","name":"Walking Mum","description":"La marca para beb\u00e9s modernos","potentialAction":[{"@type":"SearchAction","target":{"@type":"EntryPoint","urlTemplate":"https:\/\/walkingmum.com\/?s={search_term_string}"},"query-input":{"@type":"PropertyValueSpecification","valueRequired":true,"valueName":"search_term_string"}}],"inLanguage":"it-IT"}]}},"_links":{"self":[{"href":"https:\/\/walkingmum.com\/it\/wp-json\/wp\/v2\/product\/28288","targetHints":{"allow":["GET"]}}],"collection":[{"href":"https:\/\/walkingmum.com\/it\/wp-json\/wp\/v2\/product"}],"about":[{"href":"https:\/\/walkingmum.com\/it\/wp-json\/wp\/v2\/types\/product"}],"replies":[{"embeddable":true,"href":"https:\/\/walkingmum.com\/it\/wp-json\/wp\/v2\/comments?post=28288"}],"wp:featuredmedia":[{"embeddable":true,"href":"https:\/\/walkingmum.com\/it\/wp-json\/wp\/v2\/media\/28070"}],"wp:attachment":[{"href":"https:\/\/walkingmum.com\/it\/wp-json\/wp\/v2\/media?parent=28288"}],"wp:term":[{"taxonomy":"colecciones","embeddable":true,"href":"https:\/\/walkingmum.com\/it\/wp-json\/wp\/v2\/colecciones?post=28288"},{"taxonomy":"product_brand","embeddable":true,"href":"https:\/\/walkingmum.com\/it\/wp-json\/wp\/v2\/product_brand?post=28288"},{"taxonomy":"product_cat","embeddable":true,"href":"https:\/\/walkingmum.com\/it\/wp-json\/wp\/v2\/product_cat?post=28288"},{"taxonomy":"product_tag","embeddable":true,"href":"https:\/\/walkingmum.com\/it\/wp-json\/wp\/v2\/product_tag?post=28288"}],"curies":[{"name":"wp","href":"https:\/\/api.w.org\/{rel}","templated":true}]}}