{"id":28287,"date":"2024-11-15T11:53:33","date_gmt":"2024-11-15T12:02:54","guid":{"rendered":"https:\/\/walkingmum.com\/?post_type=product&#038;p=28287"},"modified":"2024-11-15T12:02:54","modified_gmt":"2024-11-15T12:02:54","slug":"impilatore-a-dondolo-in-legno-poppy","status":"publish","type":"product","link":"https:\/\/walkingmum.com\/it\/prodotto\/impilatore-a-dondolo-in-legno-poppy\/","title":{"rendered":"IMPILATORE A DONDOLO IN LEGNO POPPY"},"content":{"rendered":"<p>Questa affascinante torre di impilamento in legno Poppy di Walking Mum \u00e8 perfetta per stimolare lo sviluppo cognitivo e motorio di neonati e bambini. Con un adorabile disegno di un topolino in cima, questo giocattolo non \u00e8 solo educativo ma anche esteticamente piacevole, rendendolo un pezzo decorativo ideale per la stanza di ogni bambino. La torre \u00e8 sormontata da una simpatica testa di topo, che aggiunge un tocco divertente e adatto ai bambini. I colori tenui e i motivi a puntini rendono il giocattolo visivamente stimolante. Aiuta a sviluppare la motricit\u00e0 fine, la coordinazione occhio-mano e i concetti di base di dimensione e ordine. I pezzi sono progettati per essere facilmente afferrati e maneggiati dalle piccole mani. Realizzato in legno di alta qualit\u00e0, resistente e certificato FSC. I pezzi sono dipinti con vernici atossiche, per garantire la sicurezza dei pi\u00f9 piccoli durante il gioco. Questa torre impilabile \u00e8 un regalo perfetto per compleanni, Natale o qualsiasi altra occasione speciale. \u00c8 anche un&#8217;eccellente aggiunta alla collezione di giocattoli educativi di ogni bambino, che offre ore di divertimento e apprendimento. Walking Mum protegge il bambino utilizzando i migliori materiali privi di sostanze nocive per la salute. Conforme alla norma europea EN-71 sulla sicurezza dei giocattoli. Adatto a partire dai 18 mesi.<\/p>\n","protected":false},"excerpt":{"rendered":"<p>Questa affascinante torre di impilamento in legno Poppy di Walking Mum \u00e8 perfetta per stimolare lo sviluppo cognitivo e motorio di neonati e bambini. Con un adorabile disegno di un topolino in cima, questo giocattolo non \u00e8 solo educativo ma anche esteticamente piacevole, rendendolo un pezzo decorativo ideale per la stanza di ogni bambino. La [&hellip;]<\/p>\n","protected":false},"featured_media":28053,"comment_status":"closed","ping_status":"open","template":"","meta":{"_acf_changed":false,"inline_featured_image":false},"colecciones":[351],"product_brand":[],"product_cat":[367],"product_tag":[],"class_list":{"0":"post-28287","1":"product","2":"type-product","3":"status-publish","4":"has-post-thumbnail","6":"colecciones-collezione-poppy","7":"product_cat-walking-mum-play-it","9":"first","10":"instock","11":"purchasable","12":"product-type-simple"},"acf":[],"yoast_head":"<!-- This site is optimized with the Yoast SEO plugin v27.5 - https:\/\/yoast.com\/product\/yoast-seo-wordpress\/ -->\n<title>IMPILATORE A DONDOLO IN LEGNO POPPY - Walking Mum<\/title>\n<meta name=\"robots\" content=\"index, follow, max-snippet:-1, max-image-preview:large, max-video-preview:-1\" \/>\n<link rel=\"canonical\" href=\"https:\/\/walkingmum.com\/it\/prodotto\/impilatore-a-dondolo-in-legno-poppy\/\" \/>\n<meta property=\"og:locale\" content=\"it_IT\" \/>\n<meta property=\"og:type\" content=\"article\" \/>\n<meta property=\"og:title\" content=\"IMPILATORE A DONDOLO IN LEGNO POPPY - Walking Mum\" \/>\n<meta property=\"og:description\" content=\"Questa affascinante torre di impilamento in legno Poppy di Walking Mum \u00e8 perfetta per stimolare lo sviluppo cognitivo e motorio di neonati e bambini. Con un adorabile disegno di un topolino in cima, questo giocattolo non \u00e8 solo educativo ma anche esteticamente piacevole, rendendolo un pezzo decorativo ideale per la stanza di ogni bambino. La [&hellip;]\" \/>\n<meta property=\"og:url\" content=\"https:\/\/walkingmum.com\/it\/prodotto\/impilatore-a-dondolo-in-legno-poppy\/\" \/>\n<meta property=\"og:site_name\" content=\"Walking Mum\" \/>\n<meta property=\"og:image\" content=\"https:\/\/walkingmum.com\/wp-content\/uploads\/2024\/11\/1120800427_a.jpg\" \/>\n\t<meta property=\"og:image:width\" content=\"1200\" \/>\n\t<meta property=\"og:image:height\" content=\"1200\" \/>\n\t<meta property=\"og:image:type\" content=\"image\/jpeg\" \/>\n<meta name=\"twitter:card\" content=\"summary_large_image\" \/>\n<meta name=\"twitter:label1\" content=\"Tempo di lettura stimato\" \/>\n\t<meta name=\"twitter:data1\" content=\"1 minuto\" \/>\n<script type=\"application\/ld+json\" class=\"yoast-schema-graph\">{\"@context\":\"https:\\\/\\\/schema.org\",\"@graph\":[{\"@type\":\"WebPage\",\"@id\":\"https:\\\/\\\/walkingmum.com\\\/it\\\/prodotto\\\/impilatore-a-dondolo-in-legno-poppy\\\/\",\"url\":\"https:\\\/\\\/walkingmum.com\\\/it\\\/prodotto\\\/impilatore-a-dondolo-in-legno-poppy\\\/\",\"name\":\"IMPILATORE A DONDOLO IN LEGNO POPPY - Walking Mum\",\"isPartOf\":{\"@id\":\"https:\\\/\\\/walkingmum.com\\\/#website\"},\"primaryImageOfPage\":{\"@id\":\"https:\\\/\\\/walkingmum.com\\\/it\\\/prodotto\\\/impilatore-a-dondolo-in-legno-poppy\\\/#primaryimage\"},\"image\":{\"@id\":\"https:\\\/\\\/walkingmum.com\\\/it\\\/prodotto\\\/impilatore-a-dondolo-in-legno-poppy\\\/#primaryimage\"},\"thumbnailUrl\":\"https:\\\/\\\/walkingmum.com\\\/wp-content\\\/uploads\\\/2024\\\/11\\\/1120800427_a.jpg\",\"datePublished\":\"2024-11-15T12:02:54+00:00\",\"breadcrumb\":{\"@id\":\"https:\\\/\\\/walkingmum.com\\\/it\\\/prodotto\\\/impilatore-a-dondolo-in-legno-poppy\\\/#breadcrumb\"},\"inLanguage\":\"it-IT\",\"potentialAction\":[{\"@type\":\"ReadAction\",\"target\":[\"https:\\\/\\\/walkingmum.com\\\/it\\\/prodotto\\\/impilatore-a-dondolo-in-legno-poppy\\\/\"]}]},{\"@type\":\"ImageObject\",\"inLanguage\":\"it-IT\",\"@id\":\"https:\\\/\\\/walkingmum.com\\\/it\\\/prodotto\\\/impilatore-a-dondolo-in-legno-poppy\\\/#primaryimage\",\"url\":\"https:\\\/\\\/walkingmum.com\\\/wp-content\\\/uploads\\\/2024\\\/11\\\/1120800427_a.jpg\",\"contentUrl\":\"https:\\\/\\\/walkingmum.com\\\/wp-content\\\/uploads\\\/2024\\\/11\\\/1120800427_a.jpg\",\"width\":1200,\"height\":1200},{\"@type\":\"BreadcrumbList\",\"@id\":\"https:\\\/\\\/walkingmum.com\\\/it\\\/prodotto\\\/impilatore-a-dondolo-in-legno-poppy\\\/#breadcrumb\",\"itemListElement\":[{\"@type\":\"ListItem\",\"position\":1,\"name\":\"Portada\",\"item\":\"https:\\\/\\\/walkingmum.com\\\/it\\\/\"},{\"@type\":\"ListItem\",\"position\":2,\"name\":\"Tienda\",\"item\":\"https:\\\/\\\/walkingmum.com\\\/tienda\\\/\"},{\"@type\":\"ListItem\",\"position\":3,\"name\":\"IMPILATORE A DONDOLO IN LEGNO POPPY\"}]},{\"@type\":\"WebSite\",\"@id\":\"https:\\\/\\\/walkingmum.com\\\/#website\",\"url\":\"https:\\\/\\\/walkingmum.com\\\/\",\"name\":\"Walking Mum\",\"description\":\"La marca para beb\u00e9s modernos\",\"potentialAction\":[{\"@type\":\"SearchAction\",\"target\":{\"@type\":\"EntryPoint\",\"urlTemplate\":\"https:\\\/\\\/walkingmum.com\\\/?s={search_term_string}\"},\"query-input\":{\"@type\":\"PropertyValueSpecification\",\"valueRequired\":true,\"valueName\":\"search_term_string\"}}],\"inLanguage\":\"it-IT\"}]}<\/script>\n<!-- \/ Yoast SEO plugin. -->","yoast_head_json":{"title":"IMPILATORE A DONDOLO IN LEGNO POPPY - Walking Mum","robots":{"index":"index","follow":"follow","max-snippet":"max-snippet:-1","max-image-preview":"max-image-preview:large","max-video-preview":"max-video-preview:-1"},"canonical":"https:\/\/walkingmum.com\/it\/prodotto\/impilatore-a-dondolo-in-legno-poppy\/","og_locale":"it_IT","og_type":"article","og_title":"IMPILATORE A DONDOLO IN LEGNO POPPY - Walking Mum","og_description":"Questa affascinante torre di impilamento in legno Poppy di Walking Mum \u00e8 perfetta per stimolare lo sviluppo cognitivo e motorio di neonati e bambini. Con un adorabile disegno di un topolino in cima, questo giocattolo non \u00e8 solo educativo ma anche esteticamente piacevole, rendendolo un pezzo decorativo ideale per la stanza di ogni bambino. La [&hellip;]","og_url":"https:\/\/walkingmum.com\/it\/prodotto\/impilatore-a-dondolo-in-legno-poppy\/","og_site_name":"Walking Mum","og_image":[{"width":1200,"height":1200,"url":"https:\/\/walkingmum.com\/wp-content\/uploads\/2024\/11\/1120800427_a.jpg","type":"image\/jpeg"}],"twitter_card":"summary_large_image","twitter_misc":{"Tempo di lettura stimato":"1 minuto"},"schema":{"@context":"https:\/\/schema.org","@graph":[{"@type":"WebPage","@id":"https:\/\/walkingmum.com\/it\/prodotto\/impilatore-a-dondolo-in-legno-poppy\/","url":"https:\/\/walkingmum.com\/it\/prodotto\/impilatore-a-dondolo-in-legno-poppy\/","name":"IMPILATORE A DONDOLO IN LEGNO POPPY - Walking Mum","isPartOf":{"@id":"https:\/\/walkingmum.com\/#website"},"primaryImageOfPage":{"@id":"https:\/\/walkingmum.com\/it\/prodotto\/impilatore-a-dondolo-in-legno-poppy\/#primaryimage"},"image":{"@id":"https:\/\/walkingmum.com\/it\/prodotto\/impilatore-a-dondolo-in-legno-poppy\/#primaryimage"},"thumbnailUrl":"https:\/\/walkingmum.com\/wp-content\/uploads\/2024\/11\/1120800427_a.jpg","datePublished":"2024-11-15T12:02:54+00:00","breadcrumb":{"@id":"https:\/\/walkingmum.com\/it\/prodotto\/impilatore-a-dondolo-in-legno-poppy\/#breadcrumb"},"inLanguage":"it-IT","potentialAction":[{"@type":"ReadAction","target":["https:\/\/walkingmum.com\/it\/prodotto\/impilatore-a-dondolo-in-legno-poppy\/"]}]},{"@type":"ImageObject","inLanguage":"it-IT","@id":"https:\/\/walkingmum.com\/it\/prodotto\/impilatore-a-dondolo-in-legno-poppy\/#primaryimage","url":"https:\/\/walkingmum.com\/wp-content\/uploads\/2024\/11\/1120800427_a.jpg","contentUrl":"https:\/\/walkingmum.com\/wp-content\/uploads\/2024\/11\/1120800427_a.jpg","width":1200,"height":1200},{"@type":"BreadcrumbList","@id":"https:\/\/walkingmum.com\/it\/prodotto\/impilatore-a-dondolo-in-legno-poppy\/#breadcrumb","itemListElement":[{"@type":"ListItem","position":1,"name":"Portada","item":"https:\/\/walkingmum.com\/it\/"},{"@type":"ListItem","position":2,"name":"Tienda","item":"https:\/\/walkingmum.com\/tienda\/"},{"@type":"ListItem","position":3,"name":"IMPILATORE A DONDOLO IN LEGNO POPPY"}]},{"@type":"WebSite","@id":"https:\/\/walkingmum.com\/#website","url":"https:\/\/walkingmum.com\/","name":"Walking Mum","description":"La marca para beb\u00e9s modernos","potentialAction":[{"@type":"SearchAction","target":{"@type":"EntryPoint","urlTemplate":"https:\/\/walkingmum.com\/?s={search_term_string}"},"query-input":{"@type":"PropertyValueSpecification","valueRequired":true,"valueName":"search_term_string"}}],"inLanguage":"it-IT"}]}},"_links":{"self":[{"href":"https:\/\/walkingmum.com\/it\/wp-json\/wp\/v2\/product\/28287","targetHints":{"allow":["GET"]}}],"collection":[{"href":"https:\/\/walkingmum.com\/it\/wp-json\/wp\/v2\/product"}],"about":[{"href":"https:\/\/walkingmum.com\/it\/wp-json\/wp\/v2\/types\/product"}],"replies":[{"embeddable":true,"href":"https:\/\/walkingmum.com\/it\/wp-json\/wp\/v2\/comments?post=28287"}],"wp:featuredmedia":[{"embeddable":true,"href":"https:\/\/walkingmum.com\/it\/wp-json\/wp\/v2\/media\/28053"}],"wp:attachment":[{"href":"https:\/\/walkingmum.com\/it\/wp-json\/wp\/v2\/media?parent=28287"}],"wp:term":[{"taxonomy":"colecciones","embeddable":true,"href":"https:\/\/walkingmum.com\/it\/wp-json\/wp\/v2\/colecciones?post=28287"},{"taxonomy":"product_brand","embeddable":true,"href":"https:\/\/walkingmum.com\/it\/wp-json\/wp\/v2\/product_brand?post=28287"},{"taxonomy":"product_cat","embeddable":true,"href":"https:\/\/walkingmum.com\/it\/wp-json\/wp\/v2\/product_cat?post=28287"},{"taxonomy":"product_tag","embeddable":true,"href":"https:\/\/walkingmum.com\/it\/wp-json\/wp\/v2\/product_tag?post=28287"}],"curies":[{"name":"wp","href":"https:\/\/api.w.org\/{rel}","templated":true}]}}