{"id":28286,"date":"2024-11-15T11:53:33","date_gmt":"2024-11-15T12:02:54","guid":{"rendered":"https:\/\/walkingmum.com\/?post_type=product&#038;p=28286"},"modified":"2024-11-15T12:02:54","modified_gmt":"2024-11-15T12:02:54","slug":"cubo-di-attivita-poppy","status":"publish","type":"product","link":"https:\/\/walkingmum.com\/it\/prodotto\/cubo-di-attivita-poppy\/","title":{"rendered":"CUBO DI ATTIVIT\u00c0 POPPY"},"content":{"rendered":"<p>Questo affascinante cubo attivit\u00e0 per bambini \u00e8 stato progettato per stimolare lo sviluppo sensoriale e motorio dei pi\u00f9 piccoli. Ogni faccia del cubo offre un&#8217;esperienza diversa, con texture varie e personaggi adorabili che catturano l&#8217;attenzione del bambino. Di dimensioni perfette per le piccole mani, questo cubo \u00e8 leggero e facile da maneggiare per i bambini. Caratterizzato da un affascinante topolino e da un pezzo di formaggio su un lato, questo cubo \u00e8 ricco di dettagli attraenti e di colori tenui che stimolano gli occhi del bambino. Include diverse texture ed elementi interattivi come una corda e applicazioni ricamate, ideali per lo sviluppo sensoriale e la coordinazione occhio-mano. Questo cubo attivit\u00e0 \u00e8 ideale come primo giocattolo per il bambino, un ottimo regalo per baby shower, compleanni o qualsiasi occasione speciale per i pi\u00f9 piccoli. \u00c8 realizzato in morbido velluto, perfetto per i bambini. Lavabile a mano o in lavatrice a 30\u00b0C. Un regalo perfetto per accompagnare la crescita e la scoperta del vostro bambino. Walking Mum protegge il bambino utilizzando i migliori tessuti, privi di coloranti azoici e di sostanze nocive per la salute. Conforme alla norma europea EN-71 Sicurezza dei giocattoli +0 anni. Misure: 12x12x12 cm.<\/p>\n","protected":false},"excerpt":{"rendered":"<p>Questo affascinante cubo attivit\u00e0 per bambini \u00e8 stato progettato per stimolare lo sviluppo sensoriale e motorio dei pi\u00f9 piccoli. Ogni faccia del cubo offre un&#8217;esperienza diversa, con texture varie e personaggi adorabili che catturano l&#8217;attenzione del bambino. Di dimensioni perfette per le piccole mani, questo cubo \u00e8 leggero e facile da maneggiare per i bambini. [&hellip;]<\/p>\n","protected":false},"featured_media":28016,"comment_status":"closed","ping_status":"open","template":"","meta":{"_acf_changed":false,"inline_featured_image":false},"colecciones":[351],"product_brand":[],"product_cat":[367],"product_tag":[],"class_list":{"0":"post-28286","1":"product","2":"type-product","3":"status-publish","4":"has-post-thumbnail","6":"colecciones-collezione-poppy","7":"product_cat-walking-mum-play-it","9":"first","10":"instock","11":"purchasable","12":"product-type-simple"},"acf":[],"yoast_head":"<!-- This site is optimized with the Yoast SEO plugin v27.4 - https:\/\/yoast.com\/product\/yoast-seo-wordpress\/ -->\n<title>CUBO DI ATTIVIT\u00c0 POPPY - Walking Mum<\/title>\n<meta name=\"robots\" content=\"index, follow, max-snippet:-1, max-image-preview:large, max-video-preview:-1\" \/>\n<link rel=\"canonical\" href=\"https:\/\/walkingmum.com\/it\/prodotto\/cubo-di-attivita-poppy\/\" \/>\n<meta property=\"og:locale\" content=\"it_IT\" \/>\n<meta property=\"og:type\" content=\"article\" \/>\n<meta property=\"og:title\" content=\"CUBO DI ATTIVIT\u00c0 POPPY - Walking Mum\" \/>\n<meta property=\"og:description\" content=\"Questo affascinante cubo attivit\u00e0 per bambini \u00e8 stato progettato per stimolare lo sviluppo sensoriale e motorio dei pi\u00f9 piccoli. Ogni faccia del cubo offre un&#8217;esperienza diversa, con texture varie e personaggi adorabili che catturano l&#8217;attenzione del bambino. Di dimensioni perfette per le piccole mani, questo cubo \u00e8 leggero e facile da maneggiare per i bambini. [&hellip;]\" \/>\n<meta property=\"og:url\" content=\"https:\/\/walkingmum.com\/it\/prodotto\/cubo-di-attivita-poppy\/\" \/>\n<meta property=\"og:site_name\" content=\"Walking Mum\" \/>\n<meta property=\"og:image\" content=\"https:\/\/walkingmum.com\/wp-content\/uploads\/2024\/11\/1120800426_a.jpg\" \/>\n\t<meta property=\"og:image:width\" content=\"1200\" \/>\n\t<meta property=\"og:image:height\" content=\"1200\" \/>\n\t<meta property=\"og:image:type\" content=\"image\/jpeg\" \/>\n<meta name=\"twitter:card\" content=\"summary_large_image\" \/>\n<meta name=\"twitter:label1\" content=\"Tempo di lettura stimato\" \/>\n\t<meta name=\"twitter:data1\" content=\"1 minuto\" \/>\n<script type=\"application\/ld+json\" class=\"yoast-schema-graph\">{\"@context\":\"https:\\\/\\\/schema.org\",\"@graph\":[{\"@type\":\"WebPage\",\"@id\":\"https:\\\/\\\/walkingmum.com\\\/it\\\/prodotto\\\/cubo-di-attivita-poppy\\\/\",\"url\":\"https:\\\/\\\/walkingmum.com\\\/it\\\/prodotto\\\/cubo-di-attivita-poppy\\\/\",\"name\":\"CUBO DI ATTIVIT\u00c0 POPPY - Walking Mum\",\"isPartOf\":{\"@id\":\"https:\\\/\\\/walkingmum.com\\\/#website\"},\"primaryImageOfPage\":{\"@id\":\"https:\\\/\\\/walkingmum.com\\\/it\\\/prodotto\\\/cubo-di-attivita-poppy\\\/#primaryimage\"},\"image\":{\"@id\":\"https:\\\/\\\/walkingmum.com\\\/it\\\/prodotto\\\/cubo-di-attivita-poppy\\\/#primaryimage\"},\"thumbnailUrl\":\"https:\\\/\\\/walkingmum.com\\\/wp-content\\\/uploads\\\/2024\\\/11\\\/1120800426_a.jpg\",\"datePublished\":\"2024-11-15T12:02:54+00:00\",\"breadcrumb\":{\"@id\":\"https:\\\/\\\/walkingmum.com\\\/it\\\/prodotto\\\/cubo-di-attivita-poppy\\\/#breadcrumb\"},\"inLanguage\":\"it-IT\",\"potentialAction\":[{\"@type\":\"ReadAction\",\"target\":[\"https:\\\/\\\/walkingmum.com\\\/it\\\/prodotto\\\/cubo-di-attivita-poppy\\\/\"]}]},{\"@type\":\"ImageObject\",\"inLanguage\":\"it-IT\",\"@id\":\"https:\\\/\\\/walkingmum.com\\\/it\\\/prodotto\\\/cubo-di-attivita-poppy\\\/#primaryimage\",\"url\":\"https:\\\/\\\/walkingmum.com\\\/wp-content\\\/uploads\\\/2024\\\/11\\\/1120800426_a.jpg\",\"contentUrl\":\"https:\\\/\\\/walkingmum.com\\\/wp-content\\\/uploads\\\/2024\\\/11\\\/1120800426_a.jpg\",\"width\":1200,\"height\":1200},{\"@type\":\"BreadcrumbList\",\"@id\":\"https:\\\/\\\/walkingmum.com\\\/it\\\/prodotto\\\/cubo-di-attivita-poppy\\\/#breadcrumb\",\"itemListElement\":[{\"@type\":\"ListItem\",\"position\":1,\"name\":\"Portada\",\"item\":\"https:\\\/\\\/walkingmum.com\\\/it\\\/\"},{\"@type\":\"ListItem\",\"position\":2,\"name\":\"Tienda\",\"item\":\"https:\\\/\\\/walkingmum.com\\\/tienda\\\/\"},{\"@type\":\"ListItem\",\"position\":3,\"name\":\"CUBO DI ATTIVIT\u00c0 POPPY\"}]},{\"@type\":\"WebSite\",\"@id\":\"https:\\\/\\\/walkingmum.com\\\/#website\",\"url\":\"https:\\\/\\\/walkingmum.com\\\/\",\"name\":\"Walking Mum\",\"description\":\"La marca para beb\u00e9s modernos\",\"potentialAction\":[{\"@type\":\"SearchAction\",\"target\":{\"@type\":\"EntryPoint\",\"urlTemplate\":\"https:\\\/\\\/walkingmum.com\\\/?s={search_term_string}\"},\"query-input\":{\"@type\":\"PropertyValueSpecification\",\"valueRequired\":true,\"valueName\":\"search_term_string\"}}],\"inLanguage\":\"it-IT\"}]}<\/script>\n<!-- \/ Yoast SEO plugin. -->","yoast_head_json":{"title":"CUBO DI ATTIVIT\u00c0 POPPY - Walking Mum","robots":{"index":"index","follow":"follow","max-snippet":"max-snippet:-1","max-image-preview":"max-image-preview:large","max-video-preview":"max-video-preview:-1"},"canonical":"https:\/\/walkingmum.com\/it\/prodotto\/cubo-di-attivita-poppy\/","og_locale":"it_IT","og_type":"article","og_title":"CUBO DI ATTIVIT\u00c0 POPPY - Walking Mum","og_description":"Questo affascinante cubo attivit\u00e0 per bambini \u00e8 stato progettato per stimolare lo sviluppo sensoriale e motorio dei pi\u00f9 piccoli. Ogni faccia del cubo offre un&#8217;esperienza diversa, con texture varie e personaggi adorabili che catturano l&#8217;attenzione del bambino. Di dimensioni perfette per le piccole mani, questo cubo \u00e8 leggero e facile da maneggiare per i bambini. [&hellip;]","og_url":"https:\/\/walkingmum.com\/it\/prodotto\/cubo-di-attivita-poppy\/","og_site_name":"Walking Mum","og_image":[{"width":1200,"height":1200,"url":"https:\/\/walkingmum.com\/wp-content\/uploads\/2024\/11\/1120800426_a.jpg","type":"image\/jpeg"}],"twitter_card":"summary_large_image","twitter_misc":{"Tempo di lettura stimato":"1 minuto"},"schema":{"@context":"https:\/\/schema.org","@graph":[{"@type":"WebPage","@id":"https:\/\/walkingmum.com\/it\/prodotto\/cubo-di-attivita-poppy\/","url":"https:\/\/walkingmum.com\/it\/prodotto\/cubo-di-attivita-poppy\/","name":"CUBO DI ATTIVIT\u00c0 POPPY - Walking Mum","isPartOf":{"@id":"https:\/\/walkingmum.com\/#website"},"primaryImageOfPage":{"@id":"https:\/\/walkingmum.com\/it\/prodotto\/cubo-di-attivita-poppy\/#primaryimage"},"image":{"@id":"https:\/\/walkingmum.com\/it\/prodotto\/cubo-di-attivita-poppy\/#primaryimage"},"thumbnailUrl":"https:\/\/walkingmum.com\/wp-content\/uploads\/2024\/11\/1120800426_a.jpg","datePublished":"2024-11-15T12:02:54+00:00","breadcrumb":{"@id":"https:\/\/walkingmum.com\/it\/prodotto\/cubo-di-attivita-poppy\/#breadcrumb"},"inLanguage":"it-IT","potentialAction":[{"@type":"ReadAction","target":["https:\/\/walkingmum.com\/it\/prodotto\/cubo-di-attivita-poppy\/"]}]},{"@type":"ImageObject","inLanguage":"it-IT","@id":"https:\/\/walkingmum.com\/it\/prodotto\/cubo-di-attivita-poppy\/#primaryimage","url":"https:\/\/walkingmum.com\/wp-content\/uploads\/2024\/11\/1120800426_a.jpg","contentUrl":"https:\/\/walkingmum.com\/wp-content\/uploads\/2024\/11\/1120800426_a.jpg","width":1200,"height":1200},{"@type":"BreadcrumbList","@id":"https:\/\/walkingmum.com\/it\/prodotto\/cubo-di-attivita-poppy\/#breadcrumb","itemListElement":[{"@type":"ListItem","position":1,"name":"Portada","item":"https:\/\/walkingmum.com\/it\/"},{"@type":"ListItem","position":2,"name":"Tienda","item":"https:\/\/walkingmum.com\/tienda\/"},{"@type":"ListItem","position":3,"name":"CUBO DI ATTIVIT\u00c0 POPPY"}]},{"@type":"WebSite","@id":"https:\/\/walkingmum.com\/#website","url":"https:\/\/walkingmum.com\/","name":"Walking Mum","description":"La marca para beb\u00e9s modernos","potentialAction":[{"@type":"SearchAction","target":{"@type":"EntryPoint","urlTemplate":"https:\/\/walkingmum.com\/?s={search_term_string}"},"query-input":{"@type":"PropertyValueSpecification","valueRequired":true,"valueName":"search_term_string"}}],"inLanguage":"it-IT"}]}},"_links":{"self":[{"href":"https:\/\/walkingmum.com\/it\/wp-json\/wp\/v2\/product\/28286","targetHints":{"allow":["GET"]}}],"collection":[{"href":"https:\/\/walkingmum.com\/it\/wp-json\/wp\/v2\/product"}],"about":[{"href":"https:\/\/walkingmum.com\/it\/wp-json\/wp\/v2\/types\/product"}],"replies":[{"embeddable":true,"href":"https:\/\/walkingmum.com\/it\/wp-json\/wp\/v2\/comments?post=28286"}],"wp:featuredmedia":[{"embeddable":true,"href":"https:\/\/walkingmum.com\/it\/wp-json\/wp\/v2\/media\/28016"}],"wp:attachment":[{"href":"https:\/\/walkingmum.com\/it\/wp-json\/wp\/v2\/media?parent=28286"}],"wp:term":[{"taxonomy":"colecciones","embeddable":true,"href":"https:\/\/walkingmum.com\/it\/wp-json\/wp\/v2\/colecciones?post=28286"},{"taxonomy":"product_brand","embeddable":true,"href":"https:\/\/walkingmum.com\/it\/wp-json\/wp\/v2\/product_brand?post=28286"},{"taxonomy":"product_cat","embeddable":true,"href":"https:\/\/walkingmum.com\/it\/wp-json\/wp\/v2\/product_cat?post=28286"},{"taxonomy":"product_tag","embeddable":true,"href":"https:\/\/walkingmum.com\/it\/wp-json\/wp\/v2\/product_tag?post=28286"}],"curies":[{"name":"wp","href":"https:\/\/api.w.org\/{rel}","templated":true}]}}