{"id":28285,"date":"2024-11-15T11:53:32","date_gmt":"2024-11-15T12:02:55","guid":{"rendered":"https:\/\/walkingmum.com\/?post_type=product&#038;p=28285"},"modified":"2024-11-15T12:02:55","modified_gmt":"2024-11-15T12:02:55","slug":"giocattolo-attivita-passeggino-poppy","status":"publish","type":"product","link":"https:\/\/walkingmum.com\/it\/prodotto\/giocattolo-attivita-passeggino-poppy\/","title":{"rendered":"GIOCATTOLO ATTIVIT\u00c0 PASSEGGINO POPPY"},"content":{"rendered":"<p>Questo adorabile gioco a spirale per carrozzina \u00e8 perfetto per intrattenere e stimolare il vostro piccolo durante le passeggiate. Il gioco a spirale incoraggia il bambino ad afferrare, manipolare ed esplorare i diversi elementi del giocattolo, aiutandolo a sviluppare la motricit\u00e0 fine. Grazie a texture, colori, forme e suoni diversi, il bambino imparer\u00e0 a conoscere il mondo che lo circonda. Il giocattolo \u00e8 realizzato con materiali morbidi e resistenti. Lavabile a mano o in lavatrice a 30 \u00b0C. Un regalo perfetto per accompagnare la crescita e la scoperta del vostro bambino. Walking Mum protegge il bambino utilizzando i migliori tessuti, privi di coloranti azoici e di sostanze nocive per la salute. Conforme alla norma europea EN-71 Sicurezza dei giocattoli +0 anni.<\/p>\n","protected":false},"excerpt":{"rendered":"<p>Questo adorabile gioco a spirale per carrozzina \u00e8 perfetto per intrattenere e stimolare il vostro piccolo durante le passeggiate. Il gioco a spirale incoraggia il bambino ad afferrare, manipolare ed esplorare i diversi elementi del giocattolo, aiutandolo a sviluppare la motricit\u00e0 fine. Grazie a texture, colori, forme e suoni diversi, il bambino imparer\u00e0 a conoscere [&hellip;]<\/p>\n","protected":false},"featured_media":28003,"comment_status":"closed","ping_status":"open","template":"","meta":{"_acf_changed":false,"inline_featured_image":false},"colecciones":[351],"product_brand":[],"product_cat":[367],"product_tag":[],"class_list":{"0":"post-28285","1":"product","2":"type-product","3":"status-publish","4":"has-post-thumbnail","6":"colecciones-collezione-poppy","7":"product_cat-walking-mum-play-it","9":"first","10":"instock","11":"purchasable","12":"product-type-simple"},"acf":[],"yoast_head":"<!-- This site is optimized with the Yoast SEO plugin v27.4 - https:\/\/yoast.com\/product\/yoast-seo-wordpress\/ -->\n<title>GIOCATTOLO ATTIVIT\u00c0 PASSEGGINO POPPY - Walking Mum<\/title>\n<meta name=\"robots\" content=\"index, follow, max-snippet:-1, max-image-preview:large, max-video-preview:-1\" \/>\n<link rel=\"canonical\" href=\"https:\/\/walkingmum.com\/it\/prodotto\/giocattolo-attivita-passeggino-poppy\/\" \/>\n<meta property=\"og:locale\" content=\"it_IT\" \/>\n<meta property=\"og:type\" content=\"article\" \/>\n<meta property=\"og:title\" content=\"GIOCATTOLO ATTIVIT\u00c0 PASSEGGINO POPPY - Walking Mum\" \/>\n<meta property=\"og:description\" content=\"Questo adorabile gioco a spirale per carrozzina \u00e8 perfetto per intrattenere e stimolare il vostro piccolo durante le passeggiate. Il gioco a spirale incoraggia il bambino ad afferrare, manipolare ed esplorare i diversi elementi del giocattolo, aiutandolo a sviluppare la motricit\u00e0 fine. Grazie a texture, colori, forme e suoni diversi, il bambino imparer\u00e0 a conoscere [&hellip;]\" \/>\n<meta property=\"og:url\" content=\"https:\/\/walkingmum.com\/it\/prodotto\/giocattolo-attivita-passeggino-poppy\/\" \/>\n<meta property=\"og:site_name\" content=\"Walking Mum\" \/>\n<meta property=\"og:image\" content=\"https:\/\/walkingmum.com\/wp-content\/uploads\/2024\/11\/1120800425_a.jpg\" \/>\n\t<meta property=\"og:image:width\" content=\"1200\" \/>\n\t<meta property=\"og:image:height\" content=\"1200\" \/>\n\t<meta property=\"og:image:type\" content=\"image\/jpeg\" \/>\n<meta name=\"twitter:card\" content=\"summary_large_image\" \/>\n<meta name=\"twitter:label1\" content=\"Tempo di lettura stimato\" \/>\n\t<meta name=\"twitter:data1\" content=\"1 minuto\" \/>\n<script type=\"application\/ld+json\" class=\"yoast-schema-graph\">{\"@context\":\"https:\\\/\\\/schema.org\",\"@graph\":[{\"@type\":\"WebPage\",\"@id\":\"https:\\\/\\\/walkingmum.com\\\/it\\\/prodotto\\\/giocattolo-attivita-passeggino-poppy\\\/\",\"url\":\"https:\\\/\\\/walkingmum.com\\\/it\\\/prodotto\\\/giocattolo-attivita-passeggino-poppy\\\/\",\"name\":\"GIOCATTOLO ATTIVIT\u00c0 PASSEGGINO POPPY - Walking Mum\",\"isPartOf\":{\"@id\":\"https:\\\/\\\/walkingmum.com\\\/#website\"},\"primaryImageOfPage\":{\"@id\":\"https:\\\/\\\/walkingmum.com\\\/it\\\/prodotto\\\/giocattolo-attivita-passeggino-poppy\\\/#primaryimage\"},\"image\":{\"@id\":\"https:\\\/\\\/walkingmum.com\\\/it\\\/prodotto\\\/giocattolo-attivita-passeggino-poppy\\\/#primaryimage\"},\"thumbnailUrl\":\"https:\\\/\\\/walkingmum.com\\\/wp-content\\\/uploads\\\/2024\\\/11\\\/1120800425_a.jpg\",\"datePublished\":\"2024-11-15T12:02:55+00:00\",\"breadcrumb\":{\"@id\":\"https:\\\/\\\/walkingmum.com\\\/it\\\/prodotto\\\/giocattolo-attivita-passeggino-poppy\\\/#breadcrumb\"},\"inLanguage\":\"it-IT\",\"potentialAction\":[{\"@type\":\"ReadAction\",\"target\":[\"https:\\\/\\\/walkingmum.com\\\/it\\\/prodotto\\\/giocattolo-attivita-passeggino-poppy\\\/\"]}]},{\"@type\":\"ImageObject\",\"inLanguage\":\"it-IT\",\"@id\":\"https:\\\/\\\/walkingmum.com\\\/it\\\/prodotto\\\/giocattolo-attivita-passeggino-poppy\\\/#primaryimage\",\"url\":\"https:\\\/\\\/walkingmum.com\\\/wp-content\\\/uploads\\\/2024\\\/11\\\/1120800425_a.jpg\",\"contentUrl\":\"https:\\\/\\\/walkingmum.com\\\/wp-content\\\/uploads\\\/2024\\\/11\\\/1120800425_a.jpg\",\"width\":1200,\"height\":1200},{\"@type\":\"BreadcrumbList\",\"@id\":\"https:\\\/\\\/walkingmum.com\\\/it\\\/prodotto\\\/giocattolo-attivita-passeggino-poppy\\\/#breadcrumb\",\"itemListElement\":[{\"@type\":\"ListItem\",\"position\":1,\"name\":\"Portada\",\"item\":\"https:\\\/\\\/walkingmum.com\\\/it\\\/\"},{\"@type\":\"ListItem\",\"position\":2,\"name\":\"Tienda\",\"item\":\"https:\\\/\\\/walkingmum.com\\\/tienda\\\/\"},{\"@type\":\"ListItem\",\"position\":3,\"name\":\"GIOCATTOLO ATTIVIT\u00c0 PASSEGGINO POPPY\"}]},{\"@type\":\"WebSite\",\"@id\":\"https:\\\/\\\/walkingmum.com\\\/#website\",\"url\":\"https:\\\/\\\/walkingmum.com\\\/\",\"name\":\"Walking Mum\",\"description\":\"La marca para beb\u00e9s modernos\",\"potentialAction\":[{\"@type\":\"SearchAction\",\"target\":{\"@type\":\"EntryPoint\",\"urlTemplate\":\"https:\\\/\\\/walkingmum.com\\\/?s={search_term_string}\"},\"query-input\":{\"@type\":\"PropertyValueSpecification\",\"valueRequired\":true,\"valueName\":\"search_term_string\"}}],\"inLanguage\":\"it-IT\"}]}<\/script>\n<!-- \/ Yoast SEO plugin. -->","yoast_head_json":{"title":"GIOCATTOLO ATTIVIT\u00c0 PASSEGGINO POPPY - Walking Mum","robots":{"index":"index","follow":"follow","max-snippet":"max-snippet:-1","max-image-preview":"max-image-preview:large","max-video-preview":"max-video-preview:-1"},"canonical":"https:\/\/walkingmum.com\/it\/prodotto\/giocattolo-attivita-passeggino-poppy\/","og_locale":"it_IT","og_type":"article","og_title":"GIOCATTOLO ATTIVIT\u00c0 PASSEGGINO POPPY - Walking Mum","og_description":"Questo adorabile gioco a spirale per carrozzina \u00e8 perfetto per intrattenere e stimolare il vostro piccolo durante le passeggiate. Il gioco a spirale incoraggia il bambino ad afferrare, manipolare ed esplorare i diversi elementi del giocattolo, aiutandolo a sviluppare la motricit\u00e0 fine. Grazie a texture, colori, forme e suoni diversi, il bambino imparer\u00e0 a conoscere [&hellip;]","og_url":"https:\/\/walkingmum.com\/it\/prodotto\/giocattolo-attivita-passeggino-poppy\/","og_site_name":"Walking Mum","og_image":[{"width":1200,"height":1200,"url":"https:\/\/walkingmum.com\/wp-content\/uploads\/2024\/11\/1120800425_a.jpg","type":"image\/jpeg"}],"twitter_card":"summary_large_image","twitter_misc":{"Tempo di lettura stimato":"1 minuto"},"schema":{"@context":"https:\/\/schema.org","@graph":[{"@type":"WebPage","@id":"https:\/\/walkingmum.com\/it\/prodotto\/giocattolo-attivita-passeggino-poppy\/","url":"https:\/\/walkingmum.com\/it\/prodotto\/giocattolo-attivita-passeggino-poppy\/","name":"GIOCATTOLO ATTIVIT\u00c0 PASSEGGINO POPPY - Walking Mum","isPartOf":{"@id":"https:\/\/walkingmum.com\/#website"},"primaryImageOfPage":{"@id":"https:\/\/walkingmum.com\/it\/prodotto\/giocattolo-attivita-passeggino-poppy\/#primaryimage"},"image":{"@id":"https:\/\/walkingmum.com\/it\/prodotto\/giocattolo-attivita-passeggino-poppy\/#primaryimage"},"thumbnailUrl":"https:\/\/walkingmum.com\/wp-content\/uploads\/2024\/11\/1120800425_a.jpg","datePublished":"2024-11-15T12:02:55+00:00","breadcrumb":{"@id":"https:\/\/walkingmum.com\/it\/prodotto\/giocattolo-attivita-passeggino-poppy\/#breadcrumb"},"inLanguage":"it-IT","potentialAction":[{"@type":"ReadAction","target":["https:\/\/walkingmum.com\/it\/prodotto\/giocattolo-attivita-passeggino-poppy\/"]}]},{"@type":"ImageObject","inLanguage":"it-IT","@id":"https:\/\/walkingmum.com\/it\/prodotto\/giocattolo-attivita-passeggino-poppy\/#primaryimage","url":"https:\/\/walkingmum.com\/wp-content\/uploads\/2024\/11\/1120800425_a.jpg","contentUrl":"https:\/\/walkingmum.com\/wp-content\/uploads\/2024\/11\/1120800425_a.jpg","width":1200,"height":1200},{"@type":"BreadcrumbList","@id":"https:\/\/walkingmum.com\/it\/prodotto\/giocattolo-attivita-passeggino-poppy\/#breadcrumb","itemListElement":[{"@type":"ListItem","position":1,"name":"Portada","item":"https:\/\/walkingmum.com\/it\/"},{"@type":"ListItem","position":2,"name":"Tienda","item":"https:\/\/walkingmum.com\/tienda\/"},{"@type":"ListItem","position":3,"name":"GIOCATTOLO ATTIVIT\u00c0 PASSEGGINO POPPY"}]},{"@type":"WebSite","@id":"https:\/\/walkingmum.com\/#website","url":"https:\/\/walkingmum.com\/","name":"Walking Mum","description":"La marca para beb\u00e9s modernos","potentialAction":[{"@type":"SearchAction","target":{"@type":"EntryPoint","urlTemplate":"https:\/\/walkingmum.com\/?s={search_term_string}"},"query-input":{"@type":"PropertyValueSpecification","valueRequired":true,"valueName":"search_term_string"}}],"inLanguage":"it-IT"}]}},"_links":{"self":[{"href":"https:\/\/walkingmum.com\/it\/wp-json\/wp\/v2\/product\/28285","targetHints":{"allow":["GET"]}}],"collection":[{"href":"https:\/\/walkingmum.com\/it\/wp-json\/wp\/v2\/product"}],"about":[{"href":"https:\/\/walkingmum.com\/it\/wp-json\/wp\/v2\/types\/product"}],"replies":[{"embeddable":true,"href":"https:\/\/walkingmum.com\/it\/wp-json\/wp\/v2\/comments?post=28285"}],"wp:featuredmedia":[{"embeddable":true,"href":"https:\/\/walkingmum.com\/it\/wp-json\/wp\/v2\/media\/28003"}],"wp:attachment":[{"href":"https:\/\/walkingmum.com\/it\/wp-json\/wp\/v2\/media?parent=28285"}],"wp:term":[{"taxonomy":"colecciones","embeddable":true,"href":"https:\/\/walkingmum.com\/it\/wp-json\/wp\/v2\/colecciones?post=28285"},{"taxonomy":"product_brand","embeddable":true,"href":"https:\/\/walkingmum.com\/it\/wp-json\/wp\/v2\/product_brand?post=28285"},{"taxonomy":"product_cat","embeddable":true,"href":"https:\/\/walkingmum.com\/it\/wp-json\/wp\/v2\/product_cat?post=28285"},{"taxonomy":"product_tag","embeddable":true,"href":"https:\/\/walkingmum.com\/it\/wp-json\/wp\/v2\/product_tag?post=28285"}],"curies":[{"name":"wp","href":"https:\/\/api.w.org\/{rel}","templated":true}]}}