{"id":27556,"date":"2024-08-29T06:48:54","date_gmt":"2024-08-29T06:51:53","guid":{"rendered":"https:\/\/walkingmum.com\/?post_type=product&#038;p=27556"},"modified":"2024-08-29T06:51:53","modified_gmt":"2024-08-29T06:51:53","slug":"borsa-termica-biberon-caetana-sand","status":"publish","type":"product","link":"https:\/\/walkingmum.com\/it\/prodotto\/borsa-termica-biberon-caetana-sand\/","title":{"rendered":"BORSA TERMICA BIBERON CAETANA SAND"},"content":{"rendered":"<p>Borsa termica a quadri Caetana Sand beige per biberon. Mantiene la temperatura per 4 ore. Dispone inoltre di una maniglia lunga per appenderla alla spalla e di una maniglia corta per trasportarla a mano. Alta qualit\u00e0 e stile. Realizzata in materiale resistente e facile da pulire. Walking Mum protegge il vostro bambino utilizzando i migliori tessuti, privi di coloranti azoici e di sostanze nocive per la salute. La nostra collezione Walking Mum mantiene tutta la qualit\u00e0 del marchio Pasito a Pasito ma con una particolare impronta di stile urbano e moderno che non passa inosservato, per vestire in modo diverso le passeggiate con il vostro bambino. Le borse premaman di questa linea sono pi\u00f9 sportive e pratiche, pensate appositamente per le mamme e i pap\u00e0 moderni che apprezzano i design pi\u00f9 attuali e di tendenza senza trascurare la qualit\u00e0 e la funzionalit\u00e0 degli accessori che completano e rendono pi\u00f9 confortevoli le passeggiate con i loro bambini. Specifiche: Materiali: 65% cotone \/35% poliestere plastificato. Misure: 20X22X12 cm.<\/p>\n","protected":false},"excerpt":{"rendered":"<p>Borsa termica a quadri Caetana Sand beige per biberon. Mantiene la temperatura per 4 ore. Dispone inoltre di una maniglia lunga per appenderla alla spalla e di una maniglia corta per trasportarla a mano. Alta qualit\u00e0 e stile. Realizzata in materiale resistente e facile da pulire. Walking Mum protegge il vostro bambino utilizzando i migliori [&hellip;]<\/p>\n","protected":false},"featured_media":27034,"comment_status":"closed","ping_status":"open","template":"","meta":{"_acf_changed":false,"inline_featured_image":false},"colecciones":[363],"product_brand":[],"product_cat":[137],"product_tag":[],"class_list":{"0":"post-27556","1":"product","2":"type-product","3":"status-publish","4":"has-post-thumbnail","6":"colecciones-collezione-caetana","7":"product_cat-accessori","9":"first","10":"instock","11":"purchasable","12":"product-type-simple"},"acf":[],"yoast_head":"<!-- This site is optimized with the Yoast SEO plugin v27.3 - https:\/\/yoast.com\/product\/yoast-seo-wordpress\/ -->\n<title>BORSA TERMICA BIBERON CAETANA SAND - Walking Mum<\/title>\n<meta name=\"robots\" content=\"index, follow, max-snippet:-1, max-image-preview:large, max-video-preview:-1\" \/>\n<link rel=\"canonical\" href=\"https:\/\/walkingmum.com\/it\/prodotto\/borsa-termica-biberon-caetana-sand\/\" \/>\n<meta property=\"og:locale\" content=\"it_IT\" \/>\n<meta property=\"og:type\" content=\"article\" \/>\n<meta property=\"og:title\" content=\"BORSA TERMICA BIBERON CAETANA SAND - Walking Mum\" \/>\n<meta property=\"og:description\" content=\"Borsa termica a quadri Caetana Sand beige per biberon. Mantiene la temperatura per 4 ore. Dispone inoltre di una maniglia lunga per appenderla alla spalla e di una maniglia corta per trasportarla a mano. Alta qualit\u00e0 e stile. Realizzata in materiale resistente e facile da pulire. Walking Mum protegge il vostro bambino utilizzando i migliori [&hellip;]\" \/>\n<meta property=\"og:url\" content=\"https:\/\/walkingmum.com\/it\/prodotto\/borsa-termica-biberon-caetana-sand\/\" \/>\n<meta property=\"og:site_name\" content=\"Walking Mum\" \/>\n<meta property=\"og:image\" content=\"https:\/\/walkingmum.com\/wp-content\/uploads\/2024\/08\/1120800403_a-1.jpg\" \/>\n\t<meta property=\"og:image:width\" content=\"1200\" \/>\n\t<meta property=\"og:image:height\" content=\"1200\" \/>\n\t<meta property=\"og:image:type\" content=\"image\/jpeg\" \/>\n<meta name=\"twitter:card\" content=\"summary_large_image\" \/>\n<meta name=\"twitter:label1\" content=\"Tempo di lettura stimato\" \/>\n\t<meta name=\"twitter:data1\" content=\"1 minuto\" \/>\n<script type=\"application\/ld+json\" class=\"yoast-schema-graph\">{\"@context\":\"https:\\\/\\\/schema.org\",\"@graph\":[{\"@type\":\"WebPage\",\"@id\":\"https:\\\/\\\/walkingmum.com\\\/it\\\/prodotto\\\/borsa-termica-biberon-caetana-sand\\\/\",\"url\":\"https:\\\/\\\/walkingmum.com\\\/it\\\/prodotto\\\/borsa-termica-biberon-caetana-sand\\\/\",\"name\":\"BORSA TERMICA BIBERON CAETANA SAND - Walking Mum\",\"isPartOf\":{\"@id\":\"https:\\\/\\\/walkingmum.com\\\/#website\"},\"primaryImageOfPage\":{\"@id\":\"https:\\\/\\\/walkingmum.com\\\/it\\\/prodotto\\\/borsa-termica-biberon-caetana-sand\\\/#primaryimage\"},\"image\":{\"@id\":\"https:\\\/\\\/walkingmum.com\\\/it\\\/prodotto\\\/borsa-termica-biberon-caetana-sand\\\/#primaryimage\"},\"thumbnailUrl\":\"https:\\\/\\\/walkingmum.com\\\/wp-content\\\/uploads\\\/2024\\\/08\\\/1120800403_a-1.jpg\",\"datePublished\":\"2024-08-29T06:51:53+00:00\",\"breadcrumb\":{\"@id\":\"https:\\\/\\\/walkingmum.com\\\/it\\\/prodotto\\\/borsa-termica-biberon-caetana-sand\\\/#breadcrumb\"},\"inLanguage\":\"it-IT\",\"potentialAction\":[{\"@type\":\"ReadAction\",\"target\":[\"https:\\\/\\\/walkingmum.com\\\/it\\\/prodotto\\\/borsa-termica-biberon-caetana-sand\\\/\"]}]},{\"@type\":\"ImageObject\",\"inLanguage\":\"it-IT\",\"@id\":\"https:\\\/\\\/walkingmum.com\\\/it\\\/prodotto\\\/borsa-termica-biberon-caetana-sand\\\/#primaryimage\",\"url\":\"https:\\\/\\\/walkingmum.com\\\/wp-content\\\/uploads\\\/2024\\\/08\\\/1120800403_a-1.jpg\",\"contentUrl\":\"https:\\\/\\\/walkingmum.com\\\/wp-content\\\/uploads\\\/2024\\\/08\\\/1120800403_a-1.jpg\",\"width\":1200,\"height\":1200},{\"@type\":\"BreadcrumbList\",\"@id\":\"https:\\\/\\\/walkingmum.com\\\/it\\\/prodotto\\\/borsa-termica-biberon-caetana-sand\\\/#breadcrumb\",\"itemListElement\":[{\"@type\":\"ListItem\",\"position\":1,\"name\":\"Portada\",\"item\":\"https:\\\/\\\/walkingmum.com\\\/it\\\/\"},{\"@type\":\"ListItem\",\"position\":2,\"name\":\"Tienda\",\"item\":\"https:\\\/\\\/walkingmum.com\\\/tienda\\\/\"},{\"@type\":\"ListItem\",\"position\":3,\"name\":\"BORSA TERMICA BIBERON CAETANA SAND\"}]},{\"@type\":\"WebSite\",\"@id\":\"https:\\\/\\\/walkingmum.com\\\/#website\",\"url\":\"https:\\\/\\\/walkingmum.com\\\/\",\"name\":\"Walking Mum\",\"description\":\"La marca para beb\u00e9s modernos\",\"potentialAction\":[{\"@type\":\"SearchAction\",\"target\":{\"@type\":\"EntryPoint\",\"urlTemplate\":\"https:\\\/\\\/walkingmum.com\\\/?s={search_term_string}\"},\"query-input\":{\"@type\":\"PropertyValueSpecification\",\"valueRequired\":true,\"valueName\":\"search_term_string\"}}],\"inLanguage\":\"it-IT\"}]}<\/script>\n<!-- \/ Yoast SEO plugin. -->","yoast_head_json":{"title":"BORSA TERMICA BIBERON CAETANA SAND - Walking Mum","robots":{"index":"index","follow":"follow","max-snippet":"max-snippet:-1","max-image-preview":"max-image-preview:large","max-video-preview":"max-video-preview:-1"},"canonical":"https:\/\/walkingmum.com\/it\/prodotto\/borsa-termica-biberon-caetana-sand\/","og_locale":"it_IT","og_type":"article","og_title":"BORSA TERMICA BIBERON CAETANA SAND - Walking Mum","og_description":"Borsa termica a quadri Caetana Sand beige per biberon. Mantiene la temperatura per 4 ore. Dispone inoltre di una maniglia lunga per appenderla alla spalla e di una maniglia corta per trasportarla a mano. Alta qualit\u00e0 e stile. Realizzata in materiale resistente e facile da pulire. Walking Mum protegge il vostro bambino utilizzando i migliori [&hellip;]","og_url":"https:\/\/walkingmum.com\/it\/prodotto\/borsa-termica-biberon-caetana-sand\/","og_site_name":"Walking Mum","og_image":[{"width":1200,"height":1200,"url":"https:\/\/walkingmum.com\/wp-content\/uploads\/2024\/08\/1120800403_a-1.jpg","type":"image\/jpeg"}],"twitter_card":"summary_large_image","twitter_misc":{"Tempo di lettura stimato":"1 minuto"},"schema":{"@context":"https:\/\/schema.org","@graph":[{"@type":"WebPage","@id":"https:\/\/walkingmum.com\/it\/prodotto\/borsa-termica-biberon-caetana-sand\/","url":"https:\/\/walkingmum.com\/it\/prodotto\/borsa-termica-biberon-caetana-sand\/","name":"BORSA TERMICA BIBERON CAETANA SAND - Walking Mum","isPartOf":{"@id":"https:\/\/walkingmum.com\/#website"},"primaryImageOfPage":{"@id":"https:\/\/walkingmum.com\/it\/prodotto\/borsa-termica-biberon-caetana-sand\/#primaryimage"},"image":{"@id":"https:\/\/walkingmum.com\/it\/prodotto\/borsa-termica-biberon-caetana-sand\/#primaryimage"},"thumbnailUrl":"https:\/\/walkingmum.com\/wp-content\/uploads\/2024\/08\/1120800403_a-1.jpg","datePublished":"2024-08-29T06:51:53+00:00","breadcrumb":{"@id":"https:\/\/walkingmum.com\/it\/prodotto\/borsa-termica-biberon-caetana-sand\/#breadcrumb"},"inLanguage":"it-IT","potentialAction":[{"@type":"ReadAction","target":["https:\/\/walkingmum.com\/it\/prodotto\/borsa-termica-biberon-caetana-sand\/"]}]},{"@type":"ImageObject","inLanguage":"it-IT","@id":"https:\/\/walkingmum.com\/it\/prodotto\/borsa-termica-biberon-caetana-sand\/#primaryimage","url":"https:\/\/walkingmum.com\/wp-content\/uploads\/2024\/08\/1120800403_a-1.jpg","contentUrl":"https:\/\/walkingmum.com\/wp-content\/uploads\/2024\/08\/1120800403_a-1.jpg","width":1200,"height":1200},{"@type":"BreadcrumbList","@id":"https:\/\/walkingmum.com\/it\/prodotto\/borsa-termica-biberon-caetana-sand\/#breadcrumb","itemListElement":[{"@type":"ListItem","position":1,"name":"Portada","item":"https:\/\/walkingmum.com\/it\/"},{"@type":"ListItem","position":2,"name":"Tienda","item":"https:\/\/walkingmum.com\/tienda\/"},{"@type":"ListItem","position":3,"name":"BORSA TERMICA BIBERON CAETANA SAND"}]},{"@type":"WebSite","@id":"https:\/\/walkingmum.com\/#website","url":"https:\/\/walkingmum.com\/","name":"Walking Mum","description":"La marca para beb\u00e9s modernos","potentialAction":[{"@type":"SearchAction","target":{"@type":"EntryPoint","urlTemplate":"https:\/\/walkingmum.com\/?s={search_term_string}"},"query-input":{"@type":"PropertyValueSpecification","valueRequired":true,"valueName":"search_term_string"}}],"inLanguage":"it-IT"}]}},"_links":{"self":[{"href":"https:\/\/walkingmum.com\/it\/wp-json\/wp\/v2\/product\/27556","targetHints":{"allow":["GET"]}}],"collection":[{"href":"https:\/\/walkingmum.com\/it\/wp-json\/wp\/v2\/product"}],"about":[{"href":"https:\/\/walkingmum.com\/it\/wp-json\/wp\/v2\/types\/product"}],"replies":[{"embeddable":true,"href":"https:\/\/walkingmum.com\/it\/wp-json\/wp\/v2\/comments?post=27556"}],"wp:featuredmedia":[{"embeddable":true,"href":"https:\/\/walkingmum.com\/it\/wp-json\/wp\/v2\/media\/27034"}],"wp:attachment":[{"href":"https:\/\/walkingmum.com\/it\/wp-json\/wp\/v2\/media?parent=27556"}],"wp:term":[{"taxonomy":"colecciones","embeddable":true,"href":"https:\/\/walkingmum.com\/it\/wp-json\/wp\/v2\/colecciones?post=27556"},{"taxonomy":"product_brand","embeddable":true,"href":"https:\/\/walkingmum.com\/it\/wp-json\/wp\/v2\/product_brand?post=27556"},{"taxonomy":"product_cat","embeddable":true,"href":"https:\/\/walkingmum.com\/it\/wp-json\/wp\/v2\/product_cat?post=27556"},{"taxonomy":"product_tag","embeddable":true,"href":"https:\/\/walkingmum.com\/it\/wp-json\/wp\/v2\/product_tag?post=27556"}],"curies":[{"name":"wp","href":"https:\/\/api.w.org\/{rel}","templated":true}]}}