{"id":27554,"date":"2024-08-29T06:48:53","date_gmt":"2024-08-29T06:51:54","guid":{"rendered":"https:\/\/walkingmum.com\/?post_type=product&#038;p=27554"},"modified":"2024-08-29T06:51:54","modified_gmt":"2024-08-29T06:51:54","slug":"portadocumenti-caetana-sand","status":"publish","type":"product","link":"https:\/\/walkingmum.com\/it\/prodotto\/portadocumenti-caetana-sand\/","title":{"rendered":"PORTADOCUMENTI CAETANA SAND"},"content":{"rendered":"<p>Il libro nascita Caetana Sand beige a quadretti \u00e8 una funzionale cartellina portadocumenti dal design coordinato alla borsa premaman. Un accessorio essenziale da portare con s\u00e9 ovunque, che vi aiuter\u00e0 a tenere in ordine tutti i documenti medici e le carte del vostro bambino (vaccinazioni, prescrizioni, certificato di nascita).  Questo portadocumenti \u00e8 realizzato in tessuto resistente ed \u00e8 dotato di tasche multiple su entrambi i lati per tenere tutto in ordine. Dispone inoltre di una pratica chiusura a zip per tenere al sicuro il libretto di nascita e tutti i documenti del bambino. Alta qualit\u00e0 e stile. Realizzato in materiale resistente e facile da pulire a mano o in lavatrice a 30\u00b0C. Walking Mum protegge il vostro bambino utilizzando i migliori tessuti, privi di coloranti azoici e di sostanze nocive per la salute. La nostra collezione Walking Mum mantiene tutta la qualit\u00e0 del marchio Pasito a Pasito ma con una particolare impronta di stile urbano e moderno che non passa inosservato, per vestire in modo diverso le passeggiate con il vostro bambino. Gli accessori di questa linea sono pi\u00f9 sportivi e pratici, pensati appositamente per le mamme e i pap\u00e0 moderni che apprezzano i design pi\u00f9 attuali e di tendenza senza trascurare la qualit\u00e0 e la funzionalit\u00e0 degli accessori che rendono pi\u00f9 confortevoli le passeggiate con i loro bambini. Specifiche: Materiali: 65% cotone \/35% poliestere plastificato. Misure: 17X25X1 cm.<\/p>\n","protected":false},"excerpt":{"rendered":"<p>Il libro nascita Caetana Sand beige a quadretti \u00e8 una funzionale cartellina portadocumenti dal design coordinato alla borsa premaman. Un accessorio essenziale da portare con s\u00e9 ovunque, che vi aiuter\u00e0 a tenere in ordine tutti i documenti medici e le carte del vostro bambino (vaccinazioni, prescrizioni, certificato di nascita). Questo portadocumenti \u00e8 realizzato in tessuto [&hellip;]<\/p>\n","protected":false},"featured_media":26996,"comment_status":"closed","ping_status":"open","template":"","meta":{"_acf_changed":false,"inline_featured_image":false},"colecciones":[363],"product_brand":[],"product_cat":[137],"product_tag":[],"class_list":{"0":"post-27554","1":"product","2":"type-product","3":"status-publish","4":"has-post-thumbnail","6":"colecciones-collezione-caetana","7":"product_cat-accessori","9":"first","10":"instock","11":"purchasable","12":"product-type-simple"},"acf":[],"yoast_head":"<!-- This site is optimized with the Yoast SEO plugin v27.3 - https:\/\/yoast.com\/product\/yoast-seo-wordpress\/ -->\n<title>PORTADOCUMENTI CAETANA SAND - Walking Mum<\/title>\n<meta name=\"robots\" content=\"index, follow, max-snippet:-1, max-image-preview:large, max-video-preview:-1\" \/>\n<link rel=\"canonical\" href=\"https:\/\/walkingmum.com\/it\/prodotto\/portadocumenti-caetana-sand\/\" \/>\n<meta property=\"og:locale\" content=\"it_IT\" \/>\n<meta property=\"og:type\" content=\"article\" \/>\n<meta property=\"og:title\" content=\"PORTADOCUMENTI CAETANA SAND - Walking Mum\" \/>\n<meta property=\"og:description\" content=\"Il libro nascita Caetana Sand beige a quadretti \u00e8 una funzionale cartellina portadocumenti dal design coordinato alla borsa premaman. Un accessorio essenziale da portare con s\u00e9 ovunque, che vi aiuter\u00e0 a tenere in ordine tutti i documenti medici e le carte del vostro bambino (vaccinazioni, prescrizioni, certificato di nascita). Questo portadocumenti \u00e8 realizzato in tessuto [&hellip;]\" \/>\n<meta property=\"og:url\" content=\"https:\/\/walkingmum.com\/it\/prodotto\/portadocumenti-caetana-sand\/\" \/>\n<meta property=\"og:site_name\" content=\"Walking Mum\" \/>\n<meta property=\"og:image\" content=\"https:\/\/walkingmum.com\/wp-content\/uploads\/2024\/08\/1120800401_a-1.jpg\" \/>\n\t<meta property=\"og:image:width\" content=\"1200\" \/>\n\t<meta property=\"og:image:height\" content=\"1200\" \/>\n\t<meta property=\"og:image:type\" content=\"image\/jpeg\" \/>\n<meta name=\"twitter:card\" content=\"summary_large_image\" \/>\n<meta name=\"twitter:label1\" content=\"Tempo di lettura stimato\" \/>\n\t<meta name=\"twitter:data1\" content=\"1 minuto\" \/>\n<script type=\"application\/ld+json\" class=\"yoast-schema-graph\">{\"@context\":\"https:\\\/\\\/schema.org\",\"@graph\":[{\"@type\":\"WebPage\",\"@id\":\"https:\\\/\\\/walkingmum.com\\\/it\\\/prodotto\\\/portadocumenti-caetana-sand\\\/\",\"url\":\"https:\\\/\\\/walkingmum.com\\\/it\\\/prodotto\\\/portadocumenti-caetana-sand\\\/\",\"name\":\"PORTADOCUMENTI CAETANA SAND - Walking Mum\",\"isPartOf\":{\"@id\":\"https:\\\/\\\/walkingmum.com\\\/#website\"},\"primaryImageOfPage\":{\"@id\":\"https:\\\/\\\/walkingmum.com\\\/it\\\/prodotto\\\/portadocumenti-caetana-sand\\\/#primaryimage\"},\"image\":{\"@id\":\"https:\\\/\\\/walkingmum.com\\\/it\\\/prodotto\\\/portadocumenti-caetana-sand\\\/#primaryimage\"},\"thumbnailUrl\":\"https:\\\/\\\/walkingmum.com\\\/wp-content\\\/uploads\\\/2024\\\/08\\\/1120800401_a-1.jpg\",\"datePublished\":\"2024-08-29T06:51:54+00:00\",\"breadcrumb\":{\"@id\":\"https:\\\/\\\/walkingmum.com\\\/it\\\/prodotto\\\/portadocumenti-caetana-sand\\\/#breadcrumb\"},\"inLanguage\":\"it-IT\",\"potentialAction\":[{\"@type\":\"ReadAction\",\"target\":[\"https:\\\/\\\/walkingmum.com\\\/it\\\/prodotto\\\/portadocumenti-caetana-sand\\\/\"]}]},{\"@type\":\"ImageObject\",\"inLanguage\":\"it-IT\",\"@id\":\"https:\\\/\\\/walkingmum.com\\\/it\\\/prodotto\\\/portadocumenti-caetana-sand\\\/#primaryimage\",\"url\":\"https:\\\/\\\/walkingmum.com\\\/wp-content\\\/uploads\\\/2024\\\/08\\\/1120800401_a-1.jpg\",\"contentUrl\":\"https:\\\/\\\/walkingmum.com\\\/wp-content\\\/uploads\\\/2024\\\/08\\\/1120800401_a-1.jpg\",\"width\":1200,\"height\":1200},{\"@type\":\"BreadcrumbList\",\"@id\":\"https:\\\/\\\/walkingmum.com\\\/it\\\/prodotto\\\/portadocumenti-caetana-sand\\\/#breadcrumb\",\"itemListElement\":[{\"@type\":\"ListItem\",\"position\":1,\"name\":\"Portada\",\"item\":\"https:\\\/\\\/walkingmum.com\\\/it\\\/\"},{\"@type\":\"ListItem\",\"position\":2,\"name\":\"Tienda\",\"item\":\"https:\\\/\\\/walkingmum.com\\\/tienda\\\/\"},{\"@type\":\"ListItem\",\"position\":3,\"name\":\"PORTADOCUMENTI CAETANA SAND\"}]},{\"@type\":\"WebSite\",\"@id\":\"https:\\\/\\\/walkingmum.com\\\/#website\",\"url\":\"https:\\\/\\\/walkingmum.com\\\/\",\"name\":\"Walking Mum\",\"description\":\"La marca para beb\u00e9s modernos\",\"potentialAction\":[{\"@type\":\"SearchAction\",\"target\":{\"@type\":\"EntryPoint\",\"urlTemplate\":\"https:\\\/\\\/walkingmum.com\\\/?s={search_term_string}\"},\"query-input\":{\"@type\":\"PropertyValueSpecification\",\"valueRequired\":true,\"valueName\":\"search_term_string\"}}],\"inLanguage\":\"it-IT\"}]}<\/script>\n<!-- \/ Yoast SEO plugin. -->","yoast_head_json":{"title":"PORTADOCUMENTI CAETANA SAND - Walking Mum","robots":{"index":"index","follow":"follow","max-snippet":"max-snippet:-1","max-image-preview":"max-image-preview:large","max-video-preview":"max-video-preview:-1"},"canonical":"https:\/\/walkingmum.com\/it\/prodotto\/portadocumenti-caetana-sand\/","og_locale":"it_IT","og_type":"article","og_title":"PORTADOCUMENTI CAETANA SAND - Walking Mum","og_description":"Il libro nascita Caetana Sand beige a quadretti \u00e8 una funzionale cartellina portadocumenti dal design coordinato alla borsa premaman. Un accessorio essenziale da portare con s\u00e9 ovunque, che vi aiuter\u00e0 a tenere in ordine tutti i documenti medici e le carte del vostro bambino (vaccinazioni, prescrizioni, certificato di nascita). Questo portadocumenti \u00e8 realizzato in tessuto [&hellip;]","og_url":"https:\/\/walkingmum.com\/it\/prodotto\/portadocumenti-caetana-sand\/","og_site_name":"Walking Mum","og_image":[{"width":1200,"height":1200,"url":"https:\/\/walkingmum.com\/wp-content\/uploads\/2024\/08\/1120800401_a-1.jpg","type":"image\/jpeg"}],"twitter_card":"summary_large_image","twitter_misc":{"Tempo di lettura stimato":"1 minuto"},"schema":{"@context":"https:\/\/schema.org","@graph":[{"@type":"WebPage","@id":"https:\/\/walkingmum.com\/it\/prodotto\/portadocumenti-caetana-sand\/","url":"https:\/\/walkingmum.com\/it\/prodotto\/portadocumenti-caetana-sand\/","name":"PORTADOCUMENTI CAETANA SAND - Walking Mum","isPartOf":{"@id":"https:\/\/walkingmum.com\/#website"},"primaryImageOfPage":{"@id":"https:\/\/walkingmum.com\/it\/prodotto\/portadocumenti-caetana-sand\/#primaryimage"},"image":{"@id":"https:\/\/walkingmum.com\/it\/prodotto\/portadocumenti-caetana-sand\/#primaryimage"},"thumbnailUrl":"https:\/\/walkingmum.com\/wp-content\/uploads\/2024\/08\/1120800401_a-1.jpg","datePublished":"2024-08-29T06:51:54+00:00","breadcrumb":{"@id":"https:\/\/walkingmum.com\/it\/prodotto\/portadocumenti-caetana-sand\/#breadcrumb"},"inLanguage":"it-IT","potentialAction":[{"@type":"ReadAction","target":["https:\/\/walkingmum.com\/it\/prodotto\/portadocumenti-caetana-sand\/"]}]},{"@type":"ImageObject","inLanguage":"it-IT","@id":"https:\/\/walkingmum.com\/it\/prodotto\/portadocumenti-caetana-sand\/#primaryimage","url":"https:\/\/walkingmum.com\/wp-content\/uploads\/2024\/08\/1120800401_a-1.jpg","contentUrl":"https:\/\/walkingmum.com\/wp-content\/uploads\/2024\/08\/1120800401_a-1.jpg","width":1200,"height":1200},{"@type":"BreadcrumbList","@id":"https:\/\/walkingmum.com\/it\/prodotto\/portadocumenti-caetana-sand\/#breadcrumb","itemListElement":[{"@type":"ListItem","position":1,"name":"Portada","item":"https:\/\/walkingmum.com\/it\/"},{"@type":"ListItem","position":2,"name":"Tienda","item":"https:\/\/walkingmum.com\/tienda\/"},{"@type":"ListItem","position":3,"name":"PORTADOCUMENTI CAETANA SAND"}]},{"@type":"WebSite","@id":"https:\/\/walkingmum.com\/#website","url":"https:\/\/walkingmum.com\/","name":"Walking Mum","description":"La marca para beb\u00e9s modernos","potentialAction":[{"@type":"SearchAction","target":{"@type":"EntryPoint","urlTemplate":"https:\/\/walkingmum.com\/?s={search_term_string}"},"query-input":{"@type":"PropertyValueSpecification","valueRequired":true,"valueName":"search_term_string"}}],"inLanguage":"it-IT"}]}},"_links":{"self":[{"href":"https:\/\/walkingmum.com\/it\/wp-json\/wp\/v2\/product\/27554","targetHints":{"allow":["GET"]}}],"collection":[{"href":"https:\/\/walkingmum.com\/it\/wp-json\/wp\/v2\/product"}],"about":[{"href":"https:\/\/walkingmum.com\/it\/wp-json\/wp\/v2\/types\/product"}],"replies":[{"embeddable":true,"href":"https:\/\/walkingmum.com\/it\/wp-json\/wp\/v2\/comments?post=27554"}],"wp:featuredmedia":[{"embeddable":true,"href":"https:\/\/walkingmum.com\/it\/wp-json\/wp\/v2\/media\/26996"}],"wp:attachment":[{"href":"https:\/\/walkingmum.com\/it\/wp-json\/wp\/v2\/media?parent=27554"}],"wp:term":[{"taxonomy":"colecciones","embeddable":true,"href":"https:\/\/walkingmum.com\/it\/wp-json\/wp\/v2\/colecciones?post=27554"},{"taxonomy":"product_brand","embeddable":true,"href":"https:\/\/walkingmum.com\/it\/wp-json\/wp\/v2\/product_brand?post=27554"},{"taxonomy":"product_cat","embeddable":true,"href":"https:\/\/walkingmum.com\/it\/wp-json\/wp\/v2\/product_cat?post=27554"},{"taxonomy":"product_tag","embeddable":true,"href":"https:\/\/walkingmum.com\/it\/wp-json\/wp\/v2\/product_tag?post=27554"}],"curies":[{"name":"wp","href":"https:\/\/api.w.org\/{rel}","templated":true}]}}