{"id":27547,"date":"2024-08-29T06:48:58","date_gmt":"2024-08-29T06:51:48","guid":{"rendered":"https:\/\/walkingmum.com\/?post_type=product&#038;p=27547"},"modified":"2024-08-29T06:51:48","modified_gmt":"2024-08-29T06:51:48","slug":"borsa-crossbody-caetana-stone","status":"publish","type":"product","link":"https:\/\/walkingmum.com\/it\/prodotto\/borsa-crossbody-caetana-stone\/","title":{"rendered":"BORSA CROSSBODY CAETANA STONE"},"content":{"rendered":"<p>La borsa Caetana Stone a quadri verde per passeggino \u00e8 un modello molto leggero, ma anche resistente e spazioso, per portare con s\u00e9 tutto ci\u00f2 di cui si pu\u00f2 avere bisogno durante le passeggiate del bambino. Include un ciondolo a forma di stella su cui \u00e8 possibile ricamare il nome del bambino per personalizzare la borsa. Oltre alla sua grande capienza, \u00e8 organizzata in modo semplice, con diverse tasche interne che vi aiuteranno a tenere in ordine tutti gli accessori per trovarli facilmente quando ne avete bisogno. Ha una tasca interna laminata per i vestiti bagnati, una tasca termica interna e due tasche laterali. Include un fasciatoio. Il suo design moderno e casual lo rende perfetto per l&#8217;uso quotidiano e per essere abbinato ai vostri look casual o sportivi. \u00c8 dotato di manici corti per poterlo agganciare a qualsiasi tipo di passeggino e di un manico lungo per poterlo appendere alla spalla. Alta qualit\u00e0 e stile. Realizzato in 100% cotone con trattamento impermeabile, facile da pulire a mano o in lavatrice a 30\u00b0C. Walking Mum protegge il vostro bambino utilizzando i migliori tessuti, privi di coloranti azoici e di sostanze nocive per la salute. La nostra collezione Walking Mum \u00e8 disegnata con un particolare timbro di stile urbano e moderno che non passa inosservato, per vestire in modo diverso le passeggiate con il vostro bambino. Le borse premaman di questa linea sono pi\u00f9 sportive e pratiche, pensate appositamente per le mamme e i pap\u00e0 moderni che apprezzano i design pi\u00f9 attuali e di tendenza senza trascurare la qualit\u00e0 e la funzionalit\u00e0 degli accessori che completano e rendono pi\u00f9 confortevoli tutte le passeggiate con i loro bambini. Specifiche: Materiali: 65% cotone \/35% poliestere plastificato. Misure: 33X25X12 cm.<\/p>\n","protected":false},"excerpt":{"rendered":"<p>La borsa Caetana Stone a quadri verde per passeggino \u00e8 un modello molto leggero, ma anche resistente e spazioso, per portare con s\u00e9 tutto ci\u00f2 di cui si pu\u00f2 avere bisogno durante le passeggiate del bambino. Include un ciondolo a forma di stella su cui \u00e8 possibile ricamare il nome del bambino per personalizzare la [&hellip;]<\/p>\n","protected":false},"featured_media":26793,"comment_status":"closed","ping_status":"open","template":"","meta":{"_acf_changed":false,"inline_featured_image":false},"colecciones":[363],"product_brand":[],"product_cat":[128],"product_tag":[],"class_list":{"0":"post-27547","1":"product","2":"type-product","3":"status-publish","4":"has-post-thumbnail","6":"colecciones-collezione-caetana","7":"product_cat-borse-fasciatoio","9":"first","10":"instock","11":"purchasable","12":"product-type-simple"},"acf":[],"yoast_head":"<!-- This site is optimized with the Yoast SEO plugin v27.3 - https:\/\/yoast.com\/product\/yoast-seo-wordpress\/ -->\n<title>BORSA CROSSBODY CAETANA STONE - Walking Mum<\/title>\n<meta name=\"robots\" content=\"index, follow, max-snippet:-1, max-image-preview:large, max-video-preview:-1\" \/>\n<link rel=\"canonical\" href=\"https:\/\/walkingmum.com\/it\/prodotto\/borsa-crossbody-caetana-stone\/\" \/>\n<meta property=\"og:locale\" content=\"it_IT\" \/>\n<meta property=\"og:type\" content=\"article\" \/>\n<meta property=\"og:title\" content=\"BORSA CROSSBODY CAETANA STONE - Walking Mum\" \/>\n<meta property=\"og:description\" content=\"La borsa Caetana Stone a quadri verde per passeggino \u00e8 un modello molto leggero, ma anche resistente e spazioso, per portare con s\u00e9 tutto ci\u00f2 di cui si pu\u00f2 avere bisogno durante le passeggiate del bambino. Include un ciondolo a forma di stella su cui \u00e8 possibile ricamare il nome del bambino per personalizzare la [&hellip;]\" \/>\n<meta property=\"og:url\" content=\"https:\/\/walkingmum.com\/it\/prodotto\/borsa-crossbody-caetana-stone\/\" \/>\n<meta property=\"og:site_name\" content=\"Walking Mum\" \/>\n<meta property=\"og:image\" content=\"https:\/\/walkingmum.com\/wp-content\/uploads\/2024\/08\/1120800394_a-1.jpg\" \/>\n\t<meta property=\"og:image:width\" content=\"1200\" \/>\n\t<meta property=\"og:image:height\" content=\"1200\" \/>\n\t<meta property=\"og:image:type\" content=\"image\/jpeg\" \/>\n<meta name=\"twitter:card\" content=\"summary_large_image\" \/>\n<meta name=\"twitter:label1\" content=\"Tempo di lettura stimato\" \/>\n\t<meta name=\"twitter:data1\" content=\"1 minuto\" \/>\n<script type=\"application\/ld+json\" class=\"yoast-schema-graph\">{\"@context\":\"https:\\\/\\\/schema.org\",\"@graph\":[{\"@type\":\"WebPage\",\"@id\":\"https:\\\/\\\/walkingmum.com\\\/it\\\/prodotto\\\/borsa-crossbody-caetana-stone\\\/\",\"url\":\"https:\\\/\\\/walkingmum.com\\\/it\\\/prodotto\\\/borsa-crossbody-caetana-stone\\\/\",\"name\":\"BORSA CROSSBODY CAETANA STONE - Walking Mum\",\"isPartOf\":{\"@id\":\"https:\\\/\\\/walkingmum.com\\\/#website\"},\"primaryImageOfPage\":{\"@id\":\"https:\\\/\\\/walkingmum.com\\\/it\\\/prodotto\\\/borsa-crossbody-caetana-stone\\\/#primaryimage\"},\"image\":{\"@id\":\"https:\\\/\\\/walkingmum.com\\\/it\\\/prodotto\\\/borsa-crossbody-caetana-stone\\\/#primaryimage\"},\"thumbnailUrl\":\"https:\\\/\\\/walkingmum.com\\\/wp-content\\\/uploads\\\/2024\\\/08\\\/1120800394_a-1.jpg\",\"datePublished\":\"2024-08-29T06:51:48+00:00\",\"breadcrumb\":{\"@id\":\"https:\\\/\\\/walkingmum.com\\\/it\\\/prodotto\\\/borsa-crossbody-caetana-stone\\\/#breadcrumb\"},\"inLanguage\":\"it-IT\",\"potentialAction\":[{\"@type\":\"ReadAction\",\"target\":[\"https:\\\/\\\/walkingmum.com\\\/it\\\/prodotto\\\/borsa-crossbody-caetana-stone\\\/\"]}]},{\"@type\":\"ImageObject\",\"inLanguage\":\"it-IT\",\"@id\":\"https:\\\/\\\/walkingmum.com\\\/it\\\/prodotto\\\/borsa-crossbody-caetana-stone\\\/#primaryimage\",\"url\":\"https:\\\/\\\/walkingmum.com\\\/wp-content\\\/uploads\\\/2024\\\/08\\\/1120800394_a-1.jpg\",\"contentUrl\":\"https:\\\/\\\/walkingmum.com\\\/wp-content\\\/uploads\\\/2024\\\/08\\\/1120800394_a-1.jpg\",\"width\":1200,\"height\":1200},{\"@type\":\"BreadcrumbList\",\"@id\":\"https:\\\/\\\/walkingmum.com\\\/it\\\/prodotto\\\/borsa-crossbody-caetana-stone\\\/#breadcrumb\",\"itemListElement\":[{\"@type\":\"ListItem\",\"position\":1,\"name\":\"Portada\",\"item\":\"https:\\\/\\\/walkingmum.com\\\/it\\\/\"},{\"@type\":\"ListItem\",\"position\":2,\"name\":\"Tienda\",\"item\":\"https:\\\/\\\/walkingmum.com\\\/tienda\\\/\"},{\"@type\":\"ListItem\",\"position\":3,\"name\":\"BORSA CROSSBODY CAETANA STONE\"}]},{\"@type\":\"WebSite\",\"@id\":\"https:\\\/\\\/walkingmum.com\\\/#website\",\"url\":\"https:\\\/\\\/walkingmum.com\\\/\",\"name\":\"Walking Mum\",\"description\":\"La marca para beb\u00e9s modernos\",\"potentialAction\":[{\"@type\":\"SearchAction\",\"target\":{\"@type\":\"EntryPoint\",\"urlTemplate\":\"https:\\\/\\\/walkingmum.com\\\/?s={search_term_string}\"},\"query-input\":{\"@type\":\"PropertyValueSpecification\",\"valueRequired\":true,\"valueName\":\"search_term_string\"}}],\"inLanguage\":\"it-IT\"}]}<\/script>\n<!-- \/ Yoast SEO plugin. -->","yoast_head_json":{"title":"BORSA CROSSBODY CAETANA STONE - Walking Mum","robots":{"index":"index","follow":"follow","max-snippet":"max-snippet:-1","max-image-preview":"max-image-preview:large","max-video-preview":"max-video-preview:-1"},"canonical":"https:\/\/walkingmum.com\/it\/prodotto\/borsa-crossbody-caetana-stone\/","og_locale":"it_IT","og_type":"article","og_title":"BORSA CROSSBODY CAETANA STONE - Walking Mum","og_description":"La borsa Caetana Stone a quadri verde per passeggino \u00e8 un modello molto leggero, ma anche resistente e spazioso, per portare con s\u00e9 tutto ci\u00f2 di cui si pu\u00f2 avere bisogno durante le passeggiate del bambino. Include un ciondolo a forma di stella su cui \u00e8 possibile ricamare il nome del bambino per personalizzare la [&hellip;]","og_url":"https:\/\/walkingmum.com\/it\/prodotto\/borsa-crossbody-caetana-stone\/","og_site_name":"Walking Mum","og_image":[{"width":1200,"height":1200,"url":"https:\/\/walkingmum.com\/wp-content\/uploads\/2024\/08\/1120800394_a-1.jpg","type":"image\/jpeg"}],"twitter_card":"summary_large_image","twitter_misc":{"Tempo di lettura stimato":"1 minuto"},"schema":{"@context":"https:\/\/schema.org","@graph":[{"@type":"WebPage","@id":"https:\/\/walkingmum.com\/it\/prodotto\/borsa-crossbody-caetana-stone\/","url":"https:\/\/walkingmum.com\/it\/prodotto\/borsa-crossbody-caetana-stone\/","name":"BORSA CROSSBODY CAETANA STONE - Walking Mum","isPartOf":{"@id":"https:\/\/walkingmum.com\/#website"},"primaryImageOfPage":{"@id":"https:\/\/walkingmum.com\/it\/prodotto\/borsa-crossbody-caetana-stone\/#primaryimage"},"image":{"@id":"https:\/\/walkingmum.com\/it\/prodotto\/borsa-crossbody-caetana-stone\/#primaryimage"},"thumbnailUrl":"https:\/\/walkingmum.com\/wp-content\/uploads\/2024\/08\/1120800394_a-1.jpg","datePublished":"2024-08-29T06:51:48+00:00","breadcrumb":{"@id":"https:\/\/walkingmum.com\/it\/prodotto\/borsa-crossbody-caetana-stone\/#breadcrumb"},"inLanguage":"it-IT","potentialAction":[{"@type":"ReadAction","target":["https:\/\/walkingmum.com\/it\/prodotto\/borsa-crossbody-caetana-stone\/"]}]},{"@type":"ImageObject","inLanguage":"it-IT","@id":"https:\/\/walkingmum.com\/it\/prodotto\/borsa-crossbody-caetana-stone\/#primaryimage","url":"https:\/\/walkingmum.com\/wp-content\/uploads\/2024\/08\/1120800394_a-1.jpg","contentUrl":"https:\/\/walkingmum.com\/wp-content\/uploads\/2024\/08\/1120800394_a-1.jpg","width":1200,"height":1200},{"@type":"BreadcrumbList","@id":"https:\/\/walkingmum.com\/it\/prodotto\/borsa-crossbody-caetana-stone\/#breadcrumb","itemListElement":[{"@type":"ListItem","position":1,"name":"Portada","item":"https:\/\/walkingmum.com\/it\/"},{"@type":"ListItem","position":2,"name":"Tienda","item":"https:\/\/walkingmum.com\/tienda\/"},{"@type":"ListItem","position":3,"name":"BORSA CROSSBODY CAETANA STONE"}]},{"@type":"WebSite","@id":"https:\/\/walkingmum.com\/#website","url":"https:\/\/walkingmum.com\/","name":"Walking Mum","description":"La marca para beb\u00e9s modernos","potentialAction":[{"@type":"SearchAction","target":{"@type":"EntryPoint","urlTemplate":"https:\/\/walkingmum.com\/?s={search_term_string}"},"query-input":{"@type":"PropertyValueSpecification","valueRequired":true,"valueName":"search_term_string"}}],"inLanguage":"it-IT"}]}},"_links":{"self":[{"href":"https:\/\/walkingmum.com\/it\/wp-json\/wp\/v2\/product\/27547","targetHints":{"allow":["GET"]}}],"collection":[{"href":"https:\/\/walkingmum.com\/it\/wp-json\/wp\/v2\/product"}],"about":[{"href":"https:\/\/walkingmum.com\/it\/wp-json\/wp\/v2\/types\/product"}],"replies":[{"embeddable":true,"href":"https:\/\/walkingmum.com\/it\/wp-json\/wp\/v2\/comments?post=27547"}],"wp:featuredmedia":[{"embeddable":true,"href":"https:\/\/walkingmum.com\/it\/wp-json\/wp\/v2\/media\/26793"}],"wp:attachment":[{"href":"https:\/\/walkingmum.com\/it\/wp-json\/wp\/v2\/media?parent=27547"}],"wp:term":[{"taxonomy":"colecciones","embeddable":true,"href":"https:\/\/walkingmum.com\/it\/wp-json\/wp\/v2\/colecciones?post=27547"},{"taxonomy":"product_brand","embeddable":true,"href":"https:\/\/walkingmum.com\/it\/wp-json\/wp\/v2\/product_brand?post=27547"},{"taxonomy":"product_cat","embeddable":true,"href":"https:\/\/walkingmum.com\/it\/wp-json\/wp\/v2\/product_cat?post=27547"},{"taxonomy":"product_tag","embeddable":true,"href":"https:\/\/walkingmum.com\/it\/wp-json\/wp\/v2\/product_tag?post=27547"}],"curies":[{"name":"wp","href":"https:\/\/api.w.org\/{rel}","templated":true}]}}