{"id":26233,"date":"2024-02-28T14:52:59","date_gmt":"2024-02-28T14:53:00","guid":{"rendered":"https:\/\/walkingmum.com\/?post_type=product&#038;p=26233"},"modified":"2024-02-28T14:53:00","modified_gmt":"2024-02-28T14:53:00","slug":"materassino-i-love-vichy-verde-cuadretti","status":"publish","type":"product","link":"https:\/\/walkingmum.com\/it\/prodotto\/materassino-i-love-vichy-verde-cuadretti\/","title":{"rendered":"MATERASSINO I LOVE VICHY VERDE CUADRETTI"},"content":{"rendered":"<p>Il tappetino per passeggino I Love Vichy Green \u00e8 la copertura perfetta per proteggere il seggiolino del tuo bambino durante l&#8217;estate, proteggendo la sua pelle da sfregamenti e irritazioni dovute al calore e mantenendo l&#8217;imbottitura originale sempre nuova. Realizzato con materiale traspirante, aiuta a prevenire il sudore eccessivo e garantisce un viaggio confortevole per il tuo piccolo. Il suo design universale consente di adattare facilmente il tappetino alla maggior parte dei passeggini, con aperture e regolazioni multiple per una collocazione senza sforzo sul seggiolino dell&#8217;auto. Offrendo grande qualit\u00e0 e stile, \u00e8 realizzato con materiali resistenti e facili da pulire a mano o in lavatrice a 30\u00b0C. Walking Mum d\u00e0 la priorit\u00e0 alla sicurezza del tuo bambino utilizzando i migliori tessuti, privi di coloranti azoici e sostanze nocive. La nostra collezione Walking Mum \u00e8 progettata con uno stile urbano e moderno distintivo che si distingue, aggiungendo un tocco unico alle uscite del tuo bambino. Gli accessori per la maternit\u00e0 di questa linea sono pi\u00f9 sportivi e pratici, appositamente progettati per mamme e pap\u00e0 moderni che apprezzano le ultime tendenze senza compromettere la qualit\u00e0 e la funzionalit\u00e0 dei prodotti che rendono pi\u00f9 confortevoli tutte le uscite con i loro bambini. Specifiche: Materiali: 100% Cotone. Colore: Verde. Misure: Universale.<\/p>\n","protected":false},"excerpt":{"rendered":"<p>Il tappetino per passeggino I Love Vichy Green \u00e8 la copertura perfetta per proteggere il seggiolino del tuo bambino durante l&#8217;estate, proteggendo la sua pelle da sfregamenti e irritazioni dovute al calore e mantenendo l&#8217;imbottitura originale sempre nuova. Realizzato con materiale traspirante, aiuta a prevenire il sudore eccessivo e garantisce un viaggio confortevole per il [&hellip;]<\/p>\n","protected":false},"featured_media":25417,"comment_status":"closed","ping_status":"open","template":"","meta":{"_acf_changed":false,"inline_featured_image":false},"colecciones":[113],"product_brand":[],"product_cat":[146],"product_tag":[],"class_list":{"0":"post-26233","1":"product","2":"type-product","3":"status-publish","4":"has-post-thumbnail","6":"colecciones-collezione-i-love-vichy","7":"product_cat-coprigambe-e-sacchi-per-seggiolini","9":"first","10":"instock","11":"purchasable","12":"product-type-simple"},"acf":[],"yoast_head":"<!-- This site is optimized with the Yoast SEO plugin v27.3 - https:\/\/yoast.com\/product\/yoast-seo-wordpress\/ -->\n<title>MATERASSINO I LOVE VICHY VERDE CUADRETTI - Walking Mum<\/title>\n<meta name=\"robots\" content=\"index, follow, max-snippet:-1, max-image-preview:large, max-video-preview:-1\" \/>\n<link rel=\"canonical\" href=\"https:\/\/walkingmum.com\/it\/prodotto\/materassino-i-love-vichy-verde-cuadretti\/\" \/>\n<meta property=\"og:locale\" content=\"it_IT\" \/>\n<meta property=\"og:type\" content=\"article\" \/>\n<meta property=\"og:title\" content=\"MATERASSINO I LOVE VICHY VERDE CUADRETTI - Walking Mum\" \/>\n<meta property=\"og:description\" content=\"Il tappetino per passeggino I Love Vichy Green \u00e8 la copertura perfetta per proteggere il seggiolino del tuo bambino durante l&#8217;estate, proteggendo la sua pelle da sfregamenti e irritazioni dovute al calore e mantenendo l&#8217;imbottitura originale sempre nuova. Realizzato con materiale traspirante, aiuta a prevenire il sudore eccessivo e garantisce un viaggio confortevole per il [&hellip;]\" \/>\n<meta property=\"og:url\" content=\"https:\/\/walkingmum.com\/it\/prodotto\/materassino-i-love-vichy-verde-cuadretti\/\" \/>\n<meta property=\"og:site_name\" content=\"Walking Mum\" \/>\n<meta property=\"og:image\" content=\"https:\/\/walkingmum.com\/wp-content\/uploads\/2024\/02\/1120800316_a.jpg\" \/>\n\t<meta property=\"og:image:width\" content=\"1200\" \/>\n\t<meta property=\"og:image:height\" content=\"1200\" \/>\n\t<meta property=\"og:image:type\" content=\"image\/jpeg\" \/>\n<meta name=\"twitter:card\" content=\"summary_large_image\" \/>\n<meta name=\"twitter:label1\" content=\"Tempo di lettura stimato\" \/>\n\t<meta name=\"twitter:data1\" content=\"1 minuto\" \/>\n<script type=\"application\/ld+json\" class=\"yoast-schema-graph\">{\"@context\":\"https:\\\/\\\/schema.org\",\"@graph\":[{\"@type\":\"WebPage\",\"@id\":\"https:\\\/\\\/walkingmum.com\\\/it\\\/prodotto\\\/materassino-i-love-vichy-verde-cuadretti\\\/\",\"url\":\"https:\\\/\\\/walkingmum.com\\\/it\\\/prodotto\\\/materassino-i-love-vichy-verde-cuadretti\\\/\",\"name\":\"MATERASSINO I LOVE VICHY VERDE CUADRETTI - Walking Mum\",\"isPartOf\":{\"@id\":\"https:\\\/\\\/walkingmum.com\\\/#website\"},\"primaryImageOfPage\":{\"@id\":\"https:\\\/\\\/walkingmum.com\\\/it\\\/prodotto\\\/materassino-i-love-vichy-verde-cuadretti\\\/#primaryimage\"},\"image\":{\"@id\":\"https:\\\/\\\/walkingmum.com\\\/it\\\/prodotto\\\/materassino-i-love-vichy-verde-cuadretti\\\/#primaryimage\"},\"thumbnailUrl\":\"https:\\\/\\\/walkingmum.com\\\/wp-content\\\/uploads\\\/2024\\\/02\\\/1120800316_a.jpg\",\"datePublished\":\"2024-02-28T14:53:00+00:00\",\"breadcrumb\":{\"@id\":\"https:\\\/\\\/walkingmum.com\\\/it\\\/prodotto\\\/materassino-i-love-vichy-verde-cuadretti\\\/#breadcrumb\"},\"inLanguage\":\"it-IT\",\"potentialAction\":[{\"@type\":\"ReadAction\",\"target\":[\"https:\\\/\\\/walkingmum.com\\\/it\\\/prodotto\\\/materassino-i-love-vichy-verde-cuadretti\\\/\"]}]},{\"@type\":\"ImageObject\",\"inLanguage\":\"it-IT\",\"@id\":\"https:\\\/\\\/walkingmum.com\\\/it\\\/prodotto\\\/materassino-i-love-vichy-verde-cuadretti\\\/#primaryimage\",\"url\":\"https:\\\/\\\/walkingmum.com\\\/wp-content\\\/uploads\\\/2024\\\/02\\\/1120800316_a.jpg\",\"contentUrl\":\"https:\\\/\\\/walkingmum.com\\\/wp-content\\\/uploads\\\/2024\\\/02\\\/1120800316_a.jpg\",\"width\":1200,\"height\":1200},{\"@type\":\"BreadcrumbList\",\"@id\":\"https:\\\/\\\/walkingmum.com\\\/it\\\/prodotto\\\/materassino-i-love-vichy-verde-cuadretti\\\/#breadcrumb\",\"itemListElement\":[{\"@type\":\"ListItem\",\"position\":1,\"name\":\"Portada\",\"item\":\"https:\\\/\\\/walkingmum.com\\\/it\\\/\"},{\"@type\":\"ListItem\",\"position\":2,\"name\":\"Tienda\",\"item\":\"https:\\\/\\\/walkingmum.com\\\/tienda\\\/\"},{\"@type\":\"ListItem\",\"position\":3,\"name\":\"MATERASSINO I LOVE VICHY VERDE CUADRETTI\"}]},{\"@type\":\"WebSite\",\"@id\":\"https:\\\/\\\/walkingmum.com\\\/#website\",\"url\":\"https:\\\/\\\/walkingmum.com\\\/\",\"name\":\"Walking Mum\",\"description\":\"La marca para beb\u00e9s modernos\",\"potentialAction\":[{\"@type\":\"SearchAction\",\"target\":{\"@type\":\"EntryPoint\",\"urlTemplate\":\"https:\\\/\\\/walkingmum.com\\\/?s={search_term_string}\"},\"query-input\":{\"@type\":\"PropertyValueSpecification\",\"valueRequired\":true,\"valueName\":\"search_term_string\"}}],\"inLanguage\":\"it-IT\"}]}<\/script>\n<!-- \/ Yoast SEO plugin. -->","yoast_head_json":{"title":"MATERASSINO I LOVE VICHY VERDE CUADRETTI - Walking Mum","robots":{"index":"index","follow":"follow","max-snippet":"max-snippet:-1","max-image-preview":"max-image-preview:large","max-video-preview":"max-video-preview:-1"},"canonical":"https:\/\/walkingmum.com\/it\/prodotto\/materassino-i-love-vichy-verde-cuadretti\/","og_locale":"it_IT","og_type":"article","og_title":"MATERASSINO I LOVE VICHY VERDE CUADRETTI - Walking Mum","og_description":"Il tappetino per passeggino I Love Vichy Green \u00e8 la copertura perfetta per proteggere il seggiolino del tuo bambino durante l&#8217;estate, proteggendo la sua pelle da sfregamenti e irritazioni dovute al calore e mantenendo l&#8217;imbottitura originale sempre nuova. Realizzato con materiale traspirante, aiuta a prevenire il sudore eccessivo e garantisce un viaggio confortevole per il [&hellip;]","og_url":"https:\/\/walkingmum.com\/it\/prodotto\/materassino-i-love-vichy-verde-cuadretti\/","og_site_name":"Walking Mum","og_image":[{"width":1200,"height":1200,"url":"https:\/\/walkingmum.com\/wp-content\/uploads\/2024\/02\/1120800316_a.jpg","type":"image\/jpeg"}],"twitter_card":"summary_large_image","twitter_misc":{"Tempo di lettura stimato":"1 minuto"},"schema":{"@context":"https:\/\/schema.org","@graph":[{"@type":"WebPage","@id":"https:\/\/walkingmum.com\/it\/prodotto\/materassino-i-love-vichy-verde-cuadretti\/","url":"https:\/\/walkingmum.com\/it\/prodotto\/materassino-i-love-vichy-verde-cuadretti\/","name":"MATERASSINO I LOVE VICHY VERDE CUADRETTI - Walking Mum","isPartOf":{"@id":"https:\/\/walkingmum.com\/#website"},"primaryImageOfPage":{"@id":"https:\/\/walkingmum.com\/it\/prodotto\/materassino-i-love-vichy-verde-cuadretti\/#primaryimage"},"image":{"@id":"https:\/\/walkingmum.com\/it\/prodotto\/materassino-i-love-vichy-verde-cuadretti\/#primaryimage"},"thumbnailUrl":"https:\/\/walkingmum.com\/wp-content\/uploads\/2024\/02\/1120800316_a.jpg","datePublished":"2024-02-28T14:53:00+00:00","breadcrumb":{"@id":"https:\/\/walkingmum.com\/it\/prodotto\/materassino-i-love-vichy-verde-cuadretti\/#breadcrumb"},"inLanguage":"it-IT","potentialAction":[{"@type":"ReadAction","target":["https:\/\/walkingmum.com\/it\/prodotto\/materassino-i-love-vichy-verde-cuadretti\/"]}]},{"@type":"ImageObject","inLanguage":"it-IT","@id":"https:\/\/walkingmum.com\/it\/prodotto\/materassino-i-love-vichy-verde-cuadretti\/#primaryimage","url":"https:\/\/walkingmum.com\/wp-content\/uploads\/2024\/02\/1120800316_a.jpg","contentUrl":"https:\/\/walkingmum.com\/wp-content\/uploads\/2024\/02\/1120800316_a.jpg","width":1200,"height":1200},{"@type":"BreadcrumbList","@id":"https:\/\/walkingmum.com\/it\/prodotto\/materassino-i-love-vichy-verde-cuadretti\/#breadcrumb","itemListElement":[{"@type":"ListItem","position":1,"name":"Portada","item":"https:\/\/walkingmum.com\/it\/"},{"@type":"ListItem","position":2,"name":"Tienda","item":"https:\/\/walkingmum.com\/tienda\/"},{"@type":"ListItem","position":3,"name":"MATERASSINO I LOVE VICHY VERDE CUADRETTI"}]},{"@type":"WebSite","@id":"https:\/\/walkingmum.com\/#website","url":"https:\/\/walkingmum.com\/","name":"Walking Mum","description":"La marca para beb\u00e9s modernos","potentialAction":[{"@type":"SearchAction","target":{"@type":"EntryPoint","urlTemplate":"https:\/\/walkingmum.com\/?s={search_term_string}"},"query-input":{"@type":"PropertyValueSpecification","valueRequired":true,"valueName":"search_term_string"}}],"inLanguage":"it-IT"}]}},"_links":{"self":[{"href":"https:\/\/walkingmum.com\/it\/wp-json\/wp\/v2\/product\/26233","targetHints":{"allow":["GET"]}}],"collection":[{"href":"https:\/\/walkingmum.com\/it\/wp-json\/wp\/v2\/product"}],"about":[{"href":"https:\/\/walkingmum.com\/it\/wp-json\/wp\/v2\/types\/product"}],"replies":[{"embeddable":true,"href":"https:\/\/walkingmum.com\/it\/wp-json\/wp\/v2\/comments?post=26233"}],"wp:featuredmedia":[{"embeddable":true,"href":"https:\/\/walkingmum.com\/it\/wp-json\/wp\/v2\/media\/25417"}],"wp:attachment":[{"href":"https:\/\/walkingmum.com\/it\/wp-json\/wp\/v2\/media?parent=26233"}],"wp:term":[{"taxonomy":"colecciones","embeddable":true,"href":"https:\/\/walkingmum.com\/it\/wp-json\/wp\/v2\/colecciones?post=26233"},{"taxonomy":"product_brand","embeddable":true,"href":"https:\/\/walkingmum.com\/it\/wp-json\/wp\/v2\/product_brand?post=26233"},{"taxonomy":"product_cat","embeddable":true,"href":"https:\/\/walkingmum.com\/it\/wp-json\/wp\/v2\/product_cat?post=26233"},{"taxonomy":"product_tag","embeddable":true,"href":"https:\/\/walkingmum.com\/it\/wp-json\/wp\/v2\/product_tag?post=26233"}],"curies":[{"name":"wp","href":"https:\/\/api.w.org\/{rel}","templated":true}]}}