{"id":26227,"date":"2024-02-28T15:02:40","date_gmt":"2024-02-28T15:02:40","guid":{"rendered":"https:\/\/walkingmum.com\/?post_type=product&#038;p=26227"},"modified":"2024-02-28T15:02:41","modified_gmt":"2024-02-28T15:02:41","slug":"sacco-nanna-sacco-gruppo-0-estate-indian-ash","status":"publish","type":"product","link":"https:\/\/walkingmum.com\/it\/prodotto\/sacco-nanna-sacco-gruppo-0-estate-indian-ash\/","title":{"rendered":"SACCO NANNA \/ SACCO GRUPPO 0 ESTATE INDIAN ASH"},"content":{"rendered":"<p>Copertina con sacco Indian Ash con tessuto stampato e morbida mussola bianca all&#8217;interno al 100% in cotone. \u00c8 ideale per la navicella e il marsupio per neonati. Dispone di diverse aperture (occhielli) e regolazioni per adattarsi alla maggior parte dei marsupi per neonati. Con questo sacco, il tuo bambino sar\u00e0 comodo durante i mesi primaverili e autunnali. Il retro presenta un materiale anti-sudore che previene la sudorazione eccessiva del bambino e protegge il seggiolino, rendendo il viaggio pi\u00f9 confortevole. Puoi spostarlo dalla carrozzina alla culla senza causare disagio o disturbare i suoi dolci sogni. Imbottitura removibile. Alta qualit\u00e0 e molto stile. Realizzato con materiali resistenti e facili da pulire a mano o in lavatrice a 30\u00b0C. Walking Mum protegge il tuo bambino utilizzando i migliori tessuti, privi di coloranti azoici e sostanze nocive. La nostra collezione Walking Mum mantiene tutta la qualit\u00e0 del marchio Pasito a Pasito ma con uno stile urbano e moderno distintivo che si distingue, aggiungendo un tocco unico alle uscite del tuo bambino. Gli accessori di questa linea sono pi\u00f9 sportivi e pratici, appositamente progettati per mamme e pap\u00e0 moderni che apprezzano le ultime tendenze senza compromettere la qualit\u00e0 e la funzionalit\u00e0 degli accessori che rendono pi\u00f9 confortevoli tutte le uscite con i loro bambini. Misure: 40 x 80 cm.<\/p>\n","protected":false},"excerpt":{"rendered":"<p>Copertina con sacco Indian Ash con tessuto stampato e morbida mussola bianca all&#8217;interno al 100% in cotone. \u00c8 ideale per la navicella e il marsupio per neonati. Dispone di diverse aperture (occhielli) e regolazioni per adattarsi alla maggior parte dei marsupi per neonati. Con questo sacco, il tuo bambino sar\u00e0 comodo durante i mesi primaverili [&hellip;]<\/p>\n","protected":false},"featured_media":25299,"comment_status":"closed","ping_status":"closed","template":"","meta":{"_acf_changed":false,"inline_featured_image":false},"colecciones":[],"product_brand":[],"product_cat":[269],"product_tag":[],"class_list":{"0":"post-26227","1":"product","2":"type-product","3":"status-publish","4":"has-post-thumbnail","6":"product_cat-special-prices-it","8":"first","9":"instock","10":"purchasable","11":"product-type-simple"},"acf":[],"yoast_head":"<!-- This site is optimized with the Yoast SEO plugin v27.3 - https:\/\/yoast.com\/product\/yoast-seo-wordpress\/ -->\n<title>SACCO NANNA \/ SACCO GRUPPO 0 ESTATE INDIAN ASH - Walking Mum<\/title>\n<meta name=\"robots\" content=\"index, follow, max-snippet:-1, max-image-preview:large, max-video-preview:-1\" \/>\n<link rel=\"canonical\" href=\"https:\/\/walkingmum.com\/it\/prodotto\/sacco-nanna-sacco-gruppo-0-estate-indian-ash\/\" \/>\n<meta property=\"og:locale\" content=\"it_IT\" \/>\n<meta property=\"og:type\" content=\"article\" \/>\n<meta property=\"og:title\" content=\"SACCO NANNA \/ SACCO GRUPPO 0 ESTATE INDIAN ASH - Walking Mum\" \/>\n<meta property=\"og:description\" content=\"Copertina con sacco Indian Ash con tessuto stampato e morbida mussola bianca all&#8217;interno al 100% in cotone. \u00c8 ideale per la navicella e il marsupio per neonati. Dispone di diverse aperture (occhielli) e regolazioni per adattarsi alla maggior parte dei marsupi per neonati. Con questo sacco, il tuo bambino sar\u00e0 comodo durante i mesi primaverili [&hellip;]\" \/>\n<meta property=\"og:url\" content=\"https:\/\/walkingmum.com\/it\/prodotto\/sacco-nanna-sacco-gruppo-0-estate-indian-ash\/\" \/>\n<meta property=\"og:site_name\" content=\"Walking Mum\" \/>\n<meta property=\"article:modified_time\" content=\"2024-02-28T15:02:41+00:00\" \/>\n<meta property=\"og:image\" content=\"https:\/\/walkingmum.com\/wp-content\/uploads\/2024\/02\/1120800253_a.jpg\" \/>\n\t<meta property=\"og:image:width\" content=\"1200\" \/>\n\t<meta property=\"og:image:height\" content=\"1200\" \/>\n\t<meta property=\"og:image:type\" content=\"image\/jpeg\" \/>\n<meta name=\"twitter:card\" content=\"summary_large_image\" \/>\n<meta name=\"twitter:label1\" content=\"Tempo di lettura stimato\" \/>\n\t<meta name=\"twitter:data1\" content=\"1 minuto\" \/>\n<script type=\"application\/ld+json\" class=\"yoast-schema-graph\">{\"@context\":\"https:\\\/\\\/schema.org\",\"@graph\":[{\"@type\":\"WebPage\",\"@id\":\"https:\\\/\\\/walkingmum.com\\\/it\\\/prodotto\\\/sacco-nanna-sacco-gruppo-0-estate-indian-ash\\\/\",\"url\":\"https:\\\/\\\/walkingmum.com\\\/it\\\/prodotto\\\/sacco-nanna-sacco-gruppo-0-estate-indian-ash\\\/\",\"name\":\"SACCO NANNA \\\/ SACCO GRUPPO 0 ESTATE INDIAN ASH - Walking Mum\",\"isPartOf\":{\"@id\":\"https:\\\/\\\/walkingmum.com\\\/#website\"},\"primaryImageOfPage\":{\"@id\":\"https:\\\/\\\/walkingmum.com\\\/it\\\/prodotto\\\/sacco-nanna-sacco-gruppo-0-estate-indian-ash\\\/#primaryimage\"},\"image\":{\"@id\":\"https:\\\/\\\/walkingmum.com\\\/it\\\/prodotto\\\/sacco-nanna-sacco-gruppo-0-estate-indian-ash\\\/#primaryimage\"},\"thumbnailUrl\":\"https:\\\/\\\/walkingmum.com\\\/wp-content\\\/uploads\\\/2024\\\/02\\\/1120800253_a.jpg\",\"datePublished\":\"2024-02-28T15:02:40+00:00\",\"dateModified\":\"2024-02-28T15:02:41+00:00\",\"breadcrumb\":{\"@id\":\"https:\\\/\\\/walkingmum.com\\\/it\\\/prodotto\\\/sacco-nanna-sacco-gruppo-0-estate-indian-ash\\\/#breadcrumb\"},\"inLanguage\":\"it-IT\",\"potentialAction\":[{\"@type\":\"ReadAction\",\"target\":[\"https:\\\/\\\/walkingmum.com\\\/it\\\/prodotto\\\/sacco-nanna-sacco-gruppo-0-estate-indian-ash\\\/\"]}]},{\"@type\":\"ImageObject\",\"inLanguage\":\"it-IT\",\"@id\":\"https:\\\/\\\/walkingmum.com\\\/it\\\/prodotto\\\/sacco-nanna-sacco-gruppo-0-estate-indian-ash\\\/#primaryimage\",\"url\":\"https:\\\/\\\/walkingmum.com\\\/wp-content\\\/uploads\\\/2024\\\/02\\\/1120800253_a.jpg\",\"contentUrl\":\"https:\\\/\\\/walkingmum.com\\\/wp-content\\\/uploads\\\/2024\\\/02\\\/1120800253_a.jpg\",\"width\":1200,\"height\":1200},{\"@type\":\"BreadcrumbList\",\"@id\":\"https:\\\/\\\/walkingmum.com\\\/it\\\/prodotto\\\/sacco-nanna-sacco-gruppo-0-estate-indian-ash\\\/#breadcrumb\",\"itemListElement\":[{\"@type\":\"ListItem\",\"position\":1,\"name\":\"Portada\",\"item\":\"https:\\\/\\\/walkingmum.com\\\/it\\\/\"},{\"@type\":\"ListItem\",\"position\":2,\"name\":\"Tienda\",\"item\":\"https:\\\/\\\/walkingmum.com\\\/tienda\\\/\"},{\"@type\":\"ListItem\",\"position\":3,\"name\":\"SACCO NANNA \\\/ SACCO GRUPPO 0 ESTATE INDIAN ASH\"}]},{\"@type\":\"WebSite\",\"@id\":\"https:\\\/\\\/walkingmum.com\\\/#website\",\"url\":\"https:\\\/\\\/walkingmum.com\\\/\",\"name\":\"Walking Mum\",\"description\":\"La marca para beb\u00e9s modernos\",\"potentialAction\":[{\"@type\":\"SearchAction\",\"target\":{\"@type\":\"EntryPoint\",\"urlTemplate\":\"https:\\\/\\\/walkingmum.com\\\/?s={search_term_string}\"},\"query-input\":{\"@type\":\"PropertyValueSpecification\",\"valueRequired\":true,\"valueName\":\"search_term_string\"}}],\"inLanguage\":\"it-IT\"}]}<\/script>\n<!-- \/ Yoast SEO plugin. -->","yoast_head_json":{"title":"SACCO NANNA \/ SACCO GRUPPO 0 ESTATE INDIAN ASH - Walking Mum","robots":{"index":"index","follow":"follow","max-snippet":"max-snippet:-1","max-image-preview":"max-image-preview:large","max-video-preview":"max-video-preview:-1"},"canonical":"https:\/\/walkingmum.com\/it\/prodotto\/sacco-nanna-sacco-gruppo-0-estate-indian-ash\/","og_locale":"it_IT","og_type":"article","og_title":"SACCO NANNA \/ SACCO GRUPPO 0 ESTATE INDIAN ASH - Walking Mum","og_description":"Copertina con sacco Indian Ash con tessuto stampato e morbida mussola bianca all&#8217;interno al 100% in cotone. \u00c8 ideale per la navicella e il marsupio per neonati. Dispone di diverse aperture (occhielli) e regolazioni per adattarsi alla maggior parte dei marsupi per neonati. Con questo sacco, il tuo bambino sar\u00e0 comodo durante i mesi primaverili [&hellip;]","og_url":"https:\/\/walkingmum.com\/it\/prodotto\/sacco-nanna-sacco-gruppo-0-estate-indian-ash\/","og_site_name":"Walking Mum","article_modified_time":"2024-02-28T15:02:41+00:00","og_image":[{"width":1200,"height":1200,"url":"https:\/\/walkingmum.com\/wp-content\/uploads\/2024\/02\/1120800253_a.jpg","type":"image\/jpeg"}],"twitter_card":"summary_large_image","twitter_misc":{"Tempo di lettura stimato":"1 minuto"},"schema":{"@context":"https:\/\/schema.org","@graph":[{"@type":"WebPage","@id":"https:\/\/walkingmum.com\/it\/prodotto\/sacco-nanna-sacco-gruppo-0-estate-indian-ash\/","url":"https:\/\/walkingmum.com\/it\/prodotto\/sacco-nanna-sacco-gruppo-0-estate-indian-ash\/","name":"SACCO NANNA \/ SACCO GRUPPO 0 ESTATE INDIAN ASH - Walking Mum","isPartOf":{"@id":"https:\/\/walkingmum.com\/#website"},"primaryImageOfPage":{"@id":"https:\/\/walkingmum.com\/it\/prodotto\/sacco-nanna-sacco-gruppo-0-estate-indian-ash\/#primaryimage"},"image":{"@id":"https:\/\/walkingmum.com\/it\/prodotto\/sacco-nanna-sacco-gruppo-0-estate-indian-ash\/#primaryimage"},"thumbnailUrl":"https:\/\/walkingmum.com\/wp-content\/uploads\/2024\/02\/1120800253_a.jpg","datePublished":"2024-02-28T15:02:40+00:00","dateModified":"2024-02-28T15:02:41+00:00","breadcrumb":{"@id":"https:\/\/walkingmum.com\/it\/prodotto\/sacco-nanna-sacco-gruppo-0-estate-indian-ash\/#breadcrumb"},"inLanguage":"it-IT","potentialAction":[{"@type":"ReadAction","target":["https:\/\/walkingmum.com\/it\/prodotto\/sacco-nanna-sacco-gruppo-0-estate-indian-ash\/"]}]},{"@type":"ImageObject","inLanguage":"it-IT","@id":"https:\/\/walkingmum.com\/it\/prodotto\/sacco-nanna-sacco-gruppo-0-estate-indian-ash\/#primaryimage","url":"https:\/\/walkingmum.com\/wp-content\/uploads\/2024\/02\/1120800253_a.jpg","contentUrl":"https:\/\/walkingmum.com\/wp-content\/uploads\/2024\/02\/1120800253_a.jpg","width":1200,"height":1200},{"@type":"BreadcrumbList","@id":"https:\/\/walkingmum.com\/it\/prodotto\/sacco-nanna-sacco-gruppo-0-estate-indian-ash\/#breadcrumb","itemListElement":[{"@type":"ListItem","position":1,"name":"Portada","item":"https:\/\/walkingmum.com\/it\/"},{"@type":"ListItem","position":2,"name":"Tienda","item":"https:\/\/walkingmum.com\/tienda\/"},{"@type":"ListItem","position":3,"name":"SACCO NANNA \/ SACCO GRUPPO 0 ESTATE INDIAN ASH"}]},{"@type":"WebSite","@id":"https:\/\/walkingmum.com\/#website","url":"https:\/\/walkingmum.com\/","name":"Walking Mum","description":"La marca para beb\u00e9s modernos","potentialAction":[{"@type":"SearchAction","target":{"@type":"EntryPoint","urlTemplate":"https:\/\/walkingmum.com\/?s={search_term_string}"},"query-input":{"@type":"PropertyValueSpecification","valueRequired":true,"valueName":"search_term_string"}}],"inLanguage":"it-IT"}]}},"_links":{"self":[{"href":"https:\/\/walkingmum.com\/it\/wp-json\/wp\/v2\/product\/26227","targetHints":{"allow":["GET"]}}],"collection":[{"href":"https:\/\/walkingmum.com\/it\/wp-json\/wp\/v2\/product"}],"about":[{"href":"https:\/\/walkingmum.com\/it\/wp-json\/wp\/v2\/types\/product"}],"replies":[{"embeddable":true,"href":"https:\/\/walkingmum.com\/it\/wp-json\/wp\/v2\/comments?post=26227"}],"wp:featuredmedia":[{"embeddable":true,"href":"https:\/\/walkingmum.com\/it\/wp-json\/wp\/v2\/media\/25299"}],"wp:attachment":[{"href":"https:\/\/walkingmum.com\/it\/wp-json\/wp\/v2\/media?parent=26227"}],"wp:term":[{"taxonomy":"colecciones","embeddable":true,"href":"https:\/\/walkingmum.com\/it\/wp-json\/wp\/v2\/colecciones?post=26227"},{"taxonomy":"product_brand","embeddable":true,"href":"https:\/\/walkingmum.com\/it\/wp-json\/wp\/v2\/product_brand?post=26227"},{"taxonomy":"product_cat","embeddable":true,"href":"https:\/\/walkingmum.com\/it\/wp-json\/wp\/v2\/product_cat?post=26227"},{"taxonomy":"product_tag","embeddable":true,"href":"https:\/\/walkingmum.com\/it\/wp-json\/wp\/v2\/product_tag?post=26227"}],"curies":[{"name":"wp","href":"https:\/\/api.w.org\/{rel}","templated":true}]}}