{"id":26210,"date":"2024-02-28T07:45:08","date_gmt":"2024-02-28T09:57:16","guid":{"rendered":"https:\/\/walkingmum.com\/?post_type=product&#038;p=26210"},"modified":"2024-03-12T15:51:13","modified_gmt":"2024-03-12T15:51:13","slug":"copripasseggino-estate-pois-poppy-cannella","status":"publish","type":"product","link":"https:\/\/walkingmum.com\/it\/prodotto\/copripasseggino-estate-pois-poppy-cannella\/","title":{"rendered":"COPRIPASSEGGINO ESTATE POIS POPPY CANNELLA"},"content":{"rendered":"<p>Il coprigambe per passeggino Poppy Cannella a pois \u00e8 realizzato con tessuto al 100% di cotone riciclato. \u00c8 l&#8217;ideale per proteggere la base del passeggino e viene fornito con un sacco per avvolgere il tuo bambino. Con questo sacco, il tuo bambino sar\u00e0 comodo durante i mesi primaverili e autunnali. Il retro \u00e8 realizzato in materiale anti-sudore che previene il sudore eccessivo del bambino. Imbottitura rimovibile. Il suo design ha diverse aperture (occhielli) e regolazioni che facilitano l&#8217;adattamento alla maggior parte dei passeggini, rendendo la passeggiata del tuo bambino sicura e confortevole. \u00c8 realizzato in materiale resistente e caldo. Ha una base in poliestere sul poggiapiedi che facilita la pulizia dopo l&#8217;uso. \u00c8 un design bello, semplice e confortevole che crea un nido per il tuo bambino, mantenendolo avvolto e protetto. Il sacco si adatta facilmente a qualsiasi passeggino e permette un riposo pi\u00f9 piacevole con la sua forma accogliente a nido. Ottima qualit\u00e0 e molto stile. Realizzato con materiali resistenti e facile da pulire a mano o in lavatrice a 30 \u00b0C. Walking Mum protegge il tuo bambino utilizzando i migliori tessuti, privi di coloranti azoici e sostanze nocive per la salute. La nostra collezione Walking Mum conserva tutta la qualit\u00e0 del marchio Pasito a Pasito ma con uno stile urbano e moderno particolare che non passa inosservato, per vestire in modo diverso durante le passeggiate con il tuo bambino. Gli accessori in questa linea sono pi\u00f9 sportivi e pratici, appositamente progettati per mamme e pap\u00e0 moderni che apprezzano i design pi\u00f9 attuali e alla moda senza trascurare la qualit\u00e0 e la funzionalit\u00e0 degli accessori che rendono tutte le passeggiate con i loro bambini pi\u00f9 confortevoli. Misure: 47 x 90 cm.<\/p>\n","protected":false},"excerpt":{"rendered":"<p>Il coprigambe per passeggino Poppy Cannella a pois \u00e8 realizzato con tessuto al 100% di cotone riciclato. \u00c8 l&#8217;ideale per proteggere la base del passeggino e viene fornito con un sacco per avvolgere il tuo bambino. Con questo sacco, il tuo bambino sar\u00e0 comodo durante i mesi primaverili e autunnali. Il retro \u00e8 realizzato in [&hellip;]<\/p>\n","protected":false},"featured_media":24958,"comment_status":"closed","ping_status":"open","template":"","meta":{"_acf_changed":false,"inline_featured_image":false},"colecciones":[351],"product_brand":[],"product_cat":[146],"product_tag":[],"class_list":{"0":"post-26210","1":"product","2":"type-product","3":"status-publish","4":"has-post-thumbnail","6":"colecciones-collezione-poppy","7":"product_cat-coprigambe-e-sacchi-per-seggiolini","9":"first","10":"instock","11":"purchasable","12":"product-type-simple"},"acf":[],"yoast_head":"<!-- This site is optimized with the Yoast SEO plugin v27.4 - https:\/\/yoast.com\/product\/yoast-seo-wordpress\/ -->\n<title>COPRIPASSEGGINO ESTATE POIS POPPY CANNELLA - Walking Mum<\/title>\n<meta name=\"robots\" content=\"index, follow, max-snippet:-1, max-image-preview:large, max-video-preview:-1\" \/>\n<link rel=\"canonical\" href=\"https:\/\/walkingmum.com\/it\/prodotto\/copripasseggino-estate-pois-poppy-cannella\/\" \/>\n<meta property=\"og:locale\" content=\"it_IT\" \/>\n<meta property=\"og:type\" content=\"article\" \/>\n<meta property=\"og:title\" content=\"COPRIPASSEGGINO ESTATE POIS POPPY CANNELLA - Walking Mum\" \/>\n<meta property=\"og:description\" content=\"Il coprigambe per passeggino Poppy Cannella a pois \u00e8 realizzato con tessuto al 100% di cotone riciclato. \u00c8 l&#8217;ideale per proteggere la base del passeggino e viene fornito con un sacco per avvolgere il tuo bambino. Con questo sacco, il tuo bambino sar\u00e0 comodo durante i mesi primaverili e autunnali. Il retro \u00e8 realizzato in [&hellip;]\" \/>\n<meta property=\"og:url\" content=\"https:\/\/walkingmum.com\/it\/prodotto\/copripasseggino-estate-pois-poppy-cannella\/\" \/>\n<meta property=\"og:site_name\" content=\"Walking Mum\" \/>\n<meta property=\"article:modified_time\" content=\"2024-03-12T15:51:13+00:00\" \/>\n<meta property=\"og:image\" content=\"https:\/\/walkingmum.com\/wp-content\/uploads\/2024\/02\/1120800355_a.jpg\" \/>\n\t<meta property=\"og:image:width\" content=\"1200\" \/>\n\t<meta property=\"og:image:height\" content=\"1200\" \/>\n\t<meta property=\"og:image:type\" content=\"image\/jpeg\" \/>\n<meta name=\"twitter:card\" content=\"summary_large_image\" \/>\n<meta name=\"twitter:label1\" content=\"Tempo di lettura stimato\" \/>\n\t<meta name=\"twitter:data1\" content=\"2 minuti\" \/>\n<script type=\"application\/ld+json\" class=\"yoast-schema-graph\">{\"@context\":\"https:\\\/\\\/schema.org\",\"@graph\":[{\"@type\":\"WebPage\",\"@id\":\"https:\\\/\\\/walkingmum.com\\\/it\\\/prodotto\\\/copripasseggino-estate-pois-poppy-cannella\\\/\",\"url\":\"https:\\\/\\\/walkingmum.com\\\/it\\\/prodotto\\\/copripasseggino-estate-pois-poppy-cannella\\\/\",\"name\":\"COPRIPASSEGGINO ESTATE POIS POPPY CANNELLA - Walking Mum\",\"isPartOf\":{\"@id\":\"https:\\\/\\\/walkingmum.com\\\/#website\"},\"primaryImageOfPage\":{\"@id\":\"https:\\\/\\\/walkingmum.com\\\/it\\\/prodotto\\\/copripasseggino-estate-pois-poppy-cannella\\\/#primaryimage\"},\"image\":{\"@id\":\"https:\\\/\\\/walkingmum.com\\\/it\\\/prodotto\\\/copripasseggino-estate-pois-poppy-cannella\\\/#primaryimage\"},\"thumbnailUrl\":\"https:\\\/\\\/walkingmum.com\\\/wp-content\\\/uploads\\\/2024\\\/02\\\/1120800355_a.jpg\",\"datePublished\":\"2024-02-28T09:57:16+00:00\",\"dateModified\":\"2024-03-12T15:51:13+00:00\",\"breadcrumb\":{\"@id\":\"https:\\\/\\\/walkingmum.com\\\/it\\\/prodotto\\\/copripasseggino-estate-pois-poppy-cannella\\\/#breadcrumb\"},\"inLanguage\":\"it-IT\",\"potentialAction\":[{\"@type\":\"ReadAction\",\"target\":[\"https:\\\/\\\/walkingmum.com\\\/it\\\/prodotto\\\/copripasseggino-estate-pois-poppy-cannella\\\/\"]}]},{\"@type\":\"ImageObject\",\"inLanguage\":\"it-IT\",\"@id\":\"https:\\\/\\\/walkingmum.com\\\/it\\\/prodotto\\\/copripasseggino-estate-pois-poppy-cannella\\\/#primaryimage\",\"url\":\"https:\\\/\\\/walkingmum.com\\\/wp-content\\\/uploads\\\/2024\\\/02\\\/1120800355_a.jpg\",\"contentUrl\":\"https:\\\/\\\/walkingmum.com\\\/wp-content\\\/uploads\\\/2024\\\/02\\\/1120800355_a.jpg\",\"width\":1200,\"height\":1200},{\"@type\":\"BreadcrumbList\",\"@id\":\"https:\\\/\\\/walkingmum.com\\\/it\\\/prodotto\\\/copripasseggino-estate-pois-poppy-cannella\\\/#breadcrumb\",\"itemListElement\":[{\"@type\":\"ListItem\",\"position\":1,\"name\":\"Portada\",\"item\":\"https:\\\/\\\/walkingmum.com\\\/it\\\/\"},{\"@type\":\"ListItem\",\"position\":2,\"name\":\"Tienda\",\"item\":\"https:\\\/\\\/walkingmum.com\\\/tienda\\\/\"},{\"@type\":\"ListItem\",\"position\":3,\"name\":\"COPRIPASSEGGINO ESTATE POIS POPPY CANNELLA\"}]},{\"@type\":\"WebSite\",\"@id\":\"https:\\\/\\\/walkingmum.com\\\/#website\",\"url\":\"https:\\\/\\\/walkingmum.com\\\/\",\"name\":\"Walking Mum\",\"description\":\"La marca para beb\u00e9s modernos\",\"potentialAction\":[{\"@type\":\"SearchAction\",\"target\":{\"@type\":\"EntryPoint\",\"urlTemplate\":\"https:\\\/\\\/walkingmum.com\\\/?s={search_term_string}\"},\"query-input\":{\"@type\":\"PropertyValueSpecification\",\"valueRequired\":true,\"valueName\":\"search_term_string\"}}],\"inLanguage\":\"it-IT\"}]}<\/script>\n<!-- \/ Yoast SEO plugin. -->","yoast_head_json":{"title":"COPRIPASSEGGINO ESTATE POIS POPPY CANNELLA - Walking Mum","robots":{"index":"index","follow":"follow","max-snippet":"max-snippet:-1","max-image-preview":"max-image-preview:large","max-video-preview":"max-video-preview:-1"},"canonical":"https:\/\/walkingmum.com\/it\/prodotto\/copripasseggino-estate-pois-poppy-cannella\/","og_locale":"it_IT","og_type":"article","og_title":"COPRIPASSEGGINO ESTATE POIS POPPY CANNELLA - Walking Mum","og_description":"Il coprigambe per passeggino Poppy Cannella a pois \u00e8 realizzato con tessuto al 100% di cotone riciclato. \u00c8 l&#8217;ideale per proteggere la base del passeggino e viene fornito con un sacco per avvolgere il tuo bambino. Con questo sacco, il tuo bambino sar\u00e0 comodo durante i mesi primaverili e autunnali. Il retro \u00e8 realizzato in [&hellip;]","og_url":"https:\/\/walkingmum.com\/it\/prodotto\/copripasseggino-estate-pois-poppy-cannella\/","og_site_name":"Walking Mum","article_modified_time":"2024-03-12T15:51:13+00:00","og_image":[{"width":1200,"height":1200,"url":"https:\/\/walkingmum.com\/wp-content\/uploads\/2024\/02\/1120800355_a.jpg","type":"image\/jpeg"}],"twitter_card":"summary_large_image","twitter_misc":{"Tempo di lettura stimato":"2 minuti"},"schema":{"@context":"https:\/\/schema.org","@graph":[{"@type":"WebPage","@id":"https:\/\/walkingmum.com\/it\/prodotto\/copripasseggino-estate-pois-poppy-cannella\/","url":"https:\/\/walkingmum.com\/it\/prodotto\/copripasseggino-estate-pois-poppy-cannella\/","name":"COPRIPASSEGGINO ESTATE POIS POPPY CANNELLA - Walking Mum","isPartOf":{"@id":"https:\/\/walkingmum.com\/#website"},"primaryImageOfPage":{"@id":"https:\/\/walkingmum.com\/it\/prodotto\/copripasseggino-estate-pois-poppy-cannella\/#primaryimage"},"image":{"@id":"https:\/\/walkingmum.com\/it\/prodotto\/copripasseggino-estate-pois-poppy-cannella\/#primaryimage"},"thumbnailUrl":"https:\/\/walkingmum.com\/wp-content\/uploads\/2024\/02\/1120800355_a.jpg","datePublished":"2024-02-28T09:57:16+00:00","dateModified":"2024-03-12T15:51:13+00:00","breadcrumb":{"@id":"https:\/\/walkingmum.com\/it\/prodotto\/copripasseggino-estate-pois-poppy-cannella\/#breadcrumb"},"inLanguage":"it-IT","potentialAction":[{"@type":"ReadAction","target":["https:\/\/walkingmum.com\/it\/prodotto\/copripasseggino-estate-pois-poppy-cannella\/"]}]},{"@type":"ImageObject","inLanguage":"it-IT","@id":"https:\/\/walkingmum.com\/it\/prodotto\/copripasseggino-estate-pois-poppy-cannella\/#primaryimage","url":"https:\/\/walkingmum.com\/wp-content\/uploads\/2024\/02\/1120800355_a.jpg","contentUrl":"https:\/\/walkingmum.com\/wp-content\/uploads\/2024\/02\/1120800355_a.jpg","width":1200,"height":1200},{"@type":"BreadcrumbList","@id":"https:\/\/walkingmum.com\/it\/prodotto\/copripasseggino-estate-pois-poppy-cannella\/#breadcrumb","itemListElement":[{"@type":"ListItem","position":1,"name":"Portada","item":"https:\/\/walkingmum.com\/it\/"},{"@type":"ListItem","position":2,"name":"Tienda","item":"https:\/\/walkingmum.com\/tienda\/"},{"@type":"ListItem","position":3,"name":"COPRIPASSEGGINO ESTATE POIS POPPY CANNELLA"}]},{"@type":"WebSite","@id":"https:\/\/walkingmum.com\/#website","url":"https:\/\/walkingmum.com\/","name":"Walking Mum","description":"La marca para beb\u00e9s modernos","potentialAction":[{"@type":"SearchAction","target":{"@type":"EntryPoint","urlTemplate":"https:\/\/walkingmum.com\/?s={search_term_string}"},"query-input":{"@type":"PropertyValueSpecification","valueRequired":true,"valueName":"search_term_string"}}],"inLanguage":"it-IT"}]}},"_links":{"self":[{"href":"https:\/\/walkingmum.com\/it\/wp-json\/wp\/v2\/product\/26210","targetHints":{"allow":["GET"]}}],"collection":[{"href":"https:\/\/walkingmum.com\/it\/wp-json\/wp\/v2\/product"}],"about":[{"href":"https:\/\/walkingmum.com\/it\/wp-json\/wp\/v2\/types\/product"}],"replies":[{"embeddable":true,"href":"https:\/\/walkingmum.com\/it\/wp-json\/wp\/v2\/comments?post=26210"}],"wp:featuredmedia":[{"embeddable":true,"href":"https:\/\/walkingmum.com\/it\/wp-json\/wp\/v2\/media\/24958"}],"wp:attachment":[{"href":"https:\/\/walkingmum.com\/it\/wp-json\/wp\/v2\/media?parent=26210"}],"wp:term":[{"taxonomy":"colecciones","embeddable":true,"href":"https:\/\/walkingmum.com\/it\/wp-json\/wp\/v2\/colecciones?post=26210"},{"taxonomy":"product_brand","embeddable":true,"href":"https:\/\/walkingmum.com\/it\/wp-json\/wp\/v2\/product_brand?post=26210"},{"taxonomy":"product_cat","embeddable":true,"href":"https:\/\/walkingmum.com\/it\/wp-json\/wp\/v2\/product_cat?post=26210"},{"taxonomy":"product_tag","embeddable":true,"href":"https:\/\/walkingmum.com\/it\/wp-json\/wp\/v2\/product_tag?post=26210"}],"curies":[{"name":"wp","href":"https:\/\/api.w.org\/{rel}","templated":true}]}}