{"id":26196,"date":"2024-02-28T07:45:01","date_gmt":"2024-02-28T09:57:10","guid":{"rendered":"https:\/\/walkingmum.com\/?post_type=product&#038;p=26196"},"modified":"2024-02-28T10:00:01","modified_gmt":"2024-02-28T10:00:01","slug":"beauty-cuori-poppy-cannella","status":"publish","type":"product","link":"https:\/\/walkingmum.com\/it\/prodotto\/beauty-cuori-poppy-cannella\/","title":{"rendered":"BEAUTY CUORI POPPY CANNELLA"},"content":{"rendered":"<p>La borsa portaoggetti per l&#8217;igiene del bambino Poppy Cannella a cuori \u00e8 una borsa appositamente progettata per trasportare tutti i prodotti per l&#8217;igiene della nostra bambina o del nostro bambino quando si esce di casa. Si tratta di un modello diverso e moderno con molto stile per soddisfare le tue esigenze. Il suo design rettangolare semplice e confortevole offre praticit\u00e0 grazie alla sua distribuzione con scomparti multipli per trasportare tutti i prodotti per l&#8217;igiene del tuo bambino che, essendo cos\u00ec piccoli, a volte si perdono all&#8217;interno del fasciatoio, e qui puoi averli tutti organizzati e sempre a portata di mano. Ha delle maniglie posizionate sulla parte superiore per trasportare la borsa e dispone di una chiusura con zip sicura per evitare che nulla cada fuori. Ottima qualit\u00e0 e molto stile. Realizzata in materiale resistente e facile da pulire a mano o in lavatrice a 30 \u00b0C. Walking Mum protegge il tuo bambino utilizzando i migliori tessuti, privi di coloranti azoici e sostanze nocive per la salute. La nostra collezione Walking Mum mantiene tutta la qualit\u00e0 del marchio Pasito a Pasito, ma con uno stile urbano e moderno distintivo che non passa inosservato, per vestirti in modo diverso durante le passeggiate con il tuo bambino. Gli accessori in questa linea sono pi\u00f9 sportivi e pratici, appositamente progettati per mamme moderne che apprezzano i design pi\u00f9 attuali e alla moda senza trascurare la qualit\u00e0 e la funzionalit\u00e0 degli accessori che rendono tutte le passeggiate con i loro bambini pi\u00f9 confortevoli. Specifiche: Materiali: 100% cotone rivestito. Dimensioni: 27X19X11 cm.<\/p>\n","protected":false},"excerpt":{"rendered":"<p>La borsa portaoggetti per l&#8217;igiene del bambino Poppy Cannella a cuori \u00e8 una borsa appositamente progettata per trasportare tutti i prodotti per l&#8217;igiene della nostra bambina o del nostro bambino quando si esce di casa. Si tratta di un modello diverso e moderno con molto stile per soddisfare le tue esigenze. Il suo design rettangolare [&hellip;]<\/p>\n","protected":false},"featured_media":24660,"comment_status":"closed","ping_status":"open","template":"","meta":{"_acf_changed":false,"inline_featured_image":false},"colecciones":[351],"product_brand":[],"product_cat":[137],"product_tag":[],"class_list":{"0":"post-26196","1":"product","2":"type-product","3":"status-publish","4":"has-post-thumbnail","6":"colecciones-collezione-poppy","7":"product_cat-accessori","9":"first","10":"instock","11":"purchasable","12":"product-type-simple"},"acf":[],"yoast_head":"<!-- This site is optimized with the Yoast SEO plugin v27.3 - https:\/\/yoast.com\/product\/yoast-seo-wordpress\/ -->\n<title>BEAUTY CUORI POPPY CANNELLA - Walking Mum<\/title>\n<meta name=\"robots\" content=\"index, follow, max-snippet:-1, max-image-preview:large, max-video-preview:-1\" \/>\n<link rel=\"canonical\" href=\"https:\/\/walkingmum.com\/it\/prodotto\/beauty-cuori-poppy-cannella\/\" \/>\n<meta property=\"og:locale\" content=\"it_IT\" \/>\n<meta property=\"og:type\" content=\"article\" \/>\n<meta property=\"og:title\" content=\"BEAUTY CUORI POPPY CANNELLA - Walking Mum\" \/>\n<meta property=\"og:description\" content=\"La borsa portaoggetti per l&#8217;igiene del bambino Poppy Cannella a cuori \u00e8 una borsa appositamente progettata per trasportare tutti i prodotti per l&#8217;igiene della nostra bambina o del nostro bambino quando si esce di casa. Si tratta di un modello diverso e moderno con molto stile per soddisfare le tue esigenze. Il suo design rettangolare [&hellip;]\" \/>\n<meta property=\"og:url\" content=\"https:\/\/walkingmum.com\/it\/prodotto\/beauty-cuori-poppy-cannella\/\" \/>\n<meta property=\"og:site_name\" content=\"Walking Mum\" \/>\n<meta property=\"article:modified_time\" content=\"2024-02-28T10:00:01+00:00\" \/>\n<meta property=\"og:image\" content=\"https:\/\/walkingmum.com\/wp-content\/uploads\/2024\/02\/1120800337_a.jpg\" \/>\n\t<meta property=\"og:image:width\" content=\"1200\" \/>\n\t<meta property=\"og:image:height\" content=\"1200\" \/>\n\t<meta property=\"og:image:type\" content=\"image\/jpeg\" \/>\n<meta name=\"twitter:card\" content=\"summary_large_image\" \/>\n<meta name=\"twitter:label1\" content=\"Tempo di lettura stimato\" \/>\n\t<meta name=\"twitter:data1\" content=\"1 minuto\" \/>\n<script type=\"application\/ld+json\" class=\"yoast-schema-graph\">{\"@context\":\"https:\\\/\\\/schema.org\",\"@graph\":[{\"@type\":\"WebPage\",\"@id\":\"https:\\\/\\\/walkingmum.com\\\/it\\\/prodotto\\\/beauty-cuori-poppy-cannella\\\/\",\"url\":\"https:\\\/\\\/walkingmum.com\\\/it\\\/prodotto\\\/beauty-cuori-poppy-cannella\\\/\",\"name\":\"BEAUTY CUORI POPPY CANNELLA - Walking Mum\",\"isPartOf\":{\"@id\":\"https:\\\/\\\/walkingmum.com\\\/#website\"},\"primaryImageOfPage\":{\"@id\":\"https:\\\/\\\/walkingmum.com\\\/it\\\/prodotto\\\/beauty-cuori-poppy-cannella\\\/#primaryimage\"},\"image\":{\"@id\":\"https:\\\/\\\/walkingmum.com\\\/it\\\/prodotto\\\/beauty-cuori-poppy-cannella\\\/#primaryimage\"},\"thumbnailUrl\":\"https:\\\/\\\/walkingmum.com\\\/wp-content\\\/uploads\\\/2024\\\/02\\\/1120800337_a.jpg\",\"datePublished\":\"2024-02-28T09:57:10+00:00\",\"dateModified\":\"2024-02-28T10:00:01+00:00\",\"breadcrumb\":{\"@id\":\"https:\\\/\\\/walkingmum.com\\\/it\\\/prodotto\\\/beauty-cuori-poppy-cannella\\\/#breadcrumb\"},\"inLanguage\":\"it-IT\",\"potentialAction\":[{\"@type\":\"ReadAction\",\"target\":[\"https:\\\/\\\/walkingmum.com\\\/it\\\/prodotto\\\/beauty-cuori-poppy-cannella\\\/\"]}]},{\"@type\":\"ImageObject\",\"inLanguage\":\"it-IT\",\"@id\":\"https:\\\/\\\/walkingmum.com\\\/it\\\/prodotto\\\/beauty-cuori-poppy-cannella\\\/#primaryimage\",\"url\":\"https:\\\/\\\/walkingmum.com\\\/wp-content\\\/uploads\\\/2024\\\/02\\\/1120800337_a.jpg\",\"contentUrl\":\"https:\\\/\\\/walkingmum.com\\\/wp-content\\\/uploads\\\/2024\\\/02\\\/1120800337_a.jpg\",\"width\":1200,\"height\":1200},{\"@type\":\"BreadcrumbList\",\"@id\":\"https:\\\/\\\/walkingmum.com\\\/it\\\/prodotto\\\/beauty-cuori-poppy-cannella\\\/#breadcrumb\",\"itemListElement\":[{\"@type\":\"ListItem\",\"position\":1,\"name\":\"Portada\",\"item\":\"https:\\\/\\\/walkingmum.com\\\/it\\\/\"},{\"@type\":\"ListItem\",\"position\":2,\"name\":\"Tienda\",\"item\":\"https:\\\/\\\/walkingmum.com\\\/tienda\\\/\"},{\"@type\":\"ListItem\",\"position\":3,\"name\":\"BEAUTY CUORI POPPY CANNELLA\"}]},{\"@type\":\"WebSite\",\"@id\":\"https:\\\/\\\/walkingmum.com\\\/#website\",\"url\":\"https:\\\/\\\/walkingmum.com\\\/\",\"name\":\"Walking Mum\",\"description\":\"La marca para beb\u00e9s modernos\",\"potentialAction\":[{\"@type\":\"SearchAction\",\"target\":{\"@type\":\"EntryPoint\",\"urlTemplate\":\"https:\\\/\\\/walkingmum.com\\\/?s={search_term_string}\"},\"query-input\":{\"@type\":\"PropertyValueSpecification\",\"valueRequired\":true,\"valueName\":\"search_term_string\"}}],\"inLanguage\":\"it-IT\"}]}<\/script>\n<!-- \/ Yoast SEO plugin. -->","yoast_head_json":{"title":"BEAUTY CUORI POPPY CANNELLA - Walking Mum","robots":{"index":"index","follow":"follow","max-snippet":"max-snippet:-1","max-image-preview":"max-image-preview:large","max-video-preview":"max-video-preview:-1"},"canonical":"https:\/\/walkingmum.com\/it\/prodotto\/beauty-cuori-poppy-cannella\/","og_locale":"it_IT","og_type":"article","og_title":"BEAUTY CUORI POPPY CANNELLA - Walking Mum","og_description":"La borsa portaoggetti per l&#8217;igiene del bambino Poppy Cannella a cuori \u00e8 una borsa appositamente progettata per trasportare tutti i prodotti per l&#8217;igiene della nostra bambina o del nostro bambino quando si esce di casa. Si tratta di un modello diverso e moderno con molto stile per soddisfare le tue esigenze. Il suo design rettangolare [&hellip;]","og_url":"https:\/\/walkingmum.com\/it\/prodotto\/beauty-cuori-poppy-cannella\/","og_site_name":"Walking Mum","article_modified_time":"2024-02-28T10:00:01+00:00","og_image":[{"width":1200,"height":1200,"url":"https:\/\/walkingmum.com\/wp-content\/uploads\/2024\/02\/1120800337_a.jpg","type":"image\/jpeg"}],"twitter_card":"summary_large_image","twitter_misc":{"Tempo di lettura stimato":"1 minuto"},"schema":{"@context":"https:\/\/schema.org","@graph":[{"@type":"WebPage","@id":"https:\/\/walkingmum.com\/it\/prodotto\/beauty-cuori-poppy-cannella\/","url":"https:\/\/walkingmum.com\/it\/prodotto\/beauty-cuori-poppy-cannella\/","name":"BEAUTY CUORI POPPY CANNELLA - Walking Mum","isPartOf":{"@id":"https:\/\/walkingmum.com\/#website"},"primaryImageOfPage":{"@id":"https:\/\/walkingmum.com\/it\/prodotto\/beauty-cuori-poppy-cannella\/#primaryimage"},"image":{"@id":"https:\/\/walkingmum.com\/it\/prodotto\/beauty-cuori-poppy-cannella\/#primaryimage"},"thumbnailUrl":"https:\/\/walkingmum.com\/wp-content\/uploads\/2024\/02\/1120800337_a.jpg","datePublished":"2024-02-28T09:57:10+00:00","dateModified":"2024-02-28T10:00:01+00:00","breadcrumb":{"@id":"https:\/\/walkingmum.com\/it\/prodotto\/beauty-cuori-poppy-cannella\/#breadcrumb"},"inLanguage":"it-IT","potentialAction":[{"@type":"ReadAction","target":["https:\/\/walkingmum.com\/it\/prodotto\/beauty-cuori-poppy-cannella\/"]}]},{"@type":"ImageObject","inLanguage":"it-IT","@id":"https:\/\/walkingmum.com\/it\/prodotto\/beauty-cuori-poppy-cannella\/#primaryimage","url":"https:\/\/walkingmum.com\/wp-content\/uploads\/2024\/02\/1120800337_a.jpg","contentUrl":"https:\/\/walkingmum.com\/wp-content\/uploads\/2024\/02\/1120800337_a.jpg","width":1200,"height":1200},{"@type":"BreadcrumbList","@id":"https:\/\/walkingmum.com\/it\/prodotto\/beauty-cuori-poppy-cannella\/#breadcrumb","itemListElement":[{"@type":"ListItem","position":1,"name":"Portada","item":"https:\/\/walkingmum.com\/it\/"},{"@type":"ListItem","position":2,"name":"Tienda","item":"https:\/\/walkingmum.com\/tienda\/"},{"@type":"ListItem","position":3,"name":"BEAUTY CUORI POPPY CANNELLA"}]},{"@type":"WebSite","@id":"https:\/\/walkingmum.com\/#website","url":"https:\/\/walkingmum.com\/","name":"Walking Mum","description":"La marca para beb\u00e9s modernos","potentialAction":[{"@type":"SearchAction","target":{"@type":"EntryPoint","urlTemplate":"https:\/\/walkingmum.com\/?s={search_term_string}"},"query-input":{"@type":"PropertyValueSpecification","valueRequired":true,"valueName":"search_term_string"}}],"inLanguage":"it-IT"}]}},"_links":{"self":[{"href":"https:\/\/walkingmum.com\/it\/wp-json\/wp\/v2\/product\/26196","targetHints":{"allow":["GET"]}}],"collection":[{"href":"https:\/\/walkingmum.com\/it\/wp-json\/wp\/v2\/product"}],"about":[{"href":"https:\/\/walkingmum.com\/it\/wp-json\/wp\/v2\/types\/product"}],"replies":[{"embeddable":true,"href":"https:\/\/walkingmum.com\/it\/wp-json\/wp\/v2\/comments?post=26196"}],"wp:featuredmedia":[{"embeddable":true,"href":"https:\/\/walkingmum.com\/it\/wp-json\/wp\/v2\/media\/24660"}],"wp:attachment":[{"href":"https:\/\/walkingmum.com\/it\/wp-json\/wp\/v2\/media?parent=26196"}],"wp:term":[{"taxonomy":"colecciones","embeddable":true,"href":"https:\/\/walkingmum.com\/it\/wp-json\/wp\/v2\/colecciones?post=26196"},{"taxonomy":"product_brand","embeddable":true,"href":"https:\/\/walkingmum.com\/it\/wp-json\/wp\/v2\/product_brand?post=26196"},{"taxonomy":"product_cat","embeddable":true,"href":"https:\/\/walkingmum.com\/it\/wp-json\/wp\/v2\/product_cat?post=26196"},{"taxonomy":"product_tag","embeddable":true,"href":"https:\/\/walkingmum.com\/it\/wp-json\/wp\/v2\/product_tag?post=26196"}],"curies":[{"name":"wp","href":"https:\/\/api.w.org\/{rel}","templated":true}]}}