{"id":26190,"date":"2024-02-28T07:44:58","date_gmt":"2024-02-28T09:57:08","guid":{"rendered":"https:\/\/walkingmum.com\/?post_type=product&#038;p=26190"},"modified":"2024-02-28T10:00:05","modified_gmt":"2024-02-28T10:00:05","slug":"fasciatoio-pois-poppy-cannella","status":"publish","type":"product","link":"https:\/\/walkingmum.com\/it\/prodotto\/fasciatoio-pois-poppy-cannella\/","title":{"rendered":"FASCIATOIO POIS POPPY CANNELLA"},"content":{"rendered":"<p>Il tappetino per il cambio di Poppy Cannella a pois \u00e8 un modello molto confortevole, pratico e facile da trasportare. \u00c8 un motivo appositamente progettato per l&#8217;uso quando devi cambiare il tuo bambino ed \u00e8 pieghevole per un trasporto facile ovunque. Si tratta di un design informale, elegante e funzionale presentato in un formato pieghevole per renderlo completamente portatile senza occupare troppo spazio in qualsiasi borsa dove lo conservi. Dispone di cinghie di presa che lo mantengono chiuso per ridurne le dimensioni e consentirti di portarlo dentro la borsa per maternit\u00e0. Il tappetino per il cambio del bambino ha un rivestimento interno imbottito e impermeabile per renderlo pi\u00f9 facile da pulire in superficie una volta finito di usarlo e evitare cos\u00ec che gli odori si accumulino all&#8217;interno. Ottima qualit\u00e0 e molto stile. Realizzato in materiale resistente e facile da pulire. Walking Mum protegge il tuo bambino utilizzando i migliori tessuti, privi di coloranti azoici e sostanze nocive per la salute. La nostra collezione Walking Mum mantiene tutta la qualit\u00e0 del marchio Pasito a Pasito, ma con uno stile urbano e moderno distintivo che non passa inosservato, per vestirti in modo diverso durante le passeggiate con il tuo bambino. Gli accessori per la maternit\u00e0 in questa linea sono pi\u00f9 sportivi e pratici, appositamente progettati per mamme e pap\u00e0 moderni che apprezzano i design pi\u00f9 attuali e alla moda senza trascurare la qualit\u00e0 e la funzionalit\u00e0 degli accessori che rendono tutte le passeggiate con i loro bambini pi\u00f9 confortevoli. Specifiche: Materiali: 100% cotone rivestito. Dimensioni: 33X66X1 cm.<\/p>\n","protected":false},"excerpt":{"rendered":"<p>Il tappetino per il cambio di Poppy Cannella a pois \u00e8 un modello molto confortevole, pratico e facile da trasportare. \u00c8 un motivo appositamente progettato per l&#8217;uso quando devi cambiare il tuo bambino ed \u00e8 pieghevole per un trasporto facile ovunque. Si tratta di un design informale, elegante e funzionale presentato in un formato pieghevole [&hellip;]<\/p>\n","protected":false},"featured_media":24538,"comment_status":"closed","ping_status":"open","template":"","meta":{"_acf_changed":false,"inline_featured_image":false},"colecciones":[351],"product_brand":[],"product_cat":[137],"product_tag":[],"class_list":{"0":"post-26190","1":"product","2":"type-product","3":"status-publish","4":"has-post-thumbnail","6":"colecciones-collezione-poppy","7":"product_cat-accessori","9":"first","10":"instock","11":"purchasable","12":"product-type-simple"},"acf":[],"yoast_head":"<!-- This site is optimized with the Yoast SEO plugin v27.4 - https:\/\/yoast.com\/product\/yoast-seo-wordpress\/ -->\n<title>FASCIATOIO POIS POPPY CANNELLA - Walking Mum<\/title>\n<meta name=\"robots\" content=\"index, follow, max-snippet:-1, max-image-preview:large, max-video-preview:-1\" \/>\n<link rel=\"canonical\" href=\"https:\/\/walkingmum.com\/it\/prodotto\/fasciatoio-pois-poppy-cannella\/\" \/>\n<meta property=\"og:locale\" content=\"it_IT\" \/>\n<meta property=\"og:type\" content=\"article\" \/>\n<meta property=\"og:title\" content=\"FASCIATOIO POIS POPPY CANNELLA - Walking Mum\" \/>\n<meta property=\"og:description\" content=\"Il tappetino per il cambio di Poppy Cannella a pois \u00e8 un modello molto confortevole, pratico e facile da trasportare. \u00c8 un motivo appositamente progettato per l&#8217;uso quando devi cambiare il tuo bambino ed \u00e8 pieghevole per un trasporto facile ovunque. Si tratta di un design informale, elegante e funzionale presentato in un formato pieghevole [&hellip;]\" \/>\n<meta property=\"og:url\" content=\"https:\/\/walkingmum.com\/it\/prodotto\/fasciatoio-pois-poppy-cannella\/\" \/>\n<meta property=\"og:site_name\" content=\"Walking Mum\" \/>\n<meta property=\"article:modified_time\" content=\"2024-02-28T10:00:05+00:00\" \/>\n<meta property=\"og:image\" content=\"https:\/\/walkingmum.com\/wp-content\/uploads\/2024\/02\/1120800331_a.jpg\" \/>\n\t<meta property=\"og:image:width\" content=\"1200\" \/>\n\t<meta property=\"og:image:height\" content=\"1200\" \/>\n\t<meta property=\"og:image:type\" content=\"image\/jpeg\" \/>\n<meta name=\"twitter:card\" content=\"summary_large_image\" \/>\n<meta name=\"twitter:label1\" content=\"Tempo di lettura stimato\" \/>\n\t<meta name=\"twitter:data1\" content=\"1 minuto\" \/>\n<script type=\"application\/ld+json\" class=\"yoast-schema-graph\">{\"@context\":\"https:\\\/\\\/schema.org\",\"@graph\":[{\"@type\":\"WebPage\",\"@id\":\"https:\\\/\\\/walkingmum.com\\\/it\\\/prodotto\\\/fasciatoio-pois-poppy-cannella\\\/\",\"url\":\"https:\\\/\\\/walkingmum.com\\\/it\\\/prodotto\\\/fasciatoio-pois-poppy-cannella\\\/\",\"name\":\"FASCIATOIO POIS POPPY CANNELLA - Walking Mum\",\"isPartOf\":{\"@id\":\"https:\\\/\\\/walkingmum.com\\\/#website\"},\"primaryImageOfPage\":{\"@id\":\"https:\\\/\\\/walkingmum.com\\\/it\\\/prodotto\\\/fasciatoio-pois-poppy-cannella\\\/#primaryimage\"},\"image\":{\"@id\":\"https:\\\/\\\/walkingmum.com\\\/it\\\/prodotto\\\/fasciatoio-pois-poppy-cannella\\\/#primaryimage\"},\"thumbnailUrl\":\"https:\\\/\\\/walkingmum.com\\\/wp-content\\\/uploads\\\/2024\\\/02\\\/1120800331_a.jpg\",\"datePublished\":\"2024-02-28T09:57:08+00:00\",\"dateModified\":\"2024-02-28T10:00:05+00:00\",\"breadcrumb\":{\"@id\":\"https:\\\/\\\/walkingmum.com\\\/it\\\/prodotto\\\/fasciatoio-pois-poppy-cannella\\\/#breadcrumb\"},\"inLanguage\":\"it-IT\",\"potentialAction\":[{\"@type\":\"ReadAction\",\"target\":[\"https:\\\/\\\/walkingmum.com\\\/it\\\/prodotto\\\/fasciatoio-pois-poppy-cannella\\\/\"]}]},{\"@type\":\"ImageObject\",\"inLanguage\":\"it-IT\",\"@id\":\"https:\\\/\\\/walkingmum.com\\\/it\\\/prodotto\\\/fasciatoio-pois-poppy-cannella\\\/#primaryimage\",\"url\":\"https:\\\/\\\/walkingmum.com\\\/wp-content\\\/uploads\\\/2024\\\/02\\\/1120800331_a.jpg\",\"contentUrl\":\"https:\\\/\\\/walkingmum.com\\\/wp-content\\\/uploads\\\/2024\\\/02\\\/1120800331_a.jpg\",\"width\":1200,\"height\":1200},{\"@type\":\"BreadcrumbList\",\"@id\":\"https:\\\/\\\/walkingmum.com\\\/it\\\/prodotto\\\/fasciatoio-pois-poppy-cannella\\\/#breadcrumb\",\"itemListElement\":[{\"@type\":\"ListItem\",\"position\":1,\"name\":\"Portada\",\"item\":\"https:\\\/\\\/walkingmum.com\\\/it\\\/\"},{\"@type\":\"ListItem\",\"position\":2,\"name\":\"Tienda\",\"item\":\"https:\\\/\\\/walkingmum.com\\\/tienda\\\/\"},{\"@type\":\"ListItem\",\"position\":3,\"name\":\"FASCIATOIO POIS POPPY CANNELLA\"}]},{\"@type\":\"WebSite\",\"@id\":\"https:\\\/\\\/walkingmum.com\\\/#website\",\"url\":\"https:\\\/\\\/walkingmum.com\\\/\",\"name\":\"Walking Mum\",\"description\":\"La marca para beb\u00e9s modernos\",\"potentialAction\":[{\"@type\":\"SearchAction\",\"target\":{\"@type\":\"EntryPoint\",\"urlTemplate\":\"https:\\\/\\\/walkingmum.com\\\/?s={search_term_string}\"},\"query-input\":{\"@type\":\"PropertyValueSpecification\",\"valueRequired\":true,\"valueName\":\"search_term_string\"}}],\"inLanguage\":\"it-IT\"}]}<\/script>\n<!-- \/ Yoast SEO plugin. -->","yoast_head_json":{"title":"FASCIATOIO POIS POPPY CANNELLA - Walking Mum","robots":{"index":"index","follow":"follow","max-snippet":"max-snippet:-1","max-image-preview":"max-image-preview:large","max-video-preview":"max-video-preview:-1"},"canonical":"https:\/\/walkingmum.com\/it\/prodotto\/fasciatoio-pois-poppy-cannella\/","og_locale":"it_IT","og_type":"article","og_title":"FASCIATOIO POIS POPPY CANNELLA - Walking Mum","og_description":"Il tappetino per il cambio di Poppy Cannella a pois \u00e8 un modello molto confortevole, pratico e facile da trasportare. \u00c8 un motivo appositamente progettato per l&#8217;uso quando devi cambiare il tuo bambino ed \u00e8 pieghevole per un trasporto facile ovunque. Si tratta di un design informale, elegante e funzionale presentato in un formato pieghevole [&hellip;]","og_url":"https:\/\/walkingmum.com\/it\/prodotto\/fasciatoio-pois-poppy-cannella\/","og_site_name":"Walking Mum","article_modified_time":"2024-02-28T10:00:05+00:00","og_image":[{"width":1200,"height":1200,"url":"https:\/\/walkingmum.com\/wp-content\/uploads\/2024\/02\/1120800331_a.jpg","type":"image\/jpeg"}],"twitter_card":"summary_large_image","twitter_misc":{"Tempo di lettura stimato":"1 minuto"},"schema":{"@context":"https:\/\/schema.org","@graph":[{"@type":"WebPage","@id":"https:\/\/walkingmum.com\/it\/prodotto\/fasciatoio-pois-poppy-cannella\/","url":"https:\/\/walkingmum.com\/it\/prodotto\/fasciatoio-pois-poppy-cannella\/","name":"FASCIATOIO POIS POPPY CANNELLA - Walking Mum","isPartOf":{"@id":"https:\/\/walkingmum.com\/#website"},"primaryImageOfPage":{"@id":"https:\/\/walkingmum.com\/it\/prodotto\/fasciatoio-pois-poppy-cannella\/#primaryimage"},"image":{"@id":"https:\/\/walkingmum.com\/it\/prodotto\/fasciatoio-pois-poppy-cannella\/#primaryimage"},"thumbnailUrl":"https:\/\/walkingmum.com\/wp-content\/uploads\/2024\/02\/1120800331_a.jpg","datePublished":"2024-02-28T09:57:08+00:00","dateModified":"2024-02-28T10:00:05+00:00","breadcrumb":{"@id":"https:\/\/walkingmum.com\/it\/prodotto\/fasciatoio-pois-poppy-cannella\/#breadcrumb"},"inLanguage":"it-IT","potentialAction":[{"@type":"ReadAction","target":["https:\/\/walkingmum.com\/it\/prodotto\/fasciatoio-pois-poppy-cannella\/"]}]},{"@type":"ImageObject","inLanguage":"it-IT","@id":"https:\/\/walkingmum.com\/it\/prodotto\/fasciatoio-pois-poppy-cannella\/#primaryimage","url":"https:\/\/walkingmum.com\/wp-content\/uploads\/2024\/02\/1120800331_a.jpg","contentUrl":"https:\/\/walkingmum.com\/wp-content\/uploads\/2024\/02\/1120800331_a.jpg","width":1200,"height":1200},{"@type":"BreadcrumbList","@id":"https:\/\/walkingmum.com\/it\/prodotto\/fasciatoio-pois-poppy-cannella\/#breadcrumb","itemListElement":[{"@type":"ListItem","position":1,"name":"Portada","item":"https:\/\/walkingmum.com\/it\/"},{"@type":"ListItem","position":2,"name":"Tienda","item":"https:\/\/walkingmum.com\/tienda\/"},{"@type":"ListItem","position":3,"name":"FASCIATOIO POIS POPPY CANNELLA"}]},{"@type":"WebSite","@id":"https:\/\/walkingmum.com\/#website","url":"https:\/\/walkingmum.com\/","name":"Walking Mum","description":"La marca para beb\u00e9s modernos","potentialAction":[{"@type":"SearchAction","target":{"@type":"EntryPoint","urlTemplate":"https:\/\/walkingmum.com\/?s={search_term_string}"},"query-input":{"@type":"PropertyValueSpecification","valueRequired":true,"valueName":"search_term_string"}}],"inLanguage":"it-IT"}]}},"_links":{"self":[{"href":"https:\/\/walkingmum.com\/it\/wp-json\/wp\/v2\/product\/26190","targetHints":{"allow":["GET"]}}],"collection":[{"href":"https:\/\/walkingmum.com\/it\/wp-json\/wp\/v2\/product"}],"about":[{"href":"https:\/\/walkingmum.com\/it\/wp-json\/wp\/v2\/types\/product"}],"replies":[{"embeddable":true,"href":"https:\/\/walkingmum.com\/it\/wp-json\/wp\/v2\/comments?post=26190"}],"wp:featuredmedia":[{"embeddable":true,"href":"https:\/\/walkingmum.com\/it\/wp-json\/wp\/v2\/media\/24538"}],"wp:attachment":[{"href":"https:\/\/walkingmum.com\/it\/wp-json\/wp\/v2\/media?parent=26190"}],"wp:term":[{"taxonomy":"colecciones","embeddable":true,"href":"https:\/\/walkingmum.com\/it\/wp-json\/wp\/v2\/colecciones?post=26190"},{"taxonomy":"product_brand","embeddable":true,"href":"https:\/\/walkingmum.com\/it\/wp-json\/wp\/v2\/product_brand?post=26190"},{"taxonomy":"product_cat","embeddable":true,"href":"https:\/\/walkingmum.com\/it\/wp-json\/wp\/v2\/product_cat?post=26190"},{"taxonomy":"product_tag","embeddable":true,"href":"https:\/\/walkingmum.com\/it\/wp-json\/wp\/v2\/product_tag?post=26190"}],"curies":[{"name":"wp","href":"https:\/\/api.w.org\/{rel}","templated":true}]}}