{"id":26180,"date":"2024-02-28T07:44:56","date_gmt":"2024-02-28T09:57:06","guid":{"rendered":"https:\/\/walkingmum.com\/?post_type=product&#038;p=26180"},"modified":"2024-02-28T10:00:07","modified_gmt":"2024-02-28T10:00:07","slug":"zaino-cuori-poppy-cannella","status":"publish","type":"product","link":"https:\/\/walkingmum.com\/it\/prodotto\/zaino-cuori-poppy-cannella\/","title":{"rendered":"ZAINO CUORI POPPY CANNELLA"},"content":{"rendered":"<p>La borsa per pannolini a cuori Poppy Cannella per passeggini \u00e8 un modello versatile che funge sia da borsa cestino che da zaino, combinando modernit\u00e0 e stile urbano e consentendoti di trasportare i tuoi articoli e gli essenziali del tuo bambino con facilit\u00e0 e stile durante tutte le tue uscite. Questa borsa leggera, resistente e spaziosa \u00e8 progettata per trasportare tutto il necessario per l&#8217;uscita del tuo bambino. Il suo design include molte tasche esterne e interne per un&#8217;organizzazione comoda, tra cui tasche per fissare le bottiglie, elastici per utensili, scomparti per salviette umide e un porta bottiglia d&#8217;acqua. Viene fornita anche con un fasciatoio coordinato e una tasca foderata in plastica per conservare i vestiti bagnati e isolare l&#8217;umidit\u00e0 dal resto della borsa. La borsa dispone di due manici corti regolabili per un facile fissaggio a qualsiasi modello di passeggino, oltre a cinghie a mano e spallacci imbottiti per il trasporto comodo sulla schiena senza causare disagio dal peso. Realizzata in materiale di alta qualit\u00e0 e facile da pulire, offre sia durata che stile. Walking Mum d\u00e0 priorit\u00e0 alla sicurezza del tuo bambino utilizzando i migliori tessuti, privi di coloranti e sostanze nocive. La nostra collezione Walking Mum mantiene la qualit\u00e0 del marchio Pasito a Pasito ma con uno stile urbano e moderno distintivo che si distingue, offrendo un look unico per le tue uscite con il tuo bambino. Le borse per maternit\u00e0 in questa linea sono pi\u00f9 sportive e pratiche, progettate appositamente per i genitori moderni che apprezzano le ultime tendenze senza compromettere la qualit\u00e0 e la funzionalit\u00e0. Specifiche: Materiali: 100% cotone rivestito. Misure: 28X37X12 cm.<\/p>\n","protected":false},"excerpt":{"rendered":"<p>La borsa per pannolini a cuori Poppy Cannella per passeggini \u00e8 un modello versatile che funge sia da borsa cestino che da zaino, combinando modernit\u00e0 e stile urbano e consentendoti di trasportare i tuoi articoli e gli essenziali del tuo bambino con facilit\u00e0 e stile durante tutte le tue uscite. Questa borsa leggera, resistente e [&hellip;]<\/p>\n","protected":false},"featured_media":24252,"comment_status":"closed","ping_status":"open","template":"","meta":{"_acf_changed":false,"inline_featured_image":false},"colecciones":[351],"product_brand":[],"product_cat":[131],"product_tag":[],"class_list":{"0":"post-26180","1":"product","2":"type-product","3":"status-publish","4":"has-post-thumbnail","6":"colecciones-collezione-poppy","7":"product_cat-zaini-fasciatoio","9":"first","10":"instock","11":"purchasable","12":"product-type-simple"},"acf":[],"yoast_head":"<!-- This site is optimized with the Yoast SEO plugin v27.3 - https:\/\/yoast.com\/product\/yoast-seo-wordpress\/ -->\n<title>ZAINO CUORI POPPY CANNELLA - Walking Mum<\/title>\n<meta name=\"robots\" content=\"index, follow, max-snippet:-1, max-image-preview:large, max-video-preview:-1\" \/>\n<link rel=\"canonical\" href=\"https:\/\/walkingmum.com\/it\/prodotto\/zaino-cuori-poppy-cannella\/\" \/>\n<meta property=\"og:locale\" content=\"it_IT\" \/>\n<meta property=\"og:type\" content=\"article\" \/>\n<meta property=\"og:title\" content=\"ZAINO CUORI POPPY CANNELLA - Walking Mum\" \/>\n<meta property=\"og:description\" content=\"La borsa per pannolini a cuori Poppy Cannella per passeggini \u00e8 un modello versatile che funge sia da borsa cestino che da zaino, combinando modernit\u00e0 e stile urbano e consentendoti di trasportare i tuoi articoli e gli essenziali del tuo bambino con facilit\u00e0 e stile durante tutte le tue uscite. Questa borsa leggera, resistente e [&hellip;]\" \/>\n<meta property=\"og:url\" content=\"https:\/\/walkingmum.com\/it\/prodotto\/zaino-cuori-poppy-cannella\/\" \/>\n<meta property=\"og:site_name\" content=\"Walking Mum\" \/>\n<meta property=\"article:modified_time\" content=\"2024-02-28T10:00:07+00:00\" \/>\n<meta property=\"og:image\" content=\"https:\/\/walkingmum.com\/wp-content\/uploads\/2024\/02\/1120800325_a.jpg\" \/>\n\t<meta property=\"og:image:width\" content=\"1200\" \/>\n\t<meta property=\"og:image:height\" content=\"1200\" \/>\n\t<meta property=\"og:image:type\" content=\"image\/jpeg\" \/>\n<meta name=\"twitter:card\" content=\"summary_large_image\" \/>\n<meta name=\"twitter:label1\" content=\"Tempo di lettura stimato\" \/>\n\t<meta name=\"twitter:data1\" content=\"1 minuto\" \/>\n<script type=\"application\/ld+json\" class=\"yoast-schema-graph\">{\"@context\":\"https:\\\/\\\/schema.org\",\"@graph\":[{\"@type\":\"WebPage\",\"@id\":\"https:\\\/\\\/walkingmum.com\\\/it\\\/prodotto\\\/zaino-cuori-poppy-cannella\\\/\",\"url\":\"https:\\\/\\\/walkingmum.com\\\/it\\\/prodotto\\\/zaino-cuori-poppy-cannella\\\/\",\"name\":\"ZAINO CUORI POPPY CANNELLA - Walking Mum\",\"isPartOf\":{\"@id\":\"https:\\\/\\\/walkingmum.com\\\/#website\"},\"primaryImageOfPage\":{\"@id\":\"https:\\\/\\\/walkingmum.com\\\/it\\\/prodotto\\\/zaino-cuori-poppy-cannella\\\/#primaryimage\"},\"image\":{\"@id\":\"https:\\\/\\\/walkingmum.com\\\/it\\\/prodotto\\\/zaino-cuori-poppy-cannella\\\/#primaryimage\"},\"thumbnailUrl\":\"https:\\\/\\\/walkingmum.com\\\/wp-content\\\/uploads\\\/2024\\\/02\\\/1120800325_a.jpg\",\"datePublished\":\"2024-02-28T09:57:06+00:00\",\"dateModified\":\"2024-02-28T10:00:07+00:00\",\"breadcrumb\":{\"@id\":\"https:\\\/\\\/walkingmum.com\\\/it\\\/prodotto\\\/zaino-cuori-poppy-cannella\\\/#breadcrumb\"},\"inLanguage\":\"it-IT\",\"potentialAction\":[{\"@type\":\"ReadAction\",\"target\":[\"https:\\\/\\\/walkingmum.com\\\/it\\\/prodotto\\\/zaino-cuori-poppy-cannella\\\/\"]}]},{\"@type\":\"ImageObject\",\"inLanguage\":\"it-IT\",\"@id\":\"https:\\\/\\\/walkingmum.com\\\/it\\\/prodotto\\\/zaino-cuori-poppy-cannella\\\/#primaryimage\",\"url\":\"https:\\\/\\\/walkingmum.com\\\/wp-content\\\/uploads\\\/2024\\\/02\\\/1120800325_a.jpg\",\"contentUrl\":\"https:\\\/\\\/walkingmum.com\\\/wp-content\\\/uploads\\\/2024\\\/02\\\/1120800325_a.jpg\",\"width\":1200,\"height\":1200},{\"@type\":\"BreadcrumbList\",\"@id\":\"https:\\\/\\\/walkingmum.com\\\/it\\\/prodotto\\\/zaino-cuori-poppy-cannella\\\/#breadcrumb\",\"itemListElement\":[{\"@type\":\"ListItem\",\"position\":1,\"name\":\"Portada\",\"item\":\"https:\\\/\\\/walkingmum.com\\\/it\\\/\"},{\"@type\":\"ListItem\",\"position\":2,\"name\":\"Tienda\",\"item\":\"https:\\\/\\\/walkingmum.com\\\/tienda\\\/\"},{\"@type\":\"ListItem\",\"position\":3,\"name\":\"ZAINO CUORI POPPY CANNELLA\"}]},{\"@type\":\"WebSite\",\"@id\":\"https:\\\/\\\/walkingmum.com\\\/#website\",\"url\":\"https:\\\/\\\/walkingmum.com\\\/\",\"name\":\"Walking Mum\",\"description\":\"La marca para beb\u00e9s modernos\",\"potentialAction\":[{\"@type\":\"SearchAction\",\"target\":{\"@type\":\"EntryPoint\",\"urlTemplate\":\"https:\\\/\\\/walkingmum.com\\\/?s={search_term_string}\"},\"query-input\":{\"@type\":\"PropertyValueSpecification\",\"valueRequired\":true,\"valueName\":\"search_term_string\"}}],\"inLanguage\":\"it-IT\"}]}<\/script>\n<!-- \/ Yoast SEO plugin. -->","yoast_head_json":{"title":"ZAINO CUORI POPPY CANNELLA - Walking Mum","robots":{"index":"index","follow":"follow","max-snippet":"max-snippet:-1","max-image-preview":"max-image-preview:large","max-video-preview":"max-video-preview:-1"},"canonical":"https:\/\/walkingmum.com\/it\/prodotto\/zaino-cuori-poppy-cannella\/","og_locale":"it_IT","og_type":"article","og_title":"ZAINO CUORI POPPY CANNELLA - Walking Mum","og_description":"La borsa per pannolini a cuori Poppy Cannella per passeggini \u00e8 un modello versatile che funge sia da borsa cestino che da zaino, combinando modernit\u00e0 e stile urbano e consentendoti di trasportare i tuoi articoli e gli essenziali del tuo bambino con facilit\u00e0 e stile durante tutte le tue uscite. Questa borsa leggera, resistente e [&hellip;]","og_url":"https:\/\/walkingmum.com\/it\/prodotto\/zaino-cuori-poppy-cannella\/","og_site_name":"Walking Mum","article_modified_time":"2024-02-28T10:00:07+00:00","og_image":[{"width":1200,"height":1200,"url":"https:\/\/walkingmum.com\/wp-content\/uploads\/2024\/02\/1120800325_a.jpg","type":"image\/jpeg"}],"twitter_card":"summary_large_image","twitter_misc":{"Tempo di lettura stimato":"1 minuto"},"schema":{"@context":"https:\/\/schema.org","@graph":[{"@type":"WebPage","@id":"https:\/\/walkingmum.com\/it\/prodotto\/zaino-cuori-poppy-cannella\/","url":"https:\/\/walkingmum.com\/it\/prodotto\/zaino-cuori-poppy-cannella\/","name":"ZAINO CUORI POPPY CANNELLA - Walking Mum","isPartOf":{"@id":"https:\/\/walkingmum.com\/#website"},"primaryImageOfPage":{"@id":"https:\/\/walkingmum.com\/it\/prodotto\/zaino-cuori-poppy-cannella\/#primaryimage"},"image":{"@id":"https:\/\/walkingmum.com\/it\/prodotto\/zaino-cuori-poppy-cannella\/#primaryimage"},"thumbnailUrl":"https:\/\/walkingmum.com\/wp-content\/uploads\/2024\/02\/1120800325_a.jpg","datePublished":"2024-02-28T09:57:06+00:00","dateModified":"2024-02-28T10:00:07+00:00","breadcrumb":{"@id":"https:\/\/walkingmum.com\/it\/prodotto\/zaino-cuori-poppy-cannella\/#breadcrumb"},"inLanguage":"it-IT","potentialAction":[{"@type":"ReadAction","target":["https:\/\/walkingmum.com\/it\/prodotto\/zaino-cuori-poppy-cannella\/"]}]},{"@type":"ImageObject","inLanguage":"it-IT","@id":"https:\/\/walkingmum.com\/it\/prodotto\/zaino-cuori-poppy-cannella\/#primaryimage","url":"https:\/\/walkingmum.com\/wp-content\/uploads\/2024\/02\/1120800325_a.jpg","contentUrl":"https:\/\/walkingmum.com\/wp-content\/uploads\/2024\/02\/1120800325_a.jpg","width":1200,"height":1200},{"@type":"BreadcrumbList","@id":"https:\/\/walkingmum.com\/it\/prodotto\/zaino-cuori-poppy-cannella\/#breadcrumb","itemListElement":[{"@type":"ListItem","position":1,"name":"Portada","item":"https:\/\/walkingmum.com\/it\/"},{"@type":"ListItem","position":2,"name":"Tienda","item":"https:\/\/walkingmum.com\/tienda\/"},{"@type":"ListItem","position":3,"name":"ZAINO CUORI POPPY CANNELLA"}]},{"@type":"WebSite","@id":"https:\/\/walkingmum.com\/#website","url":"https:\/\/walkingmum.com\/","name":"Walking Mum","description":"La marca para beb\u00e9s modernos","potentialAction":[{"@type":"SearchAction","target":{"@type":"EntryPoint","urlTemplate":"https:\/\/walkingmum.com\/?s={search_term_string}"},"query-input":{"@type":"PropertyValueSpecification","valueRequired":true,"valueName":"search_term_string"}}],"inLanguage":"it-IT"}]}},"_links":{"self":[{"href":"https:\/\/walkingmum.com\/it\/wp-json\/wp\/v2\/product\/26180","targetHints":{"allow":["GET"]}}],"collection":[{"href":"https:\/\/walkingmum.com\/it\/wp-json\/wp\/v2\/product"}],"about":[{"href":"https:\/\/walkingmum.com\/it\/wp-json\/wp\/v2\/types\/product"}],"replies":[{"embeddable":true,"href":"https:\/\/walkingmum.com\/it\/wp-json\/wp\/v2\/comments?post=26180"}],"wp:featuredmedia":[{"embeddable":true,"href":"https:\/\/walkingmum.com\/it\/wp-json\/wp\/v2\/media\/24252"}],"wp:attachment":[{"href":"https:\/\/walkingmum.com\/it\/wp-json\/wp\/v2\/media?parent=26180"}],"wp:term":[{"taxonomy":"colecciones","embeddable":true,"href":"https:\/\/walkingmum.com\/it\/wp-json\/wp\/v2\/colecciones?post=26180"},{"taxonomy":"product_brand","embeddable":true,"href":"https:\/\/walkingmum.com\/it\/wp-json\/wp\/v2\/product_brand?post=26180"},{"taxonomy":"product_cat","embeddable":true,"href":"https:\/\/walkingmum.com\/it\/wp-json\/wp\/v2\/product_cat?post=26180"},{"taxonomy":"product_tag","embeddable":true,"href":"https:\/\/walkingmum.com\/it\/wp-json\/wp\/v2\/product_tag?post=26180"}],"curies":[{"name":"wp","href":"https:\/\/api.w.org\/{rel}","templated":true}]}}