{"id":26176,"date":"2024-02-28T07:44:55","date_gmt":"2024-02-28T09:57:04","guid":{"rendered":"https:\/\/walkingmum.com\/?post_type=product&#038;p=26176"},"modified":"2024-02-28T10:00:07","modified_gmt":"2024-02-28T10:00:07","slug":"borsa-fasciatoio-cuori-poppy-cannella","status":"publish","type":"product","link":"https:\/\/walkingmum.com\/it\/prodotto\/borsa-fasciatoio-cuori-poppy-cannella\/","title":{"rendered":"BORSA FASCIATOIO CUORI POPPY CANNELLA"},"content":{"rendered":"<p>La borsa per pannolini a cuori Poppy Cannella per passeggini include un fasciatoio per il tuo bambino. \u00c8 una borsa cestino leggera, resistente e spaziosa progettata per trasportare tutto il necessario per l&#8217;uscita del tuo bambino. Dispone di molte tasche per una facile organizzazione, incluso un comodo taschino frontale sull&#8217;esterno per gli oggetti essenziali. All&#8217;interno, ha una tasca foderata in plastica per i vestiti bagnati, una tasca termica per le bottiglie e due tasche aggiuntive per un accesso rapido alle necessit\u00e0. La borsa ha un sistema di chiusura universale con due manici corti per un facile fissaggio al passeggino. Include anche una tracolla lunga per il trasporto. Realizzata in materiale di alta qualit\u00e0 e facile da pulire, offre sia durata che stile. Walking Mum d\u00e0 priorit\u00e0 alla sicurezza del tuo bambino utilizzando i migliori tessuti, privi di coloranti e sostanze nocive. La nostra collezione Walking Mum mantiene la qualit\u00e0 del marchio Pasito a Pasito ma con uno stile urbano e moderno distintivo che si distingue, offrendo un look unico per le tue uscite con il tuo bambino. Le borse per maternit\u00e0 in questa linea sono pi\u00f9 sportive e pratiche, progettate appositamente per i genitori moderni che apprezzano le ultime tendenze senza compromettere la qualit\u00e0 e la funzionalit\u00e0. Specifiche: Materiali: 100% cotone rivestito. Misure: 38X33X13 cm.<\/p>\n","protected":false},"excerpt":{"rendered":"<p>La borsa per pannolini a cuori Poppy Cannella per passeggini include un fasciatoio per il tuo bambino. \u00c8 una borsa cestino leggera, resistente e spaziosa progettata per trasportare tutto il necessario per l&#8217;uscita del tuo bambino. Dispone di molte tasche per una facile organizzazione, incluso un comodo taschino frontale sull&#8217;esterno per gli oggetti essenziali. All&#8217;interno, [&hellip;]<\/p>\n","protected":false},"featured_media":24024,"comment_status":"closed","ping_status":"open","template":"","meta":{"_acf_changed":false,"inline_featured_image":false},"colecciones":[351],"product_brand":[],"product_cat":[128],"product_tag":[],"class_list":{"0":"post-26176","1":"product","2":"type-product","3":"status-publish","4":"has-post-thumbnail","6":"colecciones-collezione-poppy","7":"product_cat-borse-fasciatoio","9":"first","10":"instock","11":"purchasable","12":"product-type-simple"},"acf":[],"yoast_head":"<!-- This site is optimized with the Yoast SEO plugin v27.4 - https:\/\/yoast.com\/product\/yoast-seo-wordpress\/ -->\n<title>BORSA FASCIATOIO CUORI POPPY CANNELLA - Walking Mum<\/title>\n<meta name=\"robots\" content=\"index, follow, max-snippet:-1, max-image-preview:large, max-video-preview:-1\" \/>\n<link rel=\"canonical\" href=\"https:\/\/walkingmum.com\/it\/prodotto\/borsa-fasciatoio-cuori-poppy-cannella\/\" \/>\n<meta property=\"og:locale\" content=\"it_IT\" \/>\n<meta property=\"og:type\" content=\"article\" \/>\n<meta property=\"og:title\" content=\"BORSA FASCIATOIO CUORI POPPY CANNELLA - Walking Mum\" \/>\n<meta property=\"og:description\" content=\"La borsa per pannolini a cuori Poppy Cannella per passeggini include un fasciatoio per il tuo bambino. \u00c8 una borsa cestino leggera, resistente e spaziosa progettata per trasportare tutto il necessario per l&#8217;uscita del tuo bambino. Dispone di molte tasche per una facile organizzazione, incluso un comodo taschino frontale sull&#8217;esterno per gli oggetti essenziali. All&#8217;interno, [&hellip;]\" \/>\n<meta property=\"og:url\" content=\"https:\/\/walkingmum.com\/it\/prodotto\/borsa-fasciatoio-cuori-poppy-cannella\/\" \/>\n<meta property=\"og:site_name\" content=\"Walking Mum\" \/>\n<meta property=\"article:modified_time\" content=\"2024-02-28T10:00:07+00:00\" \/>\n<meta property=\"og:image\" content=\"https:\/\/walkingmum.com\/wp-content\/uploads\/2024\/02\/1120800321_a.jpg\" \/>\n\t<meta property=\"og:image:width\" content=\"1200\" \/>\n\t<meta property=\"og:image:height\" content=\"1200\" \/>\n\t<meta property=\"og:image:type\" content=\"image\/jpeg\" \/>\n<meta name=\"twitter:card\" content=\"summary_large_image\" \/>\n<meta name=\"twitter:label1\" content=\"Tempo di lettura stimato\" \/>\n\t<meta name=\"twitter:data1\" content=\"1 minuto\" \/>\n<script type=\"application\/ld+json\" class=\"yoast-schema-graph\">{\"@context\":\"https:\\\/\\\/schema.org\",\"@graph\":[{\"@type\":\"WebPage\",\"@id\":\"https:\\\/\\\/walkingmum.com\\\/it\\\/prodotto\\\/borsa-fasciatoio-cuori-poppy-cannella\\\/\",\"url\":\"https:\\\/\\\/walkingmum.com\\\/it\\\/prodotto\\\/borsa-fasciatoio-cuori-poppy-cannella\\\/\",\"name\":\"BORSA FASCIATOIO CUORI POPPY CANNELLA - Walking Mum\",\"isPartOf\":{\"@id\":\"https:\\\/\\\/walkingmum.com\\\/#website\"},\"primaryImageOfPage\":{\"@id\":\"https:\\\/\\\/walkingmum.com\\\/it\\\/prodotto\\\/borsa-fasciatoio-cuori-poppy-cannella\\\/#primaryimage\"},\"image\":{\"@id\":\"https:\\\/\\\/walkingmum.com\\\/it\\\/prodotto\\\/borsa-fasciatoio-cuori-poppy-cannella\\\/#primaryimage\"},\"thumbnailUrl\":\"https:\\\/\\\/walkingmum.com\\\/wp-content\\\/uploads\\\/2024\\\/02\\\/1120800321_a.jpg\",\"datePublished\":\"2024-02-28T09:57:04+00:00\",\"dateModified\":\"2024-02-28T10:00:07+00:00\",\"breadcrumb\":{\"@id\":\"https:\\\/\\\/walkingmum.com\\\/it\\\/prodotto\\\/borsa-fasciatoio-cuori-poppy-cannella\\\/#breadcrumb\"},\"inLanguage\":\"it-IT\",\"potentialAction\":[{\"@type\":\"ReadAction\",\"target\":[\"https:\\\/\\\/walkingmum.com\\\/it\\\/prodotto\\\/borsa-fasciatoio-cuori-poppy-cannella\\\/\"]}]},{\"@type\":\"ImageObject\",\"inLanguage\":\"it-IT\",\"@id\":\"https:\\\/\\\/walkingmum.com\\\/it\\\/prodotto\\\/borsa-fasciatoio-cuori-poppy-cannella\\\/#primaryimage\",\"url\":\"https:\\\/\\\/walkingmum.com\\\/wp-content\\\/uploads\\\/2024\\\/02\\\/1120800321_a.jpg\",\"contentUrl\":\"https:\\\/\\\/walkingmum.com\\\/wp-content\\\/uploads\\\/2024\\\/02\\\/1120800321_a.jpg\",\"width\":1200,\"height\":1200},{\"@type\":\"BreadcrumbList\",\"@id\":\"https:\\\/\\\/walkingmum.com\\\/it\\\/prodotto\\\/borsa-fasciatoio-cuori-poppy-cannella\\\/#breadcrumb\",\"itemListElement\":[{\"@type\":\"ListItem\",\"position\":1,\"name\":\"Portada\",\"item\":\"https:\\\/\\\/walkingmum.com\\\/it\\\/\"},{\"@type\":\"ListItem\",\"position\":2,\"name\":\"Tienda\",\"item\":\"https:\\\/\\\/walkingmum.com\\\/tienda\\\/\"},{\"@type\":\"ListItem\",\"position\":3,\"name\":\"BORSA FASCIATOIO CUORI POPPY CANNELLA\"}]},{\"@type\":\"WebSite\",\"@id\":\"https:\\\/\\\/walkingmum.com\\\/#website\",\"url\":\"https:\\\/\\\/walkingmum.com\\\/\",\"name\":\"Walking Mum\",\"description\":\"La marca para beb\u00e9s modernos\",\"potentialAction\":[{\"@type\":\"SearchAction\",\"target\":{\"@type\":\"EntryPoint\",\"urlTemplate\":\"https:\\\/\\\/walkingmum.com\\\/?s={search_term_string}\"},\"query-input\":{\"@type\":\"PropertyValueSpecification\",\"valueRequired\":true,\"valueName\":\"search_term_string\"}}],\"inLanguage\":\"it-IT\"}]}<\/script>\n<!-- \/ Yoast SEO plugin. -->","yoast_head_json":{"title":"BORSA FASCIATOIO CUORI POPPY CANNELLA - Walking Mum","robots":{"index":"index","follow":"follow","max-snippet":"max-snippet:-1","max-image-preview":"max-image-preview:large","max-video-preview":"max-video-preview:-1"},"canonical":"https:\/\/walkingmum.com\/it\/prodotto\/borsa-fasciatoio-cuori-poppy-cannella\/","og_locale":"it_IT","og_type":"article","og_title":"BORSA FASCIATOIO CUORI POPPY CANNELLA - Walking Mum","og_description":"La borsa per pannolini a cuori Poppy Cannella per passeggini include un fasciatoio per il tuo bambino. \u00c8 una borsa cestino leggera, resistente e spaziosa progettata per trasportare tutto il necessario per l&#8217;uscita del tuo bambino. Dispone di molte tasche per una facile organizzazione, incluso un comodo taschino frontale sull&#8217;esterno per gli oggetti essenziali. All&#8217;interno, [&hellip;]","og_url":"https:\/\/walkingmum.com\/it\/prodotto\/borsa-fasciatoio-cuori-poppy-cannella\/","og_site_name":"Walking Mum","article_modified_time":"2024-02-28T10:00:07+00:00","og_image":[{"width":1200,"height":1200,"url":"https:\/\/walkingmum.com\/wp-content\/uploads\/2024\/02\/1120800321_a.jpg","type":"image\/jpeg"}],"twitter_card":"summary_large_image","twitter_misc":{"Tempo di lettura stimato":"1 minuto"},"schema":{"@context":"https:\/\/schema.org","@graph":[{"@type":"WebPage","@id":"https:\/\/walkingmum.com\/it\/prodotto\/borsa-fasciatoio-cuori-poppy-cannella\/","url":"https:\/\/walkingmum.com\/it\/prodotto\/borsa-fasciatoio-cuori-poppy-cannella\/","name":"BORSA FASCIATOIO CUORI POPPY CANNELLA - Walking Mum","isPartOf":{"@id":"https:\/\/walkingmum.com\/#website"},"primaryImageOfPage":{"@id":"https:\/\/walkingmum.com\/it\/prodotto\/borsa-fasciatoio-cuori-poppy-cannella\/#primaryimage"},"image":{"@id":"https:\/\/walkingmum.com\/it\/prodotto\/borsa-fasciatoio-cuori-poppy-cannella\/#primaryimage"},"thumbnailUrl":"https:\/\/walkingmum.com\/wp-content\/uploads\/2024\/02\/1120800321_a.jpg","datePublished":"2024-02-28T09:57:04+00:00","dateModified":"2024-02-28T10:00:07+00:00","breadcrumb":{"@id":"https:\/\/walkingmum.com\/it\/prodotto\/borsa-fasciatoio-cuori-poppy-cannella\/#breadcrumb"},"inLanguage":"it-IT","potentialAction":[{"@type":"ReadAction","target":["https:\/\/walkingmum.com\/it\/prodotto\/borsa-fasciatoio-cuori-poppy-cannella\/"]}]},{"@type":"ImageObject","inLanguage":"it-IT","@id":"https:\/\/walkingmum.com\/it\/prodotto\/borsa-fasciatoio-cuori-poppy-cannella\/#primaryimage","url":"https:\/\/walkingmum.com\/wp-content\/uploads\/2024\/02\/1120800321_a.jpg","contentUrl":"https:\/\/walkingmum.com\/wp-content\/uploads\/2024\/02\/1120800321_a.jpg","width":1200,"height":1200},{"@type":"BreadcrumbList","@id":"https:\/\/walkingmum.com\/it\/prodotto\/borsa-fasciatoio-cuori-poppy-cannella\/#breadcrumb","itemListElement":[{"@type":"ListItem","position":1,"name":"Portada","item":"https:\/\/walkingmum.com\/it\/"},{"@type":"ListItem","position":2,"name":"Tienda","item":"https:\/\/walkingmum.com\/tienda\/"},{"@type":"ListItem","position":3,"name":"BORSA FASCIATOIO CUORI POPPY CANNELLA"}]},{"@type":"WebSite","@id":"https:\/\/walkingmum.com\/#website","url":"https:\/\/walkingmum.com\/","name":"Walking Mum","description":"La marca para beb\u00e9s modernos","potentialAction":[{"@type":"SearchAction","target":{"@type":"EntryPoint","urlTemplate":"https:\/\/walkingmum.com\/?s={search_term_string}"},"query-input":{"@type":"PropertyValueSpecification","valueRequired":true,"valueName":"search_term_string"}}],"inLanguage":"it-IT"}]}},"_links":{"self":[{"href":"https:\/\/walkingmum.com\/it\/wp-json\/wp\/v2\/product\/26176","targetHints":{"allow":["GET"]}}],"collection":[{"href":"https:\/\/walkingmum.com\/it\/wp-json\/wp\/v2\/product"}],"about":[{"href":"https:\/\/walkingmum.com\/it\/wp-json\/wp\/v2\/types\/product"}],"replies":[{"embeddable":true,"href":"https:\/\/walkingmum.com\/it\/wp-json\/wp\/v2\/comments?post=26176"}],"wp:featuredmedia":[{"embeddable":true,"href":"https:\/\/walkingmum.com\/it\/wp-json\/wp\/v2\/media\/24024"}],"wp:attachment":[{"href":"https:\/\/walkingmum.com\/it\/wp-json\/wp\/v2\/media?parent=26176"}],"wp:term":[{"taxonomy":"colecciones","embeddable":true,"href":"https:\/\/walkingmum.com\/it\/wp-json\/wp\/v2\/colecciones?post=26176"},{"taxonomy":"product_brand","embeddable":true,"href":"https:\/\/walkingmum.com\/it\/wp-json\/wp\/v2\/product_brand?post=26176"},{"taxonomy":"product_cat","embeddable":true,"href":"https:\/\/walkingmum.com\/it\/wp-json\/wp\/v2\/product_cat?post=26176"},{"taxonomy":"product_tag","embeddable":true,"href":"https:\/\/walkingmum.com\/it\/wp-json\/wp\/v2\/product_tag?post=26176"}],"curies":[{"name":"wp","href":"https:\/\/api.w.org\/{rel}","templated":true}]}}