{"id":26170,"date":"2024-03-22T08:44:37","date_gmt":"2024-03-22T08:46:25","guid":{"rendered":"https:\/\/walkingmum.com\/?post_type=product&#038;p=26170"},"modified":"2024-03-22T09:51:07","modified_gmt":"2024-03-22T09:51:07","slug":"copripasseggino-estate-mimosa-verde","status":"publish","type":"product","link":"https:\/\/walkingmum.com\/it\/prodotto\/copripasseggino-estate-mimosa-verde\/","title":{"rendered":"COPRIPASSEGGINO ESTATE MIMOSA VERDE"},"content":{"rendered":"<p>Il coprigambe per passeggino Mimosa Verde \u00e8 realizzato in tessuto 100% cotone. \u00c8 l&#8217;ideale per proteggere la base del passeggino e viene fornito con un sacco per mantenere caldo il tuo bambino. Con questo sacco, il tuo bambino sar\u00e0 comodo durante i mesi primaverili e autunnali. Il retro ha un materiale anti-sudore che previene il sudore eccessivo del bambino. Imbottitura rimovibile. Il suo design presenta molteplici aperture (occhielli) e regolazioni che facilitano l&#8217;adattamento alla maggior parte dei passeggini, garantendo un viaggio sicuro e confortevole per il tuo bambino. \u00c8 realizzato in materiale resistente e caldo. Ha una base in poliestere sul poggiapiedi che facilita la pulizia dopo l&#8217;uso. \u00c8 un design bello, semplice e confortevole che crea un nido per il tuo bambino, mantenendolo accogliente e protetto. Il sacco si adatta facilmente a qualsiasi passeggino e consente al tuo bambino di godersi un riposo pi\u00f9 piacevole con la sua forma accogliente simile a un nido. Alta qualit\u00e0 e molto stile. Realizzato con materiali resistenti e facile da pulire a mano o in lavatrice a 30 \u00b0C. Walking Mum protegge il tuo bambino utilizzando i migliori tessuti, privi di coloranti azoici e sostanze nocive per la salute. La nostra collezione Walking Mum mantiene tutta la qualit\u00e0 del marchio Pasito a Pasito ma con uno stile urbano e moderno distintivo che non passa inosservato, per vestire le tue uscite con il tuo bambino in modo diverso. Gli accessori di questa linea sono pi\u00f9 sportivi e pratici, appositamente progettati per le mamme e i pap\u00e0 moderni che apprezzano i design pi\u00f9 recenti e alla moda senza sacrificare la qualit\u00e0 e la funzionalit\u00e0 degli accessori che rendono tutte le uscite con i loro bambini pi\u00f9 confortevoli. Misure: 47 x 90 cm.<\/p>\n","protected":false},"excerpt":{"rendered":"<p>Il coprigambe per passeggino Mimosa Verde \u00e8 realizzato in tessuto 100% cotone. \u00c8 l&#8217;ideale per proteggere la base del passeggino e viene fornito con un sacco per mantenere caldo il tuo bambino. Con questo sacco, il tuo bambino sar\u00e0 comodo durante i mesi primaverili e autunnali. Il retro ha un materiale anti-sudore che previene il [&hellip;]<\/p>\n","protected":false},"featured_media":23830,"comment_status":"closed","ping_status":"open","template":"","meta":{"_acf_changed":false,"inline_featured_image":false},"colecciones":[355],"product_brand":[],"product_cat":[146],"product_tag":[],"class_list":{"0":"post-26170","1":"product","2":"type-product","3":"status-publish","4":"has-post-thumbnail","6":"colecciones-collezione-mimosa","7":"product_cat-coprigambe-e-sacchi-per-seggiolini","9":"first","10":"instock","11":"purchasable","12":"product-type-simple"},"acf":[],"yoast_head":"<!-- This site is optimized with the Yoast SEO plugin v27.4 - https:\/\/yoast.com\/product\/yoast-seo-wordpress\/ -->\n<title>COPRIPASSEGGINO ESTATE MIMOSA VERDE - Walking Mum<\/title>\n<meta name=\"robots\" content=\"index, follow, max-snippet:-1, max-image-preview:large, max-video-preview:-1\" \/>\n<link rel=\"canonical\" href=\"https:\/\/walkingmum.com\/it\/prodotto\/copripasseggino-estate-mimosa-verde\/\" \/>\n<meta property=\"og:locale\" content=\"it_IT\" \/>\n<meta property=\"og:type\" content=\"article\" \/>\n<meta property=\"og:title\" content=\"COPRIPASSEGGINO ESTATE MIMOSA VERDE - Walking Mum\" \/>\n<meta property=\"og:description\" content=\"Il coprigambe per passeggino Mimosa Verde \u00e8 realizzato in tessuto 100% cotone. \u00c8 l&#8217;ideale per proteggere la base del passeggino e viene fornito con un sacco per mantenere caldo il tuo bambino. Con questo sacco, il tuo bambino sar\u00e0 comodo durante i mesi primaverili e autunnali. Il retro ha un materiale anti-sudore che previene il [&hellip;]\" \/>\n<meta property=\"og:url\" content=\"https:\/\/walkingmum.com\/it\/prodotto\/copripasseggino-estate-mimosa-verde\/\" \/>\n<meta property=\"og:site_name\" content=\"Walking Mum\" \/>\n<meta property=\"article:modified_time\" content=\"2024-03-22T09:51:07+00:00\" \/>\n<meta property=\"og:image\" content=\"https:\/\/walkingmum.com\/wp-content\/uploads\/2024\/02\/1120800312_a.jpg\" \/>\n\t<meta property=\"og:image:width\" content=\"1200\" \/>\n\t<meta property=\"og:image:height\" content=\"1200\" \/>\n\t<meta property=\"og:image:type\" content=\"image\/jpeg\" \/>\n<meta name=\"twitter:card\" content=\"summary_large_image\" \/>\n<meta name=\"twitter:label1\" content=\"Tempo di lettura stimato\" \/>\n\t<meta name=\"twitter:data1\" content=\"1 minuto\" \/>\n<script type=\"application\/ld+json\" class=\"yoast-schema-graph\">{\"@context\":\"https:\\\/\\\/schema.org\",\"@graph\":[{\"@type\":\"WebPage\",\"@id\":\"https:\\\/\\\/walkingmum.com\\\/it\\\/prodotto\\\/copripasseggino-estate-mimosa-verde\\\/\",\"url\":\"https:\\\/\\\/walkingmum.com\\\/it\\\/prodotto\\\/copripasseggino-estate-mimosa-verde\\\/\",\"name\":\"COPRIPASSEGGINO ESTATE MIMOSA VERDE - Walking Mum\",\"isPartOf\":{\"@id\":\"https:\\\/\\\/walkingmum.com\\\/#website\"},\"primaryImageOfPage\":{\"@id\":\"https:\\\/\\\/walkingmum.com\\\/it\\\/prodotto\\\/copripasseggino-estate-mimosa-verde\\\/#primaryimage\"},\"image\":{\"@id\":\"https:\\\/\\\/walkingmum.com\\\/it\\\/prodotto\\\/copripasseggino-estate-mimosa-verde\\\/#primaryimage\"},\"thumbnailUrl\":\"https:\\\/\\\/walkingmum.com\\\/wp-content\\\/uploads\\\/2024\\\/02\\\/1120800312_a.jpg\",\"datePublished\":\"2024-03-22T08:46:25+00:00\",\"dateModified\":\"2024-03-22T09:51:07+00:00\",\"breadcrumb\":{\"@id\":\"https:\\\/\\\/walkingmum.com\\\/it\\\/prodotto\\\/copripasseggino-estate-mimosa-verde\\\/#breadcrumb\"},\"inLanguage\":\"it-IT\",\"potentialAction\":[{\"@type\":\"ReadAction\",\"target\":[\"https:\\\/\\\/walkingmum.com\\\/it\\\/prodotto\\\/copripasseggino-estate-mimosa-verde\\\/\"]}]},{\"@type\":\"ImageObject\",\"inLanguage\":\"it-IT\",\"@id\":\"https:\\\/\\\/walkingmum.com\\\/it\\\/prodotto\\\/copripasseggino-estate-mimosa-verde\\\/#primaryimage\",\"url\":\"https:\\\/\\\/walkingmum.com\\\/wp-content\\\/uploads\\\/2024\\\/02\\\/1120800312_a.jpg\",\"contentUrl\":\"https:\\\/\\\/walkingmum.com\\\/wp-content\\\/uploads\\\/2024\\\/02\\\/1120800312_a.jpg\",\"width\":1200,\"height\":1200},{\"@type\":\"BreadcrumbList\",\"@id\":\"https:\\\/\\\/walkingmum.com\\\/it\\\/prodotto\\\/copripasseggino-estate-mimosa-verde\\\/#breadcrumb\",\"itemListElement\":[{\"@type\":\"ListItem\",\"position\":1,\"name\":\"Portada\",\"item\":\"https:\\\/\\\/walkingmum.com\\\/it\\\/\"},{\"@type\":\"ListItem\",\"position\":2,\"name\":\"Tienda\",\"item\":\"https:\\\/\\\/walkingmum.com\\\/tienda\\\/\"},{\"@type\":\"ListItem\",\"position\":3,\"name\":\"COPRIPASSEGGINO ESTATE MIMOSA VERDE\"}]},{\"@type\":\"WebSite\",\"@id\":\"https:\\\/\\\/walkingmum.com\\\/#website\",\"url\":\"https:\\\/\\\/walkingmum.com\\\/\",\"name\":\"Walking Mum\",\"description\":\"La marca para beb\u00e9s modernos\",\"potentialAction\":[{\"@type\":\"SearchAction\",\"target\":{\"@type\":\"EntryPoint\",\"urlTemplate\":\"https:\\\/\\\/walkingmum.com\\\/?s={search_term_string}\"},\"query-input\":{\"@type\":\"PropertyValueSpecification\",\"valueRequired\":true,\"valueName\":\"search_term_string\"}}],\"inLanguage\":\"it-IT\"}]}<\/script>\n<!-- \/ Yoast SEO plugin. -->","yoast_head_json":{"title":"COPRIPASSEGGINO ESTATE MIMOSA VERDE - Walking Mum","robots":{"index":"index","follow":"follow","max-snippet":"max-snippet:-1","max-image-preview":"max-image-preview:large","max-video-preview":"max-video-preview:-1"},"canonical":"https:\/\/walkingmum.com\/it\/prodotto\/copripasseggino-estate-mimosa-verde\/","og_locale":"it_IT","og_type":"article","og_title":"COPRIPASSEGGINO ESTATE MIMOSA VERDE - Walking Mum","og_description":"Il coprigambe per passeggino Mimosa Verde \u00e8 realizzato in tessuto 100% cotone. \u00c8 l&#8217;ideale per proteggere la base del passeggino e viene fornito con un sacco per mantenere caldo il tuo bambino. Con questo sacco, il tuo bambino sar\u00e0 comodo durante i mesi primaverili e autunnali. Il retro ha un materiale anti-sudore che previene il [&hellip;]","og_url":"https:\/\/walkingmum.com\/it\/prodotto\/copripasseggino-estate-mimosa-verde\/","og_site_name":"Walking Mum","article_modified_time":"2024-03-22T09:51:07+00:00","og_image":[{"width":1200,"height":1200,"url":"https:\/\/walkingmum.com\/wp-content\/uploads\/2024\/02\/1120800312_a.jpg","type":"image\/jpeg"}],"twitter_card":"summary_large_image","twitter_misc":{"Tempo di lettura stimato":"1 minuto"},"schema":{"@context":"https:\/\/schema.org","@graph":[{"@type":"WebPage","@id":"https:\/\/walkingmum.com\/it\/prodotto\/copripasseggino-estate-mimosa-verde\/","url":"https:\/\/walkingmum.com\/it\/prodotto\/copripasseggino-estate-mimosa-verde\/","name":"COPRIPASSEGGINO ESTATE MIMOSA VERDE - Walking Mum","isPartOf":{"@id":"https:\/\/walkingmum.com\/#website"},"primaryImageOfPage":{"@id":"https:\/\/walkingmum.com\/it\/prodotto\/copripasseggino-estate-mimosa-verde\/#primaryimage"},"image":{"@id":"https:\/\/walkingmum.com\/it\/prodotto\/copripasseggino-estate-mimosa-verde\/#primaryimage"},"thumbnailUrl":"https:\/\/walkingmum.com\/wp-content\/uploads\/2024\/02\/1120800312_a.jpg","datePublished":"2024-03-22T08:46:25+00:00","dateModified":"2024-03-22T09:51:07+00:00","breadcrumb":{"@id":"https:\/\/walkingmum.com\/it\/prodotto\/copripasseggino-estate-mimosa-verde\/#breadcrumb"},"inLanguage":"it-IT","potentialAction":[{"@type":"ReadAction","target":["https:\/\/walkingmum.com\/it\/prodotto\/copripasseggino-estate-mimosa-verde\/"]}]},{"@type":"ImageObject","inLanguage":"it-IT","@id":"https:\/\/walkingmum.com\/it\/prodotto\/copripasseggino-estate-mimosa-verde\/#primaryimage","url":"https:\/\/walkingmum.com\/wp-content\/uploads\/2024\/02\/1120800312_a.jpg","contentUrl":"https:\/\/walkingmum.com\/wp-content\/uploads\/2024\/02\/1120800312_a.jpg","width":1200,"height":1200},{"@type":"BreadcrumbList","@id":"https:\/\/walkingmum.com\/it\/prodotto\/copripasseggino-estate-mimosa-verde\/#breadcrumb","itemListElement":[{"@type":"ListItem","position":1,"name":"Portada","item":"https:\/\/walkingmum.com\/it\/"},{"@type":"ListItem","position":2,"name":"Tienda","item":"https:\/\/walkingmum.com\/tienda\/"},{"@type":"ListItem","position":3,"name":"COPRIPASSEGGINO ESTATE MIMOSA VERDE"}]},{"@type":"WebSite","@id":"https:\/\/walkingmum.com\/#website","url":"https:\/\/walkingmum.com\/","name":"Walking Mum","description":"La marca para beb\u00e9s modernos","potentialAction":[{"@type":"SearchAction","target":{"@type":"EntryPoint","urlTemplate":"https:\/\/walkingmum.com\/?s={search_term_string}"},"query-input":{"@type":"PropertyValueSpecification","valueRequired":true,"valueName":"search_term_string"}}],"inLanguage":"it-IT"}]}},"_links":{"self":[{"href":"https:\/\/walkingmum.com\/it\/wp-json\/wp\/v2\/product\/26170","targetHints":{"allow":["GET"]}}],"collection":[{"href":"https:\/\/walkingmum.com\/it\/wp-json\/wp\/v2\/product"}],"about":[{"href":"https:\/\/walkingmum.com\/it\/wp-json\/wp\/v2\/types\/product"}],"replies":[{"embeddable":true,"href":"https:\/\/walkingmum.com\/it\/wp-json\/wp\/v2\/comments?post=26170"}],"wp:featuredmedia":[{"embeddable":true,"href":"https:\/\/walkingmum.com\/it\/wp-json\/wp\/v2\/media\/23830"}],"wp:attachment":[{"href":"https:\/\/walkingmum.com\/it\/wp-json\/wp\/v2\/media?parent=26170"}],"wp:term":[{"taxonomy":"colecciones","embeddable":true,"href":"https:\/\/walkingmum.com\/it\/wp-json\/wp\/v2\/colecciones?post=26170"},{"taxonomy":"product_brand","embeddable":true,"href":"https:\/\/walkingmum.com\/it\/wp-json\/wp\/v2\/product_brand?post=26170"},{"taxonomy":"product_cat","embeddable":true,"href":"https:\/\/walkingmum.com\/it\/wp-json\/wp\/v2\/product_cat?post=26170"},{"taxonomy":"product_tag","embeddable":true,"href":"https:\/\/walkingmum.com\/it\/wp-json\/wp\/v2\/product_tag?post=26170"}],"curies":[{"name":"wp","href":"https:\/\/api.w.org\/{rel}","templated":true}]}}