{"id":26163,"date":"2024-03-22T08:44:36","date_gmt":"2024-03-22T08:46:26","guid":{"rendered":"https:\/\/walkingmum.com\/?post_type=product&#038;p=26163"},"modified":"2024-03-22T09:51:08","modified_gmt":"2024-03-22T09:51:08","slug":"portadocumenti-mimosa-rosa","status":"publish","type":"product","link":"https:\/\/walkingmum.com\/it\/prodotto\/portadocumenti-mimosa-rosa\/","title":{"rendered":"PORTADOCUMENTI MIMOSA ROSA"},"content":{"rendered":"<p>Il libro di nascita Mimosa Rosa con stampa floreale \u00e8 una pratica custodia portadocumenti progettata per abbinarsi alla borsa per maternit\u00e0. Un accessorio essenziale da portare sempre con s\u00e9 che ti aiuter\u00e0 a mantenere organizzati tutti i documenti del tuo bambino e le carte mediche (schede di vaccinazione, prescrizioni, certificato di nascita). Questa custodia portadocumenti \u00e8 realizzata in tessuto stampato e presenta molteplici tasche su entrambi i lati per una migliore organizzazione. Ha anche una comoda chiusura con zip per conservare in modo sicuro il libro di nascita e tutti i documenti del tuo bambino. Alta qualit\u00e0 e molto stile. Realizzato al 100% in cotone con trattamento impermeabile, facile da pulire a mano o in lavatrice a 30\u00b0C. Walking Mum protegge il tuo bambino utilizzando i migliori tessuti, privi di coloranti azoici e sostanze nocive per la salute. La nostra collezione Walking Mum \u00e8 progettata con uno stile urbano e moderno distintivo che non passa inosservato, per vestire in modo diverso le tue uscite con il tuo bambino. Gli accessori in questa linea sono pi\u00f9 sportivi e pratici, appositamente progettati per mamme e pap\u00e0 moderni che apprezzano i design pi\u00f9 recenti e alla moda senza sacrificare la qualit\u00e0 e la funzionalit\u00e0 degli accessori che rendono tutte le uscite con i loro bambini pi\u00f9 confortevoli. Specifiche: Materiali: 100% cotone. Misure: 19X28X2 cm.<\/p>\n","protected":false},"excerpt":{"rendered":"<p>Il libro di nascita Mimosa Rosa con stampa floreale \u00e8 una pratica custodia portadocumenti progettata per abbinarsi alla borsa per maternit\u00e0. Un accessorio essenziale da portare sempre con s\u00e9 che ti aiuter\u00e0 a mantenere organizzati tutti i documenti del tuo bambino e le carte mediche (schede di vaccinazione, prescrizioni, certificato di nascita). Questa custodia portadocumenti [&hellip;]<\/p>\n","protected":false},"featured_media":23687,"comment_status":"closed","ping_status":"open","template":"","meta":{"_acf_changed":false,"inline_featured_image":false},"colecciones":[355],"product_brand":[],"product_cat":[137],"product_tag":[],"class_list":{"0":"post-26163","1":"product","2":"type-product","3":"status-publish","4":"has-post-thumbnail","6":"colecciones-collezione-mimosa","7":"product_cat-accessori","9":"first","10":"instock","11":"purchasable","12":"product-type-simple"},"acf":[],"yoast_head":"<!-- This site is optimized with the Yoast SEO plugin v27.4 - https:\/\/yoast.com\/product\/yoast-seo-wordpress\/ -->\n<title>PORTADOCUMENTI MIMOSA ROSA - Walking Mum<\/title>\n<meta name=\"robots\" content=\"index, follow, max-snippet:-1, max-image-preview:large, max-video-preview:-1\" \/>\n<link rel=\"canonical\" href=\"https:\/\/walkingmum.com\/it\/prodotto\/portadocumenti-mimosa-rosa\/\" \/>\n<meta property=\"og:locale\" content=\"it_IT\" \/>\n<meta property=\"og:type\" content=\"article\" \/>\n<meta property=\"og:title\" content=\"PORTADOCUMENTI MIMOSA ROSA - Walking Mum\" \/>\n<meta property=\"og:description\" content=\"Il libro di nascita Mimosa Rosa con stampa floreale \u00e8 una pratica custodia portadocumenti progettata per abbinarsi alla borsa per maternit\u00e0. Un accessorio essenziale da portare sempre con s\u00e9 che ti aiuter\u00e0 a mantenere organizzati tutti i documenti del tuo bambino e le carte mediche (schede di vaccinazione, prescrizioni, certificato di nascita). Questa custodia portadocumenti [&hellip;]\" \/>\n<meta property=\"og:url\" content=\"https:\/\/walkingmum.com\/it\/prodotto\/portadocumenti-mimosa-rosa\/\" \/>\n<meta property=\"og:site_name\" content=\"Walking Mum\" \/>\n<meta property=\"article:modified_time\" content=\"2024-03-22T09:51:08+00:00\" \/>\n<meta property=\"og:image\" content=\"https:\/\/walkingmum.com\/wp-content\/uploads\/2024\/02\/1120800305_a.jpg\" \/>\n\t<meta property=\"og:image:width\" content=\"1200\" \/>\n\t<meta property=\"og:image:height\" content=\"1200\" \/>\n\t<meta property=\"og:image:type\" content=\"image\/jpeg\" \/>\n<meta name=\"twitter:card\" content=\"summary_large_image\" \/>\n<meta name=\"twitter:label1\" content=\"Tempo di lettura stimato\" \/>\n\t<meta name=\"twitter:data1\" content=\"1 minuto\" \/>\n<script type=\"application\/ld+json\" class=\"yoast-schema-graph\">{\"@context\":\"https:\\\/\\\/schema.org\",\"@graph\":[{\"@type\":\"WebPage\",\"@id\":\"https:\\\/\\\/walkingmum.com\\\/it\\\/prodotto\\\/portadocumenti-mimosa-rosa\\\/\",\"url\":\"https:\\\/\\\/walkingmum.com\\\/it\\\/prodotto\\\/portadocumenti-mimosa-rosa\\\/\",\"name\":\"PORTADOCUMENTI MIMOSA ROSA - Walking Mum\",\"isPartOf\":{\"@id\":\"https:\\\/\\\/walkingmum.com\\\/#website\"},\"primaryImageOfPage\":{\"@id\":\"https:\\\/\\\/walkingmum.com\\\/it\\\/prodotto\\\/portadocumenti-mimosa-rosa\\\/#primaryimage\"},\"image\":{\"@id\":\"https:\\\/\\\/walkingmum.com\\\/it\\\/prodotto\\\/portadocumenti-mimosa-rosa\\\/#primaryimage\"},\"thumbnailUrl\":\"https:\\\/\\\/walkingmum.com\\\/wp-content\\\/uploads\\\/2024\\\/02\\\/1120800305_a.jpg\",\"datePublished\":\"2024-03-22T08:46:26+00:00\",\"dateModified\":\"2024-03-22T09:51:08+00:00\",\"breadcrumb\":{\"@id\":\"https:\\\/\\\/walkingmum.com\\\/it\\\/prodotto\\\/portadocumenti-mimosa-rosa\\\/#breadcrumb\"},\"inLanguage\":\"it-IT\",\"potentialAction\":[{\"@type\":\"ReadAction\",\"target\":[\"https:\\\/\\\/walkingmum.com\\\/it\\\/prodotto\\\/portadocumenti-mimosa-rosa\\\/\"]}]},{\"@type\":\"ImageObject\",\"inLanguage\":\"it-IT\",\"@id\":\"https:\\\/\\\/walkingmum.com\\\/it\\\/prodotto\\\/portadocumenti-mimosa-rosa\\\/#primaryimage\",\"url\":\"https:\\\/\\\/walkingmum.com\\\/wp-content\\\/uploads\\\/2024\\\/02\\\/1120800305_a.jpg\",\"contentUrl\":\"https:\\\/\\\/walkingmum.com\\\/wp-content\\\/uploads\\\/2024\\\/02\\\/1120800305_a.jpg\",\"width\":1200,\"height\":1200},{\"@type\":\"BreadcrumbList\",\"@id\":\"https:\\\/\\\/walkingmum.com\\\/it\\\/prodotto\\\/portadocumenti-mimosa-rosa\\\/#breadcrumb\",\"itemListElement\":[{\"@type\":\"ListItem\",\"position\":1,\"name\":\"Portada\",\"item\":\"https:\\\/\\\/walkingmum.com\\\/it\\\/\"},{\"@type\":\"ListItem\",\"position\":2,\"name\":\"Tienda\",\"item\":\"https:\\\/\\\/walkingmum.com\\\/tienda\\\/\"},{\"@type\":\"ListItem\",\"position\":3,\"name\":\"PORTADOCUMENTI MIMOSA ROSA\"}]},{\"@type\":\"WebSite\",\"@id\":\"https:\\\/\\\/walkingmum.com\\\/#website\",\"url\":\"https:\\\/\\\/walkingmum.com\\\/\",\"name\":\"Walking Mum\",\"description\":\"La marca para beb\u00e9s modernos\",\"potentialAction\":[{\"@type\":\"SearchAction\",\"target\":{\"@type\":\"EntryPoint\",\"urlTemplate\":\"https:\\\/\\\/walkingmum.com\\\/?s={search_term_string}\"},\"query-input\":{\"@type\":\"PropertyValueSpecification\",\"valueRequired\":true,\"valueName\":\"search_term_string\"}}],\"inLanguage\":\"it-IT\"}]}<\/script>\n<!-- \/ Yoast SEO plugin. -->","yoast_head_json":{"title":"PORTADOCUMENTI MIMOSA ROSA - Walking Mum","robots":{"index":"index","follow":"follow","max-snippet":"max-snippet:-1","max-image-preview":"max-image-preview:large","max-video-preview":"max-video-preview:-1"},"canonical":"https:\/\/walkingmum.com\/it\/prodotto\/portadocumenti-mimosa-rosa\/","og_locale":"it_IT","og_type":"article","og_title":"PORTADOCUMENTI MIMOSA ROSA - Walking Mum","og_description":"Il libro di nascita Mimosa Rosa con stampa floreale \u00e8 una pratica custodia portadocumenti progettata per abbinarsi alla borsa per maternit\u00e0. Un accessorio essenziale da portare sempre con s\u00e9 che ti aiuter\u00e0 a mantenere organizzati tutti i documenti del tuo bambino e le carte mediche (schede di vaccinazione, prescrizioni, certificato di nascita). Questa custodia portadocumenti [&hellip;]","og_url":"https:\/\/walkingmum.com\/it\/prodotto\/portadocumenti-mimosa-rosa\/","og_site_name":"Walking Mum","article_modified_time":"2024-03-22T09:51:08+00:00","og_image":[{"width":1200,"height":1200,"url":"https:\/\/walkingmum.com\/wp-content\/uploads\/2024\/02\/1120800305_a.jpg","type":"image\/jpeg"}],"twitter_card":"summary_large_image","twitter_misc":{"Tempo di lettura stimato":"1 minuto"},"schema":{"@context":"https:\/\/schema.org","@graph":[{"@type":"WebPage","@id":"https:\/\/walkingmum.com\/it\/prodotto\/portadocumenti-mimosa-rosa\/","url":"https:\/\/walkingmum.com\/it\/prodotto\/portadocumenti-mimosa-rosa\/","name":"PORTADOCUMENTI MIMOSA ROSA - Walking Mum","isPartOf":{"@id":"https:\/\/walkingmum.com\/#website"},"primaryImageOfPage":{"@id":"https:\/\/walkingmum.com\/it\/prodotto\/portadocumenti-mimosa-rosa\/#primaryimage"},"image":{"@id":"https:\/\/walkingmum.com\/it\/prodotto\/portadocumenti-mimosa-rosa\/#primaryimage"},"thumbnailUrl":"https:\/\/walkingmum.com\/wp-content\/uploads\/2024\/02\/1120800305_a.jpg","datePublished":"2024-03-22T08:46:26+00:00","dateModified":"2024-03-22T09:51:08+00:00","breadcrumb":{"@id":"https:\/\/walkingmum.com\/it\/prodotto\/portadocumenti-mimosa-rosa\/#breadcrumb"},"inLanguage":"it-IT","potentialAction":[{"@type":"ReadAction","target":["https:\/\/walkingmum.com\/it\/prodotto\/portadocumenti-mimosa-rosa\/"]}]},{"@type":"ImageObject","inLanguage":"it-IT","@id":"https:\/\/walkingmum.com\/it\/prodotto\/portadocumenti-mimosa-rosa\/#primaryimage","url":"https:\/\/walkingmum.com\/wp-content\/uploads\/2024\/02\/1120800305_a.jpg","contentUrl":"https:\/\/walkingmum.com\/wp-content\/uploads\/2024\/02\/1120800305_a.jpg","width":1200,"height":1200},{"@type":"BreadcrumbList","@id":"https:\/\/walkingmum.com\/it\/prodotto\/portadocumenti-mimosa-rosa\/#breadcrumb","itemListElement":[{"@type":"ListItem","position":1,"name":"Portada","item":"https:\/\/walkingmum.com\/it\/"},{"@type":"ListItem","position":2,"name":"Tienda","item":"https:\/\/walkingmum.com\/tienda\/"},{"@type":"ListItem","position":3,"name":"PORTADOCUMENTI MIMOSA ROSA"}]},{"@type":"WebSite","@id":"https:\/\/walkingmum.com\/#website","url":"https:\/\/walkingmum.com\/","name":"Walking Mum","description":"La marca para beb\u00e9s modernos","potentialAction":[{"@type":"SearchAction","target":{"@type":"EntryPoint","urlTemplate":"https:\/\/walkingmum.com\/?s={search_term_string}"},"query-input":{"@type":"PropertyValueSpecification","valueRequired":true,"valueName":"search_term_string"}}],"inLanguage":"it-IT"}]}},"_links":{"self":[{"href":"https:\/\/walkingmum.com\/it\/wp-json\/wp\/v2\/product\/26163","targetHints":{"allow":["GET"]}}],"collection":[{"href":"https:\/\/walkingmum.com\/it\/wp-json\/wp\/v2\/product"}],"about":[{"href":"https:\/\/walkingmum.com\/it\/wp-json\/wp\/v2\/types\/product"}],"replies":[{"embeddable":true,"href":"https:\/\/walkingmum.com\/it\/wp-json\/wp\/v2\/comments?post=26163"}],"wp:featuredmedia":[{"embeddable":true,"href":"https:\/\/walkingmum.com\/it\/wp-json\/wp\/v2\/media\/23687"}],"wp:attachment":[{"href":"https:\/\/walkingmum.com\/it\/wp-json\/wp\/v2\/media?parent=26163"}],"wp:term":[{"taxonomy":"colecciones","embeddable":true,"href":"https:\/\/walkingmum.com\/it\/wp-json\/wp\/v2\/colecciones?post=26163"},{"taxonomy":"product_brand","embeddable":true,"href":"https:\/\/walkingmum.com\/it\/wp-json\/wp\/v2\/product_brand?post=26163"},{"taxonomy":"product_cat","embeddable":true,"href":"https:\/\/walkingmum.com\/it\/wp-json\/wp\/v2\/product_cat?post=26163"},{"taxonomy":"product_tag","embeddable":true,"href":"https:\/\/walkingmum.com\/it\/wp-json\/wp\/v2\/product_tag?post=26163"}],"curies":[{"name":"wp","href":"https:\/\/api.w.org\/{rel}","templated":true}]}}