{"id":26155,"date":"2024-03-22T08:44:39","date_gmt":"2024-03-22T08:46:24","guid":{"rendered":"https:\/\/walkingmum.com\/?post_type=product&#038;p=26155"},"modified":"2024-03-22T09:51:06","modified_gmt":"2024-03-22T09:51:06","slug":"borsa-crossbody-mimosa-rosa","status":"publish","type":"product","link":"https:\/\/walkingmum.com\/it\/prodotto\/borsa-crossbody-mimosa-rosa\/","title":{"rendered":"BORSA CROSSBODY MIMOSA ROSA"},"content":{"rendered":"<p>La borsa a tracolla Mimosa Rosa con stampa floreale per passeggini \u00e8 un modello molto leggero, oltre ad essere resistente e spazioso in modo da poter portare tutto ci\u00f2 di cui potresti aver bisogno durante la passeggiata del tuo bambino. Oltre alla sua grande capacit\u00e0, \u00e8 progettato per facilitare l&#8217;organizzazione, con diverse tasche interne che ti aiuteranno a mantenere tutti i tuoi accessori ordinati e facilmente accessibili quando ne hai bisogno. Ha una tasca interna foderata in plastica per vestiti bagnati, una tasca termica interna e due tasche laterali. Include un fasciatoio. Il suo design moderno e informale lo rende perfetto per un uso quotidiano e da abbinare ai tuoi outfit casual o sportivi. Incorpora manici corti con cui puoi attaccarlo a qualsiasi modello di passeggino e un manico lungo in modo da poterlo appenderlo sulla spalla. Alta qualit\u00e0 e molto stile. Realizzato al 100% in cotone con trattamento impermeabile, \u00e8 facile da pulire a mano o in lavatrice a 30\u00b0C. Walking Mum protegge il tuo bambino utilizzando i migliori tessuti, privi di coloranti azoici e sostanze nocive per la salute. La nostra collezione Walking Mum \u00e8 progettata con uno stile urbano e moderno distintivo che non passa inosservato, per vestire in modo diverso le tue uscite con il tuo bambino. Le borse per maternit\u00e0 in questa linea sono pi\u00f9 sportive e pratiche, specialmente progettate per mamme e pap\u00e0 moderni che apprezzano gli ultimi design e tendenze senza sacrificare qualit\u00e0 e funzionalit\u00e0 negli accessori che completano e rendono pi\u00f9 confortevoli tutte le uscite con i loro bambini. Specifiche: Materiali: 100% cotone con trattamento impermeabile. Misure: 33X25X12 cm.<\/p>\n","protected":false},"excerpt":{"rendered":"<p>La borsa a tracolla Mimosa Rosa con stampa floreale per passeggini \u00e8 un modello molto leggero, oltre ad essere resistente e spazioso in modo da poter portare tutto ci\u00f2 di cui potresti aver bisogno durante la passeggiata del tuo bambino. Oltre alla sua grande capacit\u00e0, \u00e8 progettato per facilitare l&#8217;organizzazione, con diverse tasche interne che [&hellip;]<\/p>\n","protected":false},"featured_media":23495,"comment_status":"closed","ping_status":"open","template":"","meta":{"_acf_changed":false,"inline_featured_image":false},"colecciones":[355],"product_brand":[],"product_cat":[128],"product_tag":[],"class_list":{"0":"post-26155","1":"product","2":"type-product","3":"status-publish","4":"has-post-thumbnail","6":"colecciones-collezione-mimosa","7":"product_cat-borse-fasciatoio","9":"first","10":"instock","11":"purchasable","12":"product-type-simple"},"acf":[],"yoast_head":"<!-- This site is optimized with the Yoast SEO plugin v27.3 - https:\/\/yoast.com\/product\/yoast-seo-wordpress\/ -->\n<title>BORSA CROSSBODY MIMOSA ROSA - Walking Mum<\/title>\n<meta name=\"robots\" content=\"index, follow, max-snippet:-1, max-image-preview:large, max-video-preview:-1\" \/>\n<link rel=\"canonical\" href=\"https:\/\/walkingmum.com\/it\/prodotto\/borsa-crossbody-mimosa-rosa\/\" \/>\n<meta property=\"og:locale\" content=\"it_IT\" \/>\n<meta property=\"og:type\" content=\"article\" \/>\n<meta property=\"og:title\" content=\"BORSA CROSSBODY MIMOSA ROSA - Walking Mum\" \/>\n<meta property=\"og:description\" content=\"La borsa a tracolla Mimosa Rosa con stampa floreale per passeggini \u00e8 un modello molto leggero, oltre ad essere resistente e spazioso in modo da poter portare tutto ci\u00f2 di cui potresti aver bisogno durante la passeggiata del tuo bambino. Oltre alla sua grande capacit\u00e0, \u00e8 progettato per facilitare l&#8217;organizzazione, con diverse tasche interne che [&hellip;]\" \/>\n<meta property=\"og:url\" content=\"https:\/\/walkingmum.com\/it\/prodotto\/borsa-crossbody-mimosa-rosa\/\" \/>\n<meta property=\"og:site_name\" content=\"Walking Mum\" \/>\n<meta property=\"article:modified_time\" content=\"2024-03-22T09:51:06+00:00\" \/>\n<meta property=\"og:image\" content=\"https:\/\/walkingmum.com\/wp-content\/uploads\/2024\/02\/1120800297_a.jpg\" \/>\n\t<meta property=\"og:image:width\" content=\"1200\" \/>\n\t<meta property=\"og:image:height\" content=\"1200\" \/>\n\t<meta property=\"og:image:type\" content=\"image\/jpeg\" \/>\n<meta name=\"twitter:card\" content=\"summary_large_image\" \/>\n<meta name=\"twitter:label1\" content=\"Tempo di lettura stimato\" \/>\n\t<meta name=\"twitter:data1\" content=\"1 minuto\" \/>\n<script type=\"application\/ld+json\" class=\"yoast-schema-graph\">{\"@context\":\"https:\\\/\\\/schema.org\",\"@graph\":[{\"@type\":\"WebPage\",\"@id\":\"https:\\\/\\\/walkingmum.com\\\/it\\\/prodotto\\\/borsa-crossbody-mimosa-rosa\\\/\",\"url\":\"https:\\\/\\\/walkingmum.com\\\/it\\\/prodotto\\\/borsa-crossbody-mimosa-rosa\\\/\",\"name\":\"BORSA CROSSBODY MIMOSA ROSA - Walking Mum\",\"isPartOf\":{\"@id\":\"https:\\\/\\\/walkingmum.com\\\/#website\"},\"primaryImageOfPage\":{\"@id\":\"https:\\\/\\\/walkingmum.com\\\/it\\\/prodotto\\\/borsa-crossbody-mimosa-rosa\\\/#primaryimage\"},\"image\":{\"@id\":\"https:\\\/\\\/walkingmum.com\\\/it\\\/prodotto\\\/borsa-crossbody-mimosa-rosa\\\/#primaryimage\"},\"thumbnailUrl\":\"https:\\\/\\\/walkingmum.com\\\/wp-content\\\/uploads\\\/2024\\\/02\\\/1120800297_a.jpg\",\"datePublished\":\"2024-03-22T08:46:24+00:00\",\"dateModified\":\"2024-03-22T09:51:06+00:00\",\"breadcrumb\":{\"@id\":\"https:\\\/\\\/walkingmum.com\\\/it\\\/prodotto\\\/borsa-crossbody-mimosa-rosa\\\/#breadcrumb\"},\"inLanguage\":\"it-IT\",\"potentialAction\":[{\"@type\":\"ReadAction\",\"target\":[\"https:\\\/\\\/walkingmum.com\\\/it\\\/prodotto\\\/borsa-crossbody-mimosa-rosa\\\/\"]}]},{\"@type\":\"ImageObject\",\"inLanguage\":\"it-IT\",\"@id\":\"https:\\\/\\\/walkingmum.com\\\/it\\\/prodotto\\\/borsa-crossbody-mimosa-rosa\\\/#primaryimage\",\"url\":\"https:\\\/\\\/walkingmum.com\\\/wp-content\\\/uploads\\\/2024\\\/02\\\/1120800297_a.jpg\",\"contentUrl\":\"https:\\\/\\\/walkingmum.com\\\/wp-content\\\/uploads\\\/2024\\\/02\\\/1120800297_a.jpg\",\"width\":1200,\"height\":1200},{\"@type\":\"BreadcrumbList\",\"@id\":\"https:\\\/\\\/walkingmum.com\\\/it\\\/prodotto\\\/borsa-crossbody-mimosa-rosa\\\/#breadcrumb\",\"itemListElement\":[{\"@type\":\"ListItem\",\"position\":1,\"name\":\"Portada\",\"item\":\"https:\\\/\\\/walkingmum.com\\\/it\\\/\"},{\"@type\":\"ListItem\",\"position\":2,\"name\":\"Tienda\",\"item\":\"https:\\\/\\\/walkingmum.com\\\/tienda\\\/\"},{\"@type\":\"ListItem\",\"position\":3,\"name\":\"BORSA CROSSBODY MIMOSA ROSA\"}]},{\"@type\":\"WebSite\",\"@id\":\"https:\\\/\\\/walkingmum.com\\\/#website\",\"url\":\"https:\\\/\\\/walkingmum.com\\\/\",\"name\":\"Walking Mum\",\"description\":\"La marca para beb\u00e9s modernos\",\"potentialAction\":[{\"@type\":\"SearchAction\",\"target\":{\"@type\":\"EntryPoint\",\"urlTemplate\":\"https:\\\/\\\/walkingmum.com\\\/?s={search_term_string}\"},\"query-input\":{\"@type\":\"PropertyValueSpecification\",\"valueRequired\":true,\"valueName\":\"search_term_string\"}}],\"inLanguage\":\"it-IT\"}]}<\/script>\n<!-- \/ Yoast SEO plugin. -->","yoast_head_json":{"title":"BORSA CROSSBODY MIMOSA ROSA - Walking Mum","robots":{"index":"index","follow":"follow","max-snippet":"max-snippet:-1","max-image-preview":"max-image-preview:large","max-video-preview":"max-video-preview:-1"},"canonical":"https:\/\/walkingmum.com\/it\/prodotto\/borsa-crossbody-mimosa-rosa\/","og_locale":"it_IT","og_type":"article","og_title":"BORSA CROSSBODY MIMOSA ROSA - Walking Mum","og_description":"La borsa a tracolla Mimosa Rosa con stampa floreale per passeggini \u00e8 un modello molto leggero, oltre ad essere resistente e spazioso in modo da poter portare tutto ci\u00f2 di cui potresti aver bisogno durante la passeggiata del tuo bambino. Oltre alla sua grande capacit\u00e0, \u00e8 progettato per facilitare l&#8217;organizzazione, con diverse tasche interne che [&hellip;]","og_url":"https:\/\/walkingmum.com\/it\/prodotto\/borsa-crossbody-mimosa-rosa\/","og_site_name":"Walking Mum","article_modified_time":"2024-03-22T09:51:06+00:00","og_image":[{"width":1200,"height":1200,"url":"https:\/\/walkingmum.com\/wp-content\/uploads\/2024\/02\/1120800297_a.jpg","type":"image\/jpeg"}],"twitter_card":"summary_large_image","twitter_misc":{"Tempo di lettura stimato":"1 minuto"},"schema":{"@context":"https:\/\/schema.org","@graph":[{"@type":"WebPage","@id":"https:\/\/walkingmum.com\/it\/prodotto\/borsa-crossbody-mimosa-rosa\/","url":"https:\/\/walkingmum.com\/it\/prodotto\/borsa-crossbody-mimosa-rosa\/","name":"BORSA CROSSBODY MIMOSA ROSA - Walking Mum","isPartOf":{"@id":"https:\/\/walkingmum.com\/#website"},"primaryImageOfPage":{"@id":"https:\/\/walkingmum.com\/it\/prodotto\/borsa-crossbody-mimosa-rosa\/#primaryimage"},"image":{"@id":"https:\/\/walkingmum.com\/it\/prodotto\/borsa-crossbody-mimosa-rosa\/#primaryimage"},"thumbnailUrl":"https:\/\/walkingmum.com\/wp-content\/uploads\/2024\/02\/1120800297_a.jpg","datePublished":"2024-03-22T08:46:24+00:00","dateModified":"2024-03-22T09:51:06+00:00","breadcrumb":{"@id":"https:\/\/walkingmum.com\/it\/prodotto\/borsa-crossbody-mimosa-rosa\/#breadcrumb"},"inLanguage":"it-IT","potentialAction":[{"@type":"ReadAction","target":["https:\/\/walkingmum.com\/it\/prodotto\/borsa-crossbody-mimosa-rosa\/"]}]},{"@type":"ImageObject","inLanguage":"it-IT","@id":"https:\/\/walkingmum.com\/it\/prodotto\/borsa-crossbody-mimosa-rosa\/#primaryimage","url":"https:\/\/walkingmum.com\/wp-content\/uploads\/2024\/02\/1120800297_a.jpg","contentUrl":"https:\/\/walkingmum.com\/wp-content\/uploads\/2024\/02\/1120800297_a.jpg","width":1200,"height":1200},{"@type":"BreadcrumbList","@id":"https:\/\/walkingmum.com\/it\/prodotto\/borsa-crossbody-mimosa-rosa\/#breadcrumb","itemListElement":[{"@type":"ListItem","position":1,"name":"Portada","item":"https:\/\/walkingmum.com\/it\/"},{"@type":"ListItem","position":2,"name":"Tienda","item":"https:\/\/walkingmum.com\/tienda\/"},{"@type":"ListItem","position":3,"name":"BORSA CROSSBODY MIMOSA ROSA"}]},{"@type":"WebSite","@id":"https:\/\/walkingmum.com\/#website","url":"https:\/\/walkingmum.com\/","name":"Walking Mum","description":"La marca para beb\u00e9s modernos","potentialAction":[{"@type":"SearchAction","target":{"@type":"EntryPoint","urlTemplate":"https:\/\/walkingmum.com\/?s={search_term_string}"},"query-input":{"@type":"PropertyValueSpecification","valueRequired":true,"valueName":"search_term_string"}}],"inLanguage":"it-IT"}]}},"_links":{"self":[{"href":"https:\/\/walkingmum.com\/it\/wp-json\/wp\/v2\/product\/26155","targetHints":{"allow":["GET"]}}],"collection":[{"href":"https:\/\/walkingmum.com\/it\/wp-json\/wp\/v2\/product"}],"about":[{"href":"https:\/\/walkingmum.com\/it\/wp-json\/wp\/v2\/types\/product"}],"replies":[{"embeddable":true,"href":"https:\/\/walkingmum.com\/it\/wp-json\/wp\/v2\/comments?post=26155"}],"wp:featuredmedia":[{"embeddable":true,"href":"https:\/\/walkingmum.com\/it\/wp-json\/wp\/v2\/media\/23495"}],"wp:attachment":[{"href":"https:\/\/walkingmum.com\/it\/wp-json\/wp\/v2\/media?parent=26155"}],"wp:term":[{"taxonomy":"colecciones","embeddable":true,"href":"https:\/\/walkingmum.com\/it\/wp-json\/wp\/v2\/colecciones?post=26155"},{"taxonomy":"product_brand","embeddable":true,"href":"https:\/\/walkingmum.com\/it\/wp-json\/wp\/v2\/product_brand?post=26155"},{"taxonomy":"product_cat","embeddable":true,"href":"https:\/\/walkingmum.com\/it\/wp-json\/wp\/v2\/product_cat?post=26155"},{"taxonomy":"product_tag","embeddable":true,"href":"https:\/\/walkingmum.com\/it\/wp-json\/wp\/v2\/product_tag?post=26155"}],"curies":[{"name":"wp","href":"https:\/\/api.w.org\/{rel}","templated":true}]}}