{"id":26153,"date":"2024-03-22T08:44:38","date_gmt":"2024-03-22T08:46:25","guid":{"rendered":"https:\/\/walkingmum.com\/?post_type=product&#038;p=26153"},"modified":"2024-03-22T09:51:07","modified_gmt":"2024-03-22T09:51:07","slug":"zaino-mimosa-rosa","status":"publish","type":"product","link":"https:\/\/walkingmum.com\/it\/prodotto\/zaino-mimosa-rosa\/","title":{"rendered":"ZAINO MIMOSA ROSA"},"content":{"rendered":"<p>Una borsa per pannolini e uno zaino in uno, ideale per trasportare sia i tuoi che gli essenziali del tuo bambino, con molto stile, in tutte le tue uscite. Lo zaino Mimosa Rosa con stampa floreale \u00e8 realizzato al 100% in cotone con trattamento impermeabile. Questo zaino per passeggino \u00e8 un modello multifunzionale, molto leggero, resistente e con ampia capacit\u00e0 per trasportare tutto il necessario per l&#8217;uscita del tuo bambino. Il suo design comprende molte tasche esterne e interne per mantenere tutto organizzato e a portata di mano. Ha tasche per riporre bottiglie in modo sicuro, scomparti per utensili, salviettine umidificate e persino un portabottiglie. Include un fasciatoio coordinato e una tasca foderata in plastica per riporre i vestiti bagnati e isolare l&#8217;umidit\u00e0 dal resto dello zaino. La borsa include 2 maniglie corte regolabili che la rendono facile da attaccare a qualsiasi modello di passeggino, cinghie a mano e spallacci imbottiti per appenderla comodamente sulla schiena senza causare disagio a causa del peso. Alta qualit\u00e0 e molto stile. Realizzato al 100% in cotone con trattamento impermeabile, \u00e8 facile da pulire a mano o in lavatrice. Walking Mum protegge il tuo bambino utilizzando i migliori tessuti, privi di coloranti azoici e sostanze nocive per la salute. La nostra collezione Walking Mum mantiene tutta la qualit\u00e0 del marchio Pasito a Pasito ma con uno stile urbano e moderno distintivo che non passa inosservato, per vestire in modo diverso le tue uscite con il tuo bambino. Le borse per maternit\u00e0 in questa linea sono pi\u00f9 sportive e pratiche, specialmente progettate per mamme e pap\u00e0 moderni che apprezzano gli ultimi design e tendenze senza sacrificare qualit\u00e0 e funzionalit\u00e0 negli accessori che completano e rendono pi\u00f9 confortevoli tutte le uscite con i loro bambini. Specifiche: Materiali: 100% cotone. Misure: 36X26X12 cm.<\/p>\n","protected":false},"excerpt":{"rendered":"<p>Una borsa per pannolini e uno zaino in uno, ideale per trasportare sia i tuoi che gli essenziali del tuo bambino, con molto stile, in tutte le tue uscite. Lo zaino Mimosa Rosa con stampa floreale \u00e8 realizzato al 100% in cotone con trattamento impermeabile. Questo zaino per passeggino \u00e8 un modello multifunzionale, molto leggero, [&hellip;]<\/p>\n","protected":false},"featured_media":23405,"comment_status":"closed","ping_status":"open","template":"","meta":{"_acf_changed":false,"inline_featured_image":false},"colecciones":[355],"product_brand":[],"product_cat":[131],"product_tag":[],"class_list":{"0":"post-26153","1":"product","2":"type-product","3":"status-publish","4":"has-post-thumbnail","6":"colecciones-collezione-mimosa","7":"product_cat-zaini-fasciatoio","9":"first","10":"instock","11":"purchasable","12":"product-type-simple"},"acf":[],"yoast_head":"<!-- This site is optimized with the Yoast SEO plugin v27.5 - https:\/\/yoast.com\/product\/yoast-seo-wordpress\/ -->\n<title>ZAINO MIMOSA ROSA - Walking Mum<\/title>\n<meta name=\"robots\" content=\"index, follow, max-snippet:-1, max-image-preview:large, max-video-preview:-1\" \/>\n<link rel=\"canonical\" href=\"https:\/\/walkingmum.com\/it\/prodotto\/zaino-mimosa-rosa\/\" \/>\n<meta property=\"og:locale\" content=\"it_IT\" \/>\n<meta property=\"og:type\" content=\"article\" \/>\n<meta property=\"og:title\" content=\"ZAINO MIMOSA ROSA - Walking Mum\" \/>\n<meta property=\"og:description\" content=\"Una borsa per pannolini e uno zaino in uno, ideale per trasportare sia i tuoi che gli essenziali del tuo bambino, con molto stile, in tutte le tue uscite. Lo zaino Mimosa Rosa con stampa floreale \u00e8 realizzato al 100% in cotone con trattamento impermeabile. Questo zaino per passeggino \u00e8 un modello multifunzionale, molto leggero, [&hellip;]\" \/>\n<meta property=\"og:url\" content=\"https:\/\/walkingmum.com\/it\/prodotto\/zaino-mimosa-rosa\/\" \/>\n<meta property=\"og:site_name\" content=\"Walking Mum\" \/>\n<meta property=\"article:modified_time\" content=\"2024-03-22T09:51:07+00:00\" \/>\n<meta property=\"og:image\" content=\"https:\/\/walkingmum.com\/wp-content\/uploads\/2024\/02\/1120800295_a.jpg\" \/>\n\t<meta property=\"og:image:width\" content=\"1200\" \/>\n\t<meta property=\"og:image:height\" content=\"1200\" \/>\n\t<meta property=\"og:image:type\" content=\"image\/jpeg\" \/>\n<meta name=\"twitter:card\" content=\"summary_large_image\" \/>\n<meta name=\"twitter:label1\" content=\"Tempo di lettura stimato\" \/>\n\t<meta name=\"twitter:data1\" content=\"1 minuto\" \/>\n<script type=\"application\/ld+json\" class=\"yoast-schema-graph\">{\"@context\":\"https:\\\/\\\/schema.org\",\"@graph\":[{\"@type\":\"WebPage\",\"@id\":\"https:\\\/\\\/walkingmum.com\\\/it\\\/prodotto\\\/zaino-mimosa-rosa\\\/\",\"url\":\"https:\\\/\\\/walkingmum.com\\\/it\\\/prodotto\\\/zaino-mimosa-rosa\\\/\",\"name\":\"ZAINO MIMOSA ROSA - Walking Mum\",\"isPartOf\":{\"@id\":\"https:\\\/\\\/walkingmum.com\\\/#website\"},\"primaryImageOfPage\":{\"@id\":\"https:\\\/\\\/walkingmum.com\\\/it\\\/prodotto\\\/zaino-mimosa-rosa\\\/#primaryimage\"},\"image\":{\"@id\":\"https:\\\/\\\/walkingmum.com\\\/it\\\/prodotto\\\/zaino-mimosa-rosa\\\/#primaryimage\"},\"thumbnailUrl\":\"https:\\\/\\\/walkingmum.com\\\/wp-content\\\/uploads\\\/2024\\\/02\\\/1120800295_a.jpg\",\"datePublished\":\"2024-03-22T08:46:25+00:00\",\"dateModified\":\"2024-03-22T09:51:07+00:00\",\"breadcrumb\":{\"@id\":\"https:\\\/\\\/walkingmum.com\\\/it\\\/prodotto\\\/zaino-mimosa-rosa\\\/#breadcrumb\"},\"inLanguage\":\"it-IT\",\"potentialAction\":[{\"@type\":\"ReadAction\",\"target\":[\"https:\\\/\\\/walkingmum.com\\\/it\\\/prodotto\\\/zaino-mimosa-rosa\\\/\"]}]},{\"@type\":\"ImageObject\",\"inLanguage\":\"it-IT\",\"@id\":\"https:\\\/\\\/walkingmum.com\\\/it\\\/prodotto\\\/zaino-mimosa-rosa\\\/#primaryimage\",\"url\":\"https:\\\/\\\/walkingmum.com\\\/wp-content\\\/uploads\\\/2024\\\/02\\\/1120800295_a.jpg\",\"contentUrl\":\"https:\\\/\\\/walkingmum.com\\\/wp-content\\\/uploads\\\/2024\\\/02\\\/1120800295_a.jpg\",\"width\":1200,\"height\":1200},{\"@type\":\"BreadcrumbList\",\"@id\":\"https:\\\/\\\/walkingmum.com\\\/it\\\/prodotto\\\/zaino-mimosa-rosa\\\/#breadcrumb\",\"itemListElement\":[{\"@type\":\"ListItem\",\"position\":1,\"name\":\"Portada\",\"item\":\"https:\\\/\\\/walkingmum.com\\\/it\\\/\"},{\"@type\":\"ListItem\",\"position\":2,\"name\":\"Tienda\",\"item\":\"https:\\\/\\\/walkingmum.com\\\/tienda\\\/\"},{\"@type\":\"ListItem\",\"position\":3,\"name\":\"ZAINO MIMOSA ROSA\"}]},{\"@type\":\"WebSite\",\"@id\":\"https:\\\/\\\/walkingmum.com\\\/#website\",\"url\":\"https:\\\/\\\/walkingmum.com\\\/\",\"name\":\"Walking Mum\",\"description\":\"La marca para beb\u00e9s modernos\",\"potentialAction\":[{\"@type\":\"SearchAction\",\"target\":{\"@type\":\"EntryPoint\",\"urlTemplate\":\"https:\\\/\\\/walkingmum.com\\\/?s={search_term_string}\"},\"query-input\":{\"@type\":\"PropertyValueSpecification\",\"valueRequired\":true,\"valueName\":\"search_term_string\"}}],\"inLanguage\":\"it-IT\"}]}<\/script>\n<!-- \/ Yoast SEO plugin. -->","yoast_head_json":{"title":"ZAINO MIMOSA ROSA - Walking Mum","robots":{"index":"index","follow":"follow","max-snippet":"max-snippet:-1","max-image-preview":"max-image-preview:large","max-video-preview":"max-video-preview:-1"},"canonical":"https:\/\/walkingmum.com\/it\/prodotto\/zaino-mimosa-rosa\/","og_locale":"it_IT","og_type":"article","og_title":"ZAINO MIMOSA ROSA - Walking Mum","og_description":"Una borsa per pannolini e uno zaino in uno, ideale per trasportare sia i tuoi che gli essenziali del tuo bambino, con molto stile, in tutte le tue uscite. Lo zaino Mimosa Rosa con stampa floreale \u00e8 realizzato al 100% in cotone con trattamento impermeabile. Questo zaino per passeggino \u00e8 un modello multifunzionale, molto leggero, [&hellip;]","og_url":"https:\/\/walkingmum.com\/it\/prodotto\/zaino-mimosa-rosa\/","og_site_name":"Walking Mum","article_modified_time":"2024-03-22T09:51:07+00:00","og_image":[{"width":1200,"height":1200,"url":"https:\/\/walkingmum.com\/wp-content\/uploads\/2024\/02\/1120800295_a.jpg","type":"image\/jpeg"}],"twitter_card":"summary_large_image","twitter_misc":{"Tempo di lettura stimato":"1 minuto"},"schema":{"@context":"https:\/\/schema.org","@graph":[{"@type":"WebPage","@id":"https:\/\/walkingmum.com\/it\/prodotto\/zaino-mimosa-rosa\/","url":"https:\/\/walkingmum.com\/it\/prodotto\/zaino-mimosa-rosa\/","name":"ZAINO MIMOSA ROSA - Walking Mum","isPartOf":{"@id":"https:\/\/walkingmum.com\/#website"},"primaryImageOfPage":{"@id":"https:\/\/walkingmum.com\/it\/prodotto\/zaino-mimosa-rosa\/#primaryimage"},"image":{"@id":"https:\/\/walkingmum.com\/it\/prodotto\/zaino-mimosa-rosa\/#primaryimage"},"thumbnailUrl":"https:\/\/walkingmum.com\/wp-content\/uploads\/2024\/02\/1120800295_a.jpg","datePublished":"2024-03-22T08:46:25+00:00","dateModified":"2024-03-22T09:51:07+00:00","breadcrumb":{"@id":"https:\/\/walkingmum.com\/it\/prodotto\/zaino-mimosa-rosa\/#breadcrumb"},"inLanguage":"it-IT","potentialAction":[{"@type":"ReadAction","target":["https:\/\/walkingmum.com\/it\/prodotto\/zaino-mimosa-rosa\/"]}]},{"@type":"ImageObject","inLanguage":"it-IT","@id":"https:\/\/walkingmum.com\/it\/prodotto\/zaino-mimosa-rosa\/#primaryimage","url":"https:\/\/walkingmum.com\/wp-content\/uploads\/2024\/02\/1120800295_a.jpg","contentUrl":"https:\/\/walkingmum.com\/wp-content\/uploads\/2024\/02\/1120800295_a.jpg","width":1200,"height":1200},{"@type":"BreadcrumbList","@id":"https:\/\/walkingmum.com\/it\/prodotto\/zaino-mimosa-rosa\/#breadcrumb","itemListElement":[{"@type":"ListItem","position":1,"name":"Portada","item":"https:\/\/walkingmum.com\/it\/"},{"@type":"ListItem","position":2,"name":"Tienda","item":"https:\/\/walkingmum.com\/tienda\/"},{"@type":"ListItem","position":3,"name":"ZAINO MIMOSA ROSA"}]},{"@type":"WebSite","@id":"https:\/\/walkingmum.com\/#website","url":"https:\/\/walkingmum.com\/","name":"Walking Mum","description":"La marca para beb\u00e9s modernos","potentialAction":[{"@type":"SearchAction","target":{"@type":"EntryPoint","urlTemplate":"https:\/\/walkingmum.com\/?s={search_term_string}"},"query-input":{"@type":"PropertyValueSpecification","valueRequired":true,"valueName":"search_term_string"}}],"inLanguage":"it-IT"}]}},"_links":{"self":[{"href":"https:\/\/walkingmum.com\/it\/wp-json\/wp\/v2\/product\/26153","targetHints":{"allow":["GET"]}}],"collection":[{"href":"https:\/\/walkingmum.com\/it\/wp-json\/wp\/v2\/product"}],"about":[{"href":"https:\/\/walkingmum.com\/it\/wp-json\/wp\/v2\/types\/product"}],"replies":[{"embeddable":true,"href":"https:\/\/walkingmum.com\/it\/wp-json\/wp\/v2\/comments?post=26153"}],"wp:featuredmedia":[{"embeddable":true,"href":"https:\/\/walkingmum.com\/it\/wp-json\/wp\/v2\/media\/23405"}],"wp:attachment":[{"href":"https:\/\/walkingmum.com\/it\/wp-json\/wp\/v2\/media?parent=26153"}],"wp:term":[{"taxonomy":"colecciones","embeddable":true,"href":"https:\/\/walkingmum.com\/it\/wp-json\/wp\/v2\/colecciones?post=26153"},{"taxonomy":"product_brand","embeddable":true,"href":"https:\/\/walkingmum.com\/it\/wp-json\/wp\/v2\/product_brand?post=26153"},{"taxonomy":"product_cat","embeddable":true,"href":"https:\/\/walkingmum.com\/it\/wp-json\/wp\/v2\/product_cat?post=26153"},{"taxonomy":"product_tag","embeddable":true,"href":"https:\/\/walkingmum.com\/it\/wp-json\/wp\/v2\/product_tag?post=26153"}],"curies":[{"name":"wp","href":"https:\/\/api.w.org\/{rel}","templated":true}]}}