{"id":26152,"date":"2024-03-22T08:44:38","date_gmt":"2024-03-22T08:46:25","guid":{"rendered":"https:\/\/walkingmum.com\/?post_type=product&#038;p=26152"},"modified":"2024-03-22T09:51:06","modified_gmt":"2024-03-22T09:51:06","slug":"borsa-fasciatoio-mimosa-verde","status":"publish","type":"product","link":"https:\/\/walkingmum.com\/it\/prodotto\/borsa-fasciatoio-mimosa-verde\/","title":{"rendered":"BORSA FASCIATOIO MIMOSA VERDE"},"content":{"rendered":"<p>Il borsone per pannolini Mimosa Verde con stampa floreale per passeggini \u00e8 dotato di un fasciatoio per il tuo bambino. \u00c8 leggero, resistente e spazioso per trasportare tutto ci\u00f2 di cui hai bisogno per l&#8217;uscita del tuo bambino. Dispone di molte tasche per mantenere tutto organizzato, incluse due tasche laterali per bottiglie o tazze con beccuccio e una tasca anteriore con zip. All&#8217;interno, c&#8217;\u00e8 una tasca impermeabile per i vestiti bagnati, una tasca termica per le bottiglie e due tasche aggiuntive per un facile accesso agli essenziali. Il borsone ha un sistema di attacco universale con due maniglie corte regolabili per un facile posizionamento su qualsiasi modello di passeggino. Include anche una tracolla lunga per il trasporto e maniglie corte per il trasporto a mano. Realizzato al 100% in cotone con trattamento impermeabile, \u00e8 facile da pulire a mano o in lavatrice a 30\u00b0C. Walking Mum assicura la sicurezza del tuo bambino utilizzando i migliori tessuti, privi di coloranti azoici e sostanze nocive. La nostra collezione Walking Mum \u00e8 progettata con un particolare stile urbano e moderno, rendendo le tue uscite con il tuo bambino uniche. Le borse per maternit\u00e0 in questa linea sono sportive e pratiche, appositamente progettate per mamme e pap\u00e0 moderni che apprezzano design attuali e alla moda senza compromettere la qualit\u00e0 e la funzionalit\u00e0. Specifiche: Materiali: 100% cotone con trattamento impermeabile. Misure: 41x31x13 cm.<\/p>\n","protected":false},"excerpt":{"rendered":"<p>Il borsone per pannolini Mimosa Verde con stampa floreale per passeggini \u00e8 dotato di un fasciatoio per il tuo bambino. \u00c8 leggero, resistente e spazioso per trasportare tutto ci\u00f2 di cui hai bisogno per l&#8217;uscita del tuo bambino. Dispone di molte tasche per mantenere tutto organizzato, incluse due tasche laterali per bottiglie o tazze con [&hellip;]<\/p>\n","protected":false},"featured_media":23360,"comment_status":"closed","ping_status":"open","template":"","meta":{"_acf_changed":false,"inline_featured_image":false},"colecciones":[355],"product_brand":[],"product_cat":[128],"product_tag":[],"class_list":{"0":"post-26152","1":"product","2":"type-product","3":"status-publish","4":"has-post-thumbnail","6":"colecciones-collezione-mimosa","7":"product_cat-borse-fasciatoio","9":"first","10":"instock","11":"purchasable","12":"product-type-simple"},"acf":[],"yoast_head":"<!-- This site is optimized with the Yoast SEO plugin v27.4 - https:\/\/yoast.com\/product\/yoast-seo-wordpress\/ -->\n<title>BORSA FASCIATOIO MIMOSA VERDE - Walking Mum<\/title>\n<meta name=\"robots\" content=\"index, follow, max-snippet:-1, max-image-preview:large, max-video-preview:-1\" \/>\n<link rel=\"canonical\" href=\"https:\/\/walkingmum.com\/it\/prodotto\/borsa-fasciatoio-mimosa-verde\/\" \/>\n<meta property=\"og:locale\" content=\"it_IT\" \/>\n<meta property=\"og:type\" content=\"article\" \/>\n<meta property=\"og:title\" content=\"BORSA FASCIATOIO MIMOSA VERDE - Walking Mum\" \/>\n<meta property=\"og:description\" content=\"Il borsone per pannolini Mimosa Verde con stampa floreale per passeggini \u00e8 dotato di un fasciatoio per il tuo bambino. \u00c8 leggero, resistente e spazioso per trasportare tutto ci\u00f2 di cui hai bisogno per l&#8217;uscita del tuo bambino. Dispone di molte tasche per mantenere tutto organizzato, incluse due tasche laterali per bottiglie o tazze con [&hellip;]\" \/>\n<meta property=\"og:url\" content=\"https:\/\/walkingmum.com\/it\/prodotto\/borsa-fasciatoio-mimosa-verde\/\" \/>\n<meta property=\"og:site_name\" content=\"Walking Mum\" \/>\n<meta property=\"article:modified_time\" content=\"2024-03-22T09:51:06+00:00\" \/>\n<meta property=\"og:image\" content=\"https:\/\/walkingmum.com\/wp-content\/uploads\/2024\/02\/1120800294_a.jpg\" \/>\n\t<meta property=\"og:image:width\" content=\"1200\" \/>\n\t<meta property=\"og:image:height\" content=\"1200\" \/>\n\t<meta property=\"og:image:type\" content=\"image\/jpeg\" \/>\n<meta name=\"twitter:card\" content=\"summary_large_image\" \/>\n<meta name=\"twitter:label1\" content=\"Tempo di lettura stimato\" \/>\n\t<meta name=\"twitter:data1\" content=\"1 minuto\" \/>\n<script type=\"application\/ld+json\" class=\"yoast-schema-graph\">{\"@context\":\"https:\\\/\\\/schema.org\",\"@graph\":[{\"@type\":\"WebPage\",\"@id\":\"https:\\\/\\\/walkingmum.com\\\/it\\\/prodotto\\\/borsa-fasciatoio-mimosa-verde\\\/\",\"url\":\"https:\\\/\\\/walkingmum.com\\\/it\\\/prodotto\\\/borsa-fasciatoio-mimosa-verde\\\/\",\"name\":\"BORSA FASCIATOIO MIMOSA VERDE - Walking Mum\",\"isPartOf\":{\"@id\":\"https:\\\/\\\/walkingmum.com\\\/#website\"},\"primaryImageOfPage\":{\"@id\":\"https:\\\/\\\/walkingmum.com\\\/it\\\/prodotto\\\/borsa-fasciatoio-mimosa-verde\\\/#primaryimage\"},\"image\":{\"@id\":\"https:\\\/\\\/walkingmum.com\\\/it\\\/prodotto\\\/borsa-fasciatoio-mimosa-verde\\\/#primaryimage\"},\"thumbnailUrl\":\"https:\\\/\\\/walkingmum.com\\\/wp-content\\\/uploads\\\/2024\\\/02\\\/1120800294_a.jpg\",\"datePublished\":\"2024-03-22T08:46:25+00:00\",\"dateModified\":\"2024-03-22T09:51:06+00:00\",\"breadcrumb\":{\"@id\":\"https:\\\/\\\/walkingmum.com\\\/it\\\/prodotto\\\/borsa-fasciatoio-mimosa-verde\\\/#breadcrumb\"},\"inLanguage\":\"it-IT\",\"potentialAction\":[{\"@type\":\"ReadAction\",\"target\":[\"https:\\\/\\\/walkingmum.com\\\/it\\\/prodotto\\\/borsa-fasciatoio-mimosa-verde\\\/\"]}]},{\"@type\":\"ImageObject\",\"inLanguage\":\"it-IT\",\"@id\":\"https:\\\/\\\/walkingmum.com\\\/it\\\/prodotto\\\/borsa-fasciatoio-mimosa-verde\\\/#primaryimage\",\"url\":\"https:\\\/\\\/walkingmum.com\\\/wp-content\\\/uploads\\\/2024\\\/02\\\/1120800294_a.jpg\",\"contentUrl\":\"https:\\\/\\\/walkingmum.com\\\/wp-content\\\/uploads\\\/2024\\\/02\\\/1120800294_a.jpg\",\"width\":1200,\"height\":1200},{\"@type\":\"BreadcrumbList\",\"@id\":\"https:\\\/\\\/walkingmum.com\\\/it\\\/prodotto\\\/borsa-fasciatoio-mimosa-verde\\\/#breadcrumb\",\"itemListElement\":[{\"@type\":\"ListItem\",\"position\":1,\"name\":\"Portada\",\"item\":\"https:\\\/\\\/walkingmum.com\\\/it\\\/\"},{\"@type\":\"ListItem\",\"position\":2,\"name\":\"Tienda\",\"item\":\"https:\\\/\\\/walkingmum.com\\\/tienda\\\/\"},{\"@type\":\"ListItem\",\"position\":3,\"name\":\"BORSA FASCIATOIO MIMOSA VERDE\"}]},{\"@type\":\"WebSite\",\"@id\":\"https:\\\/\\\/walkingmum.com\\\/#website\",\"url\":\"https:\\\/\\\/walkingmum.com\\\/\",\"name\":\"Walking Mum\",\"description\":\"La marca para beb\u00e9s modernos\",\"potentialAction\":[{\"@type\":\"SearchAction\",\"target\":{\"@type\":\"EntryPoint\",\"urlTemplate\":\"https:\\\/\\\/walkingmum.com\\\/?s={search_term_string}\"},\"query-input\":{\"@type\":\"PropertyValueSpecification\",\"valueRequired\":true,\"valueName\":\"search_term_string\"}}],\"inLanguage\":\"it-IT\"}]}<\/script>\n<!-- \/ Yoast SEO plugin. -->","yoast_head_json":{"title":"BORSA FASCIATOIO MIMOSA VERDE - Walking Mum","robots":{"index":"index","follow":"follow","max-snippet":"max-snippet:-1","max-image-preview":"max-image-preview:large","max-video-preview":"max-video-preview:-1"},"canonical":"https:\/\/walkingmum.com\/it\/prodotto\/borsa-fasciatoio-mimosa-verde\/","og_locale":"it_IT","og_type":"article","og_title":"BORSA FASCIATOIO MIMOSA VERDE - Walking Mum","og_description":"Il borsone per pannolini Mimosa Verde con stampa floreale per passeggini \u00e8 dotato di un fasciatoio per il tuo bambino. \u00c8 leggero, resistente e spazioso per trasportare tutto ci\u00f2 di cui hai bisogno per l&#8217;uscita del tuo bambino. Dispone di molte tasche per mantenere tutto organizzato, incluse due tasche laterali per bottiglie o tazze con [&hellip;]","og_url":"https:\/\/walkingmum.com\/it\/prodotto\/borsa-fasciatoio-mimosa-verde\/","og_site_name":"Walking Mum","article_modified_time":"2024-03-22T09:51:06+00:00","og_image":[{"width":1200,"height":1200,"url":"https:\/\/walkingmum.com\/wp-content\/uploads\/2024\/02\/1120800294_a.jpg","type":"image\/jpeg"}],"twitter_card":"summary_large_image","twitter_misc":{"Tempo di lettura stimato":"1 minuto"},"schema":{"@context":"https:\/\/schema.org","@graph":[{"@type":"WebPage","@id":"https:\/\/walkingmum.com\/it\/prodotto\/borsa-fasciatoio-mimosa-verde\/","url":"https:\/\/walkingmum.com\/it\/prodotto\/borsa-fasciatoio-mimosa-verde\/","name":"BORSA FASCIATOIO MIMOSA VERDE - Walking Mum","isPartOf":{"@id":"https:\/\/walkingmum.com\/#website"},"primaryImageOfPage":{"@id":"https:\/\/walkingmum.com\/it\/prodotto\/borsa-fasciatoio-mimosa-verde\/#primaryimage"},"image":{"@id":"https:\/\/walkingmum.com\/it\/prodotto\/borsa-fasciatoio-mimosa-verde\/#primaryimage"},"thumbnailUrl":"https:\/\/walkingmum.com\/wp-content\/uploads\/2024\/02\/1120800294_a.jpg","datePublished":"2024-03-22T08:46:25+00:00","dateModified":"2024-03-22T09:51:06+00:00","breadcrumb":{"@id":"https:\/\/walkingmum.com\/it\/prodotto\/borsa-fasciatoio-mimosa-verde\/#breadcrumb"},"inLanguage":"it-IT","potentialAction":[{"@type":"ReadAction","target":["https:\/\/walkingmum.com\/it\/prodotto\/borsa-fasciatoio-mimosa-verde\/"]}]},{"@type":"ImageObject","inLanguage":"it-IT","@id":"https:\/\/walkingmum.com\/it\/prodotto\/borsa-fasciatoio-mimosa-verde\/#primaryimage","url":"https:\/\/walkingmum.com\/wp-content\/uploads\/2024\/02\/1120800294_a.jpg","contentUrl":"https:\/\/walkingmum.com\/wp-content\/uploads\/2024\/02\/1120800294_a.jpg","width":1200,"height":1200},{"@type":"BreadcrumbList","@id":"https:\/\/walkingmum.com\/it\/prodotto\/borsa-fasciatoio-mimosa-verde\/#breadcrumb","itemListElement":[{"@type":"ListItem","position":1,"name":"Portada","item":"https:\/\/walkingmum.com\/it\/"},{"@type":"ListItem","position":2,"name":"Tienda","item":"https:\/\/walkingmum.com\/tienda\/"},{"@type":"ListItem","position":3,"name":"BORSA FASCIATOIO MIMOSA VERDE"}]},{"@type":"WebSite","@id":"https:\/\/walkingmum.com\/#website","url":"https:\/\/walkingmum.com\/","name":"Walking Mum","description":"La marca para beb\u00e9s modernos","potentialAction":[{"@type":"SearchAction","target":{"@type":"EntryPoint","urlTemplate":"https:\/\/walkingmum.com\/?s={search_term_string}"},"query-input":{"@type":"PropertyValueSpecification","valueRequired":true,"valueName":"search_term_string"}}],"inLanguage":"it-IT"}]}},"_links":{"self":[{"href":"https:\/\/walkingmum.com\/it\/wp-json\/wp\/v2\/product\/26152","targetHints":{"allow":["GET"]}}],"collection":[{"href":"https:\/\/walkingmum.com\/it\/wp-json\/wp\/v2\/product"}],"about":[{"href":"https:\/\/walkingmum.com\/it\/wp-json\/wp\/v2\/types\/product"}],"replies":[{"embeddable":true,"href":"https:\/\/walkingmum.com\/it\/wp-json\/wp\/v2\/comments?post=26152"}],"wp:featuredmedia":[{"embeddable":true,"href":"https:\/\/walkingmum.com\/it\/wp-json\/wp\/v2\/media\/23360"}],"wp:attachment":[{"href":"https:\/\/walkingmum.com\/it\/wp-json\/wp\/v2\/media?parent=26152"}],"wp:term":[{"taxonomy":"colecciones","embeddable":true,"href":"https:\/\/walkingmum.com\/it\/wp-json\/wp\/v2\/colecciones?post=26152"},{"taxonomy":"product_brand","embeddable":true,"href":"https:\/\/walkingmum.com\/it\/wp-json\/wp\/v2\/product_brand?post=26152"},{"taxonomy":"product_cat","embeddable":true,"href":"https:\/\/walkingmum.com\/it\/wp-json\/wp\/v2\/product_cat?post=26152"},{"taxonomy":"product_tag","embeddable":true,"href":"https:\/\/walkingmum.com\/it\/wp-json\/wp\/v2\/product_tag?post=26152"}],"curies":[{"name":"wp","href":"https:\/\/api.w.org\/{rel}","templated":true}]}}