{"id":23089,"date":"2023-11-10T10:27:20","date_gmt":"2023-11-10T10:27:20","guid":{"rendered":"https:\/\/walkingmum.com\/producto\/bolsa-xl-eco-mum-cloud\/"},"modified":"2023-11-10T12:10:26","modified_gmt":"2023-11-10T12:10:26","slug":"borsa-xl-eco-mum-cloud","status":"publish","type":"product","link":"https:\/\/walkingmum.com\/it\/prodotto\/borsa-xl-eco-mum-cloud\/","title":{"rendered":"BORSA XL ECO MUM CLOUD"},"content":{"rendered":"\n<p>La borsa XL Eco Mum Cloud \u00e8 realizzata in rPET (poliestere riciclato post-consumo). L&#8217;rPET che utilizziamo \u00e8 realizzato con plastica PET riciclata proveniente da bottiglie d&#8217;acqua. L&#8217;uso di questo materiale riduce il consumo di acqua, il consumo di energia e l&#8217;emissione di CO2. Borsa di grande capacit\u00e0 con tasche multiple per tenere tutto organizzato durante le tue uscite o viaggi con il tuo bambino. Ha due tasche laterali e una tasca frontale con cerniera all&#8217;esterno. All&#8217;interno ha una tasca termica per bottiglie e due tasche laterali di cui una con cerniera. La borsa ha 2 manici corti e un manico lungo per poterla appendere a spalla. Grande qualit\u00e0 e molto stile. Realizzato in materiale resistente e facile da pulire. Walking Mum protegge il tuo bambino utilizzando i migliori tessuti, privi di coloranti azoici e sostanze dannose per la salute. La nostra collezione Walking Mum \u00e8 pensata con un particolare sigillo di stile urbano e moderno che non passa inosservato, per vestire in modo diverso le tue passeggiate con il tuo bambino. Le borse premaman di questa linea sono pi\u00f9 sportive e pratiche, pensate soprattutto per le mamme e i pap\u00e0 moderni che apprezzano i design pi\u00f9 attuali e di tendenza senza trascurare la qualit\u00e0 e la funzionalit\u00e0 degli accessori che completano e rendono pi\u00f9 confortevoli tutte le passeggiate. . con i loro bambini. Specifiche: Materiali: esterno 100% poliestere riciclato (rPet) \/ interno 100% cotone. Misure: 55x25x30 cm.<\/p>\n","protected":false},"excerpt":{"rendered":"<p>La borsa XL Eco Mum Cloud \u00e8 realizzata in rPET (poliestere riciclato post-consumo). L&#8217;rPET che utilizziamo \u00e8 realizzato con plastica PET riciclata proveniente da bottiglie d&#8217;acqua. L&#8217;uso di questo materiale riduce il consumo di acqua, il consumo di energia e l&#8217;emissione di CO2. Borsa di grande capacit\u00e0 con tasche multiple per tenere tutto organizzato durante [&hellip;]<\/p>\n","protected":false},"featured_media":22931,"comment_status":"closed","ping_status":"closed","template":"","meta":{"_acf_changed":false,"inline_featured_image":false},"colecciones":[],"product_brand":[],"product_cat":[269],"product_tag":[],"class_list":{"0":"post-23089","1":"product","2":"type-product","3":"status-publish","4":"has-post-thumbnail","6":"product_cat-special-prices-it","8":"first","9":"instock","10":"shipping-taxable","11":"purchasable","12":"product-type-simple"},"acf":[],"yoast_head":"<!-- This site is optimized with the Yoast SEO plugin v27.4 - https:\/\/yoast.com\/product\/yoast-seo-wordpress\/ -->\n<title>BORSA XL ECO MUM CLOUD - Walking Mum<\/title>\n<meta name=\"robots\" content=\"index, follow, max-snippet:-1, max-image-preview:large, max-video-preview:-1\" \/>\n<link rel=\"canonical\" href=\"https:\/\/walkingmum.com\/prodotto\/bolsa-xl-eco-mum-cloud\/\" \/>\n<meta property=\"og:locale\" content=\"it_IT\" \/>\n<meta property=\"og:type\" content=\"article\" \/>\n<meta property=\"og:title\" content=\"BORSA XL ECO MUM CLOUD - Walking Mum\" \/>\n<meta property=\"og:description\" content=\"La borsa XL Eco Mum Cloud \u00e8 realizzata in rPET (poliestere riciclato post-consumo). L&#8217;rPET che utilizziamo \u00e8 realizzato con plastica PET riciclata proveniente da bottiglie d&#8217;acqua. L&#8217;uso di questo materiale riduce il consumo di acqua, il consumo di energia e l&#8217;emissione di CO2. Borsa di grande capacit\u00e0 con tasche multiple per tenere tutto organizzato durante [&hellip;]\" \/>\n<meta property=\"og:url\" content=\"https:\/\/walkingmum.com\/prodotto\/bolsa-xl-eco-mum-cloud\/\" \/>\n<meta property=\"og:site_name\" content=\"Walking Mum\" \/>\n<meta property=\"article:modified_time\" content=\"2023-11-10T12:10:26+00:00\" \/>\n<meta property=\"og:image\" content=\"https:\/\/walkingmum.com\/wp-content\/uploads\/2023\/11\/1120800279_a.jpg\" \/>\n\t<meta property=\"og:image:width\" content=\"1200\" \/>\n\t<meta property=\"og:image:height\" content=\"1200\" \/>\n\t<meta property=\"og:image:type\" content=\"image\/jpeg\" \/>\n<meta name=\"twitter:card\" content=\"summary_large_image\" \/>\n<meta name=\"twitter:label1\" content=\"Tempo di lettura stimato\" \/>\n\t<meta name=\"twitter:data1\" content=\"2 minuti\" \/>\n<script type=\"application\/ld+json\" class=\"yoast-schema-graph\">{\"@context\":\"https:\\\/\\\/schema.org\",\"@graph\":[{\"@type\":\"WebPage\",\"@id\":\"https:\\\/\\\/walkingmum.com\\\/prodotto\\\/bolsa-xl-eco-mum-cloud\\\/\",\"url\":\"https:\\\/\\\/walkingmum.com\\\/prodotto\\\/bolsa-xl-eco-mum-cloud\\\/\",\"name\":\"BORSA XL ECO MUM CLOUD - Walking Mum\",\"isPartOf\":{\"@id\":\"https:\\\/\\\/walkingmum.com\\\/#website\"},\"primaryImageOfPage\":{\"@id\":\"https:\\\/\\\/walkingmum.com\\\/prodotto\\\/bolsa-xl-eco-mum-cloud\\\/#primaryimage\"},\"image\":{\"@id\":\"https:\\\/\\\/walkingmum.com\\\/prodotto\\\/bolsa-xl-eco-mum-cloud\\\/#primaryimage\"},\"thumbnailUrl\":\"https:\\\/\\\/walkingmum.com\\\/wp-content\\\/uploads\\\/2023\\\/11\\\/1120800279_a.jpg\",\"datePublished\":\"2023-11-10T10:27:20+00:00\",\"dateModified\":\"2023-11-10T12:10:26+00:00\",\"breadcrumb\":{\"@id\":\"https:\\\/\\\/walkingmum.com\\\/prodotto\\\/bolsa-xl-eco-mum-cloud\\\/#breadcrumb\"},\"inLanguage\":\"it-IT\",\"potentialAction\":[{\"@type\":\"ReadAction\",\"target\":[\"https:\\\/\\\/walkingmum.com\\\/prodotto\\\/bolsa-xl-eco-mum-cloud\\\/\"]}]},{\"@type\":\"ImageObject\",\"inLanguage\":\"it-IT\",\"@id\":\"https:\\\/\\\/walkingmum.com\\\/prodotto\\\/bolsa-xl-eco-mum-cloud\\\/#primaryimage\",\"url\":\"https:\\\/\\\/walkingmum.com\\\/wp-content\\\/uploads\\\/2023\\\/11\\\/1120800279_a.jpg\",\"contentUrl\":\"https:\\\/\\\/walkingmum.com\\\/wp-content\\\/uploads\\\/2023\\\/11\\\/1120800279_a.jpg\",\"width\":1200,\"height\":1200},{\"@type\":\"BreadcrumbList\",\"@id\":\"https:\\\/\\\/walkingmum.com\\\/prodotto\\\/bolsa-xl-eco-mum-cloud\\\/#breadcrumb\",\"itemListElement\":[{\"@type\":\"ListItem\",\"position\":1,\"name\":\"Portada\",\"item\":\"https:\\\/\\\/walkingmum.com\\\/it\\\/\"},{\"@type\":\"ListItem\",\"position\":2,\"name\":\"Tienda\",\"item\":\"https:\\\/\\\/walkingmum.com\\\/tienda\\\/\"},{\"@type\":\"ListItem\",\"position\":3,\"name\":\"BORSA XL ECO MUM CLOUD\"}]},{\"@type\":\"WebSite\",\"@id\":\"https:\\\/\\\/walkingmum.com\\\/#website\",\"url\":\"https:\\\/\\\/walkingmum.com\\\/\",\"name\":\"Walking Mum\",\"description\":\"La marca para beb\u00e9s modernos\",\"potentialAction\":[{\"@type\":\"SearchAction\",\"target\":{\"@type\":\"EntryPoint\",\"urlTemplate\":\"https:\\\/\\\/walkingmum.com\\\/?s={search_term_string}\"},\"query-input\":{\"@type\":\"PropertyValueSpecification\",\"valueRequired\":true,\"valueName\":\"search_term_string\"}}],\"inLanguage\":\"it-IT\"}]}<\/script>\n<!-- \/ Yoast SEO plugin. -->","yoast_head_json":{"title":"BORSA XL ECO MUM CLOUD - Walking Mum","robots":{"index":"index","follow":"follow","max-snippet":"max-snippet:-1","max-image-preview":"max-image-preview:large","max-video-preview":"max-video-preview:-1"},"canonical":"https:\/\/walkingmum.com\/prodotto\/bolsa-xl-eco-mum-cloud\/","og_locale":"it_IT","og_type":"article","og_title":"BORSA XL ECO MUM CLOUD - Walking Mum","og_description":"La borsa XL Eco Mum Cloud \u00e8 realizzata in rPET (poliestere riciclato post-consumo). L&#8217;rPET che utilizziamo \u00e8 realizzato con plastica PET riciclata proveniente da bottiglie d&#8217;acqua. L&#8217;uso di questo materiale riduce il consumo di acqua, il consumo di energia e l&#8217;emissione di CO2. Borsa di grande capacit\u00e0 con tasche multiple per tenere tutto organizzato durante [&hellip;]","og_url":"https:\/\/walkingmum.com\/prodotto\/bolsa-xl-eco-mum-cloud\/","og_site_name":"Walking Mum","article_modified_time":"2023-11-10T12:10:26+00:00","og_image":[{"width":1200,"height":1200,"url":"https:\/\/walkingmum.com\/wp-content\/uploads\/2023\/11\/1120800279_a.jpg","type":"image\/jpeg"}],"twitter_card":"summary_large_image","twitter_misc":{"Tempo di lettura stimato":"2 minuti"},"schema":{"@context":"https:\/\/schema.org","@graph":[{"@type":"WebPage","@id":"https:\/\/walkingmum.com\/prodotto\/bolsa-xl-eco-mum-cloud\/","url":"https:\/\/walkingmum.com\/prodotto\/bolsa-xl-eco-mum-cloud\/","name":"BORSA XL ECO MUM CLOUD - Walking Mum","isPartOf":{"@id":"https:\/\/walkingmum.com\/#website"},"primaryImageOfPage":{"@id":"https:\/\/walkingmum.com\/prodotto\/bolsa-xl-eco-mum-cloud\/#primaryimage"},"image":{"@id":"https:\/\/walkingmum.com\/prodotto\/bolsa-xl-eco-mum-cloud\/#primaryimage"},"thumbnailUrl":"https:\/\/walkingmum.com\/wp-content\/uploads\/2023\/11\/1120800279_a.jpg","datePublished":"2023-11-10T10:27:20+00:00","dateModified":"2023-11-10T12:10:26+00:00","breadcrumb":{"@id":"https:\/\/walkingmum.com\/prodotto\/bolsa-xl-eco-mum-cloud\/#breadcrumb"},"inLanguage":"it-IT","potentialAction":[{"@type":"ReadAction","target":["https:\/\/walkingmum.com\/prodotto\/bolsa-xl-eco-mum-cloud\/"]}]},{"@type":"ImageObject","inLanguage":"it-IT","@id":"https:\/\/walkingmum.com\/prodotto\/bolsa-xl-eco-mum-cloud\/#primaryimage","url":"https:\/\/walkingmum.com\/wp-content\/uploads\/2023\/11\/1120800279_a.jpg","contentUrl":"https:\/\/walkingmum.com\/wp-content\/uploads\/2023\/11\/1120800279_a.jpg","width":1200,"height":1200},{"@type":"BreadcrumbList","@id":"https:\/\/walkingmum.com\/prodotto\/bolsa-xl-eco-mum-cloud\/#breadcrumb","itemListElement":[{"@type":"ListItem","position":1,"name":"Portada","item":"https:\/\/walkingmum.com\/it\/"},{"@type":"ListItem","position":2,"name":"Tienda","item":"https:\/\/walkingmum.com\/tienda\/"},{"@type":"ListItem","position":3,"name":"BORSA XL ECO MUM CLOUD"}]},{"@type":"WebSite","@id":"https:\/\/walkingmum.com\/#website","url":"https:\/\/walkingmum.com\/","name":"Walking Mum","description":"La marca para beb\u00e9s modernos","potentialAction":[{"@type":"SearchAction","target":{"@type":"EntryPoint","urlTemplate":"https:\/\/walkingmum.com\/?s={search_term_string}"},"query-input":{"@type":"PropertyValueSpecification","valueRequired":true,"valueName":"search_term_string"}}],"inLanguage":"it-IT"}]}},"_links":{"self":[{"href":"https:\/\/walkingmum.com\/it\/wp-json\/wp\/v2\/product\/23089","targetHints":{"allow":["GET"]}}],"collection":[{"href":"https:\/\/walkingmum.com\/it\/wp-json\/wp\/v2\/product"}],"about":[{"href":"https:\/\/walkingmum.com\/it\/wp-json\/wp\/v2\/types\/product"}],"replies":[{"embeddable":true,"href":"https:\/\/walkingmum.com\/it\/wp-json\/wp\/v2\/comments?post=23089"}],"wp:featuredmedia":[{"embeddable":true,"href":"https:\/\/walkingmum.com\/it\/wp-json\/wp\/v2\/media\/22931"}],"wp:attachment":[{"href":"https:\/\/walkingmum.com\/it\/wp-json\/wp\/v2\/media?parent=23089"}],"wp:term":[{"taxonomy":"colecciones","embeddable":true,"href":"https:\/\/walkingmum.com\/it\/wp-json\/wp\/v2\/colecciones?post=23089"},{"taxonomy":"product_brand","embeddable":true,"href":"https:\/\/walkingmum.com\/it\/wp-json\/wp\/v2\/product_brand?post=23089"},{"taxonomy":"product_cat","embeddable":true,"href":"https:\/\/walkingmum.com\/it\/wp-json\/wp\/v2\/product_cat?post=23089"},{"taxonomy":"product_tag","embeddable":true,"href":"https:\/\/walkingmum.com\/it\/wp-json\/wp\/v2\/product_tag?post=23089"}],"curies":[{"name":"wp","href":"https:\/\/api.w.org\/{rel}","templated":true}]}}