{"id":23069,"date":"2023-11-10T10:36:56","date_gmt":"2023-11-10T10:36:56","guid":{"rendered":"https:\/\/walkingmum.com\/producto\/mochila-xl-eco-dad-black\/"},"modified":"2023-11-10T12:15:41","modified_gmt":"2023-11-10T12:15:41","slug":"zaino-xl-eco-dad-black","status":"publish","type":"product","link":"https:\/\/walkingmum.com\/it\/prodotto\/zaino-xl-eco-dad-black\/","title":{"rendered":"ZAINO XL ECO DAD BLACK"},"content":{"rendered":"\n<p>Zaino Eco Dad nero, il modo migliore per portare con s\u00e9 tutto il necessario per prendersi cura dei propri figli. Lo zaino per pap\u00e0 Eco Dad realizzato in rPET (poliestere riciclato post-consumo) \u00e8 l&#8217;opzione perfetta per te. L&#8217;rPET che utilizziamo \u00e8 realizzato con plastica PET riciclata proveniente da bottiglie d&#8217;acqua. L&#8217;uso di questo materiale riduce il consumo di acqua, il consumo di energia e l&#8217;emissione di CO2. Ha un design spazioso che pu\u00f2 ospitare tutto il necessario per prendersi cura dei tuoi bambini, come pannolini, salviette, biberon, giocattoli, ecc. Dispone inoltre di molteplici tasche e scomparti per poter organizzare facilmente le tue cose. Ha due tasche laterali esterne per bavaglini o biberon e una tasca frontale con cerniera per poter trasportare le tue cose senza mescolarle con quelle del tuo bambino. All&#8217;interno presenta una tasca laterale termica per le pettorine, due tasche frontali e una tasca plastificata con chiusura a cerniera per gli indumenti bagnati. Ha un design ergonomico e uno schienale rinforzato che ti aiuter\u00e0 a trasportarlo comodamente per tutta la giornata. Include 2 maniglie corte regolabili che facilitano il posizionamento in qualsiasi modello di passeggino, maniglie e cinghie imbottite per appenderlo dalle spalle verso la schiena, senza causare disagio dovuto al peso. Grande qualit\u00e0 e molto stile. Realizzato in materiale resistente e facile da pulire. Walking Mum protegge il tuo bambino utilizzando i migliori tessuti, privi di coloranti azoici e sostanze dannose per la salute. La nostra collezione Walking Mum \u00e8 pensata con un particolare sigillo di stile urbano e moderno che non passa inosservato, per vestire in modo diverso le tue passeggiate con il tuo bambino. Le borse premaman di questa linea sono pi\u00f9 sportive e pratiche, pensate soprattutto per le mamme e i pap\u00e0 moderni che apprezzano i design pi\u00f9 attuali e di tendenza senza trascurare la qualit\u00e0 e la funzionalit\u00e0 degli accessori che completano e rendono pi\u00f9 confortevoli tutte le passeggiate. con i loro bambini. Specifiche: Materiali: esterno 100% poliestere riciclato (rPet) \/ interno 100% cotone. Misure: 40X30X12 cm.<\/p>\n","protected":false},"excerpt":{"rendered":"<p>Zaino Eco Dad nero, il modo migliore per portare con s\u00e9 tutto il necessario per prendersi cura dei propri figli. Lo zaino per pap\u00e0 Eco Dad realizzato in rPET (poliestere riciclato post-consumo) \u00e8 l&#8217;opzione perfetta per te. L&#8217;rPET che utilizziamo \u00e8 realizzato con plastica PET riciclata proveniente da bottiglie d&#8217;acqua. L&#8217;uso di questo materiale riduce [&hellip;]<\/p>\n","protected":false},"featured_media":33247,"comment_status":"closed","ping_status":"closed","template":"","meta":{"_acf_changed":false,"inline_featured_image":false},"colecciones":[],"product_brand":[],"product_cat":[269],"product_tag":[],"class_list":{"0":"post-23069","1":"product","2":"type-product","3":"status-publish","4":"has-post-thumbnail","6":"product_cat-special-prices-it","8":"first","9":"instock","10":"shipping-taxable","11":"purchasable","12":"product-type-simple"},"acf":[],"yoast_head":"<!-- This site is optimized with the Yoast SEO plugin v27.3 - https:\/\/yoast.com\/product\/yoast-seo-wordpress\/ -->\n<title>ZAINO XL ECO DAD BLACK - Walking Mum<\/title>\n<meta name=\"robots\" content=\"index, follow, max-snippet:-1, max-image-preview:large, max-video-preview:-1\" \/>\n<link rel=\"canonical\" href=\"https:\/\/walkingmum.com\/it\/prodotto\/zaino-xl-eco-dad-black\/\" \/>\n<meta property=\"og:locale\" content=\"it_IT\" \/>\n<meta property=\"og:type\" content=\"article\" \/>\n<meta property=\"og:title\" content=\"ZAINO XL ECO DAD BLACK - Walking Mum\" \/>\n<meta property=\"og:description\" content=\"Zaino Eco Dad nero, il modo migliore per portare con s\u00e9 tutto il necessario per prendersi cura dei propri figli. Lo zaino per pap\u00e0 Eco Dad realizzato in rPET (poliestere riciclato post-consumo) \u00e8 l&#8217;opzione perfetta per te. L&#8217;rPET che utilizziamo \u00e8 realizzato con plastica PET riciclata proveniente da bottiglie d&#8217;acqua. L&#8217;uso di questo materiale riduce [&hellip;]\" \/>\n<meta property=\"og:url\" content=\"https:\/\/walkingmum.com\/it\/prodotto\/zaino-xl-eco-dad-black\/\" \/>\n<meta property=\"og:site_name\" content=\"Walking Mum\" \/>\n<meta property=\"article:modified_time\" content=\"2023-11-10T12:15:41+00:00\" \/>\n<meta property=\"og:image\" content=\"https:\/\/walkingmum.com\/wp-content\/uploads\/2023\/11\/1120800358_a-1.jpg\" \/>\n\t<meta property=\"og:image:width\" content=\"1200\" \/>\n\t<meta property=\"og:image:height\" content=\"1200\" \/>\n\t<meta property=\"og:image:type\" content=\"image\/jpeg\" \/>\n<meta name=\"twitter:card\" content=\"summary_large_image\" \/>\n<meta name=\"twitter:label1\" content=\"Tempo di lettura stimato\" \/>\n\t<meta name=\"twitter:data1\" content=\"2 minuti\" \/>\n<script type=\"application\/ld+json\" class=\"yoast-schema-graph\">{\"@context\":\"https:\\\/\\\/schema.org\",\"@graph\":[{\"@type\":\"WebPage\",\"@id\":\"https:\\\/\\\/walkingmum.com\\\/it\\\/prodotto\\\/zaino-xl-eco-dad-black\\\/\",\"url\":\"https:\\\/\\\/walkingmum.com\\\/it\\\/prodotto\\\/zaino-xl-eco-dad-black\\\/\",\"name\":\"ZAINO XL ECO DAD BLACK - Walking Mum\",\"isPartOf\":{\"@id\":\"https:\\\/\\\/walkingmum.com\\\/#website\"},\"primaryImageOfPage\":{\"@id\":\"https:\\\/\\\/walkingmum.com\\\/it\\\/prodotto\\\/zaino-xl-eco-dad-black\\\/#primaryimage\"},\"image\":{\"@id\":\"https:\\\/\\\/walkingmum.com\\\/it\\\/prodotto\\\/zaino-xl-eco-dad-black\\\/#primaryimage\"},\"thumbnailUrl\":\"https:\\\/\\\/walkingmum.com\\\/wp-content\\\/uploads\\\/2023\\\/11\\\/1120800358_a-1.jpg\",\"datePublished\":\"2023-11-10T10:36:56+00:00\",\"dateModified\":\"2023-11-10T12:15:41+00:00\",\"breadcrumb\":{\"@id\":\"https:\\\/\\\/walkingmum.com\\\/it\\\/prodotto\\\/zaino-xl-eco-dad-black\\\/#breadcrumb\"},\"inLanguage\":\"it-IT\",\"potentialAction\":[{\"@type\":\"ReadAction\",\"target\":[\"https:\\\/\\\/walkingmum.com\\\/it\\\/prodotto\\\/zaino-xl-eco-dad-black\\\/\"]}]},{\"@type\":\"ImageObject\",\"inLanguage\":\"it-IT\",\"@id\":\"https:\\\/\\\/walkingmum.com\\\/it\\\/prodotto\\\/zaino-xl-eco-dad-black\\\/#primaryimage\",\"url\":\"https:\\\/\\\/walkingmum.com\\\/wp-content\\\/uploads\\\/2023\\\/11\\\/1120800358_a-1.jpg\",\"contentUrl\":\"https:\\\/\\\/walkingmum.com\\\/wp-content\\\/uploads\\\/2023\\\/11\\\/1120800358_a-1.jpg\",\"width\":1200,\"height\":1200},{\"@type\":\"BreadcrumbList\",\"@id\":\"https:\\\/\\\/walkingmum.com\\\/it\\\/prodotto\\\/zaino-xl-eco-dad-black\\\/#breadcrumb\",\"itemListElement\":[{\"@type\":\"ListItem\",\"position\":1,\"name\":\"Portada\",\"item\":\"https:\\\/\\\/walkingmum.com\\\/it\\\/\"},{\"@type\":\"ListItem\",\"position\":2,\"name\":\"Tienda\",\"item\":\"https:\\\/\\\/walkingmum.com\\\/tienda\\\/\"},{\"@type\":\"ListItem\",\"position\":3,\"name\":\"ZAINO XL ECO DAD BLACK\"}]},{\"@type\":\"WebSite\",\"@id\":\"https:\\\/\\\/walkingmum.com\\\/#website\",\"url\":\"https:\\\/\\\/walkingmum.com\\\/\",\"name\":\"Walking Mum\",\"description\":\"La marca para beb\u00e9s modernos\",\"potentialAction\":[{\"@type\":\"SearchAction\",\"target\":{\"@type\":\"EntryPoint\",\"urlTemplate\":\"https:\\\/\\\/walkingmum.com\\\/?s={search_term_string}\"},\"query-input\":{\"@type\":\"PropertyValueSpecification\",\"valueRequired\":true,\"valueName\":\"search_term_string\"}}],\"inLanguage\":\"it-IT\"}]}<\/script>\n<!-- \/ Yoast SEO plugin. -->","yoast_head_json":{"title":"ZAINO XL ECO DAD BLACK - Walking Mum","robots":{"index":"index","follow":"follow","max-snippet":"max-snippet:-1","max-image-preview":"max-image-preview:large","max-video-preview":"max-video-preview:-1"},"canonical":"https:\/\/walkingmum.com\/it\/prodotto\/zaino-xl-eco-dad-black\/","og_locale":"it_IT","og_type":"article","og_title":"ZAINO XL ECO DAD BLACK - Walking Mum","og_description":"Zaino Eco Dad nero, il modo migliore per portare con s\u00e9 tutto il necessario per prendersi cura dei propri figli. Lo zaino per pap\u00e0 Eco Dad realizzato in rPET (poliestere riciclato post-consumo) \u00e8 l&#8217;opzione perfetta per te. L&#8217;rPET che utilizziamo \u00e8 realizzato con plastica PET riciclata proveniente da bottiglie d&#8217;acqua. L&#8217;uso di questo materiale riduce [&hellip;]","og_url":"https:\/\/walkingmum.com\/it\/prodotto\/zaino-xl-eco-dad-black\/","og_site_name":"Walking Mum","article_modified_time":"2023-11-10T12:15:41+00:00","og_image":[{"width":1200,"height":1200,"url":"https:\/\/walkingmum.com\/wp-content\/uploads\/2023\/11\/1120800358_a-1.jpg","type":"image\/jpeg"}],"twitter_card":"summary_large_image","twitter_misc":{"Tempo di lettura stimato":"2 minuti"},"schema":{"@context":"https:\/\/schema.org","@graph":[{"@type":"WebPage","@id":"https:\/\/walkingmum.com\/it\/prodotto\/zaino-xl-eco-dad-black\/","url":"https:\/\/walkingmum.com\/it\/prodotto\/zaino-xl-eco-dad-black\/","name":"ZAINO XL ECO DAD BLACK - Walking Mum","isPartOf":{"@id":"https:\/\/walkingmum.com\/#website"},"primaryImageOfPage":{"@id":"https:\/\/walkingmum.com\/it\/prodotto\/zaino-xl-eco-dad-black\/#primaryimage"},"image":{"@id":"https:\/\/walkingmum.com\/it\/prodotto\/zaino-xl-eco-dad-black\/#primaryimage"},"thumbnailUrl":"https:\/\/walkingmum.com\/wp-content\/uploads\/2023\/11\/1120800358_a-1.jpg","datePublished":"2023-11-10T10:36:56+00:00","dateModified":"2023-11-10T12:15:41+00:00","breadcrumb":{"@id":"https:\/\/walkingmum.com\/it\/prodotto\/zaino-xl-eco-dad-black\/#breadcrumb"},"inLanguage":"it-IT","potentialAction":[{"@type":"ReadAction","target":["https:\/\/walkingmum.com\/it\/prodotto\/zaino-xl-eco-dad-black\/"]}]},{"@type":"ImageObject","inLanguage":"it-IT","@id":"https:\/\/walkingmum.com\/it\/prodotto\/zaino-xl-eco-dad-black\/#primaryimage","url":"https:\/\/walkingmum.com\/wp-content\/uploads\/2023\/11\/1120800358_a-1.jpg","contentUrl":"https:\/\/walkingmum.com\/wp-content\/uploads\/2023\/11\/1120800358_a-1.jpg","width":1200,"height":1200},{"@type":"BreadcrumbList","@id":"https:\/\/walkingmum.com\/it\/prodotto\/zaino-xl-eco-dad-black\/#breadcrumb","itemListElement":[{"@type":"ListItem","position":1,"name":"Portada","item":"https:\/\/walkingmum.com\/it\/"},{"@type":"ListItem","position":2,"name":"Tienda","item":"https:\/\/walkingmum.com\/tienda\/"},{"@type":"ListItem","position":3,"name":"ZAINO XL ECO DAD BLACK"}]},{"@type":"WebSite","@id":"https:\/\/walkingmum.com\/#website","url":"https:\/\/walkingmum.com\/","name":"Walking Mum","description":"La marca para beb\u00e9s modernos","potentialAction":[{"@type":"SearchAction","target":{"@type":"EntryPoint","urlTemplate":"https:\/\/walkingmum.com\/?s={search_term_string}"},"query-input":{"@type":"PropertyValueSpecification","valueRequired":true,"valueName":"search_term_string"}}],"inLanguage":"it-IT"}]}},"_links":{"self":[{"href":"https:\/\/walkingmum.com\/it\/wp-json\/wp\/v2\/product\/23069","targetHints":{"allow":["GET"]}}],"collection":[{"href":"https:\/\/walkingmum.com\/it\/wp-json\/wp\/v2\/product"}],"about":[{"href":"https:\/\/walkingmum.com\/it\/wp-json\/wp\/v2\/types\/product"}],"replies":[{"embeddable":true,"href":"https:\/\/walkingmum.com\/it\/wp-json\/wp\/v2\/comments?post=23069"}],"wp:featuredmedia":[{"embeddable":true,"href":"https:\/\/walkingmum.com\/it\/wp-json\/wp\/v2\/media\/33247"}],"wp:attachment":[{"href":"https:\/\/walkingmum.com\/it\/wp-json\/wp\/v2\/media?parent=23069"}],"wp:term":[{"taxonomy":"colecciones","embeddable":true,"href":"https:\/\/walkingmum.com\/it\/wp-json\/wp\/v2\/colecciones?post=23069"},{"taxonomy":"product_brand","embeddable":true,"href":"https:\/\/walkingmum.com\/it\/wp-json\/wp\/v2\/product_brand?post=23069"},{"taxonomy":"product_cat","embeddable":true,"href":"https:\/\/walkingmum.com\/it\/wp-json\/wp\/v2\/product_cat?post=23069"},{"taxonomy":"product_tag","embeddable":true,"href":"https:\/\/walkingmum.com\/it\/wp-json\/wp\/v2\/product_tag?post=23069"}],"curies":[{"name":"wp","href":"https:\/\/api.w.org\/{rel}","templated":true}]}}