{"id":15996,"date":"2022-01-31T09:39:50","date_gmt":"2022-01-31T09:39:50","guid":{"rendered":"https:\/\/walkingmum.com\/producto\/fasciatoio-remy-rosa\/"},"modified":"2022-02-03T08:09:18","modified_gmt":"2022-02-03T08:09:18","slug":"fasciatoio-remy-rosa","status":"publish","type":"product","link":"https:\/\/walkingmum.com\/it\/prodotto\/fasciatoio-remy-rosa\/","title":{"rendered":"FASCIATOIO REMY ROSA"},"content":{"rendered":"<p>Fasciatoio Remy a quadretti XL rosa. Comodissimo e facile da trasportare, poich\u00e9 \u00e8 presentato in formato pieghevole. Si pu\u00f2 lavare a mano o in lavatrice a 30\u00ba. I materiali utilizzati sono esenti di coloranti azoici, ftalati e sostanze nocive alla salute. Dimensioni: 34X66X1 cm. Borse cambio Pasito a pasito.<\/p>\n","protected":false},"excerpt":{"rendered":"<p>Fasciatoio Remy a quadretti XL rosa. Comodissimo e facile da trasportare, poich\u00e9 \u00e8 presentato in formato pieghevole. Si pu\u00f2 lavare a mano o in lavatrice a 30\u00ba. I materiali utilizzati sono esenti di coloranti azoici, ftalati e sostanze nocive alla salute. Dimensioni: 34X66X1 cm. Borse cambio Pasito a pasito.<\/p>\n","protected":false},"featured_media":15408,"comment_status":"closed","ping_status":"closed","template":"","meta":{"_acf_changed":false,"inline_featured_image":false},"colecciones":[],"product_brand":[],"product_cat":[137],"product_tag":[],"class_list":{"0":"post-15996","1":"product","2":"type-product","3":"status-publish","4":"has-post-thumbnail","6":"product_cat-accessori","8":"first","9":"instock","10":"purchasable","11":"product-type-simple"},"acf":[],"yoast_head":"<!-- This site is optimized with the Yoast SEO plugin v27.4 - https:\/\/yoast.com\/product\/yoast-seo-wordpress\/ -->\n<title>FASCIATOIO REMY ROSA - Walking Mum<\/title>\n<meta name=\"robots\" content=\"index, follow, max-snippet:-1, max-image-preview:large, max-video-preview:-1\" \/>\n<link rel=\"canonical\" href=\"https:\/\/walkingmum.com\/it\/prodotto\/fasciatoio-remy-rosa\/\" \/>\n<meta property=\"og:locale\" content=\"it_IT\" \/>\n<meta property=\"og:type\" content=\"article\" \/>\n<meta property=\"og:title\" content=\"FASCIATOIO REMY ROSA - Walking Mum\" \/>\n<meta property=\"og:description\" content=\"Fasciatoio Remy a quadretti XL rosa. Comodissimo e facile da trasportare, poich\u00e9 \u00e8 presentato in formato pieghevole. Si pu\u00f2 lavare a mano o in lavatrice a 30\u00ba. I materiali utilizzati sono esenti di coloranti azoici, ftalati e sostanze nocive alla salute. Dimensioni: 34X66X1 cm. Borse cambio Pasito a pasito.\" \/>\n<meta property=\"og:url\" content=\"https:\/\/walkingmum.com\/it\/prodotto\/fasciatoio-remy-rosa\/\" \/>\n<meta property=\"og:site_name\" content=\"Walking Mum\" \/>\n<meta property=\"article:modified_time\" content=\"2022-02-03T08:09:18+00:00\" \/>\n<meta property=\"og:image\" content=\"https:\/\/walkingmum.com\/wp-content\/uploads\/2022\/01\/36349.jpg\" \/>\n\t<meta property=\"og:image:width\" content=\"1772\" \/>\n\t<meta property=\"og:image:height\" content=\"1772\" \/>\n\t<meta property=\"og:image:type\" content=\"image\/jpeg\" \/>\n<meta name=\"twitter:card\" content=\"summary_large_image\" \/>\n<script type=\"application\/ld+json\" class=\"yoast-schema-graph\">{\"@context\":\"https:\\\/\\\/schema.org\",\"@graph\":[{\"@type\":\"WebPage\",\"@id\":\"https:\\\/\\\/walkingmum.com\\\/it\\\/prodotto\\\/fasciatoio-remy-rosa\\\/\",\"url\":\"https:\\\/\\\/walkingmum.com\\\/it\\\/prodotto\\\/fasciatoio-remy-rosa\\\/\",\"name\":\"FASCIATOIO REMY ROSA - Walking Mum\",\"isPartOf\":{\"@id\":\"https:\\\/\\\/walkingmum.com\\\/#website\"},\"primaryImageOfPage\":{\"@id\":\"https:\\\/\\\/walkingmum.com\\\/it\\\/prodotto\\\/fasciatoio-remy-rosa\\\/#primaryimage\"},\"image\":{\"@id\":\"https:\\\/\\\/walkingmum.com\\\/it\\\/prodotto\\\/fasciatoio-remy-rosa\\\/#primaryimage\"},\"thumbnailUrl\":\"https:\\\/\\\/walkingmum.com\\\/wp-content\\\/uploads\\\/2022\\\/01\\\/36349.jpg\",\"datePublished\":\"2022-01-31T09:39:50+00:00\",\"dateModified\":\"2022-02-03T08:09:18+00:00\",\"breadcrumb\":{\"@id\":\"https:\\\/\\\/walkingmum.com\\\/it\\\/prodotto\\\/fasciatoio-remy-rosa\\\/#breadcrumb\"},\"inLanguage\":\"it-IT\",\"potentialAction\":[{\"@type\":\"ReadAction\",\"target\":[\"https:\\\/\\\/walkingmum.com\\\/it\\\/prodotto\\\/fasciatoio-remy-rosa\\\/\"]}]},{\"@type\":\"ImageObject\",\"inLanguage\":\"it-IT\",\"@id\":\"https:\\\/\\\/walkingmum.com\\\/it\\\/prodotto\\\/fasciatoio-remy-rosa\\\/#primaryimage\",\"url\":\"https:\\\/\\\/walkingmum.com\\\/wp-content\\\/uploads\\\/2022\\\/01\\\/36349.jpg\",\"contentUrl\":\"https:\\\/\\\/walkingmum.com\\\/wp-content\\\/uploads\\\/2022\\\/01\\\/36349.jpg\",\"width\":1772,\"height\":1772},{\"@type\":\"BreadcrumbList\",\"@id\":\"https:\\\/\\\/walkingmum.com\\\/it\\\/prodotto\\\/fasciatoio-remy-rosa\\\/#breadcrumb\",\"itemListElement\":[{\"@type\":\"ListItem\",\"position\":1,\"name\":\"Portada\",\"item\":\"https:\\\/\\\/walkingmum.com\\\/it\\\/\"},{\"@type\":\"ListItem\",\"position\":2,\"name\":\"Tienda\",\"item\":\"https:\\\/\\\/walkingmum.com\\\/tienda\\\/\"},{\"@type\":\"ListItem\",\"position\":3,\"name\":\"FASCIATOIO REMY ROSA\"}]},{\"@type\":\"WebSite\",\"@id\":\"https:\\\/\\\/walkingmum.com\\\/#website\",\"url\":\"https:\\\/\\\/walkingmum.com\\\/\",\"name\":\"Walking Mum\",\"description\":\"La marca para beb\u00e9s modernos\",\"potentialAction\":[{\"@type\":\"SearchAction\",\"target\":{\"@type\":\"EntryPoint\",\"urlTemplate\":\"https:\\\/\\\/walkingmum.com\\\/?s={search_term_string}\"},\"query-input\":{\"@type\":\"PropertyValueSpecification\",\"valueRequired\":true,\"valueName\":\"search_term_string\"}}],\"inLanguage\":\"it-IT\"}]}<\/script>\n<!-- \/ Yoast SEO plugin. -->","yoast_head_json":{"title":"FASCIATOIO REMY ROSA - Walking Mum","robots":{"index":"index","follow":"follow","max-snippet":"max-snippet:-1","max-image-preview":"max-image-preview:large","max-video-preview":"max-video-preview:-1"},"canonical":"https:\/\/walkingmum.com\/it\/prodotto\/fasciatoio-remy-rosa\/","og_locale":"it_IT","og_type":"article","og_title":"FASCIATOIO REMY ROSA - Walking Mum","og_description":"Fasciatoio Remy a quadretti XL rosa. Comodissimo e facile da trasportare, poich\u00e9 \u00e8 presentato in formato pieghevole. Si pu\u00f2 lavare a mano o in lavatrice a 30\u00ba. I materiali utilizzati sono esenti di coloranti azoici, ftalati e sostanze nocive alla salute. Dimensioni: 34X66X1 cm. Borse cambio Pasito a pasito.","og_url":"https:\/\/walkingmum.com\/it\/prodotto\/fasciatoio-remy-rosa\/","og_site_name":"Walking Mum","article_modified_time":"2022-02-03T08:09:18+00:00","og_image":[{"width":1772,"height":1772,"url":"https:\/\/walkingmum.com\/wp-content\/uploads\/2022\/01\/36349.jpg","type":"image\/jpeg"}],"twitter_card":"summary_large_image","schema":{"@context":"https:\/\/schema.org","@graph":[{"@type":"WebPage","@id":"https:\/\/walkingmum.com\/it\/prodotto\/fasciatoio-remy-rosa\/","url":"https:\/\/walkingmum.com\/it\/prodotto\/fasciatoio-remy-rosa\/","name":"FASCIATOIO REMY ROSA - Walking Mum","isPartOf":{"@id":"https:\/\/walkingmum.com\/#website"},"primaryImageOfPage":{"@id":"https:\/\/walkingmum.com\/it\/prodotto\/fasciatoio-remy-rosa\/#primaryimage"},"image":{"@id":"https:\/\/walkingmum.com\/it\/prodotto\/fasciatoio-remy-rosa\/#primaryimage"},"thumbnailUrl":"https:\/\/walkingmum.com\/wp-content\/uploads\/2022\/01\/36349.jpg","datePublished":"2022-01-31T09:39:50+00:00","dateModified":"2022-02-03T08:09:18+00:00","breadcrumb":{"@id":"https:\/\/walkingmum.com\/it\/prodotto\/fasciatoio-remy-rosa\/#breadcrumb"},"inLanguage":"it-IT","potentialAction":[{"@type":"ReadAction","target":["https:\/\/walkingmum.com\/it\/prodotto\/fasciatoio-remy-rosa\/"]}]},{"@type":"ImageObject","inLanguage":"it-IT","@id":"https:\/\/walkingmum.com\/it\/prodotto\/fasciatoio-remy-rosa\/#primaryimage","url":"https:\/\/walkingmum.com\/wp-content\/uploads\/2022\/01\/36349.jpg","contentUrl":"https:\/\/walkingmum.com\/wp-content\/uploads\/2022\/01\/36349.jpg","width":1772,"height":1772},{"@type":"BreadcrumbList","@id":"https:\/\/walkingmum.com\/it\/prodotto\/fasciatoio-remy-rosa\/#breadcrumb","itemListElement":[{"@type":"ListItem","position":1,"name":"Portada","item":"https:\/\/walkingmum.com\/it\/"},{"@type":"ListItem","position":2,"name":"Tienda","item":"https:\/\/walkingmum.com\/tienda\/"},{"@type":"ListItem","position":3,"name":"FASCIATOIO REMY ROSA"}]},{"@type":"WebSite","@id":"https:\/\/walkingmum.com\/#website","url":"https:\/\/walkingmum.com\/","name":"Walking Mum","description":"La marca para beb\u00e9s modernos","potentialAction":[{"@type":"SearchAction","target":{"@type":"EntryPoint","urlTemplate":"https:\/\/walkingmum.com\/?s={search_term_string}"},"query-input":{"@type":"PropertyValueSpecification","valueRequired":true,"valueName":"search_term_string"}}],"inLanguage":"it-IT"}]}},"_links":{"self":[{"href":"https:\/\/walkingmum.com\/it\/wp-json\/wp\/v2\/product\/15996","targetHints":{"allow":["GET"]}}],"collection":[{"href":"https:\/\/walkingmum.com\/it\/wp-json\/wp\/v2\/product"}],"about":[{"href":"https:\/\/walkingmum.com\/it\/wp-json\/wp\/v2\/types\/product"}],"replies":[{"embeddable":true,"href":"https:\/\/walkingmum.com\/it\/wp-json\/wp\/v2\/comments?post=15996"}],"wp:featuredmedia":[{"embeddable":true,"href":"https:\/\/walkingmum.com\/it\/wp-json\/wp\/v2\/media\/15408"}],"wp:attachment":[{"href":"https:\/\/walkingmum.com\/it\/wp-json\/wp\/v2\/media?parent=15996"}],"wp:term":[{"taxonomy":"colecciones","embeddable":true,"href":"https:\/\/walkingmum.com\/it\/wp-json\/wp\/v2\/colecciones?post=15996"},{"taxonomy":"product_brand","embeddable":true,"href":"https:\/\/walkingmum.com\/it\/wp-json\/wp\/v2\/product_brand?post=15996"},{"taxonomy":"product_cat","embeddable":true,"href":"https:\/\/walkingmum.com\/it\/wp-json\/wp\/v2\/product_cat?post=15996"},{"taxonomy":"product_tag","embeddable":true,"href":"https:\/\/walkingmum.com\/it\/wp-json\/wp\/v2\/product_tag?post=15996"}],"curies":[{"name":"wp","href":"https:\/\/api.w.org\/{rel}","templated":true}]}}