{"id":13709,"date":"2021-08-17T09:59:29","date_gmt":"2021-08-17T09:59:29","guid":{"rendered":"https:\/\/walkingmum.com\/?post_type=product&#038;p=13709"},"modified":"2021-08-23T15:06:25","modified_gmt":"2021-08-23T15:06:25","slug":"copripasseggino-baobab","status":"publish","type":"product","link":"https:\/\/walkingmum.com\/it\/prodotto\/copripasseggino-baobab\/","title":{"rendered":"COPRIPASSEGGINO BAOBAB"},"content":{"rendered":"\n<p>Housse Baobab id\u00e9ale pour couvrir la poussette munie d\u2019un sac. Partie arri\u00e8re faite d&#8217;un mat\u00e9riel anti-sueur qui \u00e9vite la sueur excessive du b\u00e9b\u00e9 et prot\u00e8ge la poussette, ce qui rend la promenade plus confortable. Rembourrage amovible. Le chanceli\u00e8re dispose de plusieurs ouvertures (\u0153illets) et r\u00e9glages pour l\u2019adapter \u00e0 la plupart des poussettes, la promenade de votre b\u00e9b\u00e9 devenant ainsi s\u00fbre et confortable. Les housses pour poussettes sont fabriqu\u00e9es conform\u00e9ment aux r\u00e9glementations europ\u00e9ennes les plus exigeantes. Walking Mum prot\u00e8ge votre b\u00e9b\u00e9 en utilisant les meilleurs tissus, sans colorants azo\u00efques ni substances nocives pour la sant\u00e9. Housses pour poussettes Walking Mum.<\/p>\n","protected":false},"excerpt":{"rendered":"<p>Housse Baobab id\u00e9ale pour couvrir la poussette munie d\u2019un sac. Partie arri\u00e8re faite d&#8217;un mat\u00e9riel anti-sueur qui \u00e9vite la sueur excessive du b\u00e9b\u00e9 et prot\u00e8ge la poussette, ce qui rend la promenade plus confortable. Rembourrage amovible. Le chanceli\u00e8re dispose de plusieurs ouvertures (\u0153illets) et r\u00e9glages pour l\u2019adapter \u00e0 la plupart des poussettes, la promenade de [&hellip;]<\/p>\n","protected":false},"featured_media":13701,"comment_status":"closed","ping_status":"closed","template":"","meta":{"_acf_changed":false,"inline_featured_image":false},"colecciones":[],"product_brand":[],"product_cat":[146],"product_tag":[],"class_list":{"0":"post-13709","1":"product","2":"type-product","3":"status-publish","4":"has-post-thumbnail","6":"product_cat-coprigambe-e-sacchi-per-seggiolini","8":"first","9":"instock","10":"shipping-taxable","11":"purchasable","12":"product-type-simple"},"acf":[],"yoast_head":"<!-- This site is optimized with the Yoast SEO plugin v27.4 - https:\/\/yoast.com\/product\/yoast-seo-wordpress\/ -->\n<title>COPRIPASSEGGINO BAOBAB - Walking Mum<\/title>\n<meta name=\"robots\" content=\"index, follow, max-snippet:-1, max-image-preview:large, max-video-preview:-1\" \/>\n<link rel=\"canonical\" href=\"https:\/\/walkingmum.com\/it\/prodotto\/copripasseggino-baobab\/\" \/>\n<meta property=\"og:locale\" content=\"it_IT\" \/>\n<meta property=\"og:type\" content=\"article\" \/>\n<meta property=\"og:title\" content=\"COPRIPASSEGGINO BAOBAB - Walking Mum\" \/>\n<meta property=\"og:description\" content=\"Housse Baobab id\u00e9ale pour couvrir la poussette munie d\u2019un sac. Partie arri\u00e8re faite d&#8217;un mat\u00e9riel anti-sueur qui \u00e9vite la sueur excessive du b\u00e9b\u00e9 et prot\u00e8ge la poussette, ce qui rend la promenade plus confortable. Rembourrage amovible. Le chanceli\u00e8re dispose de plusieurs ouvertures (\u0153illets) et r\u00e9glages pour l\u2019adapter \u00e0 la plupart des poussettes, la promenade de [&hellip;]\" \/>\n<meta property=\"og:url\" content=\"https:\/\/walkingmum.com\/it\/prodotto\/copripasseggino-baobab\/\" \/>\n<meta property=\"og:site_name\" content=\"Walking Mum\" \/>\n<meta property=\"article:modified_time\" content=\"2021-08-23T15:06:25+00:00\" \/>\n<meta property=\"og:image\" content=\"https:\/\/walkingmum.com\/wp-content\/uploads\/2021\/08\/saco-silla-baobab-entretiempo-36325.jpg\" \/>\n\t<meta property=\"og:image:width\" content=\"1199\" \/>\n\t<meta property=\"og:image:height\" content=\"1200\" \/>\n\t<meta property=\"og:image:type\" content=\"image\/jpeg\" \/>\n<meta name=\"twitter:card\" content=\"summary_large_image\" \/>\n<meta name=\"twitter:label1\" content=\"Tempo di lettura stimato\" \/>\n\t<meta name=\"twitter:data1\" content=\"1 minuto\" \/>\n<script type=\"application\/ld+json\" class=\"yoast-schema-graph\">{\"@context\":\"https:\\\/\\\/schema.org\",\"@graph\":[{\"@type\":\"WebPage\",\"@id\":\"https:\\\/\\\/walkingmum.com\\\/it\\\/prodotto\\\/copripasseggino-baobab\\\/\",\"url\":\"https:\\\/\\\/walkingmum.com\\\/it\\\/prodotto\\\/copripasseggino-baobab\\\/\",\"name\":\"COPRIPASSEGGINO BAOBAB - Walking Mum\",\"isPartOf\":{\"@id\":\"https:\\\/\\\/walkingmum.com\\\/#website\"},\"primaryImageOfPage\":{\"@id\":\"https:\\\/\\\/walkingmum.com\\\/it\\\/prodotto\\\/copripasseggino-baobab\\\/#primaryimage\"},\"image\":{\"@id\":\"https:\\\/\\\/walkingmum.com\\\/it\\\/prodotto\\\/copripasseggino-baobab\\\/#primaryimage\"},\"thumbnailUrl\":\"https:\\\/\\\/walkingmum.com\\\/wp-content\\\/uploads\\\/2021\\\/08\\\/saco-silla-baobab-entretiempo-36325.jpg\",\"datePublished\":\"2021-08-17T09:59:29+00:00\",\"dateModified\":\"2021-08-23T15:06:25+00:00\",\"breadcrumb\":{\"@id\":\"https:\\\/\\\/walkingmum.com\\\/it\\\/prodotto\\\/copripasseggino-baobab\\\/#breadcrumb\"},\"inLanguage\":\"it-IT\",\"potentialAction\":[{\"@type\":\"ReadAction\",\"target\":[\"https:\\\/\\\/walkingmum.com\\\/it\\\/prodotto\\\/copripasseggino-baobab\\\/\"]}]},{\"@type\":\"ImageObject\",\"inLanguage\":\"it-IT\",\"@id\":\"https:\\\/\\\/walkingmum.com\\\/it\\\/prodotto\\\/copripasseggino-baobab\\\/#primaryimage\",\"url\":\"https:\\\/\\\/walkingmum.com\\\/wp-content\\\/uploads\\\/2021\\\/08\\\/saco-silla-baobab-entretiempo-36325.jpg\",\"contentUrl\":\"https:\\\/\\\/walkingmum.com\\\/wp-content\\\/uploads\\\/2021\\\/08\\\/saco-silla-baobab-entretiempo-36325.jpg\",\"width\":1199,\"height\":1200},{\"@type\":\"BreadcrumbList\",\"@id\":\"https:\\\/\\\/walkingmum.com\\\/it\\\/prodotto\\\/copripasseggino-baobab\\\/#breadcrumb\",\"itemListElement\":[{\"@type\":\"ListItem\",\"position\":1,\"name\":\"Portada\",\"item\":\"https:\\\/\\\/walkingmum.com\\\/it\\\/\"},{\"@type\":\"ListItem\",\"position\":2,\"name\":\"Tienda\",\"item\":\"https:\\\/\\\/walkingmum.com\\\/tienda\\\/\"},{\"@type\":\"ListItem\",\"position\":3,\"name\":\"COPRIPASSEGGINO BAOBAB\"}]},{\"@type\":\"WebSite\",\"@id\":\"https:\\\/\\\/walkingmum.com\\\/#website\",\"url\":\"https:\\\/\\\/walkingmum.com\\\/\",\"name\":\"Walking Mum\",\"description\":\"La marca para beb\u00e9s modernos\",\"potentialAction\":[{\"@type\":\"SearchAction\",\"target\":{\"@type\":\"EntryPoint\",\"urlTemplate\":\"https:\\\/\\\/walkingmum.com\\\/?s={search_term_string}\"},\"query-input\":{\"@type\":\"PropertyValueSpecification\",\"valueRequired\":true,\"valueName\":\"search_term_string\"}}],\"inLanguage\":\"it-IT\"}]}<\/script>\n<!-- \/ Yoast SEO plugin. -->","yoast_head_json":{"title":"COPRIPASSEGGINO BAOBAB - Walking Mum","robots":{"index":"index","follow":"follow","max-snippet":"max-snippet:-1","max-image-preview":"max-image-preview:large","max-video-preview":"max-video-preview:-1"},"canonical":"https:\/\/walkingmum.com\/it\/prodotto\/copripasseggino-baobab\/","og_locale":"it_IT","og_type":"article","og_title":"COPRIPASSEGGINO BAOBAB - Walking Mum","og_description":"Housse Baobab id\u00e9ale pour couvrir la poussette munie d\u2019un sac. Partie arri\u00e8re faite d&#8217;un mat\u00e9riel anti-sueur qui \u00e9vite la sueur excessive du b\u00e9b\u00e9 et prot\u00e8ge la poussette, ce qui rend la promenade plus confortable. Rembourrage amovible. Le chanceli\u00e8re dispose de plusieurs ouvertures (\u0153illets) et r\u00e9glages pour l\u2019adapter \u00e0 la plupart des poussettes, la promenade de [&hellip;]","og_url":"https:\/\/walkingmum.com\/it\/prodotto\/copripasseggino-baobab\/","og_site_name":"Walking Mum","article_modified_time":"2021-08-23T15:06:25+00:00","og_image":[{"width":1199,"height":1200,"url":"https:\/\/walkingmum.com\/wp-content\/uploads\/2021\/08\/saco-silla-baobab-entretiempo-36325.jpg","type":"image\/jpeg"}],"twitter_card":"summary_large_image","twitter_misc":{"Tempo di lettura stimato":"1 minuto"},"schema":{"@context":"https:\/\/schema.org","@graph":[{"@type":"WebPage","@id":"https:\/\/walkingmum.com\/it\/prodotto\/copripasseggino-baobab\/","url":"https:\/\/walkingmum.com\/it\/prodotto\/copripasseggino-baobab\/","name":"COPRIPASSEGGINO BAOBAB - Walking Mum","isPartOf":{"@id":"https:\/\/walkingmum.com\/#website"},"primaryImageOfPage":{"@id":"https:\/\/walkingmum.com\/it\/prodotto\/copripasseggino-baobab\/#primaryimage"},"image":{"@id":"https:\/\/walkingmum.com\/it\/prodotto\/copripasseggino-baobab\/#primaryimage"},"thumbnailUrl":"https:\/\/walkingmum.com\/wp-content\/uploads\/2021\/08\/saco-silla-baobab-entretiempo-36325.jpg","datePublished":"2021-08-17T09:59:29+00:00","dateModified":"2021-08-23T15:06:25+00:00","breadcrumb":{"@id":"https:\/\/walkingmum.com\/it\/prodotto\/copripasseggino-baobab\/#breadcrumb"},"inLanguage":"it-IT","potentialAction":[{"@type":"ReadAction","target":["https:\/\/walkingmum.com\/it\/prodotto\/copripasseggino-baobab\/"]}]},{"@type":"ImageObject","inLanguage":"it-IT","@id":"https:\/\/walkingmum.com\/it\/prodotto\/copripasseggino-baobab\/#primaryimage","url":"https:\/\/walkingmum.com\/wp-content\/uploads\/2021\/08\/saco-silla-baobab-entretiempo-36325.jpg","contentUrl":"https:\/\/walkingmum.com\/wp-content\/uploads\/2021\/08\/saco-silla-baobab-entretiempo-36325.jpg","width":1199,"height":1200},{"@type":"BreadcrumbList","@id":"https:\/\/walkingmum.com\/it\/prodotto\/copripasseggino-baobab\/#breadcrumb","itemListElement":[{"@type":"ListItem","position":1,"name":"Portada","item":"https:\/\/walkingmum.com\/it\/"},{"@type":"ListItem","position":2,"name":"Tienda","item":"https:\/\/walkingmum.com\/tienda\/"},{"@type":"ListItem","position":3,"name":"COPRIPASSEGGINO BAOBAB"}]},{"@type":"WebSite","@id":"https:\/\/walkingmum.com\/#website","url":"https:\/\/walkingmum.com\/","name":"Walking Mum","description":"La marca para beb\u00e9s modernos","potentialAction":[{"@type":"SearchAction","target":{"@type":"EntryPoint","urlTemplate":"https:\/\/walkingmum.com\/?s={search_term_string}"},"query-input":{"@type":"PropertyValueSpecification","valueRequired":true,"valueName":"search_term_string"}}],"inLanguage":"it-IT"}]}},"_links":{"self":[{"href":"https:\/\/walkingmum.com\/it\/wp-json\/wp\/v2\/product\/13709","targetHints":{"allow":["GET"]}}],"collection":[{"href":"https:\/\/walkingmum.com\/it\/wp-json\/wp\/v2\/product"}],"about":[{"href":"https:\/\/walkingmum.com\/it\/wp-json\/wp\/v2\/types\/product"}],"replies":[{"embeddable":true,"href":"https:\/\/walkingmum.com\/it\/wp-json\/wp\/v2\/comments?post=13709"}],"wp:featuredmedia":[{"embeddable":true,"href":"https:\/\/walkingmum.com\/it\/wp-json\/wp\/v2\/media\/13701"}],"wp:attachment":[{"href":"https:\/\/walkingmum.com\/it\/wp-json\/wp\/v2\/media?parent=13709"}],"wp:term":[{"taxonomy":"colecciones","embeddable":true,"href":"https:\/\/walkingmum.com\/it\/wp-json\/wp\/v2\/colecciones?post=13709"},{"taxonomy":"product_brand","embeddable":true,"href":"https:\/\/walkingmum.com\/it\/wp-json\/wp\/v2\/product_brand?post=13709"},{"taxonomy":"product_cat","embeddable":true,"href":"https:\/\/walkingmum.com\/it\/wp-json\/wp\/v2\/product_cat?post=13709"},{"taxonomy":"product_tag","embeddable":true,"href":"https:\/\/walkingmum.com\/it\/wp-json\/wp\/v2\/product_tag?post=13709"}],"curies":[{"name":"wp","href":"https:\/\/api.w.org\/{rel}","templated":true}]}}